{"id":6773,"date":"2024-01-24T13:43:22","date_gmt":"2024-01-24T12:43:22","guid":{"rendered":"https:\/\/www.playabara.es\/animacio\/"},"modified":"2026-03-20T16:05:18","modified_gmt":"2026-03-20T15:05:18","slug":"animacio","status":"publish","type":"page","link":"https:\/\/www.playabara.es\/ca\/animacio\/","title":{"rendered":"Animaci\u00f3"},"content":{"rendered":"\t\t<div data-elementor-type=\"wp-page\" data-elementor-id=\"6773\" class=\"elementor elementor-6773 elementor-2433\">\n\t\t\t\t\t\t<section class=\"elementor-section elementor-top-section elementor-element elementor-element-51b883a elementor-section-height-min-height cs-section-content-fullwidth cs-parallax-on-scroll cs_scroll_y_100 elementor-section-boxed elementor-section-height-default elementor-section-items-middle\" data-id=\"51b883a\" data-element_type=\"section\" data-e-type=\"section\" data-settings=\"{&quot;background_background&quot;:&quot;classic&quot;}\" data-cs-parallax-y=\"100\" style=\"background-image: none;\" data-cs-background-image=\"https:\/\/www.playabara.es\/wp-content\/uploads\/2024\/05\/286154178_10224310100637952_851300422435122484_n.jpg\">\n\t\t\t\t\t\t\t<div class=\"elementor-background-overlay\"><\/div>\n\t\t\t\t\t\t\t<div class=\"elementor-container elementor-column-gap-no\">\n\t\t\t\t\t<div class=\"elementor-column elementor-col-100 elementor-top-column elementor-element elementor-element-f8603f5 dark-color\" data-id=\"f8603f5\" data-element_type=\"column\" data-e-type=\"column\">\n\t\t\t<div class=\"elementor-widget-wrap elementor-element-populated\">\n\t\t\t\t\t\t<div class=\"elementor-element elementor-element-5638ee6 elementor-widget elementor-widget-cs_title\" data-id=\"5638ee6\" data-element_type=\"widget\" data-e-type=\"widget\" data-widget_type=\"cs_title.default\">\n\t\t\t\t<div class=\"elementor-widget-container\">\n\t\t\t\t\t\n        <div class=\"cs-title-wrap text-center\">\t            <h1 class=\"cs-title\">\n\t                ANIMACI\u00d3\t            <\/h1>\t            <div class=\"cs-title-text\">\n\t                <p style=\"width: 60%; margin: auto;\">Sigui per a un dia, un cap de setmana o unes merescudes vacances, recordareu el vostre temps en parella o en fam\u00edlia a PLAYA BARA ple d&#8217;activitats i experi\u00e8ncies.<\/p>\t            <\/div>        <\/div>\t\t\t\t<\/div>\n\t\t\t\t<\/div>\n\t\t\t\t\t<\/div>\n\t\t<\/div>\n\t\t\t\t\t<\/div>\n\t\t<\/section>\n\t\t<div class=\"elementor-element elementor-element-2c2d1a5 e-flex e-con-boxed e-con e-parent\" data-id=\"2c2d1a5\" data-element_type=\"container\" data-e-type=\"container\">\n\t\t\t\t\t<div class=\"e-con-inner\">\n\t\t\t\t<div class=\"elementor-element elementor-element-2849738 elementor-widget elementor-widget-image\" data-id=\"2849738\" data-element_type=\"widget\" data-e-type=\"widget\" data-widget_type=\"image.default\">\n\t\t\t\t<div class=\"elementor-widget-container\">\n\t\t\t\t\t\t\t\t\t\t\t\t\t\t\t<img decoding=\"async\" src=\"https:\/\/www.playabara.es\/wp-content\/uploads\/elementor\/thumbs\/animacion_icon-qis7f0u198r2t6j7hktnzfemkystbq0xlas2xufyuo.png\" title=\"animacion_icon\" alt=\"animacion_icon\" loading=\"lazy\" \/>\t\t\t\t\t\t\t\t\t\t\t\t\t\t\t<\/div>\n\t\t\t\t<\/div>\n\t\t\t\t\t<\/div>\n\t\t\t\t<\/div>\n\t\t<div class=\"elementor-element elementor-element-d72901c e-flex e-con-boxed e-con e-parent\" data-id=\"d72901c\" data-element_type=\"container\" data-e-type=\"container\">\n\t\t\t\t\t<div class=\"e-con-inner\">\n\t\t\t\t<div class=\"elementor-element elementor-element-846dcd8 elementor-widget elementor-widget-cs_title\" data-id=\"846dcd8\" data-element_type=\"widget\" data-e-type=\"widget\" data-widget_type=\"cs_title.default\">\n\t\t\t\t<div class=\"elementor-widget-container\">\n\t\t\t\t\t\n        <div class=\"cs-title-wrap text-center\">\t            <div class=\"cs-subtitle-wrap\"><span class=\"cs-subtitle\">PASSA-T'HO A GRAN TINGUIS L'EDAT QUE TINGUIS<\/span><\/div>\t            <h4 class=\"cs-title\">\n\t                ACTIVITATS PER A TOTS\t            <\/h4>\t            <div class=\"cs-title-text\">\n\t                <p>Infinitat d&#8217;activitats per a nens, competicions esportives de tota mena, classes dirigides, activitats en fam\u00edlia, balls i, per descomptat, varietat d&#8217;espectacles nocturns i al llarg del dia per a tots els p\u00fablics.<br><br>El nostre equip d&#8217;animadors far\u00e0 que petits i grans no tinguin un moment per avorrir-se: la diversi\u00f3 i l&#8217;exercici estan assegurats amb la nostra oferta d&#8217;instal\u00b7lacions i activitats en plena natura.<\/p>\t            <\/div>        <\/div>\t\t\t\t<\/div>\n\t\t\t\t<\/div>\n\t\t\t\t\t<\/div>\n\t\t\t\t<\/div>\n\t\t<div class=\"elementor-element elementor-element-873af1e e-flex e-con-boxed e-con e-parent\" data-id=\"873af1e\" data-element_type=\"container\" data-e-type=\"container\">\n\t\t\t\t\t<div class=\"e-con-inner\">\n\t\t\t\t<div class=\"elementor-element elementor-element-421ac61 elementor-widget__width-initial elementor-widget elementor-widget-cs_info_box\" data-id=\"421ac61\" data-element_type=\"widget\" data-e-type=\"widget\" data-widget_type=\"cs_info_box.default\">\n\t\t\t\t<div class=\"elementor-widget-container\">\n\t\t\t\t\t\n\t\t\t<div class=\"cs-info-box column-1 valign-middle img-left text-center\">\n                <div class=\"cs-info-box-wrap\">                    <div class=\"cs-info-box-item elementor-repeater-item-c685940\">\n                    \t<div class=\"cs-item-container\">\t                        <div class=\"cs-info-box-img\"><img decoding=\"async\" src=\"https:\/\/www.playabara.es\/wp-content\/uploads\/elementor\/thumbs\/unnamed-r43xvkepe53id7g4u7clerhkraqh92uxgvvqb1f1yk.webp\" title=\"unnamed\" alt=\"unnamed\" loading=\"lazy\" \/>\t                        <\/div>\t                        <div class=\"cs-info-box-content\">\n\t                            <h1 class=\"cs-title cs-info-box-title\">Programa d'animaci\u00f3 disponible a la nostra APP\t\t\t\t\t\t\t\t<\/h1>\t                        <\/div>\t                    <\/div>\n                    <\/div>\t\t\t\t<\/div>\n\t\t\t<\/div>\t\t\t\t<\/div>\n\t\t\t\t<\/div>\n\t\t\t\t\t<\/div>\n\t\t\t\t<\/div>\n\t\t<section class=\"elementor-element elementor-element-058392e e-con-full e-flex e-con e-parent\" data-id=\"058392e\" data-element_type=\"container\" data-e-type=\"container\" data-settings=\"{&quot;background_background&quot;:&quot;classic&quot;}\">\n\t\t<div class=\"elementor-element elementor-element-cc68703 e-con-full e-flex e-con e-child\" data-id=\"cc68703\" data-element_type=\"container\" data-e-type=\"container\">\n\t\t\t\t<div class=\"elementor-element elementor-element-9b791d0 elementor-widget elementor-widget-cs_title\" data-id=\"9b791d0\" data-element_type=\"widget\" data-e-type=\"widget\" data-widget_type=\"cs_title.default\">\n\t\t\t\t<div class=\"elementor-widget-container\">\n\t\t\t\t\t\n        <div class=\"cs-title-wrap text-center\">\t            <div class=\"cs-subtitle-wrap\"><span class=\"cs-subtitle color-black\">Activitats Infantils<\/span><\/div>\t            <div class=\"cs-title-text color-black\">\n\t                <p>Al llarg de tot el dia, els nens podran participar en nombrosos jocs i activitats guiades i coordinades pels nostres animadors.<\/p><p><span style=\"font-size: inherit; background-color: var(--bg-color);\">Aprofiteu les nostres instal\u00b7lacions com la piscina amb jocs aqu\u00e0tics; el minigolf, el nostre miniclub renovat amb diversos tallers, manualitats, globofl\u00e8xia, pintacaretes i per descomptat cada dia amb la minidisco a l&#8217;amfiteatre amb balls i jocs en fam\u00edlia.<\/span><\/p><p>Tamb\u00e9 durant tot el dia, els nens podran gaudir del parc infantil i de les activitats orientades a descobrir i interactuar amb la natura i l&#8217;entorn a l&#8217;hort org\u00e0nic.<\/p>\t            <\/div>        <\/div>\t\t\t\t<\/div>\n\t\t\t\t<\/div>\n\t\t\t\t<\/div>\n\t\t<div class=\"elementor-element elementor-element-d7b536f e-con-full e-flex e-con e-child\" data-id=\"d7b536f\" data-element_type=\"container\" data-e-type=\"container\" data-settings=\"{&quot;background_background&quot;:&quot;slideshow&quot;,&quot;background_slideshow_gallery&quot;:[{&quot;id&quot;:6784,&quot;url&quot;:&quot;https:\\\/\\\/www.playabara.es\\\/wp-content\\\/uploads\\\/2024\\\/03\\\/0fdaee88-38fa-4172-a57d-3b7448531c1d.jpg&quot;},{&quot;id&quot;:6786,&quot;url&quot;:&quot;https:\\\/\\\/www.playabara.es\\\/wp-content\\\/uploads\\\/2024\\\/03\\\/d6abc2d3-7a7a-47e9-96ff-b6c1a26d5adf-1.jpg&quot;}],&quot;background_slideshow_loop&quot;:&quot;yes&quot;,&quot;background_slideshow_slide_duration&quot;:5000,&quot;background_slideshow_slide_transition&quot;:&quot;fade&quot;,&quot;background_slideshow_transition_duration&quot;:500}\">\n\t\t\t\t<\/div>\n\t\t\t\t<\/section>\n\t\t<section class=\"elementor-element elementor-element-8808e2a e-con-full e-flex e-con e-parent\" data-id=\"8808e2a\" data-element_type=\"container\" data-e-type=\"container\" data-settings=\"{&quot;background_background&quot;:&quot;classic&quot;}\">\n\t\t<div class=\"elementor-element elementor-element-81d7364 e-con-full e-flex e-con e-child\" data-id=\"81d7364\" data-element_type=\"container\" data-e-type=\"container\" data-settings=\"{&quot;background_background&quot;:&quot;slideshow&quot;,&quot;background_slideshow_gallery&quot;:[{&quot;id&quot;:6795,&quot;url&quot;:&quot;https:\\\/\\\/www.playabara.es\\\/wp-content\\\/uploads\\\/2024\\\/03\\\/IMG_8574.jpg&quot;},{&quot;id&quot;:6796,&quot;url&quot;:&quot;https:\\\/\\\/www.playabara.es\\\/wp-content\\\/uploads\\\/2024\\\/03\\\/IMG_8578.jpg&quot;}],&quot;background_slideshow_loop&quot;:&quot;yes&quot;,&quot;background_slideshow_slide_duration&quot;:5000,&quot;background_slideshow_slide_transition&quot;:&quot;fade&quot;,&quot;background_slideshow_transition_duration&quot;:500}\">\n\t\t\t\t<\/div>\n\t\t<div class=\"elementor-element elementor-element-8cfea30 e-con-full e-flex e-con e-child\" data-id=\"8cfea30\" data-element_type=\"container\" data-e-type=\"container\">\n\t\t\t\t<div class=\"elementor-element elementor-element-9a96fb2 elementor-widget elementor-widget-cs_title\" data-id=\"9a96fb2\" data-element_type=\"widget\" data-e-type=\"widget\" data-widget_type=\"cs_title.default\">\n\t\t\t\t<div class=\"elementor-widget-container\">\n\t\t\t\t\t\n        <div class=\"cs-title-wrap text-center\">\t            <div class=\"cs-subtitle-wrap\"><span class=\"cs-subtitle color-black\">Joves i Adults<\/span><\/div>\t            <h2 class=\"cs-title color-black\">\n\t                Activitats, classes dirigides i fitness, a l'aire lliure o al gimn\u00e0s\t            <\/h2>\t            <div class=\"cs-title-text color-black\">\n\t                Pel nostre p\u00fablic a partir de 16 anys, oferim diverses alternatives com ara tornejos esportius (futbol, p\u00e0del, tennis, b\u00e0squet, ping-pong, waterpolo), activitats especials com arc i tir amb carrabina, rutes programades i zumba a l&#8217;amfiteatre. Gr\u00e0cies a les nostres nombroses instal\u00b7lacions, podreu practicar el vostre esport preferit amb total comoditat. Per als qui li agrada la nit, el Resort ofereix el seu peculiar club-discoteca nocturna.\nAssisteixi al nostre gimn\u00e0s per mantenir-se en forma, on trobareu tot tipus de m\u00e0quines per realitzar cada tipus d&#8217;exercici. Sempre estar\u00e0 acompanyat d&#8217;una persona que us podr\u00e0 aconsellar en tot moment ia m\u00e9s participar en classes dirigides ia l&#8217;aire lliure com zumba, spinning, pilates, gap, ioga, stretching\u2026\t            <\/div>        <\/div>\t\t\t\t<\/div>\n\t\t\t\t<\/div>\n\t\t\t\t<\/div>\n\t\t\t\t<\/section>\n\t\t<section class=\"elementor-element elementor-element-8b73a18 e-con-full e-flex e-con e-parent\" data-id=\"8b73a18\" data-element_type=\"container\" data-e-type=\"container\" data-settings=\"{&quot;background_background&quot;:&quot;classic&quot;}\">\n\t\t<div class=\"elementor-element elementor-element-2f07ec6 e-con-full e-flex e-con e-child\" data-id=\"2f07ec6\" data-element_type=\"container\" data-e-type=\"container\">\n\t\t\t\t<div class=\"elementor-element elementor-element-f7d4c0a elementor-widget elementor-widget-cs_title\" data-id=\"f7d4c0a\" data-element_type=\"widget\" data-e-type=\"widget\" data-widget_type=\"cs_title.default\">\n\t\t\t\t<div class=\"elementor-widget-container\">\n\t\t\t\t\t\n        <div class=\"cs-title-wrap text-center\">\t            <div class=\"cs-subtitle-wrap\"><span class=\"cs-subtitle color-black\">Espectacles Nocturns<\/span><\/div>\t            <h2 class=\"cs-title color-black\">\n\t                Per a tota la fam\u00edlia\t            <\/h2>\t            <div class=\"cs-title-text color-black\">\n\t                <p>Divertiu-vos assistint als espectacles del nostre gran amfiteatre rom\u00e0 amb musicals creats per l&#8217;equip d&#8217;animaci\u00f3, en els quals podreu participar en concursos, xous acrob\u00e0tics i tematitzats, tributs, m\u00fasica en viu i molt m\u00e9s.<\/p>\t            <\/div>        <\/div>\t\t\t\t<\/div>\n\t\t\t\t<\/div>\n\t\t\t\t<\/div>\n\t\t<div class=\"elementor-element elementor-element-de9d9e0 e-con-full e-flex e-con e-child\" data-id=\"de9d9e0\" data-element_type=\"container\" data-e-type=\"container\" data-settings=\"{&quot;background_background&quot;:&quot;slideshow&quot;,&quot;background_slideshow_gallery&quot;:[{&quot;id&quot;:6787,&quot;url&quot;:&quot;https:\\\/\\\/www.playabara.es\\\/wp-content\\\/uploads\\\/2024\\\/03\\\/302190231_10224692045106325_301821874253402257_n.jpg&quot;},{&quot;id&quot;:6788,&quot;url&quot;:&quot;https:\\\/\\\/www.playabara.es\\\/wp-content\\\/uploads\\\/2024\\\/03\\\/305203208_10224707693617528_7761634057839183819_n.jpg&quot;},{&quot;id&quot;:6789,&quot;url&quot;:&quot;https:\\\/\\\/www.playabara.es\\\/wp-content\\\/uploads\\\/2024\\\/03\\\/305410301_10224719228345889_4070841340615375848_n.jpg&quot;},{&quot;id&quot;:6790,&quot;url&quot;:&quot;https:\\\/\\\/www.playabara.es\\\/wp-content\\\/uploads\\\/2024\\\/03\\\/306125116_10224734758374130_310733414264289156_n.jpg&quot;},{&quot;id&quot;:6791,&quot;url&quot;:&quot;https:\\\/\\\/www.playabara.es\\\/wp-content\\\/uploads\\\/2024\\\/03\\\/306397531_10224739145443804_2784852050782614302_n.jpg&quot;},{&quot;id&quot;:6792,&quot;url&quot;:&quot;https:\\\/\\\/www.playabara.es\\\/wp-content\\\/uploads\\\/2024\\\/03\\\/306525915_10224739166564332_5980151473032232120_n.jpg&quot;},{&quot;id&quot;:6793,&quot;url&quot;:&quot;https:\\\/\\\/www.playabara.es\\\/wp-content\\\/uploads\\\/2024\\\/03\\\/306663158_10224739144523781_3328096756601170072_n-scaled.jpg&quot;},{&quot;id&quot;:6794,&quot;url&quot;:&quot;https:\\\/\\\/www.playabara.es\\\/wp-content\\\/uploads\\\/2024\\\/03\\\/306716092_10224742538448627_4775194963970949688_n-scaled.jpg&quot;}],&quot;background_slideshow_loop&quot;:&quot;yes&quot;,&quot;background_slideshow_slide_duration&quot;:5000,&quot;background_slideshow_slide_transition&quot;:&quot;fade&quot;,&quot;background_slideshow_transition_duration&quot;:500}\">\n\t\t\t\t<\/div>\n\t\t\t\t<\/section>\n\t\t\t\t<\/div>\n\t\t","protected":false},"excerpt":{"rendered":"<p>ANIMACI\u00d3 Sigui per a un dia, un cap de setmana o unes merescudes vacances, recordareu el vostre temps en parella o en fam\u00edlia a PLAYA BARA ple d&#8217;activitats i experi\u00e8ncies. PASSA-T&#8217;HO A GRAN TINGUIS L&#8217;EDAT QUE TINGUIS ACTIVITATS PER A TOTS Infinitat d&#8217;activitats per a nens, competicions esportives de tota mena, classes dirigides, activitats en &#8230;<\/p>\n","protected":false},"author":1,"featured_media":0,"parent":0,"menu_order":0,"comment_status":"closed","ping_status":"closed","template":"template-wide-content.php","meta":{"_acf_changed":false,"om_disable_all_campaigns":false,"_uf_show_specific_survey":0,"_uf_disable_surveys":false,"cozystay_single_page_hide_site_header":"","cozystay_single_page_site_header_source":"","cozystay_single_page_custom_site_header":"0","cozystay_single_page_custom_sticky_site_header":"0","cozystay_single_page_hide_page_title":"","cozystay_single_page_header_section_size":"","cozystay_single_page_header_background_color":"","cozystay_single_page_header_background_position_x":"center","cozystay_single_page_header_background_position_y":"center","cozystay_single_page_header_background_size":"cover","cozystay_single_page_header_background_repeat":"off","cozystay_single_page_header_background_scroll":"on","cozystay_single_page_header_text_color":"","cozystay_single_page_header_show_breadcrumb":"","cozystay_single_page_site_footer_hide_main":"","cozystay_single_custom_site_footer_main_source":"","cozystay_single_custom_site_footer_main":"0","cozystay_single_page_site_footer_hide_above":"","cozystay_single_custom_site_footer_above_source":"","cozystay_single_custom_site_footer_above":"0","cozystay_single_page_site_footer_hide_instagram":"","cozystay_single_page_site_footer_hide_bottom":"","cozystay_single_custom_mobile_menu_source":"","cozystay_single_custom_mobile_menu":"0","cozystay_single_custom_mobile_menu_animation":"","cozystay_single_custom_mobile_menu_width":"","cozystay_single_custom_mobile_menu_custom_width":375,"footnotes":""},"class_list":["post-6773","page","type-page","status-publish","hentry"],"acf":[],"yoast_head":"<!-- This site is optimized with the Yoast SEO Premium plugin v27.2 (Yoast SEO v27.3) - https:\/\/yoast.com\/product\/yoast-seo-premium-wordpress\/ -->\n<title>Animaci\u00f3 - Playa Bara - Camping - Caravaning - Bungalows - Spa<\/title>\n<meta name=\"description\" content=\"Disfruta de la mejor animacion en PLAYA BARA con actividades para toda la familia. \u00a1Diversi\u00f3n sin l\u00edmites!\" \/>\n<meta name=\"robots\" content=\"index, follow, max-snippet:-1, max-image-preview:large, max-video-preview:-1\" \/>\n<link rel=\"canonical\" href=\"https:\/\/www.playabara.es\/ca\/animacio\/\" \/>\n<meta property=\"og:locale\" content=\"ca_ES\" \/>\n<meta property=\"og:type\" content=\"article\" \/>\n<meta property=\"og:title\" content=\"Animaci\u00f3\" \/>\n<meta property=\"og:description\" content=\"Disfruta de la mejor animacion en PLAYA BARA con actividades para toda la familia. \u00a1Diversi\u00f3n sin l\u00edmites!\" \/>\n<meta property=\"og:url\" content=\"https:\/\/www.playabara.es\/ca\/animacio\/\" \/>\n<meta property=\"og:site_name\" content=\"Playa Bara - Camping - Caravaning - Bungalows - Spa\" \/>\n<meta property=\"article:modified_time\" content=\"2026-03-20T15:05:18+00:00\" \/>\n<meta property=\"og:image\" content=\"https:\/\/www.playabara.es\/wp-content\/uploads\/elementor\/thumbs\/animacion_icon-qis7f0u198r2t6j7hktnzfemkystbq0xlas2xufyuo.png\" \/>\n<meta name=\"twitter:card\" content=\"summary_large_image\" \/>\n<meta name=\"twitter:label1\" content=\"Temps estimat de lectura\" \/>\n\t<meta name=\"twitter:data1\" content=\"3 minuts\" \/>\n<script type=\"application\/ld+json\" class=\"yoast-schema-graph\">{\"@context\":\"https:\\\/\\\/schema.org\",\"@graph\":[{\"@type\":\"WebPage\",\"@id\":\"https:\\\/\\\/www.playabara.es\\\/ca\\\/animacio\\\/\",\"url\":\"https:\\\/\\\/www.playabara.es\\\/ca\\\/animacio\\\/\",\"name\":\"Animaci\u00f3 - Playa Bara - Camping - Caravaning - Bungalows - Spa\",\"isPartOf\":{\"@id\":\"https:\\\/\\\/www.playabara.es\\\/ca\\\/#website\"},\"primaryImageOfPage\":{\"@id\":\"https:\\\/\\\/www.playabara.es\\\/ca\\\/animacio\\\/#primaryimage\"},\"image\":{\"@id\":\"https:\\\/\\\/www.playabara.es\\\/ca\\\/animacio\\\/#primaryimage\"},\"thumbnailUrl\":\"https:\\\/\\\/www.playabara.es\\\/wp-content\\\/uploads\\\/elementor\\\/thumbs\\\/animacion_icon-qis7f0u198r2t6j7hktnzfemkystbq0xlas2xufyuo.png\",\"datePublished\":\"2024-01-24T12:43:22+00:00\",\"dateModified\":\"2026-03-20T15:05:18+00:00\",\"description\":\"Disfruta de la mejor animacion en PLAYA BARA con actividades para toda la familia. \u00a1Diversi\u00f3n sin l\u00edmites!\",\"breadcrumb\":{\"@id\":\"https:\\\/\\\/www.playabara.es\\\/ca\\\/animacio\\\/#breadcrumb\"},\"inLanguage\":\"ca\",\"potentialAction\":[{\"@type\":\"ReadAction\",\"target\":[\"https:\\\/\\\/www.playabara.es\\\/ca\\\/animacio\\\/\"]}]},{\"@type\":\"ImageObject\",\"inLanguage\":\"ca\",\"@id\":\"https:\\\/\\\/www.playabara.es\\\/ca\\\/animacio\\\/#primaryimage\",\"url\":\"https:\\\/\\\/www.playabara.es\\\/wp-content\\\/uploads\\\/elementor\\\/thumbs\\\/animacion_icon-qis7f0u198r2t6j7hktnzfemkystbq0xlas2xufyuo.png\",\"contentUrl\":\"https:\\\/\\\/www.playabara.es\\\/wp-content\\\/uploads\\\/elementor\\\/thumbs\\\/animacion_icon-qis7f0u198r2t6j7hktnzfemkystbq0xlas2xufyuo.png\"},{\"@type\":\"BreadcrumbList\",\"@id\":\"https:\\\/\\\/www.playabara.es\\\/ca\\\/animacio\\\/#breadcrumb\",\"itemListElement\":[{\"@type\":\"ListItem\",\"position\":1,\"name\":\"Portada\",\"item\":\"https:\\\/\\\/www.playabara.es\\\/ca\\\/inici\\\/\"},{\"@type\":\"ListItem\",\"position\":2,\"name\":\"Animaci\u00f3\"}]},{\"@type\":\"WebSite\",\"@id\":\"https:\\\/\\\/www.playabara.es\\\/ca\\\/#website\",\"url\":\"https:\\\/\\\/www.playabara.es\\\/ca\\\/\",\"name\":\"Playa Bara - Camping - Caravaning - Bungalows - Spa\",\"description\":\"\",\"potentialAction\":[{\"@type\":\"SearchAction\",\"target\":{\"@type\":\"EntryPoint\",\"urlTemplate\":\"https:\\\/\\\/www.playabara.es\\\/ca\\\/?s={search_term_string}\"},\"query-input\":{\"@type\":\"PropertyValueSpecification\",\"valueRequired\":true,\"valueName\":\"search_term_string\"}}],\"inLanguage\":\"ca\"}]}<\/script>\n<!-- \/ Yoast SEO Premium plugin. -->","yoast_head_json":{"title":"Animaci\u00f3 - Playa Bara - Camping - Caravaning - Bungalows - Spa","description":"Disfruta de la mejor animacion en PLAYA BARA con actividades para toda la familia. \u00a1Diversi\u00f3n sin l\u00edmites!","robots":{"index":"index","follow":"follow","max-snippet":"max-snippet:-1","max-image-preview":"max-image-preview:large","max-video-preview":"max-video-preview:-1"},"canonical":"https:\/\/www.playabara.es\/ca\/animacio\/","og_locale":"ca_ES","og_type":"article","og_title":"Animaci\u00f3","og_description":"Disfruta de la mejor animacion en PLAYA BARA con actividades para toda la familia. \u00a1Diversi\u00f3n sin l\u00edmites!","og_url":"https:\/\/www.playabara.es\/ca\/animacio\/","og_site_name":"Playa Bara - Camping - Caravaning - Bungalows - Spa","article_modified_time":"2026-03-20T15:05:18+00:00","og_image":[{"url":"https:\/\/www.playabara.es\/wp-content\/uploads\/elementor\/thumbs\/animacion_icon-qis7f0u198r2t6j7hktnzfemkystbq0xlas2xufyuo.png","type":"","width":"","height":""}],"twitter_card":"summary_large_image","twitter_misc":{"Temps estimat de lectura":"3 minuts"},"schema":{"@context":"https:\/\/schema.org","@graph":[{"@type":"WebPage","@id":"https:\/\/www.playabara.es\/ca\/animacio\/","url":"https:\/\/www.playabara.es\/ca\/animacio\/","name":"Animaci\u00f3 - Playa Bara - Camping - Caravaning - Bungalows - Spa","isPartOf":{"@id":"https:\/\/www.playabara.es\/ca\/#website"},"primaryImageOfPage":{"@id":"https:\/\/www.playabara.es\/ca\/animacio\/#primaryimage"},"image":{"@id":"https:\/\/www.playabara.es\/ca\/animacio\/#primaryimage"},"thumbnailUrl":"https:\/\/www.playabara.es\/wp-content\/uploads\/elementor\/thumbs\/animacion_icon-qis7f0u198r2t6j7hktnzfemkystbq0xlas2xufyuo.png","datePublished":"2024-01-24T12:43:22+00:00","dateModified":"2026-03-20T15:05:18+00:00","description":"Disfruta de la mejor animacion en PLAYA BARA con actividades para toda la familia. \u00a1Diversi\u00f3n sin l\u00edmites!","breadcrumb":{"@id":"https:\/\/www.playabara.es\/ca\/animacio\/#breadcrumb"},"inLanguage":"ca","potentialAction":[{"@type":"ReadAction","target":["https:\/\/www.playabara.es\/ca\/animacio\/"]}]},{"@type":"ImageObject","inLanguage":"ca","@id":"https:\/\/www.playabara.es\/ca\/animacio\/#primaryimage","url":"https:\/\/www.playabara.es\/wp-content\/uploads\/elementor\/thumbs\/animacion_icon-qis7f0u198r2t6j7hktnzfemkystbq0xlas2xufyuo.png","contentUrl":"https:\/\/www.playabara.es\/wp-content\/uploads\/elementor\/thumbs\/animacion_icon-qis7f0u198r2t6j7hktnzfemkystbq0xlas2xufyuo.png"},{"@type":"BreadcrumbList","@id":"https:\/\/www.playabara.es\/ca\/animacio\/#breadcrumb","itemListElement":[{"@type":"ListItem","position":1,"name":"Portada","item":"https:\/\/www.playabara.es\/ca\/inici\/"},{"@type":"ListItem","position":2,"name":"Animaci\u00f3"}]},{"@type":"WebSite","@id":"https:\/\/www.playabara.es\/ca\/#website","url":"https:\/\/www.playabara.es\/ca\/","name":"Playa Bara - Camping - Caravaning - Bungalows - Spa","description":"","potentialAction":[{"@type":"SearchAction","target":{"@type":"EntryPoint","urlTemplate":"https:\/\/www.playabara.es\/ca\/?s={search_term_string}"},"query-input":{"@type":"PropertyValueSpecification","valueRequired":true,"valueName":"search_term_string"}}],"inLanguage":"ca"}]}},"_links":{"self":[{"href":"https:\/\/www.playabara.es\/ca\/wp-json\/wp\/v2\/pages\/6773","targetHints":{"allow":["GET"]}}],"collection":[{"href":"https:\/\/www.playabara.es\/ca\/wp-json\/wp\/v2\/pages"}],"about":[{"href":"https:\/\/www.playabara.es\/ca\/wp-json\/wp\/v2\/types\/page"}],"author":[{"embeddable":true,"href":"https:\/\/www.playabara.es\/ca\/wp-json\/wp\/v2\/users\/1"}],"replies":[{"embeddable":true,"href":"https:\/\/www.playabara.es\/ca\/wp-json\/wp\/v2\/comments?post=6773"}],"version-history":[{"count":117,"href":"https:\/\/www.playabara.es\/ca\/wp-json\/wp\/v2\/pages\/6773\/revisions"}],"predecessor-version":[{"id":16396,"href":"https:\/\/www.playabara.es\/ca\/wp-json\/wp\/v2\/pages\/6773\/revisions\/16396"}],"wp:attachment":[{"href":"https:\/\/www.playabara.es\/ca\/wp-json\/wp\/v2\/media?parent=6773"}],"curies":[{"name":"wp","href":"https:\/\/api.w.org\/{rel}","templated":true}]}}