{"id":6901,"date":"2024-03-05T16:20:21","date_gmt":"2024-03-05T15:20:21","guid":{"rendered":"https:\/\/www.playabara.es\/restaurants\/anfibar\/"},"modified":"2025-06-19T17:26:33","modified_gmt":"2025-06-19T15:26:33","slug":"anfibar","status":"publish","type":"page","link":"https:\/\/www.playabara.es\/ca\/restaurants\/anfibar\/","title":{"rendered":"AnfiBar"},"content":{"rendered":"\t\t<div data-elementor-type=\"wp-page\" data-elementor-id=\"6901\" class=\"elementor elementor-6901 elementor-4750\">\n\t\t\t\t\t\t<section class=\"elementor-section elementor-top-section elementor-element elementor-element-f55391 elementor-section-height-min-height cs-section-content-fullwidth cs-parallax-on-scroll cs_scroll_y_80 elementor-section-boxed elementor-section-height-default elementor-section-items-middle\" data-id=\"f55391\" data-element_type=\"section\" data-e-type=\"section\" data-settings=\"{&quot;background_background&quot;:&quot;classic&quot;}\" data-cs-parallax-y=\"80\" style=\"background-image: none;\" data-cs-background-image=\"https:\/\/www.playabara.es\/wp-content\/uploads\/2024\/03\/ANFIBAR.jpg\">\n\t\t\t\t\t\t\t<div class=\"elementor-background-overlay\"><\/div>\n\t\t\t\t\t\t\t<div class=\"elementor-container elementor-column-gap-no\">\n\t\t\t\t\t<div class=\"elementor-column elementor-col-100 elementor-top-column elementor-element elementor-element-726de84d dark-color\" data-id=\"726de84d\" data-element_type=\"column\" data-e-type=\"column\">\n\t\t\t<div class=\"elementor-widget-wrap elementor-element-populated\">\n\t\t\t\t\t\t<div class=\"elementor-element elementor-element-417e6d86 elementor-widget elementor-widget-cs_title\" data-id=\"417e6d86\" data-element_type=\"widget\" data-e-type=\"widget\" data-widget_type=\"cs_title.default\">\n\t\t\t\t<div class=\"elementor-widget-container\">\n\t\t\t\t\t\n        <div class=\"cs-title-wrap text-center\">\t            <h1 class=\"cs-title\">\n\t                ANFI BAR\t            <\/h1>        <\/div>\t\t\t\t<\/div>\n\t\t\t\t<\/div>\n\t\t\t\t\t<\/div>\n\t\t<\/div>\n\t\t\t\t\t<\/div>\n\t\t<\/section>\n\t\t\t\t<section class=\"elementor-section elementor-top-section elementor-element elementor-element-64ee4af6 elementor-section-full_width elementor-section-content-middle elementor-section-height-default elementor-section-height-default\" data-id=\"64ee4af6\" data-element_type=\"section\" data-e-type=\"section\">\n\t\t\t\t\t\t<div class=\"elementor-container elementor-column-gap-no\">\n\t\t\t\t\t<div class=\"elementor-column elementor-col-50 elementor-top-column elementor-element elementor-element-7a01fff3\" data-id=\"7a01fff3\" data-element_type=\"column\" data-e-type=\"column\">\n\t\t\t<div class=\"elementor-widget-wrap elementor-element-populated\">\n\t\t\t\t\t\t<div class=\"elementor-element elementor-element-1781be84 elementor-widget elementor-widget-image\" data-id=\"1781be84\" data-element_type=\"widget\" data-e-type=\"widget\" data-widget_type=\"image.default\">\n\t\t\t\t<div class=\"elementor-widget-container\">\n\t\t\t\t\t\t\t\t\t\t\t\t\t\t\t<img fetchpriority=\"high\" decoding=\"async\" width=\"300\" height=\"178\" src=\"https:\/\/www.playabara.es\/wp-content\/uploads\/2024\/03\/Anfi-Bar.jpg\" class=\"attachment-large size-large wp-image-6902\" alt=\"\" srcset=\"https:\/\/www.playabara.es\/wp-content\/uploads\/2024\/03\/Anfi-Bar.jpg 300w, https:\/\/www.playabara.es\/wp-content\/uploads\/2024\/03\/Anfi-Bar-255x151.jpg 255w\" sizes=\"(max-width: 300px) 100vw, 300px\" \/>\t\t\t\t\t\t\t\t\t\t\t\t\t\t\t<\/div>\n\t\t\t\t<\/div>\n\t\t\t\t<div class=\"elementor-element elementor-element-714b67ed elementor-widget elementor-widget-cs_title\" data-id=\"714b67ed\" data-element_type=\"widget\" data-e-type=\"widget\" data-widget_type=\"cs_title.default\">\n\t\t\t\t<div class=\"elementor-widget-container\">\n\t\t\t\t\t\n        <div class=\"cs-title-wrap\">\t            <h4 class=\"cs-title\">\n\t                Gaudeix de la teva beguda al bar de l'amfiteatre, on cada glop \u00e9s un espectacle.\t            <\/h4>\t            <div class=\"cs-title-text\">\n\t                El nostre bar ubicat a l&#8217;amfiteatre. Amb oferta de dol\u00e7os, granissats, gelats, refrescos i caf\u00e8.\t            <\/div>        <\/div>\t\t\t\t<\/div>\n\t\t\t\t<\/div>\n\t\t\t\t\t<\/div>\n\t\t<\/div>\n\t\t\t\t<div class=\"elementor-column elementor-col-50 elementor-top-column elementor-element elementor-element-347dbdc\" data-id=\"347dbdc\" data-element_type=\"column\" data-e-type=\"column\" data-settings=\"{&quot;background_background&quot;:&quot;classic&quot;}\">\n\t\t\t<div class=\"elementor-widget-wrap elementor-element-populated\">\n\t\t\t\t\t\t<section class=\"elementor-section elementor-inner-section elementor-element elementor-element-24e30b86 elementor-section-boxed elementor-section-height-default elementor-section-height-default\" data-id=\"24e30b86\" data-element_type=\"section\" data-e-type=\"section\" data-settings=\"{&quot;background_background&quot;:&quot;classic&quot;}\">\n\t\t\t\t\t\t<div class=\"elementor-container elementor-column-gap-no\">\n\t\t\t\t\t<div class=\"elementor-column elementor-col-100 elementor-inner-column elementor-element elementor-element-7f3fa00a\" data-id=\"7f3fa00a\" data-element_type=\"column\" data-e-type=\"column\">\n\t\t\t<div class=\"elementor-widget-wrap elementor-element-populated\">\n\t\t\t\t\t\t<div class=\"elementor-element elementor-element-36891ee3 elementor-widget elementor-widget-heading\" data-id=\"36891ee3\" data-element_type=\"widget\" data-e-type=\"widget\" data-widget_type=\"heading.default\">\n\t\t\t\t<div class=\"elementor-widget-container\">\n\t\t\t\t\t<h2 class=\"elementor-heading-title elementor-size-default\">Informaci\u00f3<\/h2>\t\t\t\t<\/div>\n\t\t\t\t<\/div>\n\t\t\t\t\t<\/div>\n\t\t<\/div>\n\t\t\t\t\t<\/div>\n\t\t<\/section>\n\t\t\t\t\t<\/div>\n\t\t<\/div>\n\t\t\t\t\t<\/div>\n\t\t<\/section>\n\t\t\t\t<section class=\"elementor-section elementor-top-section elementor-element elementor-element-37b4759e elementor-section-full_width animated-slow elementor-hidden-desktop elementor-hidden-tablet elementor-hidden-mobile elementor-section-height-default elementor-section-height-default elementor-invisible\" data-id=\"37b4759e\" data-element_type=\"section\" data-e-type=\"section\" data-settings=\"{&quot;background_background&quot;:&quot;classic&quot;,&quot;animation&quot;:&quot;fadeIn&quot;,&quot;animation_delay&quot;:150}\">\n\t\t\t\t\t\t<div class=\"elementor-container elementor-column-gap-no\">\n\t\t\t\t\t<div class=\"elementor-column elementor-col-100 elementor-top-column elementor-element elementor-element-e07b00b\" data-id=\"e07b00b\" data-element_type=\"column\" data-e-type=\"column\">\n\t\t\t<div class=\"elementor-widget-wrap elementor-element-populated\">\n\t\t\t\t\t\t<div class=\"elementor-element elementor-element-7e867243 elementor-widget elementor-widget-cs_gallery\" data-id=\"7e867243\" data-element_type=\"widget\" data-e-type=\"widget\" data-widget_type=\"cs_gallery.default\">\n\t\t\t\t<div class=\"elementor-widget-container\">\n\t\t\t\t\t\n            <div class=\"cs-gallery gap-0 gallery-grid grid-col-3\">\n                <div class=\"cs-gallery-wrap\">                    <div class=\"cs-gallery-item\">                            <a href=\"https:\/\/www.playabara.es\/wp-content\/uploads\/2024\/01\/piscina_1.png\" data-elementor-open-lightbox=\"yes\" data-elementor-lightbox-slideshow=\"7e867243\" data-elementor-lightbox-title=\"piscina_1\" data-e-action-hash=\"#elementor-action%3Aaction%3Dlightbox%26settings%3DeyJpZCI6MjU2OSwidXJsIjoiaHR0cHM6XC9cL3d3dy5wbGF5YWJhcmEuZXNcL3dwLWNvbnRlbnRcL3VwbG9hZHNcLzIwMjRcLzAxXC9waXNjaW5hXzEucG5nIiwic2xpZGVzaG93IjoiN2U4NjcyNDMifQ%3D%3D\"><img decoding=\"async\" width=\"780\" height=\"601\" src=\"https:\/\/www.playabara.es\/wp-content\/uploads\/2024\/01\/piscina_1-780x601.png\" class=\"attachment-cozystay_780x9999 size-cozystay_780x9999 wp-image-2569\" alt=\"\" srcset=\"https:\/\/www.playabara.es\/wp-content\/uploads\/2024\/01\/piscina_1-780x601.png 780w, https:\/\/www.playabara.es\/wp-content\/uploads\/2024\/01\/piscina_1-300x231.png 300w, https:\/\/www.playabara.es\/wp-content\/uploads\/2024\/01\/piscina_1-1024x788.png 1024w, https:\/\/www.playabara.es\/wp-content\/uploads\/2024\/01\/piscina_1-768x591.png 768w, https:\/\/www.playabara.es\/wp-content\/uploads\/2024\/01\/piscina_1-600x462.png 600w, https:\/\/www.playabara.es\/wp-content\/uploads\/2024\/01\/piscina_1-550x423.png 550w, https:\/\/www.playabara.es\/wp-content\/uploads\/2024\/01\/piscina_1-370x285.png 370w, https:\/\/www.playabara.es\/wp-content\/uploads\/2024\/01\/piscina_1-255x196.png 255w, https:\/\/www.playabara.es\/wp-content\/uploads\/2024\/01\/piscina_1-150x115.png 150w, https:\/\/www.playabara.es\/wp-content\/uploads\/2024\/01\/piscina_1.png 1130w\" sizes=\"(max-width: 780px) 100vw, 780px\" \/><\/a>                    <\/div>                    <div class=\"cs-gallery-item\">                            <a href=\"https:\/\/www.playabara.es\/wp-content\/uploads\/2024\/01\/piscina_2.png\" data-elementor-open-lightbox=\"yes\" data-elementor-lightbox-slideshow=\"7e867243\" data-elementor-lightbox-title=\"piscina_2\" data-e-action-hash=\"#elementor-action%3Aaction%3Dlightbox%26settings%3DeyJpZCI6MjU3MCwidXJsIjoiaHR0cHM6XC9cL3d3dy5wbGF5YWJhcmEuZXNcL3dwLWNvbnRlbnRcL3VwbG9hZHNcLzIwMjRcLzAxXC9waXNjaW5hXzIucG5nIiwic2xpZGVzaG93IjoiN2U4NjcyNDMifQ%3D%3D\"><img decoding=\"async\" width=\"780\" height=\"601\" src=\"https:\/\/www.playabara.es\/wp-content\/uploads\/2024\/01\/piscina_2-780x601.png\" class=\"attachment-cozystay_780x9999 size-cozystay_780x9999 wp-image-2570\" alt=\"\" srcset=\"https:\/\/www.playabara.es\/wp-content\/uploads\/2024\/01\/piscina_2-780x601.png 780w, https:\/\/www.playabara.es\/wp-content\/uploads\/2024\/01\/piscina_2-300x231.png 300w, https:\/\/www.playabara.es\/wp-content\/uploads\/2024\/01\/piscina_2-1024x788.png 1024w, https:\/\/www.playabara.es\/wp-content\/uploads\/2024\/01\/piscina_2-768x591.png 768w, https:\/\/www.playabara.es\/wp-content\/uploads\/2024\/01\/piscina_2-600x462.png 600w, https:\/\/www.playabara.es\/wp-content\/uploads\/2024\/01\/piscina_2-550x423.png 550w, https:\/\/www.playabara.es\/wp-content\/uploads\/2024\/01\/piscina_2-370x285.png 370w, https:\/\/www.playabara.es\/wp-content\/uploads\/2024\/01\/piscina_2-255x196.png 255w, https:\/\/www.playabara.es\/wp-content\/uploads\/2024\/01\/piscina_2-150x115.png 150w, https:\/\/www.playabara.es\/wp-content\/uploads\/2024\/01\/piscina_2.png 1130w\" sizes=\"(max-width: 780px) 100vw, 780px\" \/><\/a>                    <\/div>                    <div class=\"cs-gallery-item\">                            <a href=\"https:\/\/www.playabara.es\/wp-content\/uploads\/2024\/01\/piscina_3.png\" data-elementor-open-lightbox=\"yes\" data-elementor-lightbox-slideshow=\"7e867243\" data-elementor-lightbox-title=\"piscina_3\" data-e-action-hash=\"#elementor-action%3Aaction%3Dlightbox%26settings%3DeyJpZCI6MjU3MSwidXJsIjoiaHR0cHM6XC9cL3d3dy5wbGF5YWJhcmEuZXNcL3dwLWNvbnRlbnRcL3VwbG9hZHNcLzIwMjRcLzAxXC9waXNjaW5hXzMucG5nIiwic2xpZGVzaG93IjoiN2U4NjcyNDMifQ%3D%3D\"><img loading=\"lazy\" decoding=\"async\" width=\"780\" height=\"601\" src=\"https:\/\/www.playabara.es\/wp-content\/uploads\/2024\/01\/piscina_3-780x601.png\" class=\"attachment-cozystay_780x9999 size-cozystay_780x9999 wp-image-2571\" alt=\"\" srcset=\"https:\/\/www.playabara.es\/wp-content\/uploads\/2024\/01\/piscina_3-780x601.png 780w, https:\/\/www.playabara.es\/wp-content\/uploads\/2024\/01\/piscina_3-300x231.png 300w, https:\/\/www.playabara.es\/wp-content\/uploads\/2024\/01\/piscina_3-1024x788.png 1024w, https:\/\/www.playabara.es\/wp-content\/uploads\/2024\/01\/piscina_3-768x591.png 768w, https:\/\/www.playabara.es\/wp-content\/uploads\/2024\/01\/piscina_3-600x462.png 600w, https:\/\/www.playabara.es\/wp-content\/uploads\/2024\/01\/piscina_3-550x423.png 550w, https:\/\/www.playabara.es\/wp-content\/uploads\/2024\/01\/piscina_3-370x285.png 370w, https:\/\/www.playabara.es\/wp-content\/uploads\/2024\/01\/piscina_3-255x196.png 255w, https:\/\/www.playabara.es\/wp-content\/uploads\/2024\/01\/piscina_3-150x115.png 150w, https:\/\/www.playabara.es\/wp-content\/uploads\/2024\/01\/piscina_3.png 1130w\" sizes=\"(max-width: 780px) 100vw, 780px\" \/><\/a>                    <\/div>                    <div class=\"cs-gallery-item\">                            <a href=\"https:\/\/www.playabara.es\/wp-content\/uploads\/2024\/01\/piscina_4.png\" data-elementor-open-lightbox=\"yes\" data-elementor-lightbox-slideshow=\"7e867243\" data-elementor-lightbox-title=\"piscina_4\" data-e-action-hash=\"#elementor-action%3Aaction%3Dlightbox%26settings%3DeyJpZCI6MjU3MiwidXJsIjoiaHR0cHM6XC9cL3d3dy5wbGF5YWJhcmEuZXNcL3dwLWNvbnRlbnRcL3VwbG9hZHNcLzIwMjRcLzAxXC9waXNjaW5hXzQucG5nIiwic2xpZGVzaG93IjoiN2U4NjcyNDMifQ%3D%3D\"><img loading=\"lazy\" decoding=\"async\" width=\"780\" height=\"601\" src=\"https:\/\/www.playabara.es\/wp-content\/uploads\/2024\/01\/piscina_4-780x601.png\" class=\"attachment-cozystay_780x9999 size-cozystay_780x9999 wp-image-2572\" alt=\"\" srcset=\"https:\/\/www.playabara.es\/wp-content\/uploads\/2024\/01\/piscina_4-780x601.png 780w, https:\/\/www.playabara.es\/wp-content\/uploads\/2024\/01\/piscina_4-300x231.png 300w, https:\/\/www.playabara.es\/wp-content\/uploads\/2024\/01\/piscina_4-1024x788.png 1024w, https:\/\/www.playabara.es\/wp-content\/uploads\/2024\/01\/piscina_4-768x591.png 768w, https:\/\/www.playabara.es\/wp-content\/uploads\/2024\/01\/piscina_4-600x462.png 600w, https:\/\/www.playabara.es\/wp-content\/uploads\/2024\/01\/piscina_4-550x423.png 550w, https:\/\/www.playabara.es\/wp-content\/uploads\/2024\/01\/piscina_4-370x285.png 370w, https:\/\/www.playabara.es\/wp-content\/uploads\/2024\/01\/piscina_4-255x196.png 255w, https:\/\/www.playabara.es\/wp-content\/uploads\/2024\/01\/piscina_4-150x115.png 150w, https:\/\/www.playabara.es\/wp-content\/uploads\/2024\/01\/piscina_4.png 1130w\" sizes=\"(max-width: 780px) 100vw, 780px\" \/><\/a>                    <\/div>                    <div class=\"cs-gallery-item\">                            <a href=\"https:\/\/www.playabara.es\/wp-content\/uploads\/2024\/01\/piscina_5.png\" data-elementor-open-lightbox=\"yes\" data-elementor-lightbox-slideshow=\"7e867243\" data-elementor-lightbox-title=\"piscina_5\" data-e-action-hash=\"#elementor-action%3Aaction%3Dlightbox%26settings%3DeyJpZCI6MjU3MywidXJsIjoiaHR0cHM6XC9cL3d3dy5wbGF5YWJhcmEuZXNcL3dwLWNvbnRlbnRcL3VwbG9hZHNcLzIwMjRcLzAxXC9waXNjaW5hXzUucG5nIiwic2xpZGVzaG93IjoiN2U4NjcyNDMifQ%3D%3D\"><img loading=\"lazy\" decoding=\"async\" width=\"780\" height=\"601\" src=\"https:\/\/www.playabara.es\/wp-content\/uploads\/2024\/01\/piscina_5-780x601.png\" class=\"attachment-cozystay_780x9999 size-cozystay_780x9999 wp-image-2573\" alt=\"\" srcset=\"https:\/\/www.playabara.es\/wp-content\/uploads\/2024\/01\/piscina_5-780x601.png 780w, https:\/\/www.playabara.es\/wp-content\/uploads\/2024\/01\/piscina_5-300x231.png 300w, https:\/\/www.playabara.es\/wp-content\/uploads\/2024\/01\/piscina_5-1024x788.png 1024w, https:\/\/www.playabara.es\/wp-content\/uploads\/2024\/01\/piscina_5-768x591.png 768w, https:\/\/www.playabara.es\/wp-content\/uploads\/2024\/01\/piscina_5-600x462.png 600w, https:\/\/www.playabara.es\/wp-content\/uploads\/2024\/01\/piscina_5-550x423.png 550w, https:\/\/www.playabara.es\/wp-content\/uploads\/2024\/01\/piscina_5-370x285.png 370w, https:\/\/www.playabara.es\/wp-content\/uploads\/2024\/01\/piscina_5-255x196.png 255w, https:\/\/www.playabara.es\/wp-content\/uploads\/2024\/01\/piscina_5-150x115.png 150w, https:\/\/www.playabara.es\/wp-content\/uploads\/2024\/01\/piscina_5.png 1130w\" sizes=\"(max-width: 780px) 100vw, 780px\" \/><\/a>                    <\/div>                    <div class=\"cs-gallery-item\">                            <a href=\"https:\/\/www.playabara.es\/wp-content\/uploads\/2024\/01\/piscina_6.png\" data-elementor-open-lightbox=\"yes\" data-elementor-lightbox-slideshow=\"7e867243\" data-elementor-lightbox-title=\"piscina_5\" data-e-action-hash=\"#elementor-action%3Aaction%3Dlightbox%26settings%3DeyJpZCI6MjU3NCwidXJsIjpmYWxzZSwic2xpZGVzaG93IjoiN2U4NjcyNDMifQ%3D%3D\"><img decoding=\"async\" src=\"https:\/\/www.playabara.es\/wp-content\/uploads\/2024\/01\/piscina_6.png\" title=\"\" alt=\"\" loading=\"lazy\" \/><\/a>                    <\/div>                <\/div>\n            <\/div>\t\t\t\t<\/div>\n\t\t\t\t<\/div>\n\t\t\t\t\t<\/div>\n\t\t<\/div>\n\t\t\t\t\t<\/div>\n\t\t<\/section>\n\t\t\t\t<\/div>\n\t\t","protected":false},"excerpt":{"rendered":"<p>ANFI BAR Gaudeix de la teva beguda al bar de l&#8217;amfiteatre, on cada glop \u00e9s un espectacle. El nostre bar ubicat a l&#8217;amfiteatre. Amb oferta de dol\u00e7os, granissats, gelats, refrescos i caf\u00e8. Informaci\u00f3<\/p>\n","protected":false},"author":1,"featured_media":0,"parent":6875,"menu_order":0,"comment_status":"closed","ping_status":"closed","template":"","meta":{"_acf_changed":false,"om_disable_all_campaigns":false,"_uf_show_specific_survey":0,"_uf_disable_surveys":false,"cozystay_single_page_hide_site_header":"","cozystay_single_page_site_header_source":"","cozystay_single_page_custom_site_header":"0","cozystay_single_page_custom_sticky_site_header":"0","cozystay_single_page_hide_page_title":"","cozystay_single_page_header_section_size":"","cozystay_single_page_header_background_color":"","cozystay_single_page_header_background_position_x":"center","cozystay_single_page_header_background_position_y":"center","cozystay_single_page_header_background_size":"cover","cozystay_single_page_header_background_repeat":"off","cozystay_single_page_header_background_scroll":"on","cozystay_single_page_header_text_color":"","cozystay_single_page_header_show_breadcrumb":"","cozystay_single_page_site_footer_hide_main":"","cozystay_single_custom_site_footer_main_source":"","cozystay_single_custom_site_footer_main":"0","cozystay_single_page_site_footer_hide_above":"","cozystay_single_custom_site_footer_above_source":"","cozystay_single_custom_site_footer_above":"0","cozystay_single_page_site_footer_hide_instagram":"","cozystay_single_page_site_footer_hide_bottom":"","cozystay_single_custom_mobile_menu_source":"","cozystay_single_custom_mobile_menu":"0","cozystay_single_custom_mobile_menu_animation":"","cozystay_single_custom_mobile_menu_width":"","cozystay_single_custom_mobile_menu_custom_width":375,"footnotes":""},"class_list":["post-6901","page","type-page","status-publish","hentry"],"acf":[],"yoast_head":"<!-- This site is optimized with the Yoast SEO Premium plugin v27.2 (Yoast SEO v27.3) - https:\/\/yoast.com\/product\/yoast-seo-premium-wordpress\/ -->\n<title>AnfiBar - Playa Bara - Camping - Caravaning - Bungalows - Spa<\/title>\n<meta name=\"description\" content=\"Descubre Anfi Bar, tu lugar ideal en el anfiteatro para disfrutar de dulces y refrescos hasta la medianoche.\" \/>\n<meta name=\"robots\" content=\"index, follow, max-snippet:-1, max-image-preview:large, max-video-preview:-1\" \/>\n<link rel=\"canonical\" href=\"https:\/\/www.playabara.es\/ca\/restaurants\/anfibar\/\" \/>\n<meta property=\"og:locale\" content=\"ca_ES\" \/>\n<meta property=\"og:type\" content=\"article\" \/>\n<meta property=\"og:title\" content=\"AnfiBar\" \/>\n<meta property=\"og:description\" content=\"Descubre Anfi Bar, tu lugar ideal en el anfiteatro para disfrutar de dulces y refrescos hasta la medianoche.\" \/>\n<meta property=\"og:url\" content=\"https:\/\/www.playabara.es\/ca\/restaurants\/anfibar\/\" \/>\n<meta property=\"og:site_name\" content=\"Playa Bara - Camping - Caravaning - Bungalows - Spa\" \/>\n<meta property=\"article:modified_time\" content=\"2025-06-19T15:26:33+00:00\" \/>\n<meta property=\"og:image\" content=\"https:\/\/www.playabara.es\/wp-content\/uploads\/2024\/03\/Anfi-Bar.jpg\" \/>\n\t<meta property=\"og:image:width\" content=\"300\" \/>\n\t<meta property=\"og:image:height\" content=\"178\" \/>\n\t<meta property=\"og:image:type\" content=\"image\/jpeg\" \/>\n<meta name=\"twitter:card\" content=\"summary_large_image\" \/>\n<script type=\"application\/ld+json\" class=\"yoast-schema-graph\">{\"@context\":\"https:\\\/\\\/schema.org\",\"@graph\":[{\"@type\":\"WebPage\",\"@id\":\"https:\\\/\\\/www.playabara.es\\\/ca\\\/restaurants\\\/anfibar\\\/\",\"url\":\"https:\\\/\\\/www.playabara.es\\\/ca\\\/restaurants\\\/anfibar\\\/\",\"name\":\"AnfiBar - Playa Bara - Camping - Caravaning - Bungalows - Spa\",\"isPartOf\":{\"@id\":\"https:\\\/\\\/www.playabara.es\\\/ca\\\/#website\"},\"primaryImageOfPage\":{\"@id\":\"https:\\\/\\\/www.playabara.es\\\/ca\\\/restaurants\\\/anfibar\\\/#primaryimage\"},\"image\":{\"@id\":\"https:\\\/\\\/www.playabara.es\\\/ca\\\/restaurants\\\/anfibar\\\/#primaryimage\"},\"thumbnailUrl\":\"https:\\\/\\\/www.playabara.es\\\/wp-content\\\/uploads\\\/2024\\\/03\\\/Anfi-Bar.jpg\",\"datePublished\":\"2024-03-05T15:20:21+00:00\",\"dateModified\":\"2025-06-19T15:26:33+00:00\",\"description\":\"Descubre Anfi Bar, tu lugar ideal en el anfiteatro para disfrutar de dulces y refrescos hasta la medianoche.\",\"breadcrumb\":{\"@id\":\"https:\\\/\\\/www.playabara.es\\\/ca\\\/restaurants\\\/anfibar\\\/#breadcrumb\"},\"inLanguage\":\"ca\",\"potentialAction\":[{\"@type\":\"ReadAction\",\"target\":[\"https:\\\/\\\/www.playabara.es\\\/ca\\\/restaurants\\\/anfibar\\\/\"]}]},{\"@type\":\"ImageObject\",\"inLanguage\":\"ca\",\"@id\":\"https:\\\/\\\/www.playabara.es\\\/ca\\\/restaurants\\\/anfibar\\\/#primaryimage\",\"url\":\"https:\\\/\\\/www.playabara.es\\\/wp-content\\\/uploads\\\/2024\\\/03\\\/Anfi-Bar.jpg\",\"contentUrl\":\"https:\\\/\\\/www.playabara.es\\\/wp-content\\\/uploads\\\/2024\\\/03\\\/Anfi-Bar.jpg\"},{\"@type\":\"BreadcrumbList\",\"@id\":\"https:\\\/\\\/www.playabara.es\\\/ca\\\/restaurants\\\/anfibar\\\/#breadcrumb\",\"itemListElement\":[{\"@type\":\"ListItem\",\"position\":1,\"name\":\"Portada\",\"item\":\"https:\\\/\\\/www.playabara.es\\\/ca\\\/inici\\\/\"},{\"@type\":\"ListItem\",\"position\":2,\"name\":\"Restaurants\",\"item\":\"https:\\\/\\\/www.playabara.es\\\/ca\\\/restaurants\\\/\"},{\"@type\":\"ListItem\",\"position\":3,\"name\":\"AnfiBar\"}]},{\"@type\":\"WebSite\",\"@id\":\"https:\\\/\\\/www.playabara.es\\\/ca\\\/#website\",\"url\":\"https:\\\/\\\/www.playabara.es\\\/ca\\\/\",\"name\":\"Playa Bara - Camping - Caravaning - Bungalows - Spa\",\"description\":\"\",\"potentialAction\":[{\"@type\":\"SearchAction\",\"target\":{\"@type\":\"EntryPoint\",\"urlTemplate\":\"https:\\\/\\\/www.playabara.es\\\/ca\\\/?s={search_term_string}\"},\"query-input\":{\"@type\":\"PropertyValueSpecification\",\"valueRequired\":true,\"valueName\":\"search_term_string\"}}],\"inLanguage\":\"ca\"}]}<\/script>\n<!-- \/ Yoast SEO Premium plugin. -->","yoast_head_json":{"title":"AnfiBar - Playa Bara - Camping - Caravaning - Bungalows - Spa","description":"Descubre Anfi Bar, tu lugar ideal en el anfiteatro para disfrutar de dulces y refrescos hasta la medianoche.","robots":{"index":"index","follow":"follow","max-snippet":"max-snippet:-1","max-image-preview":"max-image-preview:large","max-video-preview":"max-video-preview:-1"},"canonical":"https:\/\/www.playabara.es\/ca\/restaurants\/anfibar\/","og_locale":"ca_ES","og_type":"article","og_title":"AnfiBar","og_description":"Descubre Anfi Bar, tu lugar ideal en el anfiteatro para disfrutar de dulces y refrescos hasta la medianoche.","og_url":"https:\/\/www.playabara.es\/ca\/restaurants\/anfibar\/","og_site_name":"Playa Bara - Camping - Caravaning - Bungalows - Spa","article_modified_time":"2025-06-19T15:26:33+00:00","og_image":[{"width":300,"height":178,"url":"https:\/\/www.playabara.es\/wp-content\/uploads\/2024\/03\/Anfi-Bar.jpg","type":"image\/jpeg"}],"twitter_card":"summary_large_image","schema":{"@context":"https:\/\/schema.org","@graph":[{"@type":"WebPage","@id":"https:\/\/www.playabara.es\/ca\/restaurants\/anfibar\/","url":"https:\/\/www.playabara.es\/ca\/restaurants\/anfibar\/","name":"AnfiBar - Playa Bara - Camping - Caravaning - Bungalows - Spa","isPartOf":{"@id":"https:\/\/www.playabara.es\/ca\/#website"},"primaryImageOfPage":{"@id":"https:\/\/www.playabara.es\/ca\/restaurants\/anfibar\/#primaryimage"},"image":{"@id":"https:\/\/www.playabara.es\/ca\/restaurants\/anfibar\/#primaryimage"},"thumbnailUrl":"https:\/\/www.playabara.es\/wp-content\/uploads\/2024\/03\/Anfi-Bar.jpg","datePublished":"2024-03-05T15:20:21+00:00","dateModified":"2025-06-19T15:26:33+00:00","description":"Descubre Anfi Bar, tu lugar ideal en el anfiteatro para disfrutar de dulces y refrescos hasta la medianoche.","breadcrumb":{"@id":"https:\/\/www.playabara.es\/ca\/restaurants\/anfibar\/#breadcrumb"},"inLanguage":"ca","potentialAction":[{"@type":"ReadAction","target":["https:\/\/www.playabara.es\/ca\/restaurants\/anfibar\/"]}]},{"@type":"ImageObject","inLanguage":"ca","@id":"https:\/\/www.playabara.es\/ca\/restaurants\/anfibar\/#primaryimage","url":"https:\/\/www.playabara.es\/wp-content\/uploads\/2024\/03\/Anfi-Bar.jpg","contentUrl":"https:\/\/www.playabara.es\/wp-content\/uploads\/2024\/03\/Anfi-Bar.jpg"},{"@type":"BreadcrumbList","@id":"https:\/\/www.playabara.es\/ca\/restaurants\/anfibar\/#breadcrumb","itemListElement":[{"@type":"ListItem","position":1,"name":"Portada","item":"https:\/\/www.playabara.es\/ca\/inici\/"},{"@type":"ListItem","position":2,"name":"Restaurants","item":"https:\/\/www.playabara.es\/ca\/restaurants\/"},{"@type":"ListItem","position":3,"name":"AnfiBar"}]},{"@type":"WebSite","@id":"https:\/\/www.playabara.es\/ca\/#website","url":"https:\/\/www.playabara.es\/ca\/","name":"Playa Bara - Camping - Caravaning - Bungalows - Spa","description":"","potentialAction":[{"@type":"SearchAction","target":{"@type":"EntryPoint","urlTemplate":"https:\/\/www.playabara.es\/ca\/?s={search_term_string}"},"query-input":{"@type":"PropertyValueSpecification","valueRequired":true,"valueName":"search_term_string"}}],"inLanguage":"ca"}]}},"_links":{"self":[{"href":"https:\/\/www.playabara.es\/ca\/wp-json\/wp\/v2\/pages\/6901","targetHints":{"allow":["GET"]}}],"collection":[{"href":"https:\/\/www.playabara.es\/ca\/wp-json\/wp\/v2\/pages"}],"about":[{"href":"https:\/\/www.playabara.es\/ca\/wp-json\/wp\/v2\/types\/page"}],"author":[{"embeddable":true,"href":"https:\/\/www.playabara.es\/ca\/wp-json\/wp\/v2\/users\/1"}],"replies":[{"embeddable":true,"href":"https:\/\/www.playabara.es\/ca\/wp-json\/wp\/v2\/comments?post=6901"}],"version-history":[{"count":12,"href":"https:\/\/www.playabara.es\/ca\/wp-json\/wp\/v2\/pages\/6901\/revisions"}],"predecessor-version":[{"id":14709,"href":"https:\/\/www.playabara.es\/ca\/wp-json\/wp\/v2\/pages\/6901\/revisions\/14709"}],"up":[{"embeddable":true,"href":"https:\/\/www.playabara.es\/ca\/wp-json\/wp\/v2\/pages\/6875"}],"wp:attachment":[{"href":"https:\/\/www.playabara.es\/ca\/wp-json\/wp\/v2\/media?parent=6901"}],"curies":[{"name":"wp","href":"https:\/\/api.w.org\/{rel}","templated":true}]}}