{"id":7042,"date":"2024-02-23T11:25:47","date_gmt":"2024-02-23T10:25:47","guid":{"rendered":"https:\/\/www.playabara.es\/com-arribar\/"},"modified":"2024-05-15T15:01:48","modified_gmt":"2024-05-15T13:01:48","slug":"com-arribar","status":"publish","type":"page","link":"https:\/\/www.playabara.es\/ca\/com-arribar\/","title":{"rendered":"Com arribar"},"content":{"rendered":"\t\t<div data-elementor-type=\"wp-page\" data-elementor-id=\"7042\" class=\"elementor elementor-7042 elementor-4153\">\n\t\t\t\t\t\t<section class=\"elementor-section elementor-top-section elementor-element elementor-element-7be763e elementor-section-height-min-height cs-section-content-fullwidth cs-parallax-on-scroll cs_scroll_y_100 elementor-section-boxed elementor-section-height-default elementor-section-items-middle\" data-id=\"7be763e\" data-element_type=\"section\" data-e-type=\"section\" data-settings=\"{&quot;background_background&quot;:&quot;classic&quot;}\" data-cs-parallax-y=\"100\" style=\"background-image: none;\" data-cs-background-image=\"https:\/\/www.playabara.es\/wp-content\/uploads\/2024\/03\/ARCO.jpg\">\n\t\t\t\t\t\t\t<div class=\"elementor-background-overlay\"><\/div>\n\t\t\t\t\t\t\t<div class=\"elementor-container elementor-column-gap-no\">\n\t\t\t\t\t<div class=\"elementor-column elementor-col-100 elementor-top-column elementor-element elementor-element-ec91bea dark-color\" data-id=\"ec91bea\" data-element_type=\"column\" data-e-type=\"column\">\n\t\t\t<div class=\"elementor-widget-wrap elementor-element-populated\">\n\t\t\t\t\t\t<div class=\"elementor-element elementor-element-dccca56 elementor-widget elementor-widget-cs_title\" data-id=\"dccca56\" data-element_type=\"widget\" data-e-type=\"widget\" data-widget_type=\"cs_title.default\">\n\t\t\t\t<div class=\"elementor-widget-container\">\n\t\t\t\t\t\n        <div class=\"cs-title-wrap text-center\">\t            <h1 class=\"cs-title\">\n\t                Com arribar\t            <\/h1>\t            <div class=\"cs-title-text\">\n\t                <p>Et facilitem acc\u00e9s a la teva app de GPS<\/p>\n\t            <\/div>        <\/div>\t\t\t\t<\/div>\n\t\t\t\t<\/div>\n\t\t\t\t\t<\/div>\n\t\t<\/div>\n\t\t\t\t\t<\/div>\n\t\t<\/section>\n\t\t\t\t<section class=\"elementor-section elementor-top-section elementor-element elementor-element-5fcae05 cs-section-content-fullwidth animated-slow elementor-section-boxed elementor-section-height-default elementor-section-height-default elementor-invisible\" data-id=\"5fcae05\" data-element_type=\"section\" data-e-type=\"section\" data-settings=\"{&quot;background_background&quot;:&quot;classic&quot;,&quot;animation&quot;:&quot;fadeIn&quot;,&quot;animation_delay&quot;:200}\">\n\t\t\t\t\t\t<div class=\"elementor-container elementor-column-gap-no\">\n\t\t\t\t\t<div class=\"elementor-column elementor-col-100 elementor-top-column elementor-element elementor-element-821b6ab\" data-id=\"821b6ab\" data-element_type=\"column\" data-e-type=\"column\">\n\t\t\t<div class=\"elementor-widget-wrap elementor-element-populated\">\n\t\t\t\t\t\t<div class=\"elementor-element elementor-element-d5ad7a1 elementor-widget elementor-widget-image\" data-id=\"d5ad7a1\" data-element_type=\"widget\" data-e-type=\"widget\" data-widget_type=\"image.default\">\n\t\t\t\t<div class=\"elementor-widget-container\">\n\t\t\t\t\t\t\t\t\t\t\t\t\t\t\t<img decoding=\"async\" width=\"175\" height=\"174\" src=\"https:\/\/www.playabara.es\/wp-content\/uploads\/2024\/02\/ubicacion.png\" class=\"attachment-medium size-medium wp-image-2831\" alt=\"\" srcset=\"https:\/\/www.playabara.es\/wp-content\/uploads\/2024\/02\/ubicacion.png 175w, https:\/\/www.playabara.es\/wp-content\/uploads\/2024\/02\/ubicacion-150x150.png 150w, https:\/\/www.playabara.es\/wp-content\/uploads\/2024\/02\/elementor\/thumbs\/ubicacion-qj6vwhqf7bjsmabcar17mazuyozzf5z7eh4tt3rgd4.png 92w\" sizes=\"(max-width: 175px) 100vw, 175px\" \/>\t\t\t\t\t\t\t\t\t\t\t\t\t\t\t<\/div>\n\t\t\t\t<\/div>\n\t\t\t\t<div class=\"elementor-element elementor-element-a1ae0be elementor-widget elementor-widget-cs_title\" data-id=\"a1ae0be\" data-element_type=\"widget\" data-e-type=\"widget\" data-widget_type=\"cs_title.default\">\n\t\t\t\t<div class=\"elementor-widget-container\">\n\t\t\t\t\t\n        <div class=\"cs-title-wrap text-center\">\t            <div class=\"cs-subtitle-wrap\"><span class=\"cs-subtitle\">ARRIBA SENSE PROBLEMES<\/span><\/div>\t            <h3 class=\"cs-title\">\n\t                Com arribar\t            <\/h3>\t            <div class=\"cs-title-text\">\n\t                <p>Feu clic sobre el bot\u00f3 per obrir Google Maps al dispositiu.<\/p>\n\t            <\/div>        <\/div>\t\t\t\t<\/div>\n\t\t\t\t<\/div>\n\t\t\t\t<div class=\"elementor-element elementor-element-cdb6d17 elementor-align-center elementor-widget__width-auto elementor-widget elementor-widget-cs_button\" data-id=\"cdb6d17\" data-element_type=\"widget\" data-e-type=\"widget\" data-widget_type=\"cs_button.default\">\n\t\t\t\t<div class=\"elementor-widget-container\">\n\t\t\t\t\t        <a href=\"https:\/\/www.google.com\/maps\/dir\/\/Camping+Playa+Bara,+CARRETERA+NACIONAL+340+KM+1183,+Carrer+Ermita+de+Bar%C3%A0,+11,+43883+Roda+de+Ber%C3%A0,+Tarragona\/@41.1730646,1.3870262,12z\/data=!3m1!4b1!4m8!4m7!1m0!1m5!1m1!1s0x12a3f38616d03389:0xbf35a89b0d2b1880!2m2!1d1.469427!2d41.173094?hl=es&#038;entry=ttu\" class=\"elementor-button-link button\" role=\"button\">\n            <span class=\"cs-btn-text\">Anar al mapa<\/span>        <\/a>\t\t\t\t<\/div>\n\t\t\t\t<\/div>\n\t\t\t\t\t<\/div>\n\t\t<\/div>\n\t\t\t\t\t<\/div>\n\t\t<\/section>\n\t\t\t\t<section class=\"elementor-section elementor-top-section elementor-element elementor-element-2071c8c elementor-section-full_width elementor-section-content-middle elementor-section-height-default elementor-section-height-default\" data-id=\"2071c8c\" data-element_type=\"section\" data-e-type=\"section\" data-settings=\"{&quot;background_background&quot;:&quot;classic&quot;}\">\n\t\t\t\t\t\t<div class=\"elementor-container elementor-column-gap-no\">\n\t\t\t\t\t<div class=\"elementor-column elementor-col-100 elementor-top-column elementor-element elementor-element-e6abb4a\" data-id=\"e6abb4a\" data-element_type=\"column\" data-e-type=\"column\" data-settings=\"{&quot;background_background&quot;:&quot;classic&quot;}\">\n\t\t\t<div class=\"elementor-widget-wrap elementor-element-populated\">\n\t\t\t\t\t\t<div class=\"elementor-element elementor-element-932b96a elementor-widget elementor-widget-google_maps\" data-id=\"932b96a\" data-element_type=\"widget\" data-e-type=\"widget\" data-widget_type=\"google_maps.default\">\n\t\t\t\t<div class=\"elementor-widget-container\">\n\t\t\t\t\t\t\t<div class=\"elementor-custom-embed\">\n\t\t\t<iframe loading=\"lazy\"\n\t\t\t\t\tsrc=\"https:\/\/maps.google.com\/maps?q=Camping%20Caravaning%20Park%20Playa%20Bar%C3%A1&#038;t=m&#038;z=15&#038;output=embed&#038;iwloc=near\"\n\t\t\t\t\ttitle=\"Camping Caravaning Park Playa Bar\u00e1\"\n\t\t\t\t\taria-label=\"Camping Caravaning Park Playa Bar\u00e1\"\n\t\t\t><\/iframe>\n\t\t<\/div>\n\t\t\t\t\t\t<\/div>\n\t\t\t\t<\/div>\n\t\t\t\t\t<\/div>\n\t\t<\/div>\n\t\t\t\t\t<\/div>\n\t\t<\/section>\n\t\t<div class=\"elementor-element elementor-element-9772f2b e-flex e-con-boxed e-con e-parent\" data-id=\"9772f2b\" data-element_type=\"container\" data-e-type=\"container\" data-settings=\"{&quot;background_background&quot;:&quot;classic&quot;}\">\n\t\t\t\t\t<div class=\"e-con-inner\">\n\t\t\t\t<div class=\"elementor-element elementor-element-8f30538 elementor-align-center elementor-widget elementor-widget-cs_button\" data-id=\"8f30538\" data-element_type=\"widget\" data-e-type=\"widget\" data-widget_type=\"cs_button.default\">\n\t\t\t\t<div class=\"elementor-widget-container\">\n\t\t\t\t\t        <a href=\"https:\/\/www.google.com\/maps\/dir\/\/Camping+Playa+Bara,+CARRETERA+NACIONAL+340+KM+1183,+Carrer+Ermita+de+Bar%C3%A0,+11,+43883+Roda+de+Ber%C3%A0,+Tarragona\/@41.1730646,1.3870262,12z\/data=!3m1!4b1!4m8!4m7!1m0!1m5!1m1!1s0x12a3f38616d03389:0xbf35a89b0d2b1880!2m2!1d1.469427!2d41.173094?hl=es&#038;entry=ttu\" class=\"elementor-button-link button\" role=\"button\">\n            <span class=\"cs-btn-text\">Feu clic sobre el bot\u00f3 per obrir Google Maps<\/span>        <\/a>\t\t\t\t<\/div>\n\t\t\t\t<\/div>\n\t\t\t\t\t<\/div>\n\t\t\t\t<\/div>\n\t\t\t\t<\/div>\n\t\t","protected":false},"excerpt":{"rendered":"<p>Com arribar Et facilitem acc\u00e9s a la teva app de GPS ARRIBA SENSE PROBLEMES Com arribar Feu clic sobre el bot\u00f3 per obrir Google Maps al dispositiu. Anar al mapa Feu clic sobre el bot\u00f3 per obrir Google Maps<\/p>\n","protected":false},"author":1,"featured_media":0,"parent":0,"menu_order":0,"comment_status":"closed","ping_status":"closed","template":"","meta":{"_acf_changed":false,"om_disable_all_campaigns":false,"_uf_show_specific_survey":0,"_uf_disable_surveys":false,"cozystay_single_page_hide_site_header":"","cozystay_single_page_site_header_source":"","cozystay_single_page_custom_site_header":"0","cozystay_single_page_custom_sticky_site_header":"0","cozystay_single_page_hide_page_title":"","cozystay_single_page_header_section_size":"","cozystay_single_page_header_background_color":"","cozystay_single_page_header_background_position_x":"center","cozystay_single_page_header_background_position_y":"center","cozystay_single_page_header_background_size":"cover","cozystay_single_page_header_background_repeat":"off","cozystay_single_page_header_background_scroll":"on","cozystay_single_page_header_text_color":"","cozystay_single_page_header_show_breadcrumb":"","cozystay_single_page_site_footer_hide_main":"","cozystay_single_custom_site_footer_main_source":"","cozystay_single_custom_site_footer_main":"0","cozystay_single_page_site_footer_hide_above":"","cozystay_single_custom_site_footer_above_source":"","cozystay_single_custom_site_footer_above":"0","cozystay_single_page_site_footer_hide_instagram":"","cozystay_single_page_site_footer_hide_bottom":"","cozystay_single_custom_mobile_menu_source":"","cozystay_single_custom_mobile_menu":"0","cozystay_single_custom_mobile_menu_animation":"","cozystay_single_custom_mobile_menu_width":"","cozystay_single_custom_mobile_menu_custom_width":375,"footnotes":""},"class_list":["post-7042","page","type-page","status-publish","hentry"],"acf":[],"yoast_head":"<!-- This site is optimized with the Yoast SEO Premium plugin v27.2 (Yoast SEO v27.3) - https:\/\/yoast.com\/product\/yoast-seo-premium-wordpress\/ -->\n<title>Com arribar - Playa Bara - Camping - Caravaning - Bungalows - Spa<\/title>\n<meta name=\"robots\" content=\"index, follow, max-snippet:-1, max-image-preview:large, max-video-preview:-1\" \/>\n<link rel=\"canonical\" href=\"https:\/\/www.playabara.es\/ca\/com-arribar\/\" \/>\n<meta property=\"og:locale\" content=\"ca_ES\" \/>\n<meta property=\"og:type\" content=\"article\" \/>\n<meta property=\"og:title\" content=\"Com arribar\" \/>\n<meta property=\"og:description\" content=\"Com arribar Et facilitem acc\u00e9s a la teva app de GPS ARRIBA SENSE PROBLEMES Com arribar Feu clic sobre el bot\u00f3 per obrir Google Maps al dispositiu. Anar al mapa Feu clic sobre el bot\u00f3 per obrir Google Maps\" \/>\n<meta property=\"og:url\" content=\"https:\/\/www.playabara.es\/ca\/com-arribar\/\" \/>\n<meta property=\"og:site_name\" content=\"Playa Bara - Camping - Caravaning - Bungalows - Spa\" \/>\n<meta property=\"article:modified_time\" content=\"2024-05-15T13:01:48+00:00\" \/>\n<meta property=\"og:image\" content=\"https:\/\/www.playabara.es\/wp-content\/uploads\/2024\/02\/ubicacion.png\" \/>\n<meta name=\"twitter:card\" content=\"summary_large_image\" \/>\n<script type=\"application\/ld+json\" class=\"yoast-schema-graph\">{\"@context\":\"https:\\\/\\\/schema.org\",\"@graph\":[{\"@type\":\"WebPage\",\"@id\":\"https:\\\/\\\/www.playabara.es\\\/ca\\\/com-arribar\\\/\",\"url\":\"https:\\\/\\\/www.playabara.es\\\/ca\\\/com-arribar\\\/\",\"name\":\"Com arribar - Playa Bara - Camping - Caravaning - Bungalows - Spa\",\"isPartOf\":{\"@id\":\"https:\\\/\\\/www.playabara.es\\\/ca\\\/#website\"},\"primaryImageOfPage\":{\"@id\":\"https:\\\/\\\/www.playabara.es\\\/ca\\\/com-arribar\\\/#primaryimage\"},\"image\":{\"@id\":\"https:\\\/\\\/www.playabara.es\\\/ca\\\/com-arribar\\\/#primaryimage\"},\"thumbnailUrl\":\"https:\\\/\\\/www.playabara.es\\\/wp-content\\\/uploads\\\/2024\\\/02\\\/ubicacion.png\",\"datePublished\":\"2024-02-23T10:25:47+00:00\",\"dateModified\":\"2024-05-15T13:01:48+00:00\",\"breadcrumb\":{\"@id\":\"https:\\\/\\\/www.playabara.es\\\/ca\\\/com-arribar\\\/#breadcrumb\"},\"inLanguage\":\"ca\",\"potentialAction\":[{\"@type\":\"ReadAction\",\"target\":[\"https:\\\/\\\/www.playabara.es\\\/ca\\\/com-arribar\\\/\"]}]},{\"@type\":\"ImageObject\",\"inLanguage\":\"ca\",\"@id\":\"https:\\\/\\\/www.playabara.es\\\/ca\\\/com-arribar\\\/#primaryimage\",\"url\":\"https:\\\/\\\/www.playabara.es\\\/wp-content\\\/uploads\\\/2024\\\/02\\\/ubicacion.png\",\"contentUrl\":\"https:\\\/\\\/www.playabara.es\\\/wp-content\\\/uploads\\\/2024\\\/02\\\/ubicacion.png\"},{\"@type\":\"BreadcrumbList\",\"@id\":\"https:\\\/\\\/www.playabara.es\\\/ca\\\/com-arribar\\\/#breadcrumb\",\"itemListElement\":[{\"@type\":\"ListItem\",\"position\":1,\"name\":\"Portada\",\"item\":\"https:\\\/\\\/www.playabara.es\\\/ca\\\/inici\\\/\"},{\"@type\":\"ListItem\",\"position\":2,\"name\":\"Com arribar\"}]},{\"@type\":\"WebSite\",\"@id\":\"https:\\\/\\\/www.playabara.es\\\/ca\\\/#website\",\"url\":\"https:\\\/\\\/www.playabara.es\\\/ca\\\/\",\"name\":\"Playa Bara - Camping - Caravaning - Bungalows - Spa\",\"description\":\"\",\"potentialAction\":[{\"@type\":\"SearchAction\",\"target\":{\"@type\":\"EntryPoint\",\"urlTemplate\":\"https:\\\/\\\/www.playabara.es\\\/ca\\\/?s={search_term_string}\"},\"query-input\":{\"@type\":\"PropertyValueSpecification\",\"valueRequired\":true,\"valueName\":\"search_term_string\"}}],\"inLanguage\":\"ca\"}]}<\/script>\n<!-- \/ Yoast SEO Premium plugin. -->","yoast_head_json":{"title":"Com arribar - Playa Bara - Camping - Caravaning - Bungalows - Spa","robots":{"index":"index","follow":"follow","max-snippet":"max-snippet:-1","max-image-preview":"max-image-preview:large","max-video-preview":"max-video-preview:-1"},"canonical":"https:\/\/www.playabara.es\/ca\/com-arribar\/","og_locale":"ca_ES","og_type":"article","og_title":"Com arribar","og_description":"Com arribar Et facilitem acc\u00e9s a la teva app de GPS ARRIBA SENSE PROBLEMES Com arribar Feu clic sobre el bot\u00f3 per obrir Google Maps al dispositiu. Anar al mapa Feu clic sobre el bot\u00f3 per obrir Google Maps","og_url":"https:\/\/www.playabara.es\/ca\/com-arribar\/","og_site_name":"Playa Bara - Camping - Caravaning - Bungalows - Spa","article_modified_time":"2024-05-15T13:01:48+00:00","og_image":[{"url":"https:\/\/www.playabara.es\/wp-content\/uploads\/2024\/02\/ubicacion.png","type":"","width":"","height":""}],"twitter_card":"summary_large_image","schema":{"@context":"https:\/\/schema.org","@graph":[{"@type":"WebPage","@id":"https:\/\/www.playabara.es\/ca\/com-arribar\/","url":"https:\/\/www.playabara.es\/ca\/com-arribar\/","name":"Com arribar - Playa Bara - Camping - Caravaning - Bungalows - Spa","isPartOf":{"@id":"https:\/\/www.playabara.es\/ca\/#website"},"primaryImageOfPage":{"@id":"https:\/\/www.playabara.es\/ca\/com-arribar\/#primaryimage"},"image":{"@id":"https:\/\/www.playabara.es\/ca\/com-arribar\/#primaryimage"},"thumbnailUrl":"https:\/\/www.playabara.es\/wp-content\/uploads\/2024\/02\/ubicacion.png","datePublished":"2024-02-23T10:25:47+00:00","dateModified":"2024-05-15T13:01:48+00:00","breadcrumb":{"@id":"https:\/\/www.playabara.es\/ca\/com-arribar\/#breadcrumb"},"inLanguage":"ca","potentialAction":[{"@type":"ReadAction","target":["https:\/\/www.playabara.es\/ca\/com-arribar\/"]}]},{"@type":"ImageObject","inLanguage":"ca","@id":"https:\/\/www.playabara.es\/ca\/com-arribar\/#primaryimage","url":"https:\/\/www.playabara.es\/wp-content\/uploads\/2024\/02\/ubicacion.png","contentUrl":"https:\/\/www.playabara.es\/wp-content\/uploads\/2024\/02\/ubicacion.png"},{"@type":"BreadcrumbList","@id":"https:\/\/www.playabara.es\/ca\/com-arribar\/#breadcrumb","itemListElement":[{"@type":"ListItem","position":1,"name":"Portada","item":"https:\/\/www.playabara.es\/ca\/inici\/"},{"@type":"ListItem","position":2,"name":"Com arribar"}]},{"@type":"WebSite","@id":"https:\/\/www.playabara.es\/ca\/#website","url":"https:\/\/www.playabara.es\/ca\/","name":"Playa Bara - Camping - Caravaning - Bungalows - Spa","description":"","potentialAction":[{"@type":"SearchAction","target":{"@type":"EntryPoint","urlTemplate":"https:\/\/www.playabara.es\/ca\/?s={search_term_string}"},"query-input":{"@type":"PropertyValueSpecification","valueRequired":true,"valueName":"search_term_string"}}],"inLanguage":"ca"}]}},"_links":{"self":[{"href":"https:\/\/www.playabara.es\/ca\/wp-json\/wp\/v2\/pages\/7042","targetHints":{"allow":["GET"]}}],"collection":[{"href":"https:\/\/www.playabara.es\/ca\/wp-json\/wp\/v2\/pages"}],"about":[{"href":"https:\/\/www.playabara.es\/ca\/wp-json\/wp\/v2\/types\/page"}],"author":[{"embeddable":true,"href":"https:\/\/www.playabara.es\/ca\/wp-json\/wp\/v2\/users\/1"}],"replies":[{"embeddable":true,"href":"https:\/\/www.playabara.es\/ca\/wp-json\/wp\/v2\/comments?post=7042"}],"version-history":[{"count":3,"href":"https:\/\/www.playabara.es\/ca\/wp-json\/wp\/v2\/pages\/7042\/revisions"}],"predecessor-version":[{"id":8538,"href":"https:\/\/www.playabara.es\/ca\/wp-json\/wp\/v2\/pages\/7042\/revisions\/8538"}],"wp:attachment":[{"href":"https:\/\/www.playabara.es\/ca\/wp-json\/wp\/v2\/media?parent=7042"}],"curies":[{"name":"wp","href":"https:\/\/api.w.org\/{rel}","templated":true}]}}