{"id":7067,"date":"2024-02-01T16:47:10","date_gmt":"2024-02-01T15:47:10","guid":{"rendered":"https:\/\/www.playabara.es\/contacta-amb-nosaltres\/"},"modified":"2026-01-20T15:42:22","modified_gmt":"2026-01-20T14:42:22","slug":"contacta-amb-nosaltres","status":"publish","type":"page","link":"https:\/\/www.playabara.es\/ca\/contacta-amb-nosaltres\/","title":{"rendered":"Contacte"},"content":{"rendered":"\t\t<div data-elementor-type=\"wp-page\" data-elementor-id=\"7067\" class=\"elementor elementor-7067 elementor-2752\">\n\t\t\t\t\t\t<section class=\"elementor-section elementor-top-section elementor-element elementor-element-ca1656d elementor-section-height-min-height cs-section-content-fullwidth cs-parallax-on-scroll cs_scroll_y_100 elementor-section-boxed elementor-section-height-default elementor-section-items-middle\" data-id=\"ca1656d\" data-element_type=\"section\" data-e-type=\"section\" data-settings=\"{&quot;background_background&quot;:&quot;classic&quot;}\" data-cs-parallax-y=\"100\" style=\"background-image: none;\" data-cs-background-image=\"https:\/\/www.playabara.es\/wp-content\/uploads\/2024\/05\/1688937581065-scaled.jpg\">\n\t\t\t\t\t\t<div class=\"elementor-container elementor-column-gap-no\">\n\t\t\t\t\t<div class=\"elementor-column elementor-col-100 elementor-top-column elementor-element elementor-element-6b2c1df dark-color\" data-id=\"6b2c1df\" data-element_type=\"column\" data-e-type=\"column\">\n\t\t\t<div class=\"elementor-widget-wrap elementor-element-populated\">\n\t\t\t\t\t\t<div class=\"elementor-element elementor-element-ed3f97e elementor-widget elementor-widget-cs_title\" data-id=\"ed3f97e\" data-element_type=\"widget\" data-e-type=\"widget\" data-widget_type=\"cs_title.default\">\n\t\t\t\t<div class=\"elementor-widget-container\">\n\t\t\t\t\t\n        <div class=\"cs-title-wrap text-center\">\t            <h1 class=\"cs-title\">\n\t                CONTACTA AMB NOSALTRES\t            <\/h1>        <\/div>\t\t\t\t<\/div>\n\t\t\t\t<\/div>\n\t\t\t\t\t<\/div>\n\t\t<\/div>\n\t\t\t\t\t<\/div>\n\t\t<\/section>\n\t\t\t\t<section class=\"elementor-section elementor-top-section elementor-element elementor-element-316db27 elementor-section-full_width elementor-section-content-middle elementor-section-height-default elementor-section-height-default\" data-id=\"316db27\" data-element_type=\"section\" data-e-type=\"section\">\n\t\t\t\t\t\t<div class=\"elementor-container elementor-column-gap-no\">\n\t\t\t\t\t<div class=\"elementor-column elementor-col-50 elementor-top-column elementor-element elementor-element-479c842\" data-id=\"479c842\" data-element_type=\"column\" data-e-type=\"column\">\n\t\t\t<div class=\"elementor-widget-wrap elementor-element-populated\">\n\t\t\t\t\t\t<div class=\"elementor-element elementor-element-8beaf58 elementor-widget elementor-widget-image\" data-id=\"8beaf58\" data-element_type=\"widget\" data-e-type=\"widget\" data-widget_type=\"image.default\">\n\t\t\t\t<div class=\"elementor-widget-container\">\n\t\t\t\t\t\t\t\t\t\t\t\t\t\t\t<img decoding=\"async\" src=\"https:\/\/www.playabara.es\/wp-content\/uploads\/elementor\/thumbs\/LOGO-COLOR-SENSE-FONS-amb-resort-r1g36s04iso95pyi5tvn5f7otblr41459d1ehyitbw.png\" title=\"LOGO COLOR SENSE FONS amb resort\" alt=\"LOGO COLOR SENSE FONS amb resort\" loading=\"lazy\" \/>\t\t\t\t\t\t\t\t\t\t\t\t\t\t\t<\/div>\n\t\t\t\t<\/div>\n\t\t\t\t<div class=\"elementor-element elementor-element-1a158ad elementor-widget elementor-widget-cs_title\" data-id=\"1a158ad\" data-element_type=\"widget\" data-e-type=\"widget\" data-widget_type=\"cs_title.default\">\n\t\t\t\t<div class=\"elementor-widget-container\">\n\t\t\t\t\t\n        <div class=\"cs-title-wrap text-center\">\t            <h5 class=\"cs-title\">\n\t                PLAYA BARA Camping &amp; Resort \t            <\/h5>\t            <div class=\"cs-title-text\">\n\t                <p>Crta. N-340 Km. 1183<br>CP 43883 &#8211; Roda de Ber\u00e0 &#8211; TARRAGONA (ESPA\u00d1A) <\/p><p><strong>Tel\u00e8fon<\/strong>: <a href=\"Tel\u00e8fon:+34%20977%20802%20701\">+34 977 802 701Tel\u00e8fon<\/a><\/p><p><strong>Email:<\/strong> <a href=\"mailto:info@playabara.es\">info@playabara.es<\/a><\/p>\t            <\/div>        <\/div>\t\t\t\t<\/div>\n\t\t\t\t<\/div>\n\t\t\t\t<div class=\"elementor-element elementor-element-715c994 elementor-shape-circle elementor-grid-0 e-grid-align-center elementor-widget elementor-widget-social-icons\" data-id=\"715c994\" data-element_type=\"widget\" data-e-type=\"widget\" data-widget_type=\"social-icons.default\">\n\t\t\t\t<div class=\"elementor-widget-container\">\n\t\t\t\t\t\t\t<div class=\"elementor-social-icons-wrapper elementor-grid\" role=\"list\">\n\t\t\t\t\t\t\t<span class=\"elementor-grid-item\" role=\"listitem\">\n\t\t\t\t\t<a class=\"elementor-icon elementor-social-icon elementor-social-icon-instagram elementor-animation-shrink elementor-repeater-item-3169a08\" href=\"https:\/\/www.instagram.com\/playabara\/\" target=\"_blank\">\n\t\t\t\t\t\t<span class=\"elementor-screen-only\">Instagram<\/span>\n\t\t\t\t\t\t<svg aria-hidden=\"true\" class=\"e-font-icon-svg e-fab-instagram\" viewBox=\"0 0 448 512\" xmlns=\"http:\/\/www.w3.org\/2000\/svg\"><path d=\"M224.1 141c-63.6 0-114.9 51.3-114.9 114.9s51.3 114.9 114.9 114.9S339 319.5 339 255.9 287.7 141 224.1 141zm0 189.6c-41.1 0-74.7-33.5-74.7-74.7s33.5-74.7 74.7-74.7 74.7 33.5 74.7 74.7-33.6 74.7-74.7 74.7zm146.4-194.3c0 14.9-12 26.8-26.8 26.8-14.9 0-26.8-12-26.8-26.8s12-26.8 26.8-26.8 26.8 12 26.8 26.8zm76.1 27.2c-1.7-35.9-9.9-67.7-36.2-93.9-26.2-26.2-58-34.4-93.9-36.2-37-2.1-147.9-2.1-184.9 0-35.8 1.7-67.6 9.9-93.9 36.1s-34.4 58-36.2 93.9c-2.1 37-2.1 147.9 0 184.9 1.7 35.9 9.9 67.7 36.2 93.9s58 34.4 93.9 36.2c37 2.1 147.9 2.1 184.9 0 35.9-1.7 67.7-9.9 93.9-36.2 26.2-26.2 34.4-58 36.2-93.9 2.1-37 2.1-147.8 0-184.8zM398.8 388c-7.8 19.6-22.9 34.7-42.6 42.6-29.5 11.7-99.5 9-132.1 9s-102.7 2.6-132.1-9c-19.6-7.8-34.7-22.9-42.6-42.6-11.7-29.5-9-99.5-9-132.1s-2.6-102.7 9-132.1c7.8-19.6 22.9-34.7 42.6-42.6 29.5-11.7 99.5-9 132.1-9s102.7-2.6 132.1 9c19.6 7.8 34.7 22.9 42.6 42.6 11.7 29.5 9 99.5 9 132.1s2.7 102.7-9 132.1z\"><\/path><\/svg>\t\t\t\t\t<\/a>\n\t\t\t\t<\/span>\n\t\t\t\t\t\t\t<span class=\"elementor-grid-item\" role=\"listitem\">\n\t\t\t\t\t<a class=\"elementor-icon elementor-social-icon elementor-social-icon-facebook elementor-animation-shrink elementor-repeater-item-12e3e3f\" href=\"https:\/\/www.facebook.com\/campingbarapark\/?locale=es_ES\" target=\"_blank\">\n\t\t\t\t\t\t<span class=\"elementor-screen-only\">Facebook<\/span>\n\t\t\t\t\t\t<svg aria-hidden=\"true\" class=\"e-font-icon-svg e-fab-facebook\" viewBox=\"0 0 512 512\" xmlns=\"http:\/\/www.w3.org\/2000\/svg\"><path d=\"M504 256C504 119 393 8 256 8S8 119 8 256c0 123.78 90.69 226.38 209.25 245V327.69h-63V256h63v-54.64c0-62.15 37-96.48 93.67-96.48 27.14 0 55.52 4.84 55.52 4.84v61h-31.28c-30.8 0-40.41 19.12-40.41 38.73V256h68.78l-11 71.69h-57.78V501C413.31 482.38 504 379.78 504 256z\"><\/path><\/svg>\t\t\t\t\t<\/a>\n\t\t\t\t<\/span>\n\t\t\t\t\t\t\t<span class=\"elementor-grid-item\" role=\"listitem\">\n\t\t\t\t\t<a class=\"elementor-icon elementor-social-icon elementor-social-icon-youtube elementor-animation-shrink elementor-repeater-item-a298aa2\" href=\"https:\/\/www.youtube.com\/channel\/UCCo1OomwAvYVTsK4Z0KFXQQ\" target=\"_blank\">\n\t\t\t\t\t\t<span class=\"elementor-screen-only\">Youtube<\/span>\n\t\t\t\t\t\t<svg aria-hidden=\"true\" class=\"e-font-icon-svg e-fab-youtube\" viewBox=\"0 0 576 512\" xmlns=\"http:\/\/www.w3.org\/2000\/svg\"><path d=\"M549.655 124.083c-6.281-23.65-24.787-42.276-48.284-48.597C458.781 64 288 64 288 64S117.22 64 74.629 75.486c-23.497 6.322-42.003 24.947-48.284 48.597-11.412 42.867-11.412 132.305-11.412 132.305s0 89.438 11.412 132.305c6.281 23.65 24.787 41.5 48.284 47.821C117.22 448 288 448 288 448s170.78 0 213.371-11.486c23.497-6.321 42.003-24.171 48.284-47.821 11.412-42.867 11.412-132.305 11.412-132.305s0-89.438-11.412-132.305zm-317.51 213.508V175.185l142.739 81.205-142.739 81.201z\"><\/path><\/svg>\t\t\t\t\t<\/a>\n\t\t\t\t<\/span>\n\t\t\t\t\t\t\t<span class=\"elementor-grid-item\" role=\"listitem\">\n\t\t\t\t\t<a class=\"elementor-icon elementor-social-icon elementor-social-icon-linkedin elementor-animation-shrink elementor-repeater-item-a2a6778\" href=\"https:\/\/es.linkedin.com\/company\/playabara\" target=\"_blank\">\n\t\t\t\t\t\t<span class=\"elementor-screen-only\">Linkedin<\/span>\n\t\t\t\t\t\t<svg aria-hidden=\"true\" class=\"e-font-icon-svg e-fab-linkedin\" viewBox=\"0 0 448 512\" xmlns=\"http:\/\/www.w3.org\/2000\/svg\"><path d=\"M416 32H31.9C14.3 32 0 46.5 0 64.3v383.4C0 465.5 14.3 480 31.9 480H416c17.6 0 32-14.5 32-32.3V64.3c0-17.8-14.4-32.3-32-32.3zM135.4 416H69V202.2h66.5V416zm-33.2-243c-21.3 0-38.5-17.3-38.5-38.5S80.9 96 102.2 96c21.2 0 38.5 17.3 38.5 38.5 0 21.3-17.2 38.5-38.5 38.5zm282.1 243h-66.4V312c0-24.8-.5-56.7-34.5-56.7-34.6 0-39.9 27-39.9 54.9V416h-66.4V202.2h63.7v29.2h.9c8.9-16.8 30.6-34.5 62.9-34.5 67.2 0 79.7 44.3 79.7 101.9V416z\"><\/path><\/svg>\t\t\t\t\t<\/a>\n\t\t\t\t<\/span>\n\t\t\t\t\t\t\t<span class=\"elementor-grid-item\" role=\"listitem\">\n\t\t\t\t\t<a class=\"elementor-icon elementor-social-icon elementor-social-icon-tripadvisor elementor-animation-shrink elementor-repeater-item-fd11eb2\" href=\"https:\/\/www.tripadvisor.es\/Hotel_Review-g911517-d1465547-Reviews-Camping_Playa_Bara-Roda_de_Bara_Province_of_Tarragona_Catalonia.html\" target=\"_blank\">\n\t\t\t\t\t\t<span class=\"elementor-screen-only\">Tripadvisor<\/span>\n\t\t\t\t\t\t<svg aria-hidden=\"true\" class=\"e-font-icon-svg e-fab-tripadvisor\" viewBox=\"0 0 576 512\" xmlns=\"http:\/\/www.w3.org\/2000\/svg\"><path d=\"M528.91,178.82,576,127.58H471.66a326.11,326.11,0,0,0-367,0H0l47.09,51.24A143.911,143.911,0,0,0,241.86,390.73L288,440.93l46.11-50.17A143.94,143.94,0,0,0,575.88,285.18h-.03A143.56,143.56,0,0,0,528.91,178.82ZM144.06,382.57a97.39,97.39,0,1,1,97.39-97.39A97.39,97.39,0,0,1,144.06,382.57ZM288,282.37c0-64.09-46.62-119.08-108.09-142.59a281,281,0,0,1,216.17,0C334.61,163.3,288,218.29,288,282.37Zm143.88,100.2h-.01a97.405,97.405,0,1,1,.01,0ZM144.06,234.12h-.01a51.06,51.06,0,1,0,51.06,51.06v-.11A51,51,0,0,0,144.06,234.12Zm287.82,0a51.06,51.06,0,1,0,51.06,51.06A51.06,51.06,0,0,0,431.88,234.12Z\"><\/path><\/svg>\t\t\t\t\t<\/a>\n\t\t\t\t<\/span>\n\t\t\t\t\t<\/div>\n\t\t\t\t\t\t<\/div>\n\t\t\t\t<\/div>\n\t\t\t\t\t<\/div>\n\t\t<\/div>\n\t\t\t\t<div class=\"elementor-column elementor-col-50 elementor-top-column elementor-element elementor-element-bb86cb8\" data-id=\"bb86cb8\" data-element_type=\"column\" data-e-type=\"column\" data-settings=\"{&quot;background_background&quot;:&quot;classic&quot;}\">\n\t\t\t<div class=\"elementor-widget-wrap elementor-element-populated\">\n\t\t\t\t\t\t<section class=\"elementor-section elementor-inner-section elementor-element elementor-element-5cb61ca elementor-section-boxed elementor-section-height-default elementor-section-height-default\" data-id=\"5cb61ca\" data-element_type=\"section\" data-e-type=\"section\" data-settings=\"{&quot;background_background&quot;:&quot;classic&quot;}\">\n\t\t\t\t\t\t<div class=\"elementor-container elementor-column-gap-no\">\n\t\t\t\t\t<div class=\"elementor-column elementor-col-100 elementor-inner-column elementor-element elementor-element-31fa01a\" data-id=\"31fa01a\" data-element_type=\"column\" data-e-type=\"column\">\n\t\t\t<div class=\"elementor-widget-wrap elementor-element-populated\">\n\t\t\t\t\t\t<div class=\"elementor-element elementor-element-b09ec1b elementor-widget elementor-widget-cs_title\" data-id=\"b09ec1b\" data-element_type=\"widget\" data-e-type=\"widget\" data-widget_type=\"cs_title.default\">\n\t\t\t\t<div class=\"elementor-widget-container\">\n\t\t\t\t\t\n        <div class=\"cs-title-wrap text-left\">\t            <h6 class=\"cs-title\">\n\t                Spa\t            <\/h6>\t            <div class=\"cs-title-text\">\n\t                <p>Consultas y reservas<br>Tel\u00e9fono: +34 640 910 127<\/p>\t            <\/div>        <\/div>\t\t\t\t<\/div>\n\t\t\t\t<\/div>\n\t\t\t\t<div class=\"elementor-element elementor-element-12ab6ad elementor-widget elementor-widget-cs_title\" data-id=\"12ab6ad\" data-element_type=\"widget\" data-e-type=\"widget\" data-widget_type=\"cs_title.default\">\n\t\t\t\t<div class=\"elementor-widget-container\">\n\t\t\t\t\t\n        <div class=\"cs-title-wrap\">\t            <h6 class=\"cs-title\">\n\t                Restaurants\t            <\/h6>\t            <div class=\"cs-title-text\">\n\t                <p>Email: <a href=\"mailto:info@playabara.es\">info@playabara.es<\/a><\/p>\t            <\/div>        <\/div>\t\t\t\t<\/div>\n\t\t\t\t<\/div>\n\t\t\t\t\t<\/div>\n\t\t<\/div>\n\t\t\t\t\t<\/div>\n\t\t<\/section>\n\t\t\t\t\t<\/div>\n\t\t<\/div>\n\t\t\t\t\t<\/div>\n\t\t<\/section>\n\t\t\t\t<section class=\"elementor-section elementor-top-section elementor-element elementor-element-ac9ba41 elementor-section-full_width elementor-section-content-middle elementor-section-height-default elementor-section-height-default\" data-id=\"ac9ba41\" data-element_type=\"section\" data-e-type=\"section\" data-settings=\"{&quot;background_background&quot;:&quot;classic&quot;}\">\n\t\t\t\t\t\t<div class=\"elementor-container elementor-column-gap-no\">\n\t\t\t\t\t<div class=\"elementor-column elementor-col-100 elementor-top-column elementor-element elementor-element-a630739\" data-id=\"a630739\" data-element_type=\"column\" data-e-type=\"column\" data-settings=\"{&quot;background_background&quot;:&quot;classic&quot;}\">\n\t\t\t<div class=\"elementor-widget-wrap elementor-element-populated\">\n\t\t\t\t\t\t<div class=\"elementor-element elementor-element-091307f elementor-widget elementor-widget-google_maps\" data-id=\"091307f\" data-element_type=\"widget\" data-e-type=\"widget\" data-widget_type=\"google_maps.default\">\n\t\t\t\t<div class=\"elementor-widget-container\">\n\t\t\t\t\t\t\t<div class=\"elementor-custom-embed\">\n\t\t\t<iframe loading=\"lazy\"\n\t\t\t\t\tsrc=\"https:\/\/maps.google.com\/maps?q=Camping%20Caravaning%20Park%20Playa%20Bar%C3%A1&#038;t=m&#038;z=15&#038;output=embed&#038;iwloc=near\"\n\t\t\t\t\ttitle=\"Camping Caravaning Park Playa Bar\u00e1\"\n\t\t\t\t\taria-label=\"Camping Caravaning Park Playa Bar\u00e1\"\n\t\t\t><\/iframe>\n\t\t<\/div>\n\t\t\t\t\t\t<\/div>\n\t\t\t\t<\/div>\n\t\t\t\t\t<\/div>\n\t\t<\/div>\n\t\t\t\t\t<\/div>\n\t\t<\/section>\n\t\t<div class=\"elementor-element elementor-element-f4649c8 e-flex e-con-boxed e-con e-parent\" data-id=\"f4649c8\" data-element_type=\"container\" data-e-type=\"container\" data-settings=\"{&quot;background_background&quot;:&quot;classic&quot;}\">\n\t\t\t\t\t<div class=\"e-con-inner\">\n\t\t\t\t<div class=\"elementor-element elementor-element-53a0368 elementor-align-center elementor-widget elementor-widget-cs_button\" data-id=\"53a0368\" data-element_type=\"widget\" data-e-type=\"widget\" data-widget_type=\"cs_button.default\">\n\t\t\t\t<div class=\"elementor-widget-container\">\n\t\t\t\t\t        <a href=\"https:\/\/www.google.com\/maps\/dir\/\/Camping+Playa+Bara,+CARRETERA+NACIONAL+340+KM+1183,+Carrer+Ermita+de+Bar%C3%A0,+11,+43883+Roda+de+Ber%C3%A0,+Tarragona\/@41.1730646,1.3870262,12z\/data=!3m1!4b1!4m8!4m7!1m0!1m5!1m1!1s0x12a3f38616d03389:0xbf35a89b0d2b1880!2m2!1d1.469427!2d41.173094?hl=es&#038;entry=ttu\" class=\"elementor-button-link button\" role=\"button\">\n            <span class=\"cs-btn-text\">Feu clic per obrir Google Maps<\/span>        <\/a>\t\t\t\t<\/div>\n\t\t\t\t<\/div>\n\t\t\t\t\t<\/div>\n\t\t\t\t<\/div>\n\t\t\t\t<\/div>\n\t\t","protected":false},"excerpt":{"rendered":"<p>CONTACTA AMB NOSALTRES PLAYA BARA Camping &amp; Resort Crta. N-340 Km. 1183CP 43883 &#8211; Roda de Ber\u00e0 &#8211; TARRAGONA (ESPA\u00d1A) Tel\u00e8fon: +34 977 802 701Tel\u00e8fon Email: info@playabara.es Instagram Facebook Youtube Linkedin Tripadvisor Spa Consultas y reservasTel\u00e9fono: +34 640 910 127 Restaurants Email: info@playabara.es Feu clic per obrir Google Maps<\/p>\n","protected":false},"author":1,"featured_media":0,"parent":0,"menu_order":0,"comment_status":"closed","ping_status":"closed","template":"template-wide-content.php","meta":{"_acf_changed":false,"om_disable_all_campaigns":false,"_uf_show_specific_survey":0,"_uf_disable_surveys":false,"cozystay_single_page_hide_site_header":"","cozystay_single_page_site_header_source":"","cozystay_single_page_custom_site_header":"0","cozystay_single_page_custom_sticky_site_header":"0","cozystay_single_page_hide_page_title":"","cozystay_single_page_header_section_size":"","cozystay_single_page_header_background_color":"","cozystay_single_page_header_background_position_x":"center","cozystay_single_page_header_background_position_y":"center","cozystay_single_page_header_background_size":"cover","cozystay_single_page_header_background_repeat":"off","cozystay_single_page_header_background_scroll":"on","cozystay_single_page_header_text_color":"","cozystay_single_page_header_show_breadcrumb":"","cozystay_single_page_site_footer_hide_main":"","cozystay_single_custom_site_footer_main_source":"","cozystay_single_custom_site_footer_main":"0","cozystay_single_page_site_footer_hide_above":"","cozystay_single_custom_site_footer_above_source":"","cozystay_single_custom_site_footer_above":"0","cozystay_single_page_site_footer_hide_instagram":"","cozystay_single_page_site_footer_hide_bottom":"","cozystay_single_custom_mobile_menu_source":"","cozystay_single_custom_mobile_menu":"0","cozystay_single_custom_mobile_menu_animation":"","cozystay_single_custom_mobile_menu_width":"","cozystay_single_custom_mobile_menu_custom_width":375,"footnotes":""},"class_list":["post-7067","page","type-page","status-publish","hentry"],"acf":[],"yoast_head":"<!-- This site is optimized with the Yoast SEO Premium plugin v27.2 (Yoast SEO v27.3) - https:\/\/yoast.com\/product\/yoast-seo-premium-wordpress\/ -->\n<title>Contacte - Playa Bara - Camping - Caravaning - Bungalows - Spa<\/title>\n<meta name=\"description\" content=\"\u00bfBuscas contacto Camping Playa Bara? Llama al +34 977 802 701 para consultas o env\u00eda un correo a info@barapark.es.\" \/>\n<meta name=\"robots\" content=\"index, follow, max-snippet:-1, max-image-preview:large, max-video-preview:-1\" \/>\n<link rel=\"canonical\" href=\"https:\/\/www.playabara.es\/ca\/contacta-amb-nosaltres\/\" \/>\n<meta property=\"og:locale\" content=\"ca_ES\" \/>\n<meta property=\"og:type\" content=\"article\" \/>\n<meta property=\"og:title\" content=\"Contacte\" \/>\n<meta property=\"og:description\" content=\"\u00bfBuscas contacto Camping Playa Bara? Llama al +34 977 802 701 para consultas o env\u00eda un correo a info@barapark.es.\" \/>\n<meta property=\"og:url\" content=\"https:\/\/www.playabara.es\/ca\/contacta-amb-nosaltres\/\" \/>\n<meta property=\"og:site_name\" content=\"Playa Bara - Camping - Caravaning - Bungalows - Spa\" \/>\n<meta property=\"article:modified_time\" content=\"2026-01-20T14:42:22+00:00\" \/>\n<meta property=\"og:image\" content=\"https:\/\/www.playabara.es\/wp-content\/uploads\/elementor\/thumbs\/LOGO-COLOR-SENSE-FONS-amb-resort-r1g36s04iso95pyi5tvn5f7otblr41459d1ehyitbw.png\" \/>\n<meta name=\"twitter:card\" content=\"summary_large_image\" \/>\n<meta name=\"twitter:label1\" content=\"Temps estimat de lectura\" \/>\n\t<meta name=\"twitter:data1\" content=\"1 minut\" \/>\n<script type=\"application\/ld+json\" class=\"yoast-schema-graph\">{\"@context\":\"https:\\\/\\\/schema.org\",\"@graph\":[{\"@type\":\"WebPage\",\"@id\":\"https:\\\/\\\/www.playabara.es\\\/ca\\\/contacta-amb-nosaltres\\\/\",\"url\":\"https:\\\/\\\/www.playabara.es\\\/ca\\\/contacta-amb-nosaltres\\\/\",\"name\":\"Contacte - Playa Bara - Camping - Caravaning - Bungalows - Spa\",\"isPartOf\":{\"@id\":\"https:\\\/\\\/www.playabara.es\\\/ca\\\/#website\"},\"primaryImageOfPage\":{\"@id\":\"https:\\\/\\\/www.playabara.es\\\/ca\\\/contacta-amb-nosaltres\\\/#primaryimage\"},\"image\":{\"@id\":\"https:\\\/\\\/www.playabara.es\\\/ca\\\/contacta-amb-nosaltres\\\/#primaryimage\"},\"thumbnailUrl\":\"https:\\\/\\\/www.playabara.es\\\/wp-content\\\/uploads\\\/elementor\\\/thumbs\\\/LOGO-COLOR-SENSE-FONS-amb-resort-r1g36s04iso95pyi5tvn5f7otblr41459d1ehyitbw.png\",\"datePublished\":\"2024-02-01T15:47:10+00:00\",\"dateModified\":\"2026-01-20T14:42:22+00:00\",\"description\":\"\u00bfBuscas contacto Camping Playa Bara? Llama al +34 977 802 701 para consultas o env\u00eda un correo a info@barapark.es.\",\"breadcrumb\":{\"@id\":\"https:\\\/\\\/www.playabara.es\\\/ca\\\/contacta-amb-nosaltres\\\/#breadcrumb\"},\"inLanguage\":\"ca\",\"potentialAction\":[{\"@type\":\"ReadAction\",\"target\":[\"https:\\\/\\\/www.playabara.es\\\/ca\\\/contacta-amb-nosaltres\\\/\"]}]},{\"@type\":\"ImageObject\",\"inLanguage\":\"ca\",\"@id\":\"https:\\\/\\\/www.playabara.es\\\/ca\\\/contacta-amb-nosaltres\\\/#primaryimage\",\"url\":\"https:\\\/\\\/www.playabara.es\\\/wp-content\\\/uploads\\\/elementor\\\/thumbs\\\/LOGO-COLOR-SENSE-FONS-amb-resort-r1g36s04iso95pyi5tvn5f7otblr41459d1ehyitbw.png\",\"contentUrl\":\"https:\\\/\\\/www.playabara.es\\\/wp-content\\\/uploads\\\/elementor\\\/thumbs\\\/LOGO-COLOR-SENSE-FONS-amb-resort-r1g36s04iso95pyi5tvn5f7otblr41459d1ehyitbw.png\"},{\"@type\":\"BreadcrumbList\",\"@id\":\"https:\\\/\\\/www.playabara.es\\\/ca\\\/contacta-amb-nosaltres\\\/#breadcrumb\",\"itemListElement\":[{\"@type\":\"ListItem\",\"position\":1,\"name\":\"Portada\",\"item\":\"https:\\\/\\\/www.playabara.es\\\/ca\\\/inici\\\/\"},{\"@type\":\"ListItem\",\"position\":2,\"name\":\"Contacte\"}]},{\"@type\":\"WebSite\",\"@id\":\"https:\\\/\\\/www.playabara.es\\\/ca\\\/#website\",\"url\":\"https:\\\/\\\/www.playabara.es\\\/ca\\\/\",\"name\":\"Playa Bara - Camping - Caravaning - Bungalows - Spa\",\"description\":\"\",\"potentialAction\":[{\"@type\":\"SearchAction\",\"target\":{\"@type\":\"EntryPoint\",\"urlTemplate\":\"https:\\\/\\\/www.playabara.es\\\/ca\\\/?s={search_term_string}\"},\"query-input\":{\"@type\":\"PropertyValueSpecification\",\"valueRequired\":true,\"valueName\":\"search_term_string\"}}],\"inLanguage\":\"ca\"}]}<\/script>\n<!-- \/ Yoast SEO Premium plugin. -->","yoast_head_json":{"title":"Contacte - Playa Bara - Camping - Caravaning - Bungalows - Spa","description":"\u00bfBuscas contacto Camping Playa Bara? Llama al +34 977 802 701 para consultas o env\u00eda un correo a info@barapark.es.","robots":{"index":"index","follow":"follow","max-snippet":"max-snippet:-1","max-image-preview":"max-image-preview:large","max-video-preview":"max-video-preview:-1"},"canonical":"https:\/\/www.playabara.es\/ca\/contacta-amb-nosaltres\/","og_locale":"ca_ES","og_type":"article","og_title":"Contacte","og_description":"\u00bfBuscas contacto Camping Playa Bara? Llama al +34 977 802 701 para consultas o env\u00eda un correo a info@barapark.es.","og_url":"https:\/\/www.playabara.es\/ca\/contacta-amb-nosaltres\/","og_site_name":"Playa Bara - Camping - Caravaning - Bungalows - Spa","article_modified_time":"2026-01-20T14:42:22+00:00","og_image":[{"url":"https:\/\/www.playabara.es\/wp-content\/uploads\/elementor\/thumbs\/LOGO-COLOR-SENSE-FONS-amb-resort-r1g36s04iso95pyi5tvn5f7otblr41459d1ehyitbw.png","type":"","width":"","height":""}],"twitter_card":"summary_large_image","twitter_misc":{"Temps estimat de lectura":"1 minut"},"schema":{"@context":"https:\/\/schema.org","@graph":[{"@type":"WebPage","@id":"https:\/\/www.playabara.es\/ca\/contacta-amb-nosaltres\/","url":"https:\/\/www.playabara.es\/ca\/contacta-amb-nosaltres\/","name":"Contacte - Playa Bara - Camping - Caravaning - Bungalows - Spa","isPartOf":{"@id":"https:\/\/www.playabara.es\/ca\/#website"},"primaryImageOfPage":{"@id":"https:\/\/www.playabara.es\/ca\/contacta-amb-nosaltres\/#primaryimage"},"image":{"@id":"https:\/\/www.playabara.es\/ca\/contacta-amb-nosaltres\/#primaryimage"},"thumbnailUrl":"https:\/\/www.playabara.es\/wp-content\/uploads\/elementor\/thumbs\/LOGO-COLOR-SENSE-FONS-amb-resort-r1g36s04iso95pyi5tvn5f7otblr41459d1ehyitbw.png","datePublished":"2024-02-01T15:47:10+00:00","dateModified":"2026-01-20T14:42:22+00:00","description":"\u00bfBuscas contacto Camping Playa Bara? Llama al +34 977 802 701 para consultas o env\u00eda un correo a info@barapark.es.","breadcrumb":{"@id":"https:\/\/www.playabara.es\/ca\/contacta-amb-nosaltres\/#breadcrumb"},"inLanguage":"ca","potentialAction":[{"@type":"ReadAction","target":["https:\/\/www.playabara.es\/ca\/contacta-amb-nosaltres\/"]}]},{"@type":"ImageObject","inLanguage":"ca","@id":"https:\/\/www.playabara.es\/ca\/contacta-amb-nosaltres\/#primaryimage","url":"https:\/\/www.playabara.es\/wp-content\/uploads\/elementor\/thumbs\/LOGO-COLOR-SENSE-FONS-amb-resort-r1g36s04iso95pyi5tvn5f7otblr41459d1ehyitbw.png","contentUrl":"https:\/\/www.playabara.es\/wp-content\/uploads\/elementor\/thumbs\/LOGO-COLOR-SENSE-FONS-amb-resort-r1g36s04iso95pyi5tvn5f7otblr41459d1ehyitbw.png"},{"@type":"BreadcrumbList","@id":"https:\/\/www.playabara.es\/ca\/contacta-amb-nosaltres\/#breadcrumb","itemListElement":[{"@type":"ListItem","position":1,"name":"Portada","item":"https:\/\/www.playabara.es\/ca\/inici\/"},{"@type":"ListItem","position":2,"name":"Contacte"}]},{"@type":"WebSite","@id":"https:\/\/www.playabara.es\/ca\/#website","url":"https:\/\/www.playabara.es\/ca\/","name":"Playa Bara - Camping - Caravaning - Bungalows - Spa","description":"","potentialAction":[{"@type":"SearchAction","target":{"@type":"EntryPoint","urlTemplate":"https:\/\/www.playabara.es\/ca\/?s={search_term_string}"},"query-input":{"@type":"PropertyValueSpecification","valueRequired":true,"valueName":"search_term_string"}}],"inLanguage":"ca"}]}},"_links":{"self":[{"href":"https:\/\/www.playabara.es\/ca\/wp-json\/wp\/v2\/pages\/7067","targetHints":{"allow":["GET"]}}],"collection":[{"href":"https:\/\/www.playabara.es\/ca\/wp-json\/wp\/v2\/pages"}],"about":[{"href":"https:\/\/www.playabara.es\/ca\/wp-json\/wp\/v2\/types\/page"}],"author":[{"embeddable":true,"href":"https:\/\/www.playabara.es\/ca\/wp-json\/wp\/v2\/users\/1"}],"replies":[{"embeddable":true,"href":"https:\/\/www.playabara.es\/ca\/wp-json\/wp\/v2\/comments?post=7067"}],"version-history":[{"count":15,"href":"https:\/\/www.playabara.es\/ca\/wp-json\/wp\/v2\/pages\/7067\/revisions"}],"predecessor-version":[{"id":16074,"href":"https:\/\/www.playabara.es\/ca\/wp-json\/wp\/v2\/pages\/7067\/revisions\/16074"}],"wp:attachment":[{"href":"https:\/\/www.playabara.es\/ca\/wp-json\/wp\/v2\/media?parent=7067"}],"curies":[{"name":"wp","href":"https:\/\/api.w.org\/{rel}","templated":true}]}}