{"id":7607,"date":"2024-02-02T00:50:51","date_gmt":"2024-02-01T23:50:51","guid":{"rendered":"https:\/\/www.playabara.es\/horarios\/"},"modified":"2025-05-19T13:32:29","modified_gmt":"2025-05-19T11:32:29","slug":"app","status":"publish","type":"page","link":"https:\/\/www.playabara.es\/ca\/app\/","title":{"rendered":"APP"},"content":{"rendered":"\t\t<div data-elementor-type=\"wp-page\" data-elementor-id=\"7607\" class=\"elementor elementor-7607 elementor-2843\">\n\t\t\t\t\t\t<section class=\"elementor-section elementor-top-section elementor-element elementor-element-b94fb64 elementor-section-height-min-height cs-section-content-fullwidth cs-parallax-on-scroll cs_scroll_y_80 elementor-section-boxed elementor-section-height-default elementor-section-items-middle\" data-id=\"b94fb64\" data-element_type=\"section\" data-e-type=\"section\" data-settings=\"{&quot;background_background&quot;:&quot;classic&quot;}\" data-cs-parallax-y=\"80\" style=\"background-image: none;\" data-cs-background-image=\"https:\/\/www.playabara.es\/wp-content\/uploads\/2025\/04\/Diseno-sin-titulo-1.png\">\n\t\t\t\t\t\t\t<div class=\"elementor-background-overlay\"><\/div>\n\t\t\t\t\t\t\t<div class=\"elementor-container elementor-column-gap-no\">\n\t\t\t\t\t<div class=\"elementor-column elementor-col-100 elementor-top-column elementor-element elementor-element-5486133\" data-id=\"5486133\" data-element_type=\"column\" data-e-type=\"column\">\n\t\t\t<div class=\"elementor-widget-wrap elementor-element-populated\">\n\t\t\t\t\t\t<div class=\"elementor-element elementor-element-5f8f245 elementor-widget elementor-widget-cs_title\" data-id=\"5f8f245\" data-element_type=\"widget\" data-e-type=\"widget\" data-widget_type=\"cs_title.default\">\n\t\t\t\t<div class=\"elementor-widget-container\">\n\t\t\t\t\t\n        <div class=\"cs-title-wrap text-center\">\t            <h1 class=\"cs-title color-white\">\n\t                APP\t            <\/h1>        <\/div>\t\t\t\t<\/div>\n\t\t\t\t<\/div>\n\t\t\t\t\t<\/div>\n\t\t<\/div>\n\t\t\t\t\t<\/div>\n\t\t<\/section>\n\t\t<div class=\"elementor-element elementor-element-a5928f8 e-flex e-con-boxed e-con e-parent\" data-id=\"a5928f8\" data-element_type=\"container\" data-e-type=\"container\">\n\t\t\t\t\t<div class=\"e-con-inner\">\n\t\t<div class=\"elementor-element elementor-element-29f4bde e-con-full e-flex e-con e-child\" data-id=\"29f4bde\" data-element_type=\"container\" data-e-type=\"container\">\n\t\t\t\t<div class=\"elementor-element elementor-element-e7d3884 elementor-widget elementor-widget-image\" data-id=\"e7d3884\" data-element_type=\"widget\" data-e-type=\"widget\" data-widget_type=\"image.default\">\n\t\t\t\t<div class=\"elementor-widget-container\">\n\t\t\t\t\t\t\t\t\t\t\t\t\t\t\t<img fetchpriority=\"high\" decoding=\"async\" width=\"240\" height=\"240\" src=\"https:\/\/www.playabara.es\/wp-content\/uploads\/2025\/04\/unnamed.webp\" class=\"attachment-large size-large wp-image-13076\" alt=\"\" srcset=\"https:\/\/www.playabara.es\/wp-content\/uploads\/2025\/04\/unnamed.webp 240w, https:\/\/www.playabara.es\/wp-content\/uploads\/2025\/04\/unnamed-150x150.webp 150w\" sizes=\"(max-width: 240px) 100vw, 240px\" \/>\t\t\t\t\t\t\t\t\t\t\t\t\t\t\t<\/div>\n\t\t\t\t<\/div>\n\t\t\t\t<div class=\"elementor-element elementor-element-3e5dcd9 elementor-widget elementor-widget-text-editor\" data-id=\"3e5dcd9\" data-element_type=\"widget\" data-e-type=\"widget\" data-widget_type=\"text-editor.default\">\n\t\t\t\t<div class=\"elementor-widget-container\">\n\t\t\t\t\t\t\t\t\t<p><strong>\ud83d\udce5 On la pots descarregar?<\/strong><br>L&#8217;app est\u00e0 disponible de forma gratu\u00efta a:<\/p><p><a href=\"https:\/\/play.google.com\/store\/apps\/details?id=com.uplaan.playabara&amp;pcampaignid=web_share\"><span style=\"text-decoration: underline;\">Google Play Store (Android)<\/span><\/a><\/p><p><a href=\"https:\/\/apps.apple.com\/es\/app\/camping-playa-bara\/id6740823244\"><span style=\"text-decoration: underline;\">App Store (iOS)<\/span><\/a><\/p><p>Tamb\u00e9 podeu escanejar els codis QR disponibles a diferents punts del c\u00e0mping o demanar ajuda a recepci\u00f3.<\/p>\t\t\t\t\t\t\t\t<\/div>\n\t\t\t\t<\/div>\n\t\t\t\t<\/div>\n\t\t<div class=\"elementor-element elementor-element-2f83674 e-con-full e-flex e-con e-child\" data-id=\"2f83674\" data-element_type=\"container\" data-e-type=\"container\">\n\t\t\t\t<div class=\"elementor-element elementor-element-de920e9 elementor-widget elementor-widget-text-editor\" data-id=\"de920e9\" data-element_type=\"widget\" data-e-type=\"widget\" data-widget_type=\"text-editor.default\">\n\t\t\t\t<div class=\"elementor-widget-container\">\n\t\t\t\t\t\t\t\t\t<p><strong>\ud83d\udcf2 Descobreix l&#8217;App Oficial de C\u00e0mping Platja Bara!<br><\/strong>A C\u00e0mping Playa Bara volem que gaudiu d&#8217;unes vacances c\u00f2modes, actives i ben organitzades. Per aix\u00f2, us oferim la nostra app oficial, desenvolupada amb la plataforma Uplaan, pensada perqu\u00e8 tinguis tota la informaci\u00f3 del c\u00e0mping sempre a m\u00e0. <\/p><p><strong>\ud83d\udd0d \u00bfQu\u00e8 pots fer amb l&#8217;app?<br><\/strong>Amb la nostra app podr\u00e0s accedir f\u00e0cilment a:<\/p><p>\ud83d\uddd3 Consulteu el programa d&#8217;animaci\u00f3 i esdeveniments actualitzat al moment.<\/p><p>\ud83c\udfd3 Reservar instal\u00b7lacions esportives com pistes de p\u00e0del, mini-p\u00e0del, tennis i el gimn\u00e0s.<\/p><p>\ud83c\udf7d Veure horaris i men\u00fas dels nostres restaurants i bars.<\/p><p>\ud83d\uddfa Accedir al mapa del c\u00e0mping per orientar-te c\u00f2modament dins del recinte.<\/p><p>\ud83d\udd14 Rebre notificacions amb informaci\u00f3 important durant la teva estada.<\/p><p><strong>TOTA L&#8217;EXPERI\u00c8NCIA PLATJA BARA AL TEU M\u00d2BIL. DESCARREGA&#8217;T L&#8217;APP I COMEN\u00c7A A GAUDIR AL M\u00c0XIM! <\/strong><\/p>\t\t\t\t\t\t\t\t<\/div>\n\t\t\t\t<\/div>\n\t\t\t\t<\/div>\n\t\t\t\t\t<\/div>\n\t\t\t\t<\/div>\n\t\t<div class=\"elementor-element elementor-element-7a71388 e-flex e-con-boxed e-con e-parent\" data-id=\"7a71388\" data-element_type=\"container\" data-e-type=\"container\">\n\t\t\t\t\t<div class=\"e-con-inner\">\n\t\t\t\t<div class=\"elementor-element elementor-element-b95581e elementor-widget elementor-widget-cs_gallery\" data-id=\"b95581e\" data-element_type=\"widget\" data-e-type=\"widget\" data-widget_type=\"cs_gallery.default\">\n\t\t\t\t<div class=\"elementor-widget-container\">\n\t\t\t\t\t\n            <div class=\"cs-gallery gap-5 gallery-grid grid-col-3\">\n                <div class=\"cs-gallery-wrap\">                    <div class=\"cs-gallery-item\"><img decoding=\"async\" width=\"664\" height=\"1440\" src=\"https:\/\/www.playabara.es\/wp-content\/uploads\/2025\/04\/unnamed-1.webp\" class=\"attachment-full size-full wp-image-13081\" alt=\"\" srcset=\"https:\/\/www.playabara.es\/wp-content\/uploads\/2025\/04\/unnamed-1.webp 664w, https:\/\/www.playabara.es\/wp-content\/uploads\/2025\/04\/unnamed-1-138x300.webp 138w, https:\/\/www.playabara.es\/wp-content\/uploads\/2025\/04\/unnamed-1-472x1024.webp 472w, https:\/\/www.playabara.es\/wp-content\/uploads\/2025\/04\/unnamed-1-600x1301.webp 600w, https:\/\/www.playabara.es\/wp-content\/uploads\/2025\/04\/unnamed-1-550x1193.webp 550w, https:\/\/www.playabara.es\/wp-content\/uploads\/2025\/04\/unnamed-1-370x802.webp 370w, https:\/\/www.playabara.es\/wp-content\/uploads\/2025\/04\/unnamed-1-255x553.webp 255w\" sizes=\"(max-width: 664px) 100vw, 664px\" \/>                    <\/div>                    <div class=\"cs-gallery-item\"><img decoding=\"async\" width=\"664\" height=\"1440\" src=\"https:\/\/www.playabara.es\/wp-content\/uploads\/2025\/04\/unnamed-2.webp\" class=\"attachment-full size-full wp-image-13087\" alt=\"\" srcset=\"https:\/\/www.playabara.es\/wp-content\/uploads\/2025\/04\/unnamed-2.webp 664w, https:\/\/www.playabara.es\/wp-content\/uploads\/2025\/04\/unnamed-2-138x300.webp 138w, https:\/\/www.playabara.es\/wp-content\/uploads\/2025\/04\/unnamed-2-472x1024.webp 472w, https:\/\/www.playabara.es\/wp-content\/uploads\/2025\/04\/unnamed-2-600x1301.webp 600w, https:\/\/www.playabara.es\/wp-content\/uploads\/2025\/04\/unnamed-2-550x1193.webp 550w, https:\/\/www.playabara.es\/wp-content\/uploads\/2025\/04\/unnamed-2-370x802.webp 370w, https:\/\/www.playabara.es\/wp-content\/uploads\/2025\/04\/unnamed-2-255x553.webp 255w\" sizes=\"(max-width: 664px) 100vw, 664px\" \/>                    <\/div>                    <div class=\"cs-gallery-item\"><img loading=\"lazy\" decoding=\"async\" width=\"664\" height=\"1440\" src=\"https:\/\/www.playabara.es\/wp-content\/uploads\/2025\/04\/unnamed-3.webp\" class=\"attachment-full size-full wp-image-13093\" alt=\"\" srcset=\"https:\/\/www.playabara.es\/wp-content\/uploads\/2025\/04\/unnamed-3.webp 664w, https:\/\/www.playabara.es\/wp-content\/uploads\/2025\/04\/unnamed-3-138x300.webp 138w, https:\/\/www.playabara.es\/wp-content\/uploads\/2025\/04\/unnamed-3-472x1024.webp 472w, https:\/\/www.playabara.es\/wp-content\/uploads\/2025\/04\/unnamed-3-600x1301.webp 600w, https:\/\/www.playabara.es\/wp-content\/uploads\/2025\/04\/unnamed-3-550x1193.webp 550w, https:\/\/www.playabara.es\/wp-content\/uploads\/2025\/04\/unnamed-3-370x802.webp 370w, https:\/\/www.playabara.es\/wp-content\/uploads\/2025\/04\/unnamed-3-255x553.webp 255w\" sizes=\"(max-width: 664px) 100vw, 664px\" \/>                    <\/div>                <\/div>\n            <\/div>\t\t\t\t<\/div>\n\t\t\t\t<\/div>\n\t\t\t\t<div class=\"elementor-element elementor-element-ce5a534 elementor-align-center elementor-widget elementor-widget-cs_button\" data-id=\"ce5a534\" data-element_type=\"widget\" data-e-type=\"widget\" data-widget_type=\"cs_button.default\">\n\t\t\t\t<div class=\"elementor-widget-container\">\n\t\t\t\t\t        <a href=\"https:\/\/www.playabara.es\/wp-content\/uploads\/2025\/05\/POLITICA-DE-PRIVACIDAD-PARA-APP-PLAYA-BARA.pdf\" class=\"elementor-button-link button\" role=\"button\">\n            <span class=\"cs-btn-text\">POL\u00cdTICA DE PRIVACITAT APP<\/span>        <\/a>\t\t\t\t<\/div>\n\t\t\t\t<\/div>\n\t\t\t\t\t<\/div>\n\t\t\t\t<\/div>\n\t\t\t\t<\/div>\n\t\t","protected":false},"excerpt":{"rendered":"<p>APP \ud83d\udce5 On la pots descarregar?L&#8217;app est\u00e0 disponible de forma gratu\u00efta a: Google Play Store (Android) App Store (iOS) Tamb\u00e9 podeu escanejar els codis QR disponibles a diferents punts del c\u00e0mping o demanar ajuda a recepci\u00f3. \ud83d\udcf2 Descobreix l&#8217;App Oficial de C\u00e0mping Platja Bara!A C\u00e0mping Playa Bara volem que gaudiu d&#8217;unes vacances c\u00f2modes, actives i &#8230;<\/p>\n","protected":false},"author":1,"featured_media":0,"parent":0,"menu_order":0,"comment_status":"closed","ping_status":"closed","template":"","meta":{"_acf_changed":false,"om_disable_all_campaigns":false,"_uf_show_specific_survey":0,"_uf_disable_surveys":false,"cozystay_single_page_hide_site_header":"","cozystay_single_page_site_header_source":"","cozystay_single_page_custom_site_header":"0","cozystay_single_page_custom_sticky_site_header":"0","cozystay_single_page_hide_page_title":"","cozystay_single_page_header_section_size":"","cozystay_single_page_header_background_color":"","cozystay_single_page_header_background_position_x":"center","cozystay_single_page_header_background_position_y":"center","cozystay_single_page_header_background_size":"cover","cozystay_single_page_header_background_repeat":"off","cozystay_single_page_header_background_scroll":"on","cozystay_single_page_header_text_color":"","cozystay_single_page_header_show_breadcrumb":"","cozystay_single_page_site_footer_hide_main":"","cozystay_single_custom_site_footer_main_source":"","cozystay_single_custom_site_footer_main":"0","cozystay_single_page_site_footer_hide_above":"","cozystay_single_custom_site_footer_above_source":"","cozystay_single_custom_site_footer_above":"0","cozystay_single_page_site_footer_hide_instagram":"","cozystay_single_page_site_footer_hide_bottom":"","cozystay_single_custom_mobile_menu_source":"","cozystay_single_custom_mobile_menu":"0","cozystay_single_custom_mobile_menu_animation":"","cozystay_single_custom_mobile_menu_width":"","cozystay_single_custom_mobile_menu_custom_width":375,"footnotes":""},"class_list":["post-7607","page","type-page","status-publish","hentry"],"acf":[],"yoast_head":"<!-- This site is optimized with the Yoast SEO Premium plugin v27.2 (Yoast SEO v27.3) - https:\/\/yoast.com\/product\/yoast-seo-premium-wordpress\/ -->\n<title>APP - Playa Bara - Camping - Caravaning - Bungalows - Spa<\/title>\n<meta name=\"description\" content=\"Aqu\u00ed puedes consultar los horarios de las instalaciones y restaurantes del camping Playa Bara a tiempo real.\" \/>\n<meta name=\"robots\" content=\"index, follow, max-snippet:-1, max-image-preview:large, max-video-preview:-1\" \/>\n<link rel=\"canonical\" href=\"https:\/\/www.playabara.es\/ca\/app\/\" \/>\n<meta property=\"og:locale\" content=\"ca_ES\" \/>\n<meta property=\"og:type\" content=\"article\" \/>\n<meta property=\"og:title\" content=\"APP\" \/>\n<meta property=\"og:description\" content=\"Aqu\u00ed puedes consultar los horarios de las instalaciones y restaurantes del camping Playa Bara a tiempo real.\" \/>\n<meta property=\"og:url\" content=\"https:\/\/www.playabara.es\/ca\/app\/\" \/>\n<meta property=\"og:site_name\" content=\"Playa Bara - Camping - Caravaning - Bungalows - Spa\" \/>\n<meta property=\"article:modified_time\" content=\"2025-05-19T11:32:29+00:00\" \/>\n<meta property=\"og:image\" content=\"https:\/\/www.playabara.es\/wp-content\/uploads\/2025\/04\/unnamed.webp\" \/>\n\t<meta property=\"og:image:width\" content=\"240\" \/>\n\t<meta property=\"og:image:height\" content=\"240\" \/>\n\t<meta property=\"og:image:type\" content=\"image\/webp\" \/>\n<meta name=\"twitter:card\" content=\"summary_large_image\" \/>\n<meta name=\"twitter:label1\" content=\"Temps estimat de lectura\" \/>\n\t<meta name=\"twitter:data1\" content=\"1 minut\" \/>\n<script type=\"application\/ld+json\" class=\"yoast-schema-graph\">{\"@context\":\"https:\\\/\\\/schema.org\",\"@graph\":[{\"@type\":\"WebPage\",\"@id\":\"https:\\\/\\\/www.playabara.es\\\/ca\\\/app\\\/\",\"url\":\"https:\\\/\\\/www.playabara.es\\\/ca\\\/app\\\/\",\"name\":\"APP - Playa Bara - Camping - Caravaning - Bungalows - Spa\",\"isPartOf\":{\"@id\":\"https:\\\/\\\/www.playabara.es\\\/ca\\\/#website\"},\"primaryImageOfPage\":{\"@id\":\"https:\\\/\\\/www.playabara.es\\\/ca\\\/app\\\/#primaryimage\"},\"image\":{\"@id\":\"https:\\\/\\\/www.playabara.es\\\/ca\\\/app\\\/#primaryimage\"},\"thumbnailUrl\":\"https:\\\/\\\/www.playabara.es\\\/wp-content\\\/uploads\\\/2025\\\/04\\\/unnamed.webp\",\"datePublished\":\"2024-02-01T23:50:51+00:00\",\"dateModified\":\"2025-05-19T11:32:29+00:00\",\"description\":\"Aqu\u00ed puedes consultar los horarios de las instalaciones y restaurantes del camping Playa Bara a tiempo real.\",\"breadcrumb\":{\"@id\":\"https:\\\/\\\/www.playabara.es\\\/ca\\\/app\\\/#breadcrumb\"},\"inLanguage\":\"ca\",\"potentialAction\":[{\"@type\":\"ReadAction\",\"target\":[\"https:\\\/\\\/www.playabara.es\\\/ca\\\/app\\\/\"]}]},{\"@type\":\"ImageObject\",\"inLanguage\":\"ca\",\"@id\":\"https:\\\/\\\/www.playabara.es\\\/ca\\\/app\\\/#primaryimage\",\"url\":\"https:\\\/\\\/www.playabara.es\\\/wp-content\\\/uploads\\\/2025\\\/04\\\/unnamed.webp\",\"contentUrl\":\"https:\\\/\\\/www.playabara.es\\\/wp-content\\\/uploads\\\/2025\\\/04\\\/unnamed.webp\"},{\"@type\":\"BreadcrumbList\",\"@id\":\"https:\\\/\\\/www.playabara.es\\\/ca\\\/app\\\/#breadcrumb\",\"itemListElement\":[{\"@type\":\"ListItem\",\"position\":1,\"name\":\"Portada\",\"item\":\"https:\\\/\\\/www.playabara.es\\\/ca\\\/inici\\\/\"},{\"@type\":\"ListItem\",\"position\":2,\"name\":\"APP\"}]},{\"@type\":\"WebSite\",\"@id\":\"https:\\\/\\\/www.playabara.es\\\/ca\\\/#website\",\"url\":\"https:\\\/\\\/www.playabara.es\\\/ca\\\/\",\"name\":\"Playa Bara - Camping - Caravaning - Bungalows - Spa\",\"description\":\"\",\"potentialAction\":[{\"@type\":\"SearchAction\",\"target\":{\"@type\":\"EntryPoint\",\"urlTemplate\":\"https:\\\/\\\/www.playabara.es\\\/ca\\\/?s={search_term_string}\"},\"query-input\":{\"@type\":\"PropertyValueSpecification\",\"valueRequired\":true,\"valueName\":\"search_term_string\"}}],\"inLanguage\":\"ca\"}]}<\/script>\n<!-- \/ Yoast SEO Premium plugin. -->","yoast_head_json":{"title":"APP - Playa Bara - Camping - Caravaning - Bungalows - Spa","description":"Aqu\u00ed puedes consultar los horarios de las instalaciones y restaurantes del camping Playa Bara a tiempo real.","robots":{"index":"index","follow":"follow","max-snippet":"max-snippet:-1","max-image-preview":"max-image-preview:large","max-video-preview":"max-video-preview:-1"},"canonical":"https:\/\/www.playabara.es\/ca\/app\/","og_locale":"ca_ES","og_type":"article","og_title":"APP","og_description":"Aqu\u00ed puedes consultar los horarios de las instalaciones y restaurantes del camping Playa Bara a tiempo real.","og_url":"https:\/\/www.playabara.es\/ca\/app\/","og_site_name":"Playa Bara - Camping - Caravaning - Bungalows - Spa","article_modified_time":"2025-05-19T11:32:29+00:00","og_image":[{"width":240,"height":240,"url":"https:\/\/www.playabara.es\/wp-content\/uploads\/2025\/04\/unnamed.webp","type":"image\/webp"}],"twitter_card":"summary_large_image","twitter_misc":{"Temps estimat de lectura":"1 minut"},"schema":{"@context":"https:\/\/schema.org","@graph":[{"@type":"WebPage","@id":"https:\/\/www.playabara.es\/ca\/app\/","url":"https:\/\/www.playabara.es\/ca\/app\/","name":"APP - Playa Bara - Camping - Caravaning - Bungalows - Spa","isPartOf":{"@id":"https:\/\/www.playabara.es\/ca\/#website"},"primaryImageOfPage":{"@id":"https:\/\/www.playabara.es\/ca\/app\/#primaryimage"},"image":{"@id":"https:\/\/www.playabara.es\/ca\/app\/#primaryimage"},"thumbnailUrl":"https:\/\/www.playabara.es\/wp-content\/uploads\/2025\/04\/unnamed.webp","datePublished":"2024-02-01T23:50:51+00:00","dateModified":"2025-05-19T11:32:29+00:00","description":"Aqu\u00ed puedes consultar los horarios de las instalaciones y restaurantes del camping Playa Bara a tiempo real.","breadcrumb":{"@id":"https:\/\/www.playabara.es\/ca\/app\/#breadcrumb"},"inLanguage":"ca","potentialAction":[{"@type":"ReadAction","target":["https:\/\/www.playabara.es\/ca\/app\/"]}]},{"@type":"ImageObject","inLanguage":"ca","@id":"https:\/\/www.playabara.es\/ca\/app\/#primaryimage","url":"https:\/\/www.playabara.es\/wp-content\/uploads\/2025\/04\/unnamed.webp","contentUrl":"https:\/\/www.playabara.es\/wp-content\/uploads\/2025\/04\/unnamed.webp"},{"@type":"BreadcrumbList","@id":"https:\/\/www.playabara.es\/ca\/app\/#breadcrumb","itemListElement":[{"@type":"ListItem","position":1,"name":"Portada","item":"https:\/\/www.playabara.es\/ca\/inici\/"},{"@type":"ListItem","position":2,"name":"APP"}]},{"@type":"WebSite","@id":"https:\/\/www.playabara.es\/ca\/#website","url":"https:\/\/www.playabara.es\/ca\/","name":"Playa Bara - Camping - Caravaning - Bungalows - Spa","description":"","potentialAction":[{"@type":"SearchAction","target":{"@type":"EntryPoint","urlTemplate":"https:\/\/www.playabara.es\/ca\/?s={search_term_string}"},"query-input":{"@type":"PropertyValueSpecification","valueRequired":true,"valueName":"search_term_string"}}],"inLanguage":"ca"}]}},"_links":{"self":[{"href":"https:\/\/www.playabara.es\/ca\/wp-json\/wp\/v2\/pages\/7607","targetHints":{"allow":["GET"]}}],"collection":[{"href":"https:\/\/www.playabara.es\/ca\/wp-json\/wp\/v2\/pages"}],"about":[{"href":"https:\/\/www.playabara.es\/ca\/wp-json\/wp\/v2\/types\/page"}],"author":[{"embeddable":true,"href":"https:\/\/www.playabara.es\/ca\/wp-json\/wp\/v2\/users\/1"}],"replies":[{"embeddable":true,"href":"https:\/\/www.playabara.es\/ca\/wp-json\/wp\/v2\/comments?post=7607"}],"version-history":[{"count":37,"href":"https:\/\/www.playabara.es\/ca\/wp-json\/wp\/v2\/pages\/7607\/revisions"}],"predecessor-version":[{"id":14306,"href":"https:\/\/www.playabara.es\/ca\/wp-json\/wp\/v2\/pages\/7607\/revisions\/14306"}],"wp:attachment":[{"href":"https:\/\/www.playabara.es\/ca\/wp-json\/wp\/v2\/media?parent=7607"}],"curies":[{"name":"wp","href":"https:\/\/api.w.org\/{rel}","templated":true}]}}