{"id":7621,"date":"2024-02-23T12:10:09","date_gmt":"2024-02-23T11:10:09","guid":{"rendered":"https:\/\/www.playabara.es\/politica-de-privacidad\/"},"modified":"2025-05-19T13:33:07","modified_gmt":"2025-05-19T11:33:07","slug":"politica-de-privacitat","status":"publish","type":"page","link":"https:\/\/www.playabara.es\/ca\/politica-de-privacitat\/","title":{"rendered":"Pol\u00edtica De Privacidad"},"content":{"rendered":"\t\t<div data-elementor-type=\"wp-page\" data-elementor-id=\"7621\" class=\"elementor elementor-7621 elementor-4183\">\n\t\t\t\t\t\t<section class=\"elementor-section elementor-top-section elementor-element elementor-element-c2f8bb4 elementor-section-height-min-height cs-section-content-fullwidth cs-parallax-on-scroll cs_scroll_y_80 elementor-section-boxed elementor-section-height-default elementor-section-items-middle\" data-id=\"c2f8bb4\" data-element_type=\"section\" data-e-type=\"section\" data-settings=\"{&quot;background_background&quot;:&quot;classic&quot;}\" data-cs-parallax-y=\"80\" style=\"background-image: none;\" data-cs-background-image=\"https:\/\/www.playabara.es\/wp-content\/uploads\/2024\/05\/DJI_0209-1-scaled.jpg\">\n\t\t\t\t\t\t\t<div class=\"elementor-background-overlay\"><\/div>\n\t\t\t\t\t\t\t<div class=\"elementor-container elementor-column-gap-no\">\n\t\t\t\t\t<div class=\"elementor-column elementor-col-100 elementor-top-column elementor-element elementor-element-f1f730c dark-color\" data-id=\"f1f730c\" data-element_type=\"column\" data-e-type=\"column\">\n\t\t\t<div class=\"elementor-widget-wrap elementor-element-populated\">\n\t\t\t\t\t\t<div class=\"elementor-element elementor-element-a4d6d07 elementor-widget elementor-widget-cs_title\" data-id=\"a4d6d07\" data-element_type=\"widget\" data-e-type=\"widget\" data-widget_type=\"cs_title.default\">\n\t\t\t\t<div class=\"elementor-widget-container\">\n\t\t\t\t\t\n        <div class=\"cs-title-wrap text-center\">\t            <h1 class=\"cs-title\">\n\t                POL\u00cdTICA DE PRIVACIDAD\t            <\/h1>        <\/div>\t\t\t\t<\/div>\n\t\t\t\t<\/div>\n\t\t\t\t\t<\/div>\n\t\t<\/div>\n\t\t\t\t\t<\/div>\n\t\t<\/section>\n\t\t<div class=\"elementor-element elementor-element-ffc14c5 e-flex e-con-boxed e-con e-parent\" data-id=\"ffc14c5\" data-element_type=\"container\" data-e-type=\"container\">\n\t\t\t\t\t<div class=\"e-con-inner\">\n\t\t\t\t<div class=\"elementor-element elementor-element-d028945 elementor-widget elementor-widget-heading\" data-id=\"d028945\" data-element_type=\"widget\" data-e-type=\"widget\" data-widget_type=\"heading.default\">\n\t\t\t\t<div class=\"elementor-widget-container\">\n\t\t\t\t\t<h2 class=\"elementor-heading-title elementor-size-default\">Pol\u00edtica de privacidad<\/h2>\t\t\t\t<\/div>\n\t\t\t\t<\/div>\n\t\t\t\t<div class=\"elementor-element elementor-element-b3e37b9 elementor-widget elementor-widget-text-editor\" data-id=\"b3e37b9\" data-element_type=\"widget\" data-e-type=\"widget\" data-widget_type=\"text-editor.default\">\n\t\t\t\t<div class=\"elementor-widget-container\">\n\t\t\t\t\t\t\t\t\t<p>Informaci\u00f3 b\u00e0sica sobre Protecci\u00f3 de Dades<\/p><p>Responsable: C\u00c0MPING CARAVANNING PARK PLAYA BARA, SL<\/p><p>Finalitat: Prestar els serveis sol\u00b7licitats, mantenir comunicacions per a la consecuci\u00f3 i mantenir-lo informat sobre la nostra activitat en general.<\/p><p>Legitimaci\u00f3: Execuci\u00f3 dun contracte. Consentiment de l&#8217;interessat.<\/p><p>Destinataris: No se cediran dades a tercers, excepte obligaci\u00f3 legal.<\/p><p>Drets: Teniu dret a accedir, rectificar i suprimir les dades, aix\u00ed com altres drets indicats a la informaci\u00f3 addicional, que podeu exercir dirigint-vos a l&#8217;adre\u00e7a admin@barapark.es; personal@barapark.\u00e9s.<\/p><p>Informaci\u00f3 addicional sobre protecci\u00f3 de dades<\/p><p>Qui \u00e9s el responsable del tractament de les vostres dades?<\/p><p>Identitat: C\u00c0MPING CARAVANNING PARK PLATJA BARA, SL \u2013 NIF: B43393784 &#8211; Adre\u00e7a postal: CRTA. N-340 KM. 11883, 43883 RODA DE BAR\u00c0 \u2013 TARRAGONA Tel\u00e8fon: 977802701 &#8211; Correu electr\u00f2nic: admin@barapark.es; personal@barapark.es<\/p><p>Amb quina finalitat tractem les vostres dades personals?<\/p><p>A CAMPING CARAVANNING PARK PLAYA BARA, SL tractem la informaci\u00f3 que ens faciliten les persones interessades per tal de prestar-li els serveis concertats, realitzar la gesti\u00f3 administrativa, comptable i fiscal dels serveis sol\u00b7licitats, mantenir comunicacions a prop dels mateixos, aix\u00ed com el enviament de comunicacions inclusivament per correu electr\u00f2nic, per mantenir-lo informat sobre la nostra activitat en general.<\/p><p>Per quant de temps conservarem les vostres dades?<\/p><p>Les dades es conservaran mentre no sol\u00b7licite la supressi\u00f3, i en qualsevol cas, durant els anys necessaris per complir les obligacions legals.<\/p><p>Quina \u00e9s la legitimaci\u00f3 per al tractament de les vostres dades?<\/p><p>Us indiquem la base legal per al tractament de les vostres dades:<\/p><ul><li>Execuci\u00f3 d&#8217;un contracte: Prestaci\u00f3 dels serveis sol\u00b7licitats<\/li><li>Consentiment de l&#8217;interessat: Enviament de comunicacions comercials sobre la nostra activitat en general.<\/li><\/ul><p>A quins destinataris es comunicaran les vostres dades?<\/p><p>No se cediran dades a tercers, excepte obligaci\u00f3 legal.<\/p><p>Transfer\u00e8ncies de dades a tercers pa\u00efsos?<\/p><p>No estan previstes transfer\u00e8ncies de dades a tercers pa\u00efsos.<\/p><p>Quins s\u00f3n els vostres drets quan ens facilita les vostres dades?<\/p><p>Qualsevol persona t\u00e9 dret a obtenir confirmaci\u00f3 sobre si a CAMPING CARAVANNING PARK PLAYA BARA, SL estem tractant dades personals que els concerneixin, o no.<\/p><p>Les persones interessades tenen dret a accedir a les seves dades personals, aix\u00ed com a sol\u00b7licitar la rectificaci\u00f3 de les dades inexactes o, si escau, sol\u00b7licitar-ne la supressi\u00f3 quan, entre altres motius, les dades ja no siguin necess\u00e0ries per als fins que van ser recollides.<\/p><p>En determinades circumst\u00e0ncies, els interessats podran sol\u00b7licitar la limitaci\u00f3 del tractament de les seves dades, cas en qu\u00e8 \u00fanicament les conservarem per a l&#8217;exercici o la defensa de reclamacions. Aix\u00ed mateix, en els sup\u00f2sits legalment establerts, tindr\u00e0 dret a la portabilitat de les dades personals.<\/p><p>En determinades circumst\u00e0ncies i per motius relacionats amb la seva situaci\u00f3 particular, els interessats es poden oposar al tractament de les seves dades. En aquest cas, CAMPING CARAVANNING PARK PLAYA BARA, SL deixar\u00e0 de tractar les dades, tret de motius leg\u00edtims imperiosos, o l&#8217;exercici o la defensa de possibles reclamacions.<\/p><p>Podreu exercitar materialment els vostres drets de la manera seg\u00fcent: enviant un correu electr\u00f2nic a admin@barapark.es; personal@barapark.es o una carta a CRTA. N-340 KM. 11883, 43883 RODA DE BAR\u00c0 \u2013 TARRAGONA<\/p><p>Si heu atorgat el vostre consentiment per a alguna finalitat concreta, teniu dret a retirar el consentiment atorgat en qualsevol moment, sense que aix\u00f2 afecti la licitud del tractament basat en el consentiment previ a la seva retirada.<\/p><p>En cas que sentiu vulnerats els vostres drets pel que fa a la protecci\u00f3 de les vostres dades personals, especialment quan no heu obtingut satisfacci\u00f3 en l&#8217;exercici dels vostres drets, podeu presentar una reclamaci\u00f3 davant l&#8217;Autoritat de Control en mat\u00e8ria de Protecci\u00f3 de Dades competent a trav\u00e9s del vostre lloc web: <a href=\"http:\/\/www.agpd.es\">www.agpd.es<\/a>.<\/p>\t\t\t\t\t\t\t\t<\/div>\n\t\t\t\t<\/div>\n\t\t\t\t<div class=\"elementor-element elementor-element-690d36a elementor-widget elementor-widget-text-editor\" data-id=\"690d36a\" data-element_type=\"widget\" data-e-type=\"widget\" data-widget_type=\"text-editor.default\">\n\t\t\t\t<div class=\"elementor-widget-container\">\n\t\t\t\t\t\t\t\t\t<p><strong><span style=\"text-decoration: underline;\"><a href=\"https:\/\/www.playabara.es\/wp-content\/uploads\/2025\/05\/POLITICA-DE-PRIVACIDAD-PARA-APP-PLAYA-BARA.pdf\">Pol\u00edtica de privadesa APP<\/a><\/span><\/strong><\/p>\t\t\t\t\t\t\t\t<\/div>\n\t\t\t\t<\/div>\n\t\t\t\t\t<\/div>\n\t\t\t\t<\/div>\n\t\t\t\t<\/div>\n\t\t","protected":false},"excerpt":{"rendered":"<p>POL\u00cdTICA DE PRIVACIDAD Pol\u00edtica de privacidad Informaci\u00f3 b\u00e0sica sobre Protecci\u00f3 de Dades Responsable: C\u00c0MPING CARAVANNING PARK PLAYA BARA, SL Finalitat: Prestar els serveis sol\u00b7licitats, mantenir comunicacions per a la consecuci\u00f3 i mantenir-lo informat sobre la nostra activitat en general. Legitimaci\u00f3: Execuci\u00f3 dun contracte. Consentiment de l&#8217;interessat. Destinataris: No se cediran dades a tercers, excepte obligaci\u00f3 &#8230;<\/p>\n","protected":false},"author":1,"featured_media":0,"parent":0,"menu_order":0,"comment_status":"closed","ping_status":"closed","template":"","meta":{"_acf_changed":false,"om_disable_all_campaigns":false,"_uf_show_specific_survey":0,"_uf_disable_surveys":false,"cozystay_single_page_hide_site_header":"","cozystay_single_page_site_header_source":"","cozystay_single_page_custom_site_header":"0","cozystay_single_page_custom_sticky_site_header":"0","cozystay_single_page_hide_page_title":"","cozystay_single_page_header_section_size":"","cozystay_single_page_header_background_color":"","cozystay_single_page_header_background_position_x":"center","cozystay_single_page_header_background_position_y":"center","cozystay_single_page_header_background_size":"cover","cozystay_single_page_header_background_repeat":"off","cozystay_single_page_header_background_scroll":"on","cozystay_single_page_header_text_color":"","cozystay_single_page_header_show_breadcrumb":"","cozystay_single_page_site_footer_hide_main":"","cozystay_single_custom_site_footer_main_source":"","cozystay_single_custom_site_footer_main":"0","cozystay_single_page_site_footer_hide_above":"","cozystay_single_custom_site_footer_above_source":"","cozystay_single_custom_site_footer_above":"0","cozystay_single_page_site_footer_hide_instagram":"","cozystay_single_page_site_footer_hide_bottom":"","cozystay_single_custom_mobile_menu_source":"","cozystay_single_custom_mobile_menu":"0","cozystay_single_custom_mobile_menu_animation":"","cozystay_single_custom_mobile_menu_width":"","cozystay_single_custom_mobile_menu_custom_width":375,"footnotes":""},"class_list":["post-7621","page","type-page","status-publish","hentry"],"acf":[],"yoast_head":"<!-- This site is optimized with the Yoast SEO Premium plugin v27.2 (Yoast SEO v27.3) - https:\/\/yoast.com\/product\/yoast-seo-premium-wordpress\/ -->\n<title>Pol\u00edtica De Privacidad - Playa Bara - Camping - Caravaning - Bungalows - Spa<\/title>\n<meta name=\"description\" content=\"Entiende la importancia de la pol\u00edtica de privacidad para proteger tus datos en l\u00ednea y garantizar tu seguridad digital.\" \/>\n<meta name=\"robots\" content=\"index, follow, max-snippet:-1, max-image-preview:large, max-video-preview:-1\" \/>\n<link rel=\"canonical\" href=\"https:\/\/www.playabara.es\/ca\/politica-de-privacitat\/\" \/>\n<meta property=\"og:locale\" content=\"ca_ES\" \/>\n<meta property=\"og:type\" content=\"article\" \/>\n<meta property=\"og:title\" content=\"Pol\u00edtica De Privacidad\" \/>\n<meta property=\"og:description\" content=\"Entiende la importancia de la pol\u00edtica de privacidad para proteger tus datos en l\u00ednea y garantizar tu seguridad digital.\" \/>\n<meta property=\"og:url\" content=\"https:\/\/www.playabara.es\/ca\/politica-de-privacitat\/\" \/>\n<meta property=\"og:site_name\" content=\"Playa Bara - Camping - Caravaning - Bungalows - Spa\" \/>\n<meta property=\"article:modified_time\" content=\"2025-05-19T11:33:07+00:00\" \/>\n<meta name=\"twitter:card\" content=\"summary_large_image\" \/>\n<meta name=\"twitter:label1\" content=\"Temps estimat de lectura\" \/>\n\t<meta name=\"twitter:data1\" content=\"4 minuts\" \/>\n<script type=\"application\/ld+json\" class=\"yoast-schema-graph\">{\"@context\":\"https:\\\/\\\/schema.org\",\"@graph\":[{\"@type\":\"WebPage\",\"@id\":\"https:\\\/\\\/www.playabara.es\\\/ca\\\/politica-de-privacitat\\\/\",\"url\":\"https:\\\/\\\/www.playabara.es\\\/ca\\\/politica-de-privacitat\\\/\",\"name\":\"Pol\u00edtica De Privacidad - Playa Bara - Camping - Caravaning - Bungalows - Spa\",\"isPartOf\":{\"@id\":\"https:\\\/\\\/www.playabara.es\\\/ca\\\/#website\"},\"datePublished\":\"2024-02-23T11:10:09+00:00\",\"dateModified\":\"2025-05-19T11:33:07+00:00\",\"description\":\"Entiende la importancia de la pol\u00edtica de privacidad para proteger tus datos en l\u00ednea y garantizar tu seguridad digital.\",\"breadcrumb\":{\"@id\":\"https:\\\/\\\/www.playabara.es\\\/ca\\\/politica-de-privacitat\\\/#breadcrumb\"},\"inLanguage\":\"ca\",\"potentialAction\":[{\"@type\":\"ReadAction\",\"target\":[\"https:\\\/\\\/www.playabara.es\\\/ca\\\/politica-de-privacitat\\\/\"]}]},{\"@type\":\"BreadcrumbList\",\"@id\":\"https:\\\/\\\/www.playabara.es\\\/ca\\\/politica-de-privacitat\\\/#breadcrumb\",\"itemListElement\":[{\"@type\":\"ListItem\",\"position\":1,\"name\":\"Portada\",\"item\":\"https:\\\/\\\/www.playabara.es\\\/ca\\\/inici\\\/\"},{\"@type\":\"ListItem\",\"position\":2,\"name\":\"Pol\u00edtica De Privacidad\"}]},{\"@type\":\"WebSite\",\"@id\":\"https:\\\/\\\/www.playabara.es\\\/ca\\\/#website\",\"url\":\"https:\\\/\\\/www.playabara.es\\\/ca\\\/\",\"name\":\"Playa Bara - Camping - Caravaning - Bungalows - Spa\",\"description\":\"\",\"potentialAction\":[{\"@type\":\"SearchAction\",\"target\":{\"@type\":\"EntryPoint\",\"urlTemplate\":\"https:\\\/\\\/www.playabara.es\\\/ca\\\/?s={search_term_string}\"},\"query-input\":{\"@type\":\"PropertyValueSpecification\",\"valueRequired\":true,\"valueName\":\"search_term_string\"}}],\"inLanguage\":\"ca\"}]}<\/script>\n<!-- \/ Yoast SEO Premium plugin. -->","yoast_head_json":{"title":"Pol\u00edtica De Privacidad - Playa Bara - Camping - Caravaning - Bungalows - Spa","description":"Entiende la importancia de la pol\u00edtica de privacidad para proteger tus datos en l\u00ednea y garantizar tu seguridad digital.","robots":{"index":"index","follow":"follow","max-snippet":"max-snippet:-1","max-image-preview":"max-image-preview:large","max-video-preview":"max-video-preview:-1"},"canonical":"https:\/\/www.playabara.es\/ca\/politica-de-privacitat\/","og_locale":"ca_ES","og_type":"article","og_title":"Pol\u00edtica De Privacidad","og_description":"Entiende la importancia de la pol\u00edtica de privacidad para proteger tus datos en l\u00ednea y garantizar tu seguridad digital.","og_url":"https:\/\/www.playabara.es\/ca\/politica-de-privacitat\/","og_site_name":"Playa Bara - Camping - Caravaning - Bungalows - Spa","article_modified_time":"2025-05-19T11:33:07+00:00","twitter_card":"summary_large_image","twitter_misc":{"Temps estimat de lectura":"4 minuts"},"schema":{"@context":"https:\/\/schema.org","@graph":[{"@type":"WebPage","@id":"https:\/\/www.playabara.es\/ca\/politica-de-privacitat\/","url":"https:\/\/www.playabara.es\/ca\/politica-de-privacitat\/","name":"Pol\u00edtica De Privacidad - Playa Bara - Camping - Caravaning - Bungalows - Spa","isPartOf":{"@id":"https:\/\/www.playabara.es\/ca\/#website"},"datePublished":"2024-02-23T11:10:09+00:00","dateModified":"2025-05-19T11:33:07+00:00","description":"Entiende la importancia de la pol\u00edtica de privacidad para proteger tus datos en l\u00ednea y garantizar tu seguridad digital.","breadcrumb":{"@id":"https:\/\/www.playabara.es\/ca\/politica-de-privacitat\/#breadcrumb"},"inLanguage":"ca","potentialAction":[{"@type":"ReadAction","target":["https:\/\/www.playabara.es\/ca\/politica-de-privacitat\/"]}]},{"@type":"BreadcrumbList","@id":"https:\/\/www.playabara.es\/ca\/politica-de-privacitat\/#breadcrumb","itemListElement":[{"@type":"ListItem","position":1,"name":"Portada","item":"https:\/\/www.playabara.es\/ca\/inici\/"},{"@type":"ListItem","position":2,"name":"Pol\u00edtica De Privacidad"}]},{"@type":"WebSite","@id":"https:\/\/www.playabara.es\/ca\/#website","url":"https:\/\/www.playabara.es\/ca\/","name":"Playa Bara - Camping - Caravaning - Bungalows - Spa","description":"","potentialAction":[{"@type":"SearchAction","target":{"@type":"EntryPoint","urlTemplate":"https:\/\/www.playabara.es\/ca\/?s={search_term_string}"},"query-input":{"@type":"PropertyValueSpecification","valueRequired":true,"valueName":"search_term_string"}}],"inLanguage":"ca"}]}},"_links":{"self":[{"href":"https:\/\/www.playabara.es\/ca\/wp-json\/wp\/v2\/pages\/7621","targetHints":{"allow":["GET"]}}],"collection":[{"href":"https:\/\/www.playabara.es\/ca\/wp-json\/wp\/v2\/pages"}],"about":[{"href":"https:\/\/www.playabara.es\/ca\/wp-json\/wp\/v2\/types\/page"}],"author":[{"embeddable":true,"href":"https:\/\/www.playabara.es\/ca\/wp-json\/wp\/v2\/users\/1"}],"replies":[{"embeddable":true,"href":"https:\/\/www.playabara.es\/ca\/wp-json\/wp\/v2\/comments?post=7621"}],"version-history":[{"count":16,"href":"https:\/\/www.playabara.es\/ca\/wp-json\/wp\/v2\/pages\/7621\/revisions"}],"predecessor-version":[{"id":14308,"href":"https:\/\/www.playabara.es\/ca\/wp-json\/wp\/v2\/pages\/7621\/revisions\/14308"}],"wp:attachment":[{"href":"https:\/\/www.playabara.es\/ca\/wp-json\/wp\/v2\/media?parent=7621"}],"curies":[{"name":"wp","href":"https:\/\/api.w.org\/{rel}","templated":true}]}}