{"id":8000,"date":"2024-02-23T12:11:50","date_gmt":"2024-02-23T11:11:50","guid":{"rendered":"https:\/\/www.playabara.es\/politica-de-cookies\/"},"modified":"2025-04-09T17:24:36","modified_gmt":"2025-04-09T15:24:36","slug":"politica-de-cookies","status":"publish","type":"page","link":"https:\/\/www.playabara.es\/ca\/politica-de-cookies\/","title":{"rendered":"Pol\u00edtica de cookies"},"content":{"rendered":"\t\t<div data-elementor-type=\"wp-page\" data-elementor-id=\"8000\" class=\"elementor elementor-8000 elementor-4188\">\n\t\t\t\t\t\t<section class=\"elementor-section elementor-top-section elementor-element elementor-element-f02dca4 elementor-section-height-min-height cs-section-content-fullwidth cs-parallax-on-scroll cs_scroll_y_80 elementor-section-boxed elementor-section-height-default elementor-section-items-middle\" data-id=\"f02dca4\" data-element_type=\"section\" data-e-type=\"section\" data-settings=\"{&quot;background_background&quot;:&quot;classic&quot;}\" data-cs-parallax-y=\"80\" style=\"background-image: none;\" data-cs-background-image=\"https:\/\/www.playabara.es\/wp-content\/uploads\/2024\/05\/DJI_0209-1-scaled.jpg\">\n\t\t\t\t\t\t\t<div class=\"elementor-background-overlay\"><\/div>\n\t\t\t\t\t\t\t<div class=\"elementor-container elementor-column-gap-no\">\n\t\t\t\t\t<div class=\"elementor-column elementor-col-100 elementor-top-column elementor-element elementor-element-e3bd87f dark-color\" data-id=\"e3bd87f\" data-element_type=\"column\" data-e-type=\"column\">\n\t\t\t<div class=\"elementor-widget-wrap elementor-element-populated\">\n\t\t\t\t\t\t<div class=\"elementor-element elementor-element-2b3d5c1 elementor-widget elementor-widget-cs_title\" data-id=\"2b3d5c1\" data-element_type=\"widget\" data-e-type=\"widget\" data-widget_type=\"cs_title.default\">\n\t\t\t\t<div class=\"elementor-widget-container\">\n\t\t\t\t\t\n        <div class=\"cs-title-wrap text-center\">\t            <h1 class=\"cs-title\">\n\t                POL\u00cdTICA DE COOKIES\t            <\/h1>        <\/div>\t\t\t\t<\/div>\n\t\t\t\t<\/div>\n\t\t\t\t\t<\/div>\n\t\t<\/div>\n\t\t\t\t\t<\/div>\n\t\t<\/section>\n\t\t<div class=\"elementor-element elementor-element-1331f36 e-flex e-con-boxed e-con e-parent\" data-id=\"1331f36\" data-element_type=\"container\" data-e-type=\"container\">\n\t\t\t\t\t<div class=\"e-con-inner\">\n\t\t\t\t<div class=\"elementor-element elementor-element-e8e0275 elementor-widget elementor-widget-heading\" data-id=\"e8e0275\" data-element_type=\"widget\" data-e-type=\"widget\" data-widget_type=\"heading.default\">\n\t\t\t\t<div class=\"elementor-widget-container\">\n\t\t\t\t\t<h2 class=\"elementor-heading-title elementor-size-default\">Pol\u00edtica de cookies<\/h2>\t\t\t\t<\/div>\n\t\t\t\t<\/div>\n\t\t\t\t<div class=\"elementor-element elementor-element-0faf8fe elementor-widget elementor-widget-text-editor\" data-id=\"0faf8fe\" data-element_type=\"widget\" data-e-type=\"widget\" data-widget_type=\"text-editor.default\">\n\t\t\t\t<div class=\"elementor-widget-container\">\n\t\t\t\t\t\t\t\t\t<p>Qu\u00e8 s\u00f3n les cookies?<\/p><p>Una \u201cCookie\u201d \u00e9s un petit fitxer que s&#8217;emmagatzema a l&#8217;ordinador de l&#8217;usuari, tauleta, smartphone o qualsevol altre dispositiu amb informaci\u00f3 sobre la navegaci\u00f3. El conjunt de \u201ccookies\u201d, ens ajuda a millorar la qualitat de la nostra web, i ens permet saber quines p\u00e0gines troben els nostres usuaris \u00fatils i quins no.<\/p><p>Aquest lloc web utilitza cookies i\/o tecnologies semblants que emmagatzemen i recuperen informaci\u00f3 quan navegues. En general, aquestes tecnologies poden servir per a finalitats molt diverses, com ara recon\u00e8ixer-te com a usuari, obtenir informaci\u00f3 sobre els teus h\u00e0bits de navegaci\u00f3, o personalitzar la manera com es mostra el contingut.<\/p><p>Tipus de cookies<\/p><p>La informaci\u00f3 que us proporcionem a continuaci\u00f3 us ajudar\u00e0 a comprendre els diferents tipus de cookies:<\/p><p>\u00b7 Cookies pr\u00f2pies: S\u00f3n aquelles que s&#8217;envien al vostre equip des dels nostres propis equips o dominis i des del qual prestem el servei que ens sol\u00b7licita.<\/p><p>\u00b7 Cookies de tercers: S\u00f3n aquelles que s&#8217;envien al vostre equip des d&#8217;un equip o domini que no \u00e9s gestionat per nosaltres, sin\u00f3 per una altra entitat col\u00b7laboradora. Com, per exemple, les utilitzades per xarxes socials, o per contingut extern com Google Maps.<\/p><p>\u00b7 Cookies de sessi\u00f3: S\u00f3n cookies temporals que romanen a l&#8217;arxiu de cookies del vostre navegador fins que abandona la p\u00e0gina web, per la qual cosa cap queda registrada al disc dur del vostre ordinador. La informaci\u00f3 obtinguda per mitj\u00e0 d&#8217;aquestes galetes serveixen per analitzar pautes de tr\u00e0nsit a la web. A la llarga, aix\u00f2 ens permet proporcionar una millor experi\u00e8ncia per millorar-ne el contingut i facilitar-ne l&#8217;\u00fas.<\/p><p>\u00b7 Cookies persistents: s\u00f3n emmagatzemades al disc dur i la nostra web les llegeix cada vegada que realitza una nova visita. Una &#8220;cookie&#8221; permanent t\u00e9 una data d&#8217;expiraci\u00f3 determinada. La &#8220;cookie&#8221; deixar\u00e0 de funcionar despr\u00e9s d&#8217;aquesta data. Aquestes cookies les fem servir, generalment, per facilitar els serveis de registre.<\/p><p>\u00b7 Cookies t\u00e8cniques: S\u00f3n aquelles necess\u00e0ries per a la navegaci\u00f3 i el bon funcionament de la nostra p\u00e0gina web. Permeten, per exemple, controlar el tr\u00e0nsit i la comunicaci\u00f3 de dades, accedir a parts d&#8217;acc\u00e9s restringit, utilitzar elements de seguretat, emmagatzemar continguts per poder difondre v\u00eddeos o compartir continguts a trav\u00e9s de xarxes socials.<\/p><p>\u00b7 Cookies de personalitzaci\u00f3: S\u00f3n aquelles que us permeten accedir al servei amb unes caracter\u00edstiques predefinides en funci\u00f3 d&#8217;una s\u00e8rie de criteris, com ara l&#8217;idioma, el tipus de navegador a trav\u00e9s del qual s&#8217;accedeix al servei, la configuraci\u00f3 regional des d&#8217;on es accedeix al servei, etc.<\/p><p>\u00b7 Cookies d&#8217;an\u00e0lisi: S\u00f3n aquelles que, tractades per nosaltres o per tercers, ens permeten quantificar el nombre d&#8217;usuaris i aix\u00ed realitzar el mesurament i l&#8217;an\u00e0lisi estad\u00edstica de la utilitzaci\u00f3 que fan els usuaris del servei ofert. Per aix\u00f2 s&#8217;analitza la vostra navegaci\u00f3 a la nostra p\u00e0gina web per tal de millorar l&#8217;oferta de productes o serveis que us oferim. Cookies publicit\u00e0ries: S\u00f3n aquelles que permeten la gesti\u00f3, de la manera m\u00e9s efica\u00e7 possible, dels espais publicitaris que es poguessin incloure a la nostra p\u00e0gina web, mostrant publicitat relacionada amb el seu perfil de navegaci\u00f3.<\/p><p>\u00b7 Cookies de publicitat comportamental: Aquestes galetes emmagatzemen informaci\u00f3 del comportament dels usuaris obtinguda a trav\u00e9s de l&#8217;observaci\u00f3 continuada. Gr\u00e0cies a elles, podem con\u00e8ixer els h\u00e0bits de navegaci\u00f3 a internet i mostrar publicitat relacionada amb el teu perfil de navegaci\u00f3.<\/p><p>Per qu\u00e8 utilitza aquesta p\u00e0gina web les &#8220;cookies&#8221;?<\/p><p>Aquesta p\u00e0gina web utilitza les &#8220;cookies&#8221; d&#8217;an\u00e0lisi i publicit\u00e0ries amb les finalitats descrites a l&#8217;apartat anterior.<\/p><p>Qui utilitza les \u201ccookies\u201d en aquesta p\u00e0gina web?<\/p><p>La identificaci\u00f3 de qui utilitza les cookies, el tipus de cookies utilitzades i la resta de detalls, s&#8217;indica a continuaci\u00f3:<\/p><p>Cookies d&#8217;an\u00e0lisi &#8211; Google Analytics:<\/p><p>\u00b7 Google _ga &#8211; 196 dies &#8211; Permet distingir els usuaris i sessions per a estad\u00edstiques de navegaci\u00f3. Recopila dades de dispositiu, navegaci\u00f3 i programari.<\/p><p>\u00b7 Google _ga_* &#8211; 196 dies &#8211; Identifica els usuaris i sessions per a estad\u00edstiques de navegaci\u00f3. Recopila dades de dispositiu, navegaci\u00f3 i programari.<\/p><p>\u00b7 Google _gid &#8211; Session &#8211; Identifica els usuaris i sessions per a estad\u00edstiques de navegaci\u00f3. Recopila dades de dispositiu, navegaci\u00f3 i programari.<\/p><p>Cookies de T\u00e8cniques &#8211; Google Recaptcha:<\/p><p>\u00b7 _grecaptcha &#8211; 179 dies &#8211; Aquesta cookie s&#8217;utilitza per distingir entre humans i fem. Aix\u00f2 \u00e9s benefici\u00f3s per a la web per tal d&#8217;elaborar informes v\u00e0lids sobre l&#8217;\u00fas del web<\/p><p>\u00b7 _GRECAPTCHA &#8211; 179 dies &#8211; Aquesta cookie s&#8217;utilitza per distingir entre humans i fem. Aix\u00f2 \u00e9s benefici\u00f3s per a la web per tal d&#8217;elaborar informes v\u00e0lids sobre l&#8217;\u00fas del web.<\/p><p>Cookies de T\u00e8cniques &#8211; Idioma:<\/p><p>\u00b7 lang session &#8211; persistent sessi\u00f3 &#8211; Recorda l&#8217;idioma seleccionat per un usuari amb el qual visualitzar una p\u00e0gina web<\/p><p>Nota: Les \u201ccookies\u201d de tipus \u201cPr\u00f2pies\u201d s\u00f3n utilitzades nom\u00e9s pel propietari d&#8217;aquesta web i les cookies \u201cDe tercers\u201d s\u00f3n utilitzades, tamb\u00e9, pel prestador del servei que est\u00e0 detallat a la taula anterior.<\/p><p>Podeu informar-vos de les transfer\u00e8ncies a tercers pa\u00efsos que, si escau, realitzen els tercers identificats en aquesta pol\u00edtica de cookies en les seves pol\u00edtiques corresponents (vegeu els enlla\u00e7os facilitats a l&#8217;apartat \u201cM\u00e9s informaci\u00f3\u201d de la taula anterior).<\/p><p>Com puc desactivar o eliminar aquestes &#8220;cookies&#8221;?<\/p><p>Podeu permetre o bloquejar les cookies, aix\u00ed com esborrar les vostres dades de navegaci\u00f3 (incloses les cookies) des del navegador que vost\u00e8 utilitza. Consulteu les opcions i instruccions que ofereix el vostre navegador. Tingueu en compte que, si accepteu les &#8220;cookies&#8221; de tercers, les haureu d&#8217;eliminar des de les opcions del navegador.<\/p><p>A m\u00e9s, alguns serveis poden utilitzar connectors amb xarxes socials com Facebook o Twitter. Quan un usuari es registra en un Servei amb credencials d&#8217;una xarxa social, autoritza la xarxa social a desar una &#8220;cookie&#8221; persistent que recorda la seva identitat i li garanteix acc\u00e9s als serveis fins que expiri.<\/p><p>L&#8217;usuari pot esborrar aquesta \u201ccookie\u201d i revocar l&#8217;acc\u00e9s als Serveis mitjan\u00e7ant xarxes socials, actualitzant les seves prefer\u00e8ncies a la xarxa social que especifica.<\/p><p>A continuaci\u00f3, teniu disponibles els enlla\u00e7os amb la informaci\u00f3 per gestionar les cookies dels navegadors m\u00e9s utilitzats:<\/p><p>\u00b7 Firefox:http:\/\/support.mozilla.org\/es\/kb\/habilitar-y-deshabilitar-cookies-que-los-sitios-we \u00b7 Chrome: http:\/\/support.google.com\/chrome\/bin\/answer.py?hl=es&amp;answer=95647 \u00b7 Internet Explorer: https:\/\/support.microsoft.com\/es-es\/help\/278835\/how-to-delete-cookie-files-in-internet-explorer \u00b7 Microsoft Edge: https:\/\/support.microsoft.com\/es-es\/help\/4468242\/microsoft-edge-browsing-data-and-privacy-microsoft-privacy \u00b7 Safari: http:\/\/support.apple.com\/kb\/ph5042 \u00b7 Opera: http:\/\/help.opera.com\/Windows\/11.50\/es-ES\/cookies.html<\/p><p>\u00b7 Altres navegadors: consulteu la documentaci\u00f3 del navegador que tingueu instal\u00b7lat.<\/p><p>Complement d&#8217;inhabilitaci\u00f3 per a navegadors de Google Analytics:<\/p><p>Si voleu rebutjar les &#8220;cookies&#8221; anal\u00edtiques de Google Analytics a tots els navegadors, de manera que no s&#8217;envi\u00ef informaci\u00f3 vostra a Google Analytics, podeu descarregar un complement que realitza aquesta funci\u00f3 des d&#8217;aquest enlla\u00e7: https:\/\/tools.google.com\/ dlpage\/gaoptout.<\/p><p>Exercici de drets.<\/p><p>Podeu con\u00e8ixer i exercir els vostres drets en mat\u00e8ria de protecci\u00f3 de dades accedint a la nostra Pol\u00edtica de Privadesa.<\/p><p>*Les condicions presents es regiran per la legislaci\u00f3 espanyola vigent.<\/p>\t\t\t\t\t\t\t\t<\/div>\n\t\t\t\t<\/div>\n\t\t\t\t\t<\/div>\n\t\t\t\t<\/div>\n\t\t\t\t<\/div>\n\t\t","protected":false},"excerpt":{"rendered":"<p>POL\u00cdTICA DE COOKIES Pol\u00edtica de cookies Qu\u00e8 s\u00f3n les cookies? Una \u201cCookie\u201d \u00e9s un petit fitxer que s&#8217;emmagatzema a l&#8217;ordinador de l&#8217;usuari, tauleta, smartphone o qualsevol altre dispositiu amb informaci\u00f3 sobre la navegaci\u00f3. El conjunt de \u201ccookies\u201d, ens ajuda a millorar la qualitat de la nostra web, i ens permet saber quines p\u00e0gines troben els &#8230;<\/p>\n","protected":false},"author":1,"featured_media":0,"parent":0,"menu_order":0,"comment_status":"closed","ping_status":"closed","template":"","meta":{"_acf_changed":false,"om_disable_all_campaigns":false,"_uf_show_specific_survey":0,"_uf_disable_surveys":false,"cozystay_single_page_hide_site_header":"","cozystay_single_page_site_header_source":"","cozystay_single_page_custom_site_header":"0","cozystay_single_page_custom_sticky_site_header":"0","cozystay_single_page_hide_page_title":"","cozystay_single_page_header_section_size":"","cozystay_single_page_header_background_color":"","cozystay_single_page_header_background_position_x":"center","cozystay_single_page_header_background_position_y":"center","cozystay_single_page_header_background_size":"cover","cozystay_single_page_header_background_repeat":"off","cozystay_single_page_header_background_scroll":"on","cozystay_single_page_header_text_color":"","cozystay_single_page_header_show_breadcrumb":"","cozystay_single_page_site_footer_hide_main":"","cozystay_single_custom_site_footer_main_source":"","cozystay_single_custom_site_footer_main":"0","cozystay_single_page_site_footer_hide_above":"","cozystay_single_custom_site_footer_above_source":"","cozystay_single_custom_site_footer_above":"0","cozystay_single_page_site_footer_hide_instagram":"","cozystay_single_page_site_footer_hide_bottom":"","cozystay_single_custom_mobile_menu_source":"","cozystay_single_custom_mobile_menu":"0","cozystay_single_custom_mobile_menu_animation":"","cozystay_single_custom_mobile_menu_width":"","cozystay_single_custom_mobile_menu_custom_width":375,"footnotes":""},"class_list":["post-8000","page","type-page","status-publish","hentry"],"acf":[],"yoast_head":"<!-- This site is optimized with the Yoast SEO Premium plugin v27.2 (Yoast SEO v27.3) - https:\/\/yoast.com\/product\/yoast-seo-premium-wordpress\/ -->\n<title>Pol\u00edtica de cookies - Playa Bara - Camping - Caravaning - Bungalows - Spa<\/title>\n<meta name=\"description\" content=\"Descubre qu\u00e9 es la pol\u00edtica de cookies y c\u00f3mo mejora la calidad de nuestra web al almacenar informaci\u00f3n \u00fatil para los usuarios.\" \/>\n<meta name=\"robots\" content=\"index, follow, max-snippet:-1, max-image-preview:large, max-video-preview:-1\" \/>\n<link rel=\"canonical\" href=\"https:\/\/www.playabara.es\/ca\/politica-de-cookies\/\" \/>\n<meta property=\"og:locale\" content=\"ca_ES\" \/>\n<meta property=\"og:type\" content=\"article\" \/>\n<meta property=\"og:title\" content=\"Pol\u00edtica de cookies\" \/>\n<meta property=\"og:description\" content=\"Descubre qu\u00e9 es la pol\u00edtica de cookies y c\u00f3mo mejora la calidad de nuestra web al almacenar informaci\u00f3n \u00fatil para los usuarios.\" \/>\n<meta property=\"og:url\" content=\"https:\/\/www.playabara.es\/ca\/politica-de-cookies\/\" \/>\n<meta property=\"og:site_name\" content=\"Playa Bara - Camping - Caravaning - Bungalows - Spa\" \/>\n<meta property=\"article:modified_time\" content=\"2025-04-09T15:24:36+00:00\" \/>\n<meta name=\"twitter:card\" content=\"summary_large_image\" \/>\n<meta name=\"twitter:label1\" content=\"Temps estimat de lectura\" \/>\n\t<meta name=\"twitter:data1\" content=\"6 minuts\" \/>\n<script type=\"application\/ld+json\" class=\"yoast-schema-graph\">{\"@context\":\"https:\\\/\\\/schema.org\",\"@graph\":[{\"@type\":\"WebPage\",\"@id\":\"https:\\\/\\\/www.playabara.es\\\/ca\\\/politica-de-cookies\\\/\",\"url\":\"https:\\\/\\\/www.playabara.es\\\/ca\\\/politica-de-cookies\\\/\",\"name\":\"Pol\u00edtica de cookies - Playa Bara - Camping - Caravaning - Bungalows - Spa\",\"isPartOf\":{\"@id\":\"https:\\\/\\\/www.playabara.es\\\/ca\\\/#website\"},\"datePublished\":\"2024-02-23T11:11:50+00:00\",\"dateModified\":\"2025-04-09T15:24:36+00:00\",\"description\":\"Descubre qu\u00e9 es la pol\u00edtica de cookies y c\u00f3mo mejora la calidad de nuestra web al almacenar informaci\u00f3n \u00fatil para los usuarios.\",\"breadcrumb\":{\"@id\":\"https:\\\/\\\/www.playabara.es\\\/ca\\\/politica-de-cookies\\\/#breadcrumb\"},\"inLanguage\":\"ca\",\"potentialAction\":[{\"@type\":\"ReadAction\",\"target\":[\"https:\\\/\\\/www.playabara.es\\\/ca\\\/politica-de-cookies\\\/\"]}]},{\"@type\":\"BreadcrumbList\",\"@id\":\"https:\\\/\\\/www.playabara.es\\\/ca\\\/politica-de-cookies\\\/#breadcrumb\",\"itemListElement\":[{\"@type\":\"ListItem\",\"position\":1,\"name\":\"Portada\",\"item\":\"https:\\\/\\\/www.playabara.es\\\/ca\\\/inici\\\/\"},{\"@type\":\"ListItem\",\"position\":2,\"name\":\"Pol\u00edtica de cookies\"}]},{\"@type\":\"WebSite\",\"@id\":\"https:\\\/\\\/www.playabara.es\\\/ca\\\/#website\",\"url\":\"https:\\\/\\\/www.playabara.es\\\/ca\\\/\",\"name\":\"Playa Bara - Camping - Caravaning - Bungalows - Spa\",\"description\":\"\",\"potentialAction\":[{\"@type\":\"SearchAction\",\"target\":{\"@type\":\"EntryPoint\",\"urlTemplate\":\"https:\\\/\\\/www.playabara.es\\\/ca\\\/?s={search_term_string}\"},\"query-input\":{\"@type\":\"PropertyValueSpecification\",\"valueRequired\":true,\"valueName\":\"search_term_string\"}}],\"inLanguage\":\"ca\"}]}<\/script>\n<!-- \/ Yoast SEO Premium plugin. -->","yoast_head_json":{"title":"Pol\u00edtica de cookies - Playa Bara - Camping - Caravaning - Bungalows - Spa","description":"Descubre qu\u00e9 es la pol\u00edtica de cookies y c\u00f3mo mejora la calidad de nuestra web al almacenar informaci\u00f3n \u00fatil para los usuarios.","robots":{"index":"index","follow":"follow","max-snippet":"max-snippet:-1","max-image-preview":"max-image-preview:large","max-video-preview":"max-video-preview:-1"},"canonical":"https:\/\/www.playabara.es\/ca\/politica-de-cookies\/","og_locale":"ca_ES","og_type":"article","og_title":"Pol\u00edtica de cookies","og_description":"Descubre qu\u00e9 es la pol\u00edtica de cookies y c\u00f3mo mejora la calidad de nuestra web al almacenar informaci\u00f3n \u00fatil para los usuarios.","og_url":"https:\/\/www.playabara.es\/ca\/politica-de-cookies\/","og_site_name":"Playa Bara - Camping - Caravaning - Bungalows - Spa","article_modified_time":"2025-04-09T15:24:36+00:00","twitter_card":"summary_large_image","twitter_misc":{"Temps estimat de lectura":"6 minuts"},"schema":{"@context":"https:\/\/schema.org","@graph":[{"@type":"WebPage","@id":"https:\/\/www.playabara.es\/ca\/politica-de-cookies\/","url":"https:\/\/www.playabara.es\/ca\/politica-de-cookies\/","name":"Pol\u00edtica de cookies - Playa Bara - Camping - Caravaning - Bungalows - Spa","isPartOf":{"@id":"https:\/\/www.playabara.es\/ca\/#website"},"datePublished":"2024-02-23T11:11:50+00:00","dateModified":"2025-04-09T15:24:36+00:00","description":"Descubre qu\u00e9 es la pol\u00edtica de cookies y c\u00f3mo mejora la calidad de nuestra web al almacenar informaci\u00f3n \u00fatil para los usuarios.","breadcrumb":{"@id":"https:\/\/www.playabara.es\/ca\/politica-de-cookies\/#breadcrumb"},"inLanguage":"ca","potentialAction":[{"@type":"ReadAction","target":["https:\/\/www.playabara.es\/ca\/politica-de-cookies\/"]}]},{"@type":"BreadcrumbList","@id":"https:\/\/www.playabara.es\/ca\/politica-de-cookies\/#breadcrumb","itemListElement":[{"@type":"ListItem","position":1,"name":"Portada","item":"https:\/\/www.playabara.es\/ca\/inici\/"},{"@type":"ListItem","position":2,"name":"Pol\u00edtica de cookies"}]},{"@type":"WebSite","@id":"https:\/\/www.playabara.es\/ca\/#website","url":"https:\/\/www.playabara.es\/ca\/","name":"Playa Bara - Camping - Caravaning - Bungalows - Spa","description":"","potentialAction":[{"@type":"SearchAction","target":{"@type":"EntryPoint","urlTemplate":"https:\/\/www.playabara.es\/ca\/?s={search_term_string}"},"query-input":{"@type":"PropertyValueSpecification","valueRequired":true,"valueName":"search_term_string"}}],"inLanguage":"ca"}]}},"_links":{"self":[{"href":"https:\/\/www.playabara.es\/ca\/wp-json\/wp\/v2\/pages\/8000","targetHints":{"allow":["GET"]}}],"collection":[{"href":"https:\/\/www.playabara.es\/ca\/wp-json\/wp\/v2\/pages"}],"about":[{"href":"https:\/\/www.playabara.es\/ca\/wp-json\/wp\/v2\/types\/page"}],"author":[{"embeddable":true,"href":"https:\/\/www.playabara.es\/ca\/wp-json\/wp\/v2\/users\/1"}],"replies":[{"embeddable":true,"href":"https:\/\/www.playabara.es\/ca\/wp-json\/wp\/v2\/comments?post=8000"}],"version-history":[{"count":12,"href":"https:\/\/www.playabara.es\/ca\/wp-json\/wp\/v2\/pages\/8000\/revisions"}],"predecessor-version":[{"id":13124,"href":"https:\/\/www.playabara.es\/ca\/wp-json\/wp\/v2\/pages\/8000\/revisions\/13124"}],"wp:attachment":[{"href":"https:\/\/www.playabara.es\/ca\/wp-json\/wp\/v2\/media?parent=8000"}],"curies":[{"name":"wp","href":"https:\/\/api.w.org\/{rel}","templated":true}]}}