{"id":7677,"date":"2024-01-24T13:43:22","date_gmt":"2024-01-24T12:43:22","guid":{"rendered":"https:\/\/www.playabara.es\/animacion\/"},"modified":"2026-03-20T16:05:39","modified_gmt":"2026-03-20T15:05:39","slug":"animation","status":"publish","type":"page","link":"https:\/\/www.playabara.es\/de\/animation\/","title":{"rendered":"Animation"},"content":{"rendered":"\t\t<div data-elementor-type=\"wp-page\" data-elementor-id=\"7677\" class=\"elementor elementor-7677 elementor-2433\">\n\t\t\t\t\t\t<section class=\"elementor-section elementor-top-section elementor-element elementor-element-51b883a elementor-section-height-min-height cs-section-content-fullwidth cs-parallax-on-scroll cs_scroll_y_100 elementor-section-boxed elementor-section-height-default elementor-section-items-middle\" data-id=\"51b883a\" data-element_type=\"section\" data-e-type=\"section\" data-settings=\"{&quot;background_background&quot;:&quot;classic&quot;}\" data-cs-parallax-y=\"100\" style=\"background-image: none;\" data-cs-background-image=\"https:\/\/www.playabara.es\/wp-content\/uploads\/2024\/05\/286154178_10224310100637952_851300422435122484_n.jpg\">\n\t\t\t\t\t\t\t<div class=\"elementor-background-overlay\"><\/div>\n\t\t\t\t\t\t\t<div class=\"elementor-container elementor-column-gap-no\">\n\t\t\t\t\t<div class=\"elementor-column elementor-col-100 elementor-top-column elementor-element elementor-element-f8603f5 dark-color\" data-id=\"f8603f5\" data-element_type=\"column\" data-e-type=\"column\">\n\t\t\t<div class=\"elementor-widget-wrap elementor-element-populated\">\n\t\t\t\t\t\t<div class=\"elementor-element elementor-element-5638ee6 elementor-widget elementor-widget-cs_title\" data-id=\"5638ee6\" data-element_type=\"widget\" data-e-type=\"widget\" data-widget_type=\"cs_title.default\">\n\t\t\t\t<div class=\"elementor-widget-container\">\n\t\t\t\t\t\n        <div class=\"cs-title-wrap text-center\">\t            <h1 class=\"cs-title\">\n\t                ANIMATION\t            <\/h1>\t            <div class=\"cs-title-text\">\n\t                <p style=\"width: 60%; margin: auto;\">Ob Sie einen Tag, ein Wochenende oder einen wohlverdienten Urlaub zu zweit oder mit der Familie verbringen, Sie weden sich gern an die Aktivit\u00e4ten und Erlebnisse auf dem PLAYA BARA erinnern.<\/p>\t            <\/div>        <\/div>\t\t\t\t<\/div>\n\t\t\t\t<\/div>\n\t\t\t\t\t<\/div>\n\t\t<\/div>\n\t\t\t\t\t<\/div>\n\t\t<\/section>\n\t\t<div class=\"elementor-element elementor-element-2c2d1a5 e-flex e-con-boxed e-con e-parent\" data-id=\"2c2d1a5\" data-element_type=\"container\" data-e-type=\"container\">\n\t\t\t\t\t<div class=\"e-con-inner\">\n\t\t\t\t<div class=\"elementor-element elementor-element-2849738 elementor-widget elementor-widget-image\" data-id=\"2849738\" data-element_type=\"widget\" data-e-type=\"widget\" data-widget_type=\"image.default\">\n\t\t\t\t<div class=\"elementor-widget-container\">\n\t\t\t\t\t\t\t\t\t\t\t\t\t\t\t<img decoding=\"async\" src=\"https:\/\/www.playabara.es\/wp-content\/uploads\/elementor\/thumbs\/animacion_icon-qis7f0u198r2t6j7hktnzfemkystbq0xlas2xufyuo.png\" title=\"animacion_icon\" alt=\"animacion_icon\" loading=\"lazy\" \/>\t\t\t\t\t\t\t\t\t\t\t\t\t\t\t<\/div>\n\t\t\t\t<\/div>\n\t\t\t\t\t<\/div>\n\t\t\t\t<\/div>\n\t\t<div class=\"elementor-element elementor-element-d72901c e-flex e-con-boxed e-con e-parent\" data-id=\"d72901c\" data-element_type=\"container\" data-e-type=\"container\">\n\t\t\t\t\t<div class=\"e-con-inner\">\n\t\t\t\t<div class=\"elementor-element elementor-element-846dcd8 elementor-widget elementor-widget-cs_title\" data-id=\"846dcd8\" data-element_type=\"widget\" data-e-type=\"widget\" data-widget_type=\"cs_title.default\">\n\t\t\t\t<div class=\"elementor-widget-container\">\n\t\t\t\t\t\n        <div class=\"cs-title-wrap text-center\">\t            <div class=\"cs-subtitle-wrap\"><span class=\"cs-subtitle\">SPASS F\u00dcR JEDES ALTER<\/span><\/div>\t            <h4 class=\"cs-title\">\n\t                AKTIVIT\u00c4TEN F\u00dcR ALLE\t            <\/h4>\t            <div class=\"cs-title-text\">\n\t                <p>Unz\u00e4hlige Aktivit\u00e4ten f\u00fcr Kinder, Sportwettbewerbe aller Art, betreute Kurse, Familienaktivit\u00e4ten, T\u00e4nze und nat\u00fcrlich eine Vielzahl von Abend- und Tagesshows f\u00fcr alle Altersgruppen.<br><br>Unser Animationsteam sorgt daf\u00fcr, dass es Jung und Alt keinen Moment langweilig wird: Spa\u00df und Bewegung sind bei unserem Angebot an Einrichtungen und Aktivit\u00e4ten inmitten der Natur garantiert.<\/p>\t            <\/div>        <\/div>\t\t\t\t<\/div>\n\t\t\t\t<\/div>\n\t\t\t\t\t<\/div>\n\t\t\t\t<\/div>\n\t\t<div class=\"elementor-element elementor-element-873af1e e-flex e-con-boxed e-con e-parent\" data-id=\"873af1e\" data-element_type=\"container\" data-e-type=\"container\">\n\t\t\t\t\t<div class=\"e-con-inner\">\n\t\t\t\t<div class=\"elementor-element elementor-element-421ac61 elementor-widget__width-initial elementor-widget elementor-widget-cs_info_box\" data-id=\"421ac61\" data-element_type=\"widget\" data-e-type=\"widget\" data-widget_type=\"cs_info_box.default\">\n\t\t\t\t<div class=\"elementor-widget-container\">\n\t\t\t\t\t\n\t\t\t<div class=\"cs-info-box column-1 valign-middle img-left text-center\">\n                <div class=\"cs-info-box-wrap\">                    <div class=\"cs-info-box-item elementor-repeater-item-c685940\">\n                    \t<div class=\"cs-item-container\">\t                        <div class=\"cs-info-box-img\"><img decoding=\"async\" src=\"https:\/\/www.playabara.es\/wp-content\/uploads\/elementor\/thumbs\/unnamed-r43xvkepe53id7g4u7clerhkraqh92uxgvvqb1f1yk.webp\" title=\"unnamed\" alt=\"unnamed\" loading=\"lazy\" \/>\t                        <\/div>\t                        <div class=\"cs-info-box-content\">\n\t                            <h1 class=\"cs-title cs-info-box-title\">Animationsprogramm in unserer App verf\u00fcgbar\t\t\t\t\t\t\t\t<\/h1>\t                        <\/div>\t                    <\/div>\n                    <\/div>\t\t\t\t<\/div>\n\t\t\t<\/div>\t\t\t\t<\/div>\n\t\t\t\t<\/div>\n\t\t\t\t\t<\/div>\n\t\t\t\t<\/div>\n\t\t<section class=\"elementor-element elementor-element-058392e e-con-full e-flex e-con e-parent\" data-id=\"058392e\" data-element_type=\"container\" data-e-type=\"container\" data-settings=\"{&quot;background_background&quot;:&quot;classic&quot;}\">\n\t\t<div class=\"elementor-element elementor-element-cc68703 e-con-full e-flex e-con e-child\" data-id=\"cc68703\" data-element_type=\"container\" data-e-type=\"container\">\n\t\t\t\t<div class=\"elementor-element elementor-element-9b791d0 elementor-widget elementor-widget-cs_title\" data-id=\"9b791d0\" data-element_type=\"widget\" data-e-type=\"widget\" data-widget_type=\"cs_title.default\">\n\t\t\t\t<div class=\"elementor-widget-container\">\n\t\t\t\t\t\n        <div class=\"cs-title-wrap text-center\">\t            <div class=\"cs-subtitle-wrap\"><span class=\"cs-subtitle color-black\">Aktivit\u00e4ten f\u00fcr Kinder<\/span><\/div>\t            <div class=\"cs-title-text color-black\">\n\t                <p>Den ganzen Tag \u00fcber k\u00f6nnen die Kinder an zahlreichen Spielen und Aktivit\u00e4ten teilnehmen, die von unseren Animateuren geleitet und koordiniert werden.<\/p><p><span style=\"font-size: inherit; background-color: var(--bg-color);\">Profitieren Sie von unseren Einrichtungen wie das Schwimmbad mit Wasserspielen, der Minigolfanlage, unserem renovierten Miniclub (Workshops, Bastelangebote, Luftballonkunst, Schminken, usw.) und selbstverst\u00e4ndlich der Mini-Disco im Amphitheater mit Tanz und Spiel f\u00fcr die ganze Familie.<\/span><\/p><p>Den ganzen Tag \u00fcber k\u00f6nnen sich die Kinder auf dem Kinderspielplatz austoben oder an den Aktivit\u00e4ten im Biogarten teilnehmen um die die Natur und die Umwelt zu entdecken.<\/p>\t            <\/div>        <\/div>\t\t\t\t<\/div>\n\t\t\t\t<\/div>\n\t\t\t\t<\/div>\n\t\t<div class=\"elementor-element elementor-element-d7b536f e-con-full e-flex e-con e-child\" data-id=\"d7b536f\" data-element_type=\"container\" data-e-type=\"container\" data-settings=\"{&quot;background_background&quot;:&quot;slideshow&quot;,&quot;background_slideshow_gallery&quot;:[{&quot;id&quot;:7688,&quot;url&quot;:&quot;https:\\\/\\\/www.playabara.es\\\/wp-content\\\/uploads\\\/2024\\\/03\\\/0fdaee88-38fa-4172-a57d-3b7448531c1d.jpg&quot;},{&quot;id&quot;:7690,&quot;url&quot;:&quot;https:\\\/\\\/www.playabara.es\\\/wp-content\\\/uploads\\\/2024\\\/03\\\/d6abc2d3-7a7a-47e9-96ff-b6c1a26d5adf-1.jpg&quot;}],&quot;background_slideshow_loop&quot;:&quot;yes&quot;,&quot;background_slideshow_slide_duration&quot;:5000,&quot;background_slideshow_slide_transition&quot;:&quot;fade&quot;,&quot;background_slideshow_transition_duration&quot;:500}\">\n\t\t\t\t<\/div>\n\t\t\t\t<\/section>\n\t\t<section class=\"elementor-element elementor-element-8808e2a e-con-full e-flex e-con e-parent\" data-id=\"8808e2a\" data-element_type=\"container\" data-e-type=\"container\" data-settings=\"{&quot;background_background&quot;:&quot;classic&quot;}\">\n\t\t<div class=\"elementor-element elementor-element-81d7364 e-con-full e-flex e-con e-child\" data-id=\"81d7364\" data-element_type=\"container\" data-e-type=\"container\" data-settings=\"{&quot;background_background&quot;:&quot;slideshow&quot;,&quot;background_slideshow_gallery&quot;:[{&quot;id&quot;:7699,&quot;url&quot;:&quot;https:\\\/\\\/www.playabara.es\\\/wp-content\\\/uploads\\\/2024\\\/03\\\/IMG_8574.jpg&quot;},{&quot;id&quot;:7700,&quot;url&quot;:&quot;https:\\\/\\\/www.playabara.es\\\/wp-content\\\/uploads\\\/2024\\\/03\\\/IMG_8578.jpg&quot;}],&quot;background_slideshow_loop&quot;:&quot;yes&quot;,&quot;background_slideshow_slide_duration&quot;:5000,&quot;background_slideshow_slide_transition&quot;:&quot;fade&quot;,&quot;background_slideshow_transition_duration&quot;:500}\">\n\t\t\t\t<\/div>\n\t\t<div class=\"elementor-element elementor-element-8cfea30 e-con-full e-flex e-con e-child\" data-id=\"8cfea30\" data-element_type=\"container\" data-e-type=\"container\">\n\t\t\t\t<div class=\"elementor-element elementor-element-9a96fb2 elementor-widget elementor-widget-cs_title\" data-id=\"9a96fb2\" data-element_type=\"widget\" data-e-type=\"widget\" data-widget_type=\"cs_title.default\">\n\t\t\t\t<div class=\"elementor-widget-container\">\n\t\t\t\t\t\n        <div class=\"cs-title-wrap text-center\">\t            <div class=\"cs-subtitle-wrap\"><span class=\"cs-subtitle color-black\">Jugendliche und Erwachsene<\/span><\/div>\t            <h2 class=\"cs-title color-black\">\n\t                Aktivit\u00e4ten und Fitnesskurse, Outdoor oder Indoor\t            <\/h2>\t            <div class=\"cs-title-text color-black\">\n\t                F\u00fcr unsere G\u00e4ste ab 16 Jahren bieten wir verschiedene M\u00f6glichkeiten an wie Sportturniere (Fu\u00dfball, Paddletennis, Tennis, Basketball, Tischtennis, Wasserball), spezielle Aktivit\u00e4ten wie Bogen- und Luftgewehrschie\u00dfen, geplante Wanderungen oder Zumba im Amphitheater. In unseren zahlreichen Einrichtungen k\u00f6nnen Sie au\u00dferdem Ihren Lieblingssport in aller Ruhe aus\u00fcben. F\u00fcr die Nachtschw\u00e4rmer bietet das Resort einen eigenen Nachtclub.\nUnser Fitnesscenter bietet alle Arten von Ger\u00e4ten f\u00fcr jede Art von \u00dcbung. Sie werden auch immer jemanden finden, der Sie jederzeit beraten und begleiten kann. Au\u00dferdem k\u00f6nnen Sie auch an Outdoor-Kursen wie Zumba, Spinning, Pilates, GAP, Yoga, Stretching, usw. teilnehmen.\t            <\/div>        <\/div>\t\t\t\t<\/div>\n\t\t\t\t<\/div>\n\t\t\t\t<\/div>\n\t\t\t\t<\/section>\n\t\t<section class=\"elementor-element elementor-element-8b73a18 e-con-full e-flex e-con e-parent\" data-id=\"8b73a18\" data-element_type=\"container\" data-e-type=\"container\" data-settings=\"{&quot;background_background&quot;:&quot;classic&quot;}\">\n\t\t<div class=\"elementor-element elementor-element-2f07ec6 e-con-full e-flex e-con e-child\" data-id=\"2f07ec6\" data-element_type=\"container\" data-e-type=\"container\">\n\t\t\t\t<div class=\"elementor-element elementor-element-f7d4c0a elementor-widget elementor-widget-cs_title\" data-id=\"f7d4c0a\" data-element_type=\"widget\" data-e-type=\"widget\" data-widget_type=\"cs_title.default\">\n\t\t\t\t<div class=\"elementor-widget-container\">\n\t\t\t\t\t\n        <div class=\"cs-title-wrap text-center\">\t            <div class=\"cs-subtitle-wrap\"><span class=\"cs-subtitle color-black\">Nightshows<\/span><\/div>\t            <h2 class=\"cs-title color-black\">\n\t                F\u00fcr die ganze Familie\t            <\/h2>\t            <div class=\"cs-title-text color-black\">\n\t                <p>Haben Sie viel Spa\u00df bei unseren Shows im gro\u00dfen r\u00f6mischen Amphitheater: Musicals, die vom eigenen Animationsteam kreiert wurden, Wettbewerbe zum teilmehmen, Akrobatien und Themenshows, Tributbands, Live-Musik und vieles mehr.<\/p>\t            <\/div>        <\/div>\t\t\t\t<\/div>\n\t\t\t\t<\/div>\n\t\t\t\t<\/div>\n\t\t<div class=\"elementor-element elementor-element-de9d9e0 e-con-full e-flex e-con e-child\" data-id=\"de9d9e0\" data-element_type=\"container\" data-e-type=\"container\" data-settings=\"{&quot;background_background&quot;:&quot;slideshow&quot;,&quot;background_slideshow_gallery&quot;:[{&quot;id&quot;:7691,&quot;url&quot;:&quot;https:\\\/\\\/www.playabara.es\\\/wp-content\\\/uploads\\\/2024\\\/03\\\/302190231_10224692045106325_301821874253402257_n.jpg&quot;},{&quot;id&quot;:7692,&quot;url&quot;:&quot;https:\\\/\\\/www.playabara.es\\\/wp-content\\\/uploads\\\/2024\\\/03\\\/305203208_10224707693617528_7761634057839183819_n.jpg&quot;},{&quot;id&quot;:7693,&quot;url&quot;:&quot;https:\\\/\\\/www.playabara.es\\\/wp-content\\\/uploads\\\/2024\\\/03\\\/305410301_10224719228345889_4070841340615375848_n.jpg&quot;},{&quot;id&quot;:7694,&quot;url&quot;:&quot;https:\\\/\\\/www.playabara.es\\\/wp-content\\\/uploads\\\/2024\\\/03\\\/306125116_10224734758374130_310733414264289156_n.jpg&quot;},{&quot;id&quot;:7695,&quot;url&quot;:&quot;https:\\\/\\\/www.playabara.es\\\/wp-content\\\/uploads\\\/2024\\\/03\\\/306397531_10224739145443804_2784852050782614302_n.jpg&quot;},{&quot;id&quot;:7696,&quot;url&quot;:&quot;https:\\\/\\\/www.playabara.es\\\/wp-content\\\/uploads\\\/2024\\\/03\\\/306525915_10224739166564332_5980151473032232120_n.jpg&quot;},{&quot;id&quot;:7697,&quot;url&quot;:&quot;https:\\\/\\\/www.playabara.es\\\/wp-content\\\/uploads\\\/2024\\\/03\\\/306663158_10224739144523781_3328096756601170072_n-scaled.jpg&quot;},{&quot;id&quot;:7698,&quot;url&quot;:&quot;https:\\\/\\\/www.playabara.es\\\/wp-content\\\/uploads\\\/2024\\\/03\\\/306716092_10224742538448627_4775194963970949688_n-scaled.jpg&quot;}],&quot;background_slideshow_loop&quot;:&quot;yes&quot;,&quot;background_slideshow_slide_duration&quot;:5000,&quot;background_slideshow_slide_transition&quot;:&quot;fade&quot;,&quot;background_slideshow_transition_duration&quot;:500}\">\n\t\t\t\t<\/div>\n\t\t\t\t<\/section>\n\t\t\t\t<\/div>\n\t\t","protected":false},"excerpt":{"rendered":"<p>ANIMATION Ob Sie einen Tag, ein Wochenende oder einen wohlverdienten Urlaub zu zweit oder mit der Familie verbringen, Sie weden sich gern an die Aktivit\u00e4ten und Erlebnisse auf dem PLAYA BARA erinnern. SPASS F\u00dcR JEDES ALTER AKTIVIT\u00c4TEN F\u00dcR ALLE Unz\u00e4hlige Aktivit\u00e4ten f\u00fcr Kinder, Sportwettbewerbe aller Art, betreute Kurse, Familienaktivit\u00e4ten, T\u00e4nze und nat\u00fcrlich eine Vielzahl von &#8230;<\/p>\n","protected":false},"author":1,"featured_media":0,"parent":0,"menu_order":0,"comment_status":"closed","ping_status":"closed","template":"template-wide-content.php","meta":{"_acf_changed":false,"om_disable_all_campaigns":false,"_uf_show_specific_survey":0,"_uf_disable_surveys":false,"cozystay_single_page_hide_site_header":"","cozystay_single_page_site_header_source":"","cozystay_single_page_custom_site_header":"0","cozystay_single_page_custom_sticky_site_header":"0","cozystay_single_page_hide_page_title":"","cozystay_single_page_header_section_size":"","cozystay_single_page_header_background_color":"","cozystay_single_page_header_background_position_x":"center","cozystay_single_page_header_background_position_y":"center","cozystay_single_page_header_background_size":"cover","cozystay_single_page_header_background_repeat":"off","cozystay_single_page_header_background_scroll":"on","cozystay_single_page_header_text_color":"","cozystay_single_page_header_show_breadcrumb":"","cozystay_single_page_site_footer_hide_main":"","cozystay_single_custom_site_footer_main_source":"","cozystay_single_custom_site_footer_main":"0","cozystay_single_page_site_footer_hide_above":"","cozystay_single_custom_site_footer_above_source":"","cozystay_single_custom_site_footer_above":"0","cozystay_single_page_site_footer_hide_instagram":"","cozystay_single_page_site_footer_hide_bottom":"","cozystay_single_custom_mobile_menu_source":"","cozystay_single_custom_mobile_menu":"0","cozystay_single_custom_mobile_menu_animation":"","cozystay_single_custom_mobile_menu_width":"","cozystay_single_custom_mobile_menu_custom_width":375,"footnotes":""},"class_list":["post-7677","page","type-page","status-publish","hentry"],"acf":[],"yoast_head":"<!-- This site is optimized with the Yoast SEO Premium plugin v27.2 (Yoast SEO v27.3) - https:\/\/yoast.com\/product\/yoast-seo-premium-wordpress\/ -->\n<title>Animation - Playa Bara - Camping - Caravaning - Bungalows - Spa<\/title>\n<meta name=\"description\" content=\"Disfruta de la mejor animacion en PLAYA BARA con actividades para toda la familia. \u00a1Diversi\u00f3n sin l\u00edmites!\" \/>\n<meta name=\"robots\" content=\"index, follow, max-snippet:-1, max-image-preview:large, max-video-preview:-1\" \/>\n<link rel=\"canonical\" href=\"https:\/\/www.playabara.es\/de\/animation\/\" \/>\n<meta property=\"og:locale\" content=\"de_DE\" \/>\n<meta property=\"og:type\" content=\"article\" \/>\n<meta property=\"og:title\" content=\"Animation\" \/>\n<meta property=\"og:description\" content=\"Disfruta de la mejor animacion en PLAYA BARA con actividades para toda la familia. \u00a1Diversi\u00f3n sin l\u00edmites!\" \/>\n<meta property=\"og:url\" content=\"https:\/\/www.playabara.es\/de\/animation\/\" \/>\n<meta property=\"og:site_name\" content=\"Playa Bara - Camping - Caravaning - Bungalows - Spa\" \/>\n<meta property=\"article:modified_time\" content=\"2026-03-20T15:05:39+00:00\" \/>\n<meta property=\"og:image\" content=\"https:\/\/www.playabara.es\/wp-content\/uploads\/elementor\/thumbs\/animacion_icon-qis7f0u198r2t6j7hktnzfemkystbq0xlas2xufyuo.png\" \/>\n<meta name=\"twitter:card\" content=\"summary_large_image\" \/>\n<meta name=\"twitter:label1\" content=\"Gesch\u00e4tzte Lesezeit\" \/>\n\t<meta name=\"twitter:data1\" content=\"3\u00a0Minuten\" \/>\n<script type=\"application\/ld+json\" class=\"yoast-schema-graph\">{\"@context\":\"https:\\\/\\\/schema.org\",\"@graph\":[{\"@type\":\"WebPage\",\"@id\":\"https:\\\/\\\/www.playabara.es\\\/de\\\/animation\\\/\",\"url\":\"https:\\\/\\\/www.playabara.es\\\/de\\\/animation\\\/\",\"name\":\"Animation - Playa Bara - Camping - Caravaning - Bungalows - Spa\",\"isPartOf\":{\"@id\":\"https:\\\/\\\/www.playabara.es\\\/de\\\/#website\"},\"primaryImageOfPage\":{\"@id\":\"https:\\\/\\\/www.playabara.es\\\/de\\\/animation\\\/#primaryimage\"},\"image\":{\"@id\":\"https:\\\/\\\/www.playabara.es\\\/de\\\/animation\\\/#primaryimage\"},\"thumbnailUrl\":\"https:\\\/\\\/www.playabara.es\\\/wp-content\\\/uploads\\\/elementor\\\/thumbs\\\/animacion_icon-qis7f0u198r2t6j7hktnzfemkystbq0xlas2xufyuo.png\",\"datePublished\":\"2024-01-24T12:43:22+00:00\",\"dateModified\":\"2026-03-20T15:05:39+00:00\",\"description\":\"Disfruta de la mejor animacion en PLAYA BARA con actividades para toda la familia. \u00a1Diversi\u00f3n sin l\u00edmites!\",\"breadcrumb\":{\"@id\":\"https:\\\/\\\/www.playabara.es\\\/de\\\/animation\\\/#breadcrumb\"},\"inLanguage\":\"de\",\"potentialAction\":[{\"@type\":\"ReadAction\",\"target\":[\"https:\\\/\\\/www.playabara.es\\\/de\\\/animation\\\/\"]}]},{\"@type\":\"ImageObject\",\"inLanguage\":\"de\",\"@id\":\"https:\\\/\\\/www.playabara.es\\\/de\\\/animation\\\/#primaryimage\",\"url\":\"https:\\\/\\\/www.playabara.es\\\/wp-content\\\/uploads\\\/elementor\\\/thumbs\\\/animacion_icon-qis7f0u198r2t6j7hktnzfemkystbq0xlas2xufyuo.png\",\"contentUrl\":\"https:\\\/\\\/www.playabara.es\\\/wp-content\\\/uploads\\\/elementor\\\/thumbs\\\/animacion_icon-qis7f0u198r2t6j7hktnzfemkystbq0xlas2xufyuo.png\"},{\"@type\":\"BreadcrumbList\",\"@id\":\"https:\\\/\\\/www.playabara.es\\\/de\\\/animation\\\/#breadcrumb\",\"itemListElement\":[{\"@type\":\"ListItem\",\"position\":1,\"name\":\"Portada\",\"item\":\"https:\\\/\\\/www.playabara.es\\\/de\\\/start\\\/\"},{\"@type\":\"ListItem\",\"position\":2,\"name\":\"Animation\"}]},{\"@type\":\"WebSite\",\"@id\":\"https:\\\/\\\/www.playabara.es\\\/de\\\/#website\",\"url\":\"https:\\\/\\\/www.playabara.es\\\/de\\\/\",\"name\":\"Playa Bara - Camping - Caravaning - Bungalows - Spa\",\"description\":\"\",\"potentialAction\":[{\"@type\":\"SearchAction\",\"target\":{\"@type\":\"EntryPoint\",\"urlTemplate\":\"https:\\\/\\\/www.playabara.es\\\/de\\\/?s={search_term_string}\"},\"query-input\":{\"@type\":\"PropertyValueSpecification\",\"valueRequired\":true,\"valueName\":\"search_term_string\"}}],\"inLanguage\":\"de\"}]}<\/script>\n<!-- \/ Yoast SEO Premium plugin. -->","yoast_head_json":{"title":"Animation - Playa Bara - Camping - Caravaning - Bungalows - Spa","description":"Disfruta de la mejor animacion en PLAYA BARA con actividades para toda la familia. \u00a1Diversi\u00f3n sin l\u00edmites!","robots":{"index":"index","follow":"follow","max-snippet":"max-snippet:-1","max-image-preview":"max-image-preview:large","max-video-preview":"max-video-preview:-1"},"canonical":"https:\/\/www.playabara.es\/de\/animation\/","og_locale":"de_DE","og_type":"article","og_title":"Animation","og_description":"Disfruta de la mejor animacion en PLAYA BARA con actividades para toda la familia. \u00a1Diversi\u00f3n sin l\u00edmites!","og_url":"https:\/\/www.playabara.es\/de\/animation\/","og_site_name":"Playa Bara - Camping - Caravaning - Bungalows - Spa","article_modified_time":"2026-03-20T15:05:39+00:00","og_image":[{"url":"https:\/\/www.playabara.es\/wp-content\/uploads\/elementor\/thumbs\/animacion_icon-qis7f0u198r2t6j7hktnzfemkystbq0xlas2xufyuo.png","type":"","width":"","height":""}],"twitter_card":"summary_large_image","twitter_misc":{"Gesch\u00e4tzte Lesezeit":"3\u00a0Minuten"},"schema":{"@context":"https:\/\/schema.org","@graph":[{"@type":"WebPage","@id":"https:\/\/www.playabara.es\/de\/animation\/","url":"https:\/\/www.playabara.es\/de\/animation\/","name":"Animation - Playa Bara - Camping - Caravaning - Bungalows - Spa","isPartOf":{"@id":"https:\/\/www.playabara.es\/de\/#website"},"primaryImageOfPage":{"@id":"https:\/\/www.playabara.es\/de\/animation\/#primaryimage"},"image":{"@id":"https:\/\/www.playabara.es\/de\/animation\/#primaryimage"},"thumbnailUrl":"https:\/\/www.playabara.es\/wp-content\/uploads\/elementor\/thumbs\/animacion_icon-qis7f0u198r2t6j7hktnzfemkystbq0xlas2xufyuo.png","datePublished":"2024-01-24T12:43:22+00:00","dateModified":"2026-03-20T15:05:39+00:00","description":"Disfruta de la mejor animacion en PLAYA BARA con actividades para toda la familia. \u00a1Diversi\u00f3n sin l\u00edmites!","breadcrumb":{"@id":"https:\/\/www.playabara.es\/de\/animation\/#breadcrumb"},"inLanguage":"de","potentialAction":[{"@type":"ReadAction","target":["https:\/\/www.playabara.es\/de\/animation\/"]}]},{"@type":"ImageObject","inLanguage":"de","@id":"https:\/\/www.playabara.es\/de\/animation\/#primaryimage","url":"https:\/\/www.playabara.es\/wp-content\/uploads\/elementor\/thumbs\/animacion_icon-qis7f0u198r2t6j7hktnzfemkystbq0xlas2xufyuo.png","contentUrl":"https:\/\/www.playabara.es\/wp-content\/uploads\/elementor\/thumbs\/animacion_icon-qis7f0u198r2t6j7hktnzfemkystbq0xlas2xufyuo.png"},{"@type":"BreadcrumbList","@id":"https:\/\/www.playabara.es\/de\/animation\/#breadcrumb","itemListElement":[{"@type":"ListItem","position":1,"name":"Portada","item":"https:\/\/www.playabara.es\/de\/start\/"},{"@type":"ListItem","position":2,"name":"Animation"}]},{"@type":"WebSite","@id":"https:\/\/www.playabara.es\/de\/#website","url":"https:\/\/www.playabara.es\/de\/","name":"Playa Bara - Camping - Caravaning - Bungalows - Spa","description":"","potentialAction":[{"@type":"SearchAction","target":{"@type":"EntryPoint","urlTemplate":"https:\/\/www.playabara.es\/de\/?s={search_term_string}"},"query-input":{"@type":"PropertyValueSpecification","valueRequired":true,"valueName":"search_term_string"}}],"inLanguage":"de"}]}},"_links":{"self":[{"href":"https:\/\/www.playabara.es\/de\/wp-json\/wp\/v2\/pages\/7677","targetHints":{"allow":["GET"]}}],"collection":[{"href":"https:\/\/www.playabara.es\/de\/wp-json\/wp\/v2\/pages"}],"about":[{"href":"https:\/\/www.playabara.es\/de\/wp-json\/wp\/v2\/types\/page"}],"author":[{"embeddable":true,"href":"https:\/\/www.playabara.es\/de\/wp-json\/wp\/v2\/users\/1"}],"replies":[{"embeddable":true,"href":"https:\/\/www.playabara.es\/de\/wp-json\/wp\/v2\/comments?post=7677"}],"version-history":[{"count":117,"href":"https:\/\/www.playabara.es\/de\/wp-json\/wp\/v2\/pages\/7677\/revisions"}],"predecessor-version":[{"id":16398,"href":"https:\/\/www.playabara.es\/de\/wp-json\/wp\/v2\/pages\/7677\/revisions\/16398"}],"wp:attachment":[{"href":"https:\/\/www.playabara.es\/de\/wp-json\/wp\/v2\/media?parent=7677"}],"curies":[{"name":"wp","href":"https:\/\/api.w.org\/{rel}","templated":true}]}}