{"id":8005,"date":"2024-02-23T12:10:09","date_gmt":"2024-02-23T11:10:09","guid":{"rendered":"https:\/\/www.playabara.es\/politica-de-privacidad\/"},"modified":"2025-05-19T13:41:26","modified_gmt":"2025-05-19T11:41:26","slug":"politica-de-privacidad","status":"publish","type":"page","link":"https:\/\/www.playabara.es\/de\/politica-de-privacidad\/","title":{"rendered":"Datenschutzrichtlinie"},"content":{"rendered":"\t\t<div data-elementor-type=\"wp-page\" data-elementor-id=\"8005\" class=\"elementor elementor-8005 elementor-4183\">\n\t\t\t\t\t\t<section class=\"elementor-section elementor-top-section elementor-element elementor-element-c2f8bb4 elementor-section-height-min-height cs-section-content-fullwidth cs-parallax-on-scroll cs_scroll_y_80 elementor-section-boxed elementor-section-height-default elementor-section-items-middle\" data-id=\"c2f8bb4\" data-element_type=\"section\" data-e-type=\"section\" data-settings=\"{&quot;background_background&quot;:&quot;classic&quot;}\" data-cs-parallax-y=\"80\" style=\"background-image: none;\" data-cs-background-image=\"https:\/\/www.playabara.es\/wp-content\/uploads\/2024\/05\/DJI_0209-1-scaled.jpg\">\n\t\t\t\t\t\t\t<div class=\"elementor-background-overlay\"><\/div>\n\t\t\t\t\t\t\t<div class=\"elementor-container elementor-column-gap-no\">\n\t\t\t\t\t<div class=\"elementor-column elementor-col-100 elementor-top-column elementor-element elementor-element-f1f730c dark-color\" data-id=\"f1f730c\" data-element_type=\"column\" data-e-type=\"column\">\n\t\t\t<div class=\"elementor-widget-wrap elementor-element-populated\">\n\t\t\t\t\t\t<div class=\"elementor-element elementor-element-a4d6d07 elementor-widget elementor-widget-cs_title\" data-id=\"a4d6d07\" data-element_type=\"widget\" data-e-type=\"widget\" data-widget_type=\"cs_title.default\">\n\t\t\t\t<div class=\"elementor-widget-container\">\n\t\t\t\t\t\n        <div class=\"cs-title-wrap text-center\">\t            <h1 class=\"cs-title\">\n\t                DATENSCHUTZRICHTLINIE\t            <\/h1>        <\/div>\t\t\t\t<\/div>\n\t\t\t\t<\/div>\n\t\t\t\t\t<\/div>\n\t\t<\/div>\n\t\t\t\t\t<\/div>\n\t\t<\/section>\n\t\t<div class=\"elementor-element elementor-element-ffc14c5 e-flex e-con-boxed e-con e-parent\" data-id=\"ffc14c5\" data-element_type=\"container\" data-e-type=\"container\">\n\t\t\t\t\t<div class=\"e-con-inner\">\n\t\t\t\t<div class=\"elementor-element elementor-element-d028945 elementor-widget elementor-widget-heading\" data-id=\"d028945\" data-element_type=\"widget\" data-e-type=\"widget\" data-widget_type=\"heading.default\">\n\t\t\t\t<div class=\"elementor-widget-container\">\n\t\t\t\t\t<h2 class=\"elementor-heading-title elementor-size-default\">Datenschutzrichtlinie<\/h2>\t\t\t\t<\/div>\n\t\t\t\t<\/div>\n\t\t\t\t<div class=\"elementor-element elementor-element-b3e37b9 elementor-widget elementor-widget-text-editor\" data-id=\"b3e37b9\" data-element_type=\"widget\" data-e-type=\"widget\" data-widget_type=\"text-editor.default\">\n\t\t\t\t<div class=\"elementor-widget-container\">\n\t\t\t\t\t\t\t\t\t<p>Grundlegende Informationen zum Datenschutz<\/p><p>Verantwortlich: CAMPING CARAVANNING PARK PLAYA BARA, SL<\/p><p>Zweck: Bereitstellung der angeforderten Dienstleistungen, Aufrechterhaltung der Kommunikation zur Erreichung dieser Ziele und um Sie \u00fcber unsere Aktivit\u00e4ten im Allgemeinen auf dem Laufenden zu halten.<\/p><p>Legitimation: Vertragsdurchf\u00fchrung. Zustimmung des Interessenten.<\/p><p>Empf\u00e4nger: Es werden keine Daten an Dritte weitergegeben, es sei denn, es besteht eine gesetzliche Verpflichtung.<\/p><p>Rechte: Sie haben das Recht auf Zugang, Berichtigung und L\u00f6schung der Daten sowie auf andere in den zus\u00e4tzlichen Informationen angegebene Rechte, die Sie aus\u00fcben k\u00f6nnen, indem Sie sich an die Adresse admin@barapark.es wenden; personal@barapark.es.<\/p><p>Zus\u00e4tzliche Informationen zum Datenschutz<\/p><p>Wer ist f\u00fcr die Verarbeitung Ihrer Daten verantwortlich?<\/p><p>Identit\u00e4t: CAMPING CARAVANNING PARK PLAYA BARA, SL \u2013 NIF: B43393784 \u2013 Postanschrift: CRTA. N-340 KM. 11883, 43883 RODA DE BAR\u00c0 \u2013 TARRAGONA Telefon: 977802701 &#8211; E-Mail: admin@barapark.es; personal@barapark.es<\/p><p>Zu welchem \u200b\u200bZweck verarbeiten wir Ihre personenbezogenen Daten?<\/p><p>Bei CAMPING CARAVANNING PARK PLAYA BARA, SL verarbeiten wir die uns von Interessenten zur Verf\u00fcgung gestellten Informationen, um die vereinbarten Dienstleistungen zu erbringen, die administrative, buchhalterische und steuerliche Verwaltung der angeforderten Dienstleistungen durchzuf\u00fchren, die Kommunikation dar\u00fcber zu pflegen und sie zu versenden Kommunikation, auch per E-Mail, um Sie \u00fcber unsere Aktivit\u00e4ten im Allgemeinen auf dem Laufenden zu halten.<\/p><p>Wie lange werden wir Ihre Daten aufbewahren?<\/p><p>Die Daten werden so lange aufbewahrt, wie Sie ihre L\u00f6schung nicht verlangen, und in jedem Fall f\u00fcr die Jahre, die zur Erf\u00fcllung gesetzlicher Verpflichtungen erforderlich sind.<\/p><p>Was ist die Legitimit\u00e4t f\u00fcr die Verarbeitung Ihrer Daten?<\/p><p>Wir geben die Rechtsgrundlage f\u00fcr die Verarbeitung Ihrer Daten an:<\/p><ul><li>Vertragsabwicklung: Erbringung der gew\u00fcnschten Leistungen<\/li><li>Einwilligung des Interessenten: Zusendung kommerzieller Mitteilungen \u00fcber unsere T\u00e4tigkeit im Allgemeinen.<\/li><\/ul><p>An welche Empf\u00e4nger werden Ihre Daten weitergegeben?<\/p><p>Eine Datenweitergabe an Dritte erfolgt nicht, sofern keine gesetzliche Verpflichtung besteht.<\/p><p>Daten\u00fcbermittlungen in Drittl\u00e4nder?<\/p><p>Es sind keine Daten\u00fcbermittlungen in Drittl\u00e4nder geplant.<\/p><p>Welche Rechte haben Sie, wenn Sie uns Ihre Daten zur Verf\u00fcgung stellen?<\/p><p>Jede Person hat das Recht, eine Best\u00e4tigung dar\u00fcber zu erhalten, ob wir bei CAMPING CARAVANNING PARK PLAYA BARA, SL personenbezogene Daten verarbeiten, die sie betreffen, oder nicht.<\/p><p>Interessierte Personen haben das Recht, auf ihre personenbezogenen Daten zuzugreifen und die Berichtigung unrichtiger Daten oder gegebenenfalls deren L\u00f6schung zu verlangen, wenn die Daten unter anderem f\u00fcr die Zwecke, f\u00fcr die sie erhoben wurden, nicht mehr erforderlich sind.<\/p><p>Interessierte Personen haben das Recht, auf ihre personenbezogenen Daten zuzugreifen und die Berichtigung unrichtiger Daten oder gegebenenfalls deren L\u00f6schung zu verlangen, wenn die Daten unter anderem f\u00fcr die Zwecke, f\u00fcr die sie erhoben wurden, nicht mehr erforderlich sind. Ebenso haben Sie in den gesetzlich vorgesehenen F\u00e4llen ein Recht auf \u00dcbertragbarkeit Ihrer personenbezogenen Daten.<\/p><p>Unter bestimmten Umst\u00e4nden und aus Gr\u00fcnden, die mit ihrer besonderen Situation zusammenh\u00e4ngen, k\u00f6nnen interessierte Parteien der Verarbeitung ihrer Daten widersprechen. In diesem Fall stellt CAMPING CARAVANNING PARK PLAYA BARA, SL die Verarbeitung der Daten ein, au\u00dfer aus zwingenden berechtigten Gr\u00fcnden oder zur Aus\u00fcbung oder Verteidigung m\u00f6glicher Anspr\u00fcche.<\/p><p>Sie k\u00f6nnen Ihre Rechte konkret wie folgt aus\u00fcben: indem Sie eine E-Mail an admin@barapark.es senden; personal@barapark.es oder einen Brief an CRTA. N-340 KM. 11883, 43883 RODA DE BAR\u00c0 \u2013 TARRAGONA<\/p><p>Wenn Sie Ihre Einwilligung f\u00fcr einen bestimmten Zweck erteilt haben, haben Sie das Recht, die erteilte Einwilligung jederzeit zu widerrufen, ohne dass die Rechtm\u00e4\u00dfigkeit der aufgrund der Einwilligung bis zum Widerruf erfolgten Verarbeitung ber\u00fchrt wird.<\/p><p>Wenn Sie der Meinung sind, dass Ihre Rechte hinsichtlich des Schutzes Ihrer personenbezogenen Daten verletzt wurden, insbesondere wenn Sie bei der Aus\u00fcbung Ihrer Rechte keine zufriedenstellende L\u00f6sung erhalten haben, k\u00f6nnen Sie bei der zust\u00e4ndigen Datenschutzaufsichtsbeh\u00f6rde \u00fcber deren Website <a href=\"http:\/\/www.agpd.es\">www.agpd.es<\/a> eine Beschwerde einreichen.<\/p>\t\t\t\t\t\t\t\t<\/div>\n\t\t\t\t<\/div>\n\t\t\t\t<div class=\"elementor-element elementor-element-690d36a elementor-widget elementor-widget-text-editor\" data-id=\"690d36a\" data-element_type=\"widget\" data-e-type=\"widget\" data-widget_type=\"text-editor.default\">\n\t\t\t\t<div class=\"elementor-widget-container\">\n\t\t\t\t\t\t\t\t\t<p><strong><span style=\"text-decoration: underline;\"><a href=\"https:\/\/www.playabara.es\/wp-content\/uploads\/2025\/05\/POLITICA-DE-PRIVACIDAD-PARA-APP-PLAYA-BARA.pdf\">APP-Datenschutzrichtlinie<\/a><\/span><\/strong><\/p>\t\t\t\t\t\t\t\t<\/div>\n\t\t\t\t<\/div>\n\t\t\t\t\t<\/div>\n\t\t\t\t<\/div>\n\t\t\t\t<\/div>\n\t\t","protected":false},"excerpt":{"rendered":"<p>DATENSCHUTZRICHTLINIE Datenschutzrichtlinie Grundlegende Informationen zum Datenschutz Verantwortlich: CAMPING CARAVANNING PARK PLAYA BARA, SL Zweck: Bereitstellung der angeforderten Dienstleistungen, Aufrechterhaltung der Kommunikation zur Erreichung dieser Ziele und um Sie \u00fcber unsere Aktivit\u00e4ten im Allgemeinen auf dem Laufenden zu halten. Legitimation: Vertragsdurchf\u00fchrung. Zustimmung des Interessenten. Empf\u00e4nger: Es werden keine Daten an Dritte weitergegeben, es sei denn, es &#8230;<\/p>\n","protected":false},"author":1,"featured_media":0,"parent":0,"menu_order":0,"comment_status":"closed","ping_status":"closed","template":"","meta":{"_acf_changed":false,"om_disable_all_campaigns":false,"_uf_show_specific_survey":0,"_uf_disable_surveys":false,"cozystay_single_page_hide_site_header":"","cozystay_single_page_site_header_source":"","cozystay_single_page_custom_site_header":"0","cozystay_single_page_custom_sticky_site_header":"0","cozystay_single_page_hide_page_title":"","cozystay_single_page_header_section_size":"","cozystay_single_page_header_background_color":"","cozystay_single_page_header_background_position_x":"center","cozystay_single_page_header_background_position_y":"center","cozystay_single_page_header_background_size":"cover","cozystay_single_page_header_background_repeat":"off","cozystay_single_page_header_background_scroll":"on","cozystay_single_page_header_text_color":"","cozystay_single_page_header_show_breadcrumb":"","cozystay_single_page_site_footer_hide_main":"","cozystay_single_custom_site_footer_main_source":"","cozystay_single_custom_site_footer_main":"0","cozystay_single_page_site_footer_hide_above":"","cozystay_single_custom_site_footer_above_source":"","cozystay_single_custom_site_footer_above":"0","cozystay_single_page_site_footer_hide_instagram":"","cozystay_single_page_site_footer_hide_bottom":"","cozystay_single_custom_mobile_menu_source":"","cozystay_single_custom_mobile_menu":"0","cozystay_single_custom_mobile_menu_animation":"","cozystay_single_custom_mobile_menu_width":"","cozystay_single_custom_mobile_menu_custom_width":375,"footnotes":""},"class_list":["post-8005","page","type-page","status-publish","hentry"],"acf":[],"yoast_head":"<!-- This site is optimized with the Yoast SEO Premium plugin v27.2 (Yoast SEO v27.3) - https:\/\/yoast.com\/product\/yoast-seo-premium-wordpress\/ -->\n<title>Datenschutzrichtlinie - Playa Bara - Camping - Caravaning - Bungalows - Spa<\/title>\n<meta name=\"description\" content=\"Entiende la importancia de la pol\u00edtica de privacidad para proteger tus datos en l\u00ednea y garantizar tu seguridad digital.\" \/>\n<meta name=\"robots\" content=\"index, follow, max-snippet:-1, max-image-preview:large, max-video-preview:-1\" \/>\n<link rel=\"canonical\" href=\"https:\/\/www.playabara.es\/de\/politica-de-privacidad\/\" \/>\n<meta property=\"og:locale\" content=\"de_DE\" \/>\n<meta property=\"og:type\" content=\"article\" \/>\n<meta property=\"og:title\" content=\"Datenschutzrichtlinie\" \/>\n<meta property=\"og:description\" content=\"Entiende la importancia de la pol\u00edtica de privacidad para proteger tus datos en l\u00ednea y garantizar tu seguridad digital.\" \/>\n<meta property=\"og:url\" content=\"https:\/\/www.playabara.es\/de\/politica-de-privacidad\/\" \/>\n<meta property=\"og:site_name\" content=\"Playa Bara - Camping - Caravaning - Bungalows - Spa\" \/>\n<meta property=\"article:modified_time\" content=\"2025-05-19T11:41:26+00:00\" \/>\n<meta name=\"twitter:card\" content=\"summary_large_image\" \/>\n<meta name=\"twitter:label1\" content=\"Gesch\u00e4tzte Lesezeit\" \/>\n\t<meta name=\"twitter:data1\" content=\"13\u00a0Minuten\" \/>\n<script type=\"application\/ld+json\" class=\"yoast-schema-graph\">{\"@context\":\"https:\\\/\\\/schema.org\",\"@graph\":[{\"@type\":\"WebPage\",\"@id\":\"https:\\\/\\\/www.playabara.es\\\/de\\\/politica-de-privacidad\\\/\",\"url\":\"https:\\\/\\\/www.playabara.es\\\/de\\\/politica-de-privacidad\\\/\",\"name\":\"Datenschutzrichtlinie - Playa Bara - Camping - Caravaning - Bungalows - Spa\",\"isPartOf\":{\"@id\":\"https:\\\/\\\/www.playabara.es\\\/de\\\/#website\"},\"datePublished\":\"2024-02-23T11:10:09+00:00\",\"dateModified\":\"2025-05-19T11:41:26+00:00\",\"description\":\"Entiende la importancia de la pol\u00edtica de privacidad para proteger tus datos en l\u00ednea y garantizar tu seguridad digital.\",\"breadcrumb\":{\"@id\":\"https:\\\/\\\/www.playabara.es\\\/de\\\/politica-de-privacidad\\\/#breadcrumb\"},\"inLanguage\":\"de\",\"potentialAction\":[{\"@type\":\"ReadAction\",\"target\":[\"https:\\\/\\\/www.playabara.es\\\/de\\\/politica-de-privacidad\\\/\"]}]},{\"@type\":\"BreadcrumbList\",\"@id\":\"https:\\\/\\\/www.playabara.es\\\/de\\\/politica-de-privacidad\\\/#breadcrumb\",\"itemListElement\":[{\"@type\":\"ListItem\",\"position\":1,\"name\":\"Portada\",\"item\":\"https:\\\/\\\/www.playabara.es\\\/de\\\/start\\\/\"},{\"@type\":\"ListItem\",\"position\":2,\"name\":\"Datenschutzrichtlinie\"}]},{\"@type\":\"WebSite\",\"@id\":\"https:\\\/\\\/www.playabara.es\\\/de\\\/#website\",\"url\":\"https:\\\/\\\/www.playabara.es\\\/de\\\/\",\"name\":\"Playa Bara - Camping - Caravaning - Bungalows - Spa\",\"description\":\"\",\"potentialAction\":[{\"@type\":\"SearchAction\",\"target\":{\"@type\":\"EntryPoint\",\"urlTemplate\":\"https:\\\/\\\/www.playabara.es\\\/de\\\/?s={search_term_string}\"},\"query-input\":{\"@type\":\"PropertyValueSpecification\",\"valueRequired\":true,\"valueName\":\"search_term_string\"}}],\"inLanguage\":\"de\"}]}<\/script>\n<!-- \/ Yoast SEO Premium plugin. -->","yoast_head_json":{"title":"Datenschutzrichtlinie - Playa Bara - Camping - Caravaning - Bungalows - Spa","description":"Entiende la importancia de la pol\u00edtica de privacidad para proteger tus datos en l\u00ednea y garantizar tu seguridad digital.","robots":{"index":"index","follow":"follow","max-snippet":"max-snippet:-1","max-image-preview":"max-image-preview:large","max-video-preview":"max-video-preview:-1"},"canonical":"https:\/\/www.playabara.es\/de\/politica-de-privacidad\/","og_locale":"de_DE","og_type":"article","og_title":"Datenschutzrichtlinie","og_description":"Entiende la importancia de la pol\u00edtica de privacidad para proteger tus datos en l\u00ednea y garantizar tu seguridad digital.","og_url":"https:\/\/www.playabara.es\/de\/politica-de-privacidad\/","og_site_name":"Playa Bara - Camping - Caravaning - Bungalows - Spa","article_modified_time":"2025-05-19T11:41:26+00:00","twitter_card":"summary_large_image","twitter_misc":{"Gesch\u00e4tzte Lesezeit":"13\u00a0Minuten"},"schema":{"@context":"https:\/\/schema.org","@graph":[{"@type":"WebPage","@id":"https:\/\/www.playabara.es\/de\/politica-de-privacidad\/","url":"https:\/\/www.playabara.es\/de\/politica-de-privacidad\/","name":"Datenschutzrichtlinie - Playa Bara - Camping - Caravaning - Bungalows - Spa","isPartOf":{"@id":"https:\/\/www.playabara.es\/de\/#website"},"datePublished":"2024-02-23T11:10:09+00:00","dateModified":"2025-05-19T11:41:26+00:00","description":"Entiende la importancia de la pol\u00edtica de privacidad para proteger tus datos en l\u00ednea y garantizar tu seguridad digital.","breadcrumb":{"@id":"https:\/\/www.playabara.es\/de\/politica-de-privacidad\/#breadcrumb"},"inLanguage":"de","potentialAction":[{"@type":"ReadAction","target":["https:\/\/www.playabara.es\/de\/politica-de-privacidad\/"]}]},{"@type":"BreadcrumbList","@id":"https:\/\/www.playabara.es\/de\/politica-de-privacidad\/#breadcrumb","itemListElement":[{"@type":"ListItem","position":1,"name":"Portada","item":"https:\/\/www.playabara.es\/de\/start\/"},{"@type":"ListItem","position":2,"name":"Datenschutzrichtlinie"}]},{"@type":"WebSite","@id":"https:\/\/www.playabara.es\/de\/#website","url":"https:\/\/www.playabara.es\/de\/","name":"Playa Bara - Camping - Caravaning - Bungalows - Spa","description":"","potentialAction":[{"@type":"SearchAction","target":{"@type":"EntryPoint","urlTemplate":"https:\/\/www.playabara.es\/de\/?s={search_term_string}"},"query-input":{"@type":"PropertyValueSpecification","valueRequired":true,"valueName":"search_term_string"}}],"inLanguage":"de"}]}},"_links":{"self":[{"href":"https:\/\/www.playabara.es\/de\/wp-json\/wp\/v2\/pages\/8005","targetHints":{"allow":["GET"]}}],"collection":[{"href":"https:\/\/www.playabara.es\/de\/wp-json\/wp\/v2\/pages"}],"about":[{"href":"https:\/\/www.playabara.es\/de\/wp-json\/wp\/v2\/types\/page"}],"author":[{"embeddable":true,"href":"https:\/\/www.playabara.es\/de\/wp-json\/wp\/v2\/users\/1"}],"replies":[{"embeddable":true,"href":"https:\/\/www.playabara.es\/de\/wp-json\/wp\/v2\/comments?post=8005"}],"version-history":[{"count":12,"href":"https:\/\/www.playabara.es\/de\/wp-json\/wp\/v2\/pages\/8005\/revisions"}],"predecessor-version":[{"id":14328,"href":"https:\/\/www.playabara.es\/de\/wp-json\/wp\/v2\/pages\/8005\/revisions\/14328"}],"wp:attachment":[{"href":"https:\/\/www.playabara.es\/de\/wp-json\/wp\/v2\/media?parent=8005"}],"curies":[{"name":"wp","href":"https:\/\/api.w.org\/{rel}","templated":true}]}}