{"id":9685,"date":"2024-02-23T12:11:50","date_gmt":"2024-02-23T11:11:50","guid":{"rendered":"https:\/\/www.playabara.es\/cookies-politik\/"},"modified":"2025-04-09T17:25:34","modified_gmt":"2025-04-09T15:25:34","slug":"cookies-politik","status":"publish","type":"page","link":"https:\/\/www.playabara.es\/de\/cookies-politik\/","title":{"rendered":"Cookies-Politik"},"content":{"rendered":"\t\t<div data-elementor-type=\"wp-page\" data-elementor-id=\"9685\" class=\"elementor elementor-9685 elementor-4188\">\n\t\t\t\t\t\t<section class=\"elementor-section elementor-top-section elementor-element elementor-element-f02dca4 elementor-section-height-min-height cs-section-content-fullwidth cs-parallax-on-scroll cs_scroll_y_80 elementor-section-boxed elementor-section-height-default elementor-section-items-middle\" data-id=\"f02dca4\" data-element_type=\"section\" data-e-type=\"section\" data-settings=\"{&quot;background_background&quot;:&quot;classic&quot;}\" data-cs-parallax-y=\"80\" style=\"background-image: none;\" data-cs-background-image=\"https:\/\/www.playabara.es\/wp-content\/uploads\/2024\/05\/DJI_0209-1-scaled.jpg\">\n\t\t\t\t\t\t\t<div class=\"elementor-background-overlay\"><\/div>\n\t\t\t\t\t\t\t<div class=\"elementor-container elementor-column-gap-no\">\n\t\t\t\t\t<div class=\"elementor-column elementor-col-100 elementor-top-column elementor-element elementor-element-e3bd87f dark-color\" data-id=\"e3bd87f\" data-element_type=\"column\" data-e-type=\"column\">\n\t\t\t<div class=\"elementor-widget-wrap elementor-element-populated\">\n\t\t\t\t\t\t<div class=\"elementor-element elementor-element-2b3d5c1 elementor-widget elementor-widget-cs_title\" data-id=\"2b3d5c1\" data-element_type=\"widget\" data-e-type=\"widget\" data-widget_type=\"cs_title.default\">\n\t\t\t\t<div class=\"elementor-widget-container\">\n\t\t\t\t\t\n        <div class=\"cs-title-wrap text-center\">\t            <h1 class=\"cs-title\">\n\t                COOKIES-POLITIK\t            <\/h1>        <\/div>\t\t\t\t<\/div>\n\t\t\t\t<\/div>\n\t\t\t\t\t<\/div>\n\t\t<\/div>\n\t\t\t\t\t<\/div>\n\t\t<\/section>\n\t\t<div class=\"elementor-element elementor-element-1331f36 e-flex e-con-boxed e-con e-parent\" data-id=\"1331f36\" data-element_type=\"container\" data-e-type=\"container\">\n\t\t\t\t\t<div class=\"e-con-inner\">\n\t\t\t\t<div class=\"elementor-element elementor-element-e8e0275 elementor-widget elementor-widget-heading\" data-id=\"e8e0275\" data-element_type=\"widget\" data-e-type=\"widget\" data-widget_type=\"heading.default\">\n\t\t\t\t<div class=\"elementor-widget-container\">\n\t\t\t\t\t<h2 class=\"elementor-heading-title elementor-size-default\">Cookies-Politik<\/h2>\t\t\t\t<\/div>\n\t\t\t\t<\/div>\n\t\t\t\t<div class=\"elementor-element elementor-element-0faf8fe elementor-widget elementor-widget-text-editor\" data-id=\"0faf8fe\" data-element_type=\"widget\" data-e-type=\"widget\" data-widget_type=\"text-editor.default\">\n\t\t\t\t<div class=\"elementor-widget-container\">\n\t\t\t\t\t\t\t\t\t<p>Was sind Cookies?<\/p><p>Ein &#8222;Cookie&#8220; ist eine kleine Datei, die auf dem Computer, Tablet, Smartphone oder einem anderen Ger\u00e4t des Nutzers gespeichert wird und Informationen \u00fcber die Navigation enth\u00e4lt. Die Cookies helfen uns, die Qualit\u00e4t unserer Website zu verbessern, und lassen uns wissen, welche Seiten unsere Nutzer n\u00fctzlich finden und welche nicht.<\/p><p>Diese Website verwendet Cookies und\/oder \u00e4hnliche Technologien, die Informationen speichern und abrufen, wenn Sie surfen. Im Allgemeinen k\u00f6nnen diese Technologien f\u00fcr eine Vielzahl von Zwecken eingesetzt werden, z. B. um Sie als Nutzer zu erkennen, Informationen \u00fcber Ihre Surfgewohnheiten zu erhalten oder die Art und Weise, wie Inhalte angezeigt werden, zu personalisieren.<\/p><p>Arten von Cookies<\/p><p>Die folgenden Informationen sollen Ihnen helfen, die verschiedenen Arten von Cookies zu verstehen:<\/p><p>&#8211; Eigene Cookies: Dies sind Cookies, die von unseren eigenen Ger\u00e4ten oder Dom\u00e4nen an Ihren Computer gesendet werden und von denen aus wir die von Ihnen angeforderte Dienstleistung erbringen.<\/p><p>&#8211; Cookies von Drittanbietern: Dies sind Cookies, die von einem Computer oder einer Dom\u00e4ne, die nicht von uns, sondern von einem anderen kooperierenden Unternehmen verwaltet wird, an Ihren Computer gesendet werden. Wie z. B. die von sozialen Netzwerken oder externen Inhalten wie Google Maps verwendeten.<\/p><p>&#8211; Sitzungscookies: Dies sind tempor\u00e4re Cookies, die in der Cookie-Datei Ihres Browsers verbleiben, bis Sie die Website verlassen, so dass keine von ihnen auf der Festplatte Ihres Computers registriert bleiben. Die durch diese Cookies gewonnenen Informationen werden zur Analyse des Internetverkehrs verwendet. Letztendlich k\u00f6nnen wir so die Inhalte verbessern und die Nutzung einfacher gestalten.<\/p><p>&#8211; Dauerhafte Cookies: Diese werden auf der Festplatte gespeichert und von unserer Website bei jedem Besuch der Website gelesen. Ein dauerhafter Cookie hat ein festes Verfallsdatum. Nach diesem Datum wird der Cookie nicht mehr funktionieren. Wir verwenden diese Cookies im Allgemeinen, um die Registrierung zu erleichtern.<\/p><p>&#8211; Technische Cookies: Diese sind f\u00fcr das Surfen und das reibungslose Funktionieren unserer Website erforderlich. Sie erm\u00f6glichen z. B. die Steuerung des Verkehrs und der Datenkommunikation, den Zugang zu gesperrten Bereichen, die Nutzung von Sicherheitsfunktionen, die Speicherung von Inhalten zur \u00dcbertragung von Videos oder die Freigabe von Inhalten \u00fcber soziale Netzwerke.<\/p><p>&#8211; Personalisierungs-Cookies: Dies sind Cookies, die es Ihnen erm\u00f6glichen, auf den Dienst mit vordefinierten Merkmalen zuzugreifen, die von einer Reihe von Kriterien abh\u00e4ngen, wie z. B. der Sprache, der Art des Browsers, \u00fcber den auf den Dienst zugegriffen wird, der regionalen Konfiguration, \u00fcber die auf den Dienst zugegriffen wird, usw.<\/p><p>&#8211; Analyse-Cookies: Es handelt sich um Cookies, die von uns oder von Dritten verarbeitet werden und die es uns erm\u00f6glichen, die Anzahl der Nutzer zu quantifizieren und somit die Nutzung des angebotenen Dienstes durch die Nutzer zu messen und statistisch zu analysieren. Zu diesem Zweck wird Ihr Surfverhalten auf unserer Website analysiert, um das Angebot an Produkten und Dienstleistungen f\u00fcr Sie zu verbessern. Werbe-Cookies: Diese Cookies erm\u00f6glichen eine m\u00f6glichst effiziente Verwaltung der Werbefl\u00e4chen auf unserer Website, auf denen Werbung angezeigt wird, die Ihrem Surfprofil entspricht.<\/p><p>&#8211; Cookies f\u00fcr verhaltensbezogene Werbung: Diese Cookies speichern Informationen \u00fcber das Nutzerverhalten, die durch kontinuierliche Beobachtung gewonnen werden. Dank dieser Daten k\u00f6nnen wir Ihre Internetgewohnheiten kennenlernen und Ihnen Werbung zeigen, die auf Ihr Surfprofil abgestimmt ist.<\/p><p>Wozu verwendet diese Website Cookies?<\/p><p>Diese Website verwendet Analyse- und Werbe-Cookies f\u00fcr die im vorherigen Abschnitt beschriebenen Zwecke.<\/p><p>Wer verwendet Cookies auf dieser Website?<\/p><p>Wer Cookies verwendet, die Art der verwendeten Cookies und andere Einzelheiten sind im Folgenden aufgef\u00fchrt:<\/p><p>Analyse-Cookies &#8211; Google Analytics:<\/p><p>&#8211; Google _ga &#8211; 196 Tage &#8211; Erm\u00f6glicht die Unterscheidung von Nutzern und Sitzungen f\u00fcr Navigationsstatistiken. Erfasst Ger\u00e4te-, Navigations- und Softwaredaten.<\/p><p>&#8211; Google _ga_* &#8211; 196 Tage &#8211; Identifiziert Nutzer und Sitzungen f\u00fcr Browsing-Statistiken. Erfasst Ger\u00e4te-, Navigations- und Softwaredaten.<\/p><p>&#8211; Google _gid &#8211; Session &#8211; Identifiziert Nutzer und Sessions f\u00fcr Browsing-Statistiken. Erfasst Ger\u00e4te-, Navigations- und Softwaredaten.<\/p><p>Technische Cookies &#8211; Google Recaptcha:<\/p><p>&#8211; _grecaptcha &#8211; 179 Tage &#8211; Dieses Cookie wird verwendet, um zwischen Menschen und M\u00fcll zu unterscheiden. Dies ist f\u00fcr die Website von Vorteil, um valide Berichte \u00fcber die Nutzung Ihrer Website zu erstellen.<\/p><p>&#8211; GRECAPTCHA &#8211; 179 Tage &#8211; Dieses Cookie wird verwendet, um zwischen Menschen und M\u00fcll zu unterscheiden. Dies ist f\u00fcr die Website von Vorteil, um valide Berichte \u00fcber die Nutzung Ihrer Website zu erstellen.<\/p><p>Technische Cookies &#8211; Sprache:<\/p><p>&#8211; lang session &#8211; dauerhafte Sitzung &#8211; speichert die von einem Benutzer gew\u00e4hlte Sprache, in der eine Webseite angezeigt wird<\/p><p>Hinweis: &#8222;Eigene&#8220; Cookies werden nur vom Eigent\u00fcmer dieser Website verwendet, und &#8222;Drittanbieter&#8220;-Cookies werden auch von den in der obigen Tabelle aufgef\u00fchrten Dienstleistern verwendet.<\/p><p>\u00dcber die \u00dcbermittlungen in Drittl\u00e4nder, die gegebenenfalls von den in dieser Cookie-Richtlinie genannten Dritten vorgenommen werden, k\u00f6nnen Sie sich in deren entsprechenden Richtlinien informieren (siehe die Links im Abschnitt &#8222;Weitere Informationen&#8220; der obigen Tabelle).<\/p><p>Wie kann ich diese Cookies deaktivieren oder l\u00f6schen?<\/p><p>Sie k\u00f6nnen Cookies zulassen oder blockieren sowie Ihre Browsing-Daten (einschlie\u00dflich Cookies) aus dem von Ihnen verwendeten Browser l\u00f6schen. Bitte beachten Sie dazu die Optionen und Anweisungen Ihres Browsers. Bitte beachten Sie, dass Sie Cookies von Drittanbietern, die Sie akzeptieren, aus den Optionen Ihres Browsers l\u00f6schen m\u00fcssen.<\/p><p>Dar\u00fcber hinaus k\u00f6nnen einige Dienste Verbindungen zu sozialen Netzwerken wie Facebook oder Twitter nutzen. Wenn sich ein Nutzer mit den Anmeldedaten eines sozialen Netzwerks f\u00fcr einen Dienst registriert, erm\u00e4chtigen Sie das soziale Netzwerk, ein dauerhaftes Cookie zu speichern, das Ihre Identit\u00e4t speichert und Ihnen Zugang zu den Diensten gew\u00e4hrt, bis es abl\u00e4uft.<\/p><p>Der Nutzer kann dieses Cookie l\u00f6schen und den Zugang zu den Diensten \u00fcber soziale Netzwerke sperren, indem er seine Einstellungen in dem von ihm angegebenen sozialen Netzwerk aktualisiert.<\/p><p>Nachstehend finden Sie Links zu Informationen \u00fcber die Verwaltung von Cookies in den am h\u00e4ufigsten verwendeten Browsern:<\/p><p>\u00b7 Firefox:http:\/\/support.mozilla.org\/es\/kb\/habilitar-y-deshabilitar-cookies-que-los-sitios-we \u00b7 Chrome: http:\/\/support.google.com\/chrome\/bin\/answer.py?hl=es&amp;answer=95647 \u00b7 Internet Explorer: https:\/\/support.microsoft.com\/es-es\/help\/278835\/how-to-delete-cookie-files-in-internet-explorer \u00b7 Microsoft Edge: https:\/\/support.microsoft.com\/es-es\/help\/4468242\/microsoft-edge-browsing-data-and-privacy-microsoft-privacy \u00b7 Safari: http:\/\/support.apple.com\/kb\/ph5042 \u00b7 Opera: http:\/\/help.opera.com\/Windows\/11.50\/es-ES\/cookies.html<\/p><p>&#8211; Andere Browser: konsultieren Sie die Dokumentation des von Ihnen installierten Browsers.<\/p><p>Google Analytics Opt-out Browser Add-on:<\/p><p>Wenn Sie die Analyse-Cookies von Google Analytics in allen Browsern ablehnen m\u00f6chten, so dass keine Informationen an Google Analytics gesendet werden, k\u00f6nnen Sie unter folgendem Link ein Add-on herunterladen, das diese Funktion ausf\u00fchrt: https:\/\/tools.google.com\/dlpage\/gaoptout.<\/p><p>Aus\u00fcbung der Rechte.<\/p><p>Sie k\u00f6nnen sich \u00fcber Ihre Datenschutzrechte informieren und diese aus\u00fcben, indem Sie unsere Datenschutzrichtlinie aufrufen.<\/p><p>*Die vorliegenden Bedingungen unterliegen den geltenden spanischen Rechtsvorschriften.<\/p>\t\t\t\t\t\t\t\t<\/div>\n\t\t\t\t<\/div>\n\t\t\t\t\t<\/div>\n\t\t\t\t<\/div>\n\t\t\t\t<\/div>\n\t\t","protected":false},"excerpt":{"rendered":"<p>COOKIES-POLITIK Cookies-Politik Was sind Cookies? Ein &#8222;Cookie&#8220; ist eine kleine Datei, die auf dem Computer, Tablet, Smartphone oder einem anderen Ger\u00e4t des Nutzers gespeichert wird und Informationen \u00fcber die Navigation enth\u00e4lt. Die Cookies helfen uns, die Qualit\u00e4t unserer Website zu verbessern, und lassen uns wissen, welche Seiten unsere Nutzer n\u00fctzlich finden und welche nicht. Diese &#8230;<\/p>\n","protected":false},"author":1,"featured_media":0,"parent":0,"menu_order":0,"comment_status":"closed","ping_status":"closed","template":"","meta":{"_acf_changed":false,"om_disable_all_campaigns":false,"_uf_show_specific_survey":0,"_uf_disable_surveys":false,"cozystay_single_page_hide_site_header":"","cozystay_single_page_site_header_source":"","cozystay_single_page_custom_site_header":"0","cozystay_single_page_custom_sticky_site_header":"0","cozystay_single_page_hide_page_title":"","cozystay_single_page_header_section_size":"","cozystay_single_page_header_background_color":"","cozystay_single_page_header_background_position_x":"center","cozystay_single_page_header_background_position_y":"center","cozystay_single_page_header_background_size":"cover","cozystay_single_page_header_background_repeat":"off","cozystay_single_page_header_background_scroll":"on","cozystay_single_page_header_text_color":"","cozystay_single_page_header_show_breadcrumb":"","cozystay_single_page_site_footer_hide_main":"","cozystay_single_custom_site_footer_main_source":"","cozystay_single_custom_site_footer_main":"0","cozystay_single_page_site_footer_hide_above":"","cozystay_single_custom_site_footer_above_source":"","cozystay_single_custom_site_footer_above":"0","cozystay_single_page_site_footer_hide_instagram":"","cozystay_single_page_site_footer_hide_bottom":"","cozystay_single_custom_mobile_menu_source":"","cozystay_single_custom_mobile_menu":"0","cozystay_single_custom_mobile_menu_animation":"","cozystay_single_custom_mobile_menu_width":"","cozystay_single_custom_mobile_menu_custom_width":375,"footnotes":""},"class_list":["post-9685","page","type-page","status-publish","hentry"],"acf":[],"yoast_head":"<!-- This site is optimized with the Yoast SEO Premium plugin v27.2 (Yoast SEO v27.3) - https:\/\/yoast.com\/product\/yoast-seo-premium-wordpress\/ -->\n<title>Cookies-Politik - Playa Bara - Camping - Caravaning - Bungalows - Spa<\/title>\n<meta name=\"description\" content=\"Descubre qu\u00e9 es la pol\u00edtica de cookies y c\u00f3mo mejora la calidad de nuestra web al almacenar informaci\u00f3n \u00fatil para los usuarios.\" \/>\n<meta name=\"robots\" content=\"index, follow, max-snippet:-1, max-image-preview:large, max-video-preview:-1\" \/>\n<link rel=\"canonical\" href=\"https:\/\/www.playabara.es\/de\/cookies-politik\/\" \/>\n<meta property=\"og:locale\" content=\"de_DE\" \/>\n<meta property=\"og:type\" content=\"article\" \/>\n<meta property=\"og:title\" content=\"Cookies-Politik\" \/>\n<meta property=\"og:description\" content=\"Descubre qu\u00e9 es la pol\u00edtica de cookies y c\u00f3mo mejora la calidad de nuestra web al almacenar informaci\u00f3n \u00fatil para los usuarios.\" \/>\n<meta property=\"og:url\" content=\"https:\/\/www.playabara.es\/de\/cookies-politik\/\" \/>\n<meta property=\"og:site_name\" content=\"Playa Bara - Camping - Caravaning - Bungalows - Spa\" \/>\n<meta property=\"article:modified_time\" content=\"2025-04-09T15:25:34+00:00\" \/>\n<meta name=\"twitter:card\" content=\"summary_large_image\" \/>\n<meta name=\"twitter:label1\" content=\"Gesch\u00e4tzte Lesezeit\" \/>\n\t<meta name=\"twitter:data1\" content=\"6\u00a0Minuten\" \/>\n<script type=\"application\/ld+json\" class=\"yoast-schema-graph\">{\"@context\":\"https:\\\/\\\/schema.org\",\"@graph\":[{\"@type\":\"WebPage\",\"@id\":\"https:\\\/\\\/www.playabara.es\\\/de\\\/cookies-politik\\\/\",\"url\":\"https:\\\/\\\/www.playabara.es\\\/de\\\/cookies-politik\\\/\",\"name\":\"Cookies-Politik - Playa Bara - Camping - Caravaning - Bungalows - Spa\",\"isPartOf\":{\"@id\":\"https:\\\/\\\/www.playabara.es\\\/de\\\/#website\"},\"datePublished\":\"2024-02-23T11:11:50+00:00\",\"dateModified\":\"2025-04-09T15:25:34+00:00\",\"description\":\"Descubre qu\u00e9 es la pol\u00edtica de cookies y c\u00f3mo mejora la calidad de nuestra web al almacenar informaci\u00f3n \u00fatil para los usuarios.\",\"breadcrumb\":{\"@id\":\"https:\\\/\\\/www.playabara.es\\\/de\\\/cookies-politik\\\/#breadcrumb\"},\"inLanguage\":\"de\",\"potentialAction\":[{\"@type\":\"ReadAction\",\"target\":[\"https:\\\/\\\/www.playabara.es\\\/de\\\/cookies-politik\\\/\"]}]},{\"@type\":\"BreadcrumbList\",\"@id\":\"https:\\\/\\\/www.playabara.es\\\/de\\\/cookies-politik\\\/#breadcrumb\",\"itemListElement\":[{\"@type\":\"ListItem\",\"position\":1,\"name\":\"Portada\",\"item\":\"https:\\\/\\\/www.playabara.es\\\/de\\\/start\\\/\"},{\"@type\":\"ListItem\",\"position\":2,\"name\":\"Cookies-Politik\"}]},{\"@type\":\"WebSite\",\"@id\":\"https:\\\/\\\/www.playabara.es\\\/de\\\/#website\",\"url\":\"https:\\\/\\\/www.playabara.es\\\/de\\\/\",\"name\":\"Playa Bara - Camping - Caravaning - Bungalows - Spa\",\"description\":\"\",\"potentialAction\":[{\"@type\":\"SearchAction\",\"target\":{\"@type\":\"EntryPoint\",\"urlTemplate\":\"https:\\\/\\\/www.playabara.es\\\/de\\\/?s={search_term_string}\"},\"query-input\":{\"@type\":\"PropertyValueSpecification\",\"valueRequired\":true,\"valueName\":\"search_term_string\"}}],\"inLanguage\":\"de\"}]}<\/script>\n<!-- \/ Yoast SEO Premium plugin. -->","yoast_head_json":{"title":"Cookies-Politik - Playa Bara - Camping - Caravaning - Bungalows - Spa","description":"Descubre qu\u00e9 es la pol\u00edtica de cookies y c\u00f3mo mejora la calidad de nuestra web al almacenar informaci\u00f3n \u00fatil para los usuarios.","robots":{"index":"index","follow":"follow","max-snippet":"max-snippet:-1","max-image-preview":"max-image-preview:large","max-video-preview":"max-video-preview:-1"},"canonical":"https:\/\/www.playabara.es\/de\/cookies-politik\/","og_locale":"de_DE","og_type":"article","og_title":"Cookies-Politik","og_description":"Descubre qu\u00e9 es la pol\u00edtica de cookies y c\u00f3mo mejora la calidad de nuestra web al almacenar informaci\u00f3n \u00fatil para los usuarios.","og_url":"https:\/\/www.playabara.es\/de\/cookies-politik\/","og_site_name":"Playa Bara - Camping - Caravaning - Bungalows - Spa","article_modified_time":"2025-04-09T15:25:34+00:00","twitter_card":"summary_large_image","twitter_misc":{"Gesch\u00e4tzte Lesezeit":"6\u00a0Minuten"},"schema":{"@context":"https:\/\/schema.org","@graph":[{"@type":"WebPage","@id":"https:\/\/www.playabara.es\/de\/cookies-politik\/","url":"https:\/\/www.playabara.es\/de\/cookies-politik\/","name":"Cookies-Politik - Playa Bara - Camping - Caravaning - Bungalows - Spa","isPartOf":{"@id":"https:\/\/www.playabara.es\/de\/#website"},"datePublished":"2024-02-23T11:11:50+00:00","dateModified":"2025-04-09T15:25:34+00:00","description":"Descubre qu\u00e9 es la pol\u00edtica de cookies y c\u00f3mo mejora la calidad de nuestra web al almacenar informaci\u00f3n \u00fatil para los usuarios.","breadcrumb":{"@id":"https:\/\/www.playabara.es\/de\/cookies-politik\/#breadcrumb"},"inLanguage":"de","potentialAction":[{"@type":"ReadAction","target":["https:\/\/www.playabara.es\/de\/cookies-politik\/"]}]},{"@type":"BreadcrumbList","@id":"https:\/\/www.playabara.es\/de\/cookies-politik\/#breadcrumb","itemListElement":[{"@type":"ListItem","position":1,"name":"Portada","item":"https:\/\/www.playabara.es\/de\/start\/"},{"@type":"ListItem","position":2,"name":"Cookies-Politik"}]},{"@type":"WebSite","@id":"https:\/\/www.playabara.es\/de\/#website","url":"https:\/\/www.playabara.es\/de\/","name":"Playa Bara - Camping - Caravaning - Bungalows - Spa","description":"","potentialAction":[{"@type":"SearchAction","target":{"@type":"EntryPoint","urlTemplate":"https:\/\/www.playabara.es\/de\/?s={search_term_string}"},"query-input":{"@type":"PropertyValueSpecification","valueRequired":true,"valueName":"search_term_string"}}],"inLanguage":"de"}]}},"_links":{"self":[{"href":"https:\/\/www.playabara.es\/de\/wp-json\/wp\/v2\/pages\/9685","targetHints":{"allow":["GET"]}}],"collection":[{"href":"https:\/\/www.playabara.es\/de\/wp-json\/wp\/v2\/pages"}],"about":[{"href":"https:\/\/www.playabara.es\/de\/wp-json\/wp\/v2\/types\/page"}],"author":[{"embeddable":true,"href":"https:\/\/www.playabara.es\/de\/wp-json\/wp\/v2\/users\/1"}],"replies":[{"embeddable":true,"href":"https:\/\/www.playabara.es\/de\/wp-json\/wp\/v2\/comments?post=9685"}],"version-history":[{"count":8,"href":"https:\/\/www.playabara.es\/de\/wp-json\/wp\/v2\/pages\/9685\/revisions"}],"predecessor-version":[{"id":13127,"href":"https:\/\/www.playabara.es\/de\/wp-json\/wp\/v2\/pages\/9685\/revisions\/13127"}],"wp:attachment":[{"href":"https:\/\/www.playabara.es\/de\/wp-json\/wp\/v2\/media?parent=9685"}],"curies":[{"name":"wp","href":"https:\/\/api.w.org\/{rel}","templated":true}]}}