{"id":7065,"date":"2024-03-19T17:37:29","date_gmt":"2024-03-19T16:37:29","guid":{"rendered":"https:\/\/www.playabara.es\/conditions-de-reservation\/"},"modified":"2025-11-04T10:56:47","modified_gmt":"2025-11-04T09:56:47","slug":"conditions-de-reservation","status":"publish","type":"page","link":"https:\/\/www.playabara.es\/fr\/conditions-de-reservation\/","title":{"rendered":"Conditions de r\u00e9servation"},"content":{"rendered":"\t\t<div data-elementor-type=\"wp-page\" data-elementor-id=\"7065\" class=\"elementor elementor-7065 elementor-5993\">\n\t\t\t\t\t\t<section class=\"elementor-section elementor-top-section elementor-element elementor-element-0472cfe elementor-section-height-min-height cs-section-content-fullwidth cs-parallax-on-scroll cs_scroll_y_100 elementor-section-boxed elementor-section-height-default elementor-section-items-middle\" data-id=\"0472cfe\" data-element_type=\"section\" data-e-type=\"section\" data-settings=\"{&quot;background_background&quot;:&quot;classic&quot;}\" data-cs-parallax-y=\"100\" style=\"background-image: none;\" data-cs-background-image=\"https:\/\/www.playabara.es\/wp-content\/uploads\/2024\/03\/CONDICIONES-DE-RESERVA.jpeg\">\n\t\t\t\t\t\t\t<div class=\"elementor-background-overlay\"><\/div>\n\t\t\t\t\t\t\t<div class=\"elementor-container elementor-column-gap-no\">\n\t\t\t\t\t<div class=\"elementor-column elementor-col-100 elementor-top-column elementor-element elementor-element-ea0c6c7 dark-color\" data-id=\"ea0c6c7\" data-element_type=\"column\" data-e-type=\"column\">\n\t\t\t<div class=\"elementor-widget-wrap elementor-element-populated\">\n\t\t\t\t\t\t<div class=\"elementor-element elementor-element-65a4191 elementor-widget elementor-widget-cs_title\" data-id=\"65a4191\" data-element_type=\"widget\" data-e-type=\"widget\" data-widget_type=\"cs_title.default\">\n\t\t\t\t<div class=\"elementor-widget-container\">\n\t\t\t\t\t\n        <div class=\"cs-title-wrap text-center\">\t            <h1 class=\"cs-title\">\n\t                CONDITIONS DE R\u00c9SERVATION\t            <\/h1>\t            <div class=\"cs-title-text\">\n\t                <p>Tout ce que vous devez savoir pour r\u00e9server dans notre complexe.<\/p>\t            <\/div>        <\/div>\t\t\t\t<\/div>\n\t\t\t\t<\/div>\n\t\t\t\t\t<\/div>\n\t\t<\/div>\n\t\t\t\t\t<\/div>\n\t\t<\/section>\n\t\t\t\t<section class=\"elementor-section elementor-top-section elementor-element elementor-element-4e14841 cs-section-content-fullwidth animated-slow elementor-section-boxed elementor-section-height-default elementor-section-height-default elementor-invisible\" data-id=\"4e14841\" data-element_type=\"section\" data-e-type=\"section\" data-settings=\"{&quot;background_background&quot;:&quot;classic&quot;,&quot;animation&quot;:&quot;fadeIn&quot;,&quot;animation_delay&quot;:200}\">\n\t\t\t\t\t\t<div class=\"elementor-container elementor-column-gap-no\">\n\t\t\t\t\t<div class=\"elementor-column elementor-col-100 elementor-top-column elementor-element elementor-element-f784004\" data-id=\"f784004\" data-element_type=\"column\" data-e-type=\"column\">\n\t\t\t<div class=\"elementor-widget-wrap elementor-element-populated\">\n\t\t\t\t\t\t<div class=\"elementor-element elementor-element-e42cd8b elementor-widget elementor-widget-image\" data-id=\"e42cd8b\" data-element_type=\"widget\" data-e-type=\"widget\" data-widget_type=\"image.default\">\n\t\t\t\t<div class=\"elementor-widget-container\">\n\t\t\t\t\t\t\t\t\t\t\t\t\t\t\t<img decoding=\"async\" width=\"183\" height=\"183\" src=\"https:\/\/www.playabara.es\/wp-content\/uploads\/2024\/02\/reglamento_icon.png\" class=\"attachment-medium size-medium wp-image-2822\" alt=\"\" srcset=\"https:\/\/www.playabara.es\/wp-content\/uploads\/2024\/02\/reglamento_icon.png 183w, https:\/\/www.playabara.es\/wp-content\/uploads\/2024\/02\/reglamento_icon-150x150.png 150w, https:\/\/www.playabara.es\/wp-content\/uploads\/2024\/02\/elementor\/thumbs\/reglamento_icon-qj6vgsteo3pcm5rrqnqeqdkf6a1001iv6ylqywggmo.png 56w, https:\/\/www.playabara.es\/wp-content\/uploads\/2024\/02\/elementor\/thumbs\/reglamento_icon-qj6vgstf3w2gsn3wxgufhrjty4cdx2oiwt20dt128o.png 92w\" sizes=\"(max-width: 183px) 100vw, 183px\" \/>\t\t\t\t\t\t\t\t\t\t\t\t\t\t\t<\/div>\n\t\t\t\t<\/div>\n\t\t\t\t<div class=\"elementor-element elementor-element-bed7015 elementor-widget elementor-widget-cs_title\" data-id=\"bed7015\" data-element_type=\"widget\" data-e-type=\"widget\" data-widget_type=\"cs_title.default\">\n\t\t\t\t<div class=\"elementor-widget-container\">\n\t\t\t\t\t\n        <div class=\"cs-title-wrap text-center\">\t            <h3 class=\"cs-title\">\n\t                CONDITIONS DE R\u00c9SERVATION\t            <\/h3>\t            <div class=\"cs-title-text\">\n\t                <p>Vous trouverez ici toutes les informations n\u00e9cessaires sur les conditions de r\u00e9servation afin que vous puissiez profiter au mieux de vos vacances.<\/p>\n\t            <\/div>        <\/div>\t\t\t\t<\/div>\n\t\t\t\t<\/div>\n\t\t\t\t<div class=\"elementor-element elementor-element-4401683 elementor-align-center elementor-widget__width-auto elementor-widget elementor-widget-cs_button\" data-id=\"4401683\" data-element_type=\"widget\" data-e-type=\"widget\" data-widget_type=\"cs_button.default\">\n\t\t\t\t<div class=\"elementor-widget-container\">\n\t\t\t\t\t        <a href=\"https:\/\/www.playabara.es\/wp-content\/uploads\/2025\/11\/CONDITIONS-DE-RESERVATION-ET-DANNULATION.pdf\" class=\"elementor-button-link button\" role=\"button\">\n            <span class=\"cs-btn-text\">Conditions d'ouverture (pdf)<\/span>        <\/a>\t\t\t\t<\/div>\n\t\t\t\t<\/div>\n\t\t\t\t\t<\/div>\n\t\t<\/div>\n\t\t\t\t\t<\/div>\n\t\t<\/section>\n\t\t\t\t<\/div>\n\t\t","protected":false},"excerpt":{"rendered":"<p>CONDITIONS DE R\u00c9SERVATION Tout ce que vous devez savoir pour r\u00e9server dans notre complexe. CONDITIONS DE R\u00c9SERVATION Vous trouverez ici toutes les informations n\u00e9cessaires sur les conditions de r\u00e9servation afin que vous puissiez profiter au mieux de vos vacances. Conditions d&rsquo;ouverture (pdf)<\/p>\n","protected":false},"author":1,"featured_media":0,"parent":0,"menu_order":0,"comment_status":"closed","ping_status":"closed","template":"","meta":{"_acf_changed":false,"om_disable_all_campaigns":false,"_uf_show_specific_survey":0,"_uf_disable_surveys":false,"cozystay_single_page_hide_site_header":"","cozystay_single_page_site_header_source":"","cozystay_single_page_custom_site_header":"0","cozystay_single_page_custom_sticky_site_header":"0","cozystay_single_page_hide_page_title":"","cozystay_single_page_header_section_size":"","cozystay_single_page_header_background_color":"","cozystay_single_page_header_background_position_x":"center","cozystay_single_page_header_background_position_y":"center","cozystay_single_page_header_background_size":"cover","cozystay_single_page_header_background_repeat":"off","cozystay_single_page_header_background_scroll":"on","cozystay_single_page_header_text_color":"","cozystay_single_page_header_show_breadcrumb":"","cozystay_single_page_site_footer_hide_main":"","cozystay_single_custom_site_footer_main_source":"","cozystay_single_custom_site_footer_main":"0","cozystay_single_page_site_footer_hide_above":"","cozystay_single_custom_site_footer_above_source":"","cozystay_single_custom_site_footer_above":"0","cozystay_single_page_site_footer_hide_instagram":"","cozystay_single_page_site_footer_hide_bottom":"","cozystay_single_custom_mobile_menu_source":"","cozystay_single_custom_mobile_menu":"0","cozystay_single_custom_mobile_menu_animation":"","cozystay_single_custom_mobile_menu_width":"","cozystay_single_custom_mobile_menu_custom_width":375,"footnotes":""},"class_list":["post-7065","page","type-page","status-publish","hentry"],"acf":[],"yoast_head":"<!-- This site is optimized with the Yoast SEO Premium plugin v27.2 (Yoast SEO v27.3) - https:\/\/yoast.com\/product\/yoast-seo-premium-wordpress\/ -->\n<title>Conditions de r\u00e9servation - Playa Bara - Camping - Caravaning - Bungalows - Spa<\/title>\n<meta name=\"robots\" content=\"index, follow, max-snippet:-1, max-image-preview:large, max-video-preview:-1\" \/>\n<link rel=\"canonical\" href=\"https:\/\/www.playabara.es\/fr\/conditions-de-reservation\/\" \/>\n<meta property=\"og:locale\" content=\"fr_FR\" \/>\n<meta property=\"og:type\" content=\"article\" \/>\n<meta property=\"og:title\" content=\"Conditions de r\u00e9servation\" \/>\n<meta property=\"og:description\" content=\"CONDITIONS DE R\u00c9SERVATION Tout ce que vous devez savoir pour r\u00e9server dans notre complexe. CONDITIONS DE R\u00c9SERVATION Vous trouverez ici toutes les informations n\u00e9cessaires sur les conditions de r\u00e9servation afin que vous puissiez profiter au mieux de vos vacances. Conditions d&rsquo;ouverture (pdf)\" \/>\n<meta property=\"og:url\" content=\"https:\/\/www.playabara.es\/fr\/conditions-de-reservation\/\" \/>\n<meta property=\"og:site_name\" content=\"Playa Bara - Camping - Caravaning - Bungalows - Spa\" \/>\n<meta property=\"article:modified_time\" content=\"2025-11-04T09:56:47+00:00\" \/>\n<meta property=\"og:image\" content=\"https:\/\/www.playabara.es\/wp-content\/uploads\/2024\/02\/reglamento_icon.png\" \/>\n\t<meta property=\"og:image:width\" content=\"183\" \/>\n\t<meta property=\"og:image:height\" content=\"183\" \/>\n\t<meta property=\"og:image:type\" content=\"image\/png\" \/>\n<meta name=\"twitter:card\" content=\"summary_large_image\" \/>\n<meta name=\"twitter:label1\" content=\"Dur\u00e9e de lecture estim\u00e9e\" \/>\n\t<meta name=\"twitter:data1\" content=\"1 minute\" \/>\n<script type=\"application\/ld+json\" class=\"yoast-schema-graph\">{\"@context\":\"https:\\\/\\\/schema.org\",\"@graph\":[{\"@type\":\"WebPage\",\"@id\":\"https:\\\/\\\/www.playabara.es\\\/fr\\\/conditions-de-reservation\\\/\",\"url\":\"https:\\\/\\\/www.playabara.es\\\/fr\\\/conditions-de-reservation\\\/\",\"name\":\"Conditions de r\u00e9servation - Playa Bara - Camping - Caravaning - Bungalows - Spa\",\"isPartOf\":{\"@id\":\"https:\\\/\\\/www.playabara.es\\\/fr\\\/#website\"},\"primaryImageOfPage\":{\"@id\":\"https:\\\/\\\/www.playabara.es\\\/fr\\\/conditions-de-reservation\\\/#primaryimage\"},\"image\":{\"@id\":\"https:\\\/\\\/www.playabara.es\\\/fr\\\/conditions-de-reservation\\\/#primaryimage\"},\"thumbnailUrl\":\"https:\\\/\\\/www.playabara.es\\\/wp-content\\\/uploads\\\/2024\\\/02\\\/reglamento_icon.png\",\"datePublished\":\"2024-03-19T16:37:29+00:00\",\"dateModified\":\"2025-11-04T09:56:47+00:00\",\"breadcrumb\":{\"@id\":\"https:\\\/\\\/www.playabara.es\\\/fr\\\/conditions-de-reservation\\\/#breadcrumb\"},\"inLanguage\":\"fr-FR\",\"potentialAction\":[{\"@type\":\"ReadAction\",\"target\":[\"https:\\\/\\\/www.playabara.es\\\/fr\\\/conditions-de-reservation\\\/\"]}]},{\"@type\":\"ImageObject\",\"inLanguage\":\"fr-FR\",\"@id\":\"https:\\\/\\\/www.playabara.es\\\/fr\\\/conditions-de-reservation\\\/#primaryimage\",\"url\":\"https:\\\/\\\/www.playabara.es\\\/wp-content\\\/uploads\\\/2024\\\/02\\\/reglamento_icon.png\",\"contentUrl\":\"https:\\\/\\\/www.playabara.es\\\/wp-content\\\/uploads\\\/2024\\\/02\\\/reglamento_icon.png\"},{\"@type\":\"BreadcrumbList\",\"@id\":\"https:\\\/\\\/www.playabara.es\\\/fr\\\/conditions-de-reservation\\\/#breadcrumb\",\"itemListElement\":[{\"@type\":\"ListItem\",\"position\":1,\"name\":\"Portada\",\"item\":\"https:\\\/\\\/www.playabara.es\\\/fr\\\/accueil\\\/\"},{\"@type\":\"ListItem\",\"position\":2,\"name\":\"Conditions de r\u00e9servation\"}]},{\"@type\":\"WebSite\",\"@id\":\"https:\\\/\\\/www.playabara.es\\\/fr\\\/#website\",\"url\":\"https:\\\/\\\/www.playabara.es\\\/fr\\\/\",\"name\":\"Playa Bara - Camping - Caravaning - Bungalows - Spa\",\"description\":\"\",\"potentialAction\":[{\"@type\":\"SearchAction\",\"target\":{\"@type\":\"EntryPoint\",\"urlTemplate\":\"https:\\\/\\\/www.playabara.es\\\/fr\\\/?s={search_term_string}\"},\"query-input\":{\"@type\":\"PropertyValueSpecification\",\"valueRequired\":true,\"valueName\":\"search_term_string\"}}],\"inLanguage\":\"fr-FR\"}]}<\/script>\n<!-- \/ Yoast SEO Premium plugin. -->","yoast_head_json":{"title":"Conditions de r\u00e9servation - Playa Bara - Camping - Caravaning - Bungalows - Spa","robots":{"index":"index","follow":"follow","max-snippet":"max-snippet:-1","max-image-preview":"max-image-preview:large","max-video-preview":"max-video-preview:-1"},"canonical":"https:\/\/www.playabara.es\/fr\/conditions-de-reservation\/","og_locale":"fr_FR","og_type":"article","og_title":"Conditions de r\u00e9servation","og_description":"CONDITIONS DE R\u00c9SERVATION Tout ce que vous devez savoir pour r\u00e9server dans notre complexe. CONDITIONS DE R\u00c9SERVATION Vous trouverez ici toutes les informations n\u00e9cessaires sur les conditions de r\u00e9servation afin que vous puissiez profiter au mieux de vos vacances. Conditions d&rsquo;ouverture (pdf)","og_url":"https:\/\/www.playabara.es\/fr\/conditions-de-reservation\/","og_site_name":"Playa Bara - Camping - Caravaning - Bungalows - Spa","article_modified_time":"2025-11-04T09:56:47+00:00","og_image":[{"width":183,"height":183,"url":"https:\/\/www.playabara.es\/wp-content\/uploads\/2024\/02\/reglamento_icon.png","type":"image\/png"}],"twitter_card":"summary_large_image","twitter_misc":{"Dur\u00e9e de lecture estim\u00e9e":"1 minute"},"schema":{"@context":"https:\/\/schema.org","@graph":[{"@type":"WebPage","@id":"https:\/\/www.playabara.es\/fr\/conditions-de-reservation\/","url":"https:\/\/www.playabara.es\/fr\/conditions-de-reservation\/","name":"Conditions de r\u00e9servation - Playa Bara - Camping - Caravaning - Bungalows - Spa","isPartOf":{"@id":"https:\/\/www.playabara.es\/fr\/#website"},"primaryImageOfPage":{"@id":"https:\/\/www.playabara.es\/fr\/conditions-de-reservation\/#primaryimage"},"image":{"@id":"https:\/\/www.playabara.es\/fr\/conditions-de-reservation\/#primaryimage"},"thumbnailUrl":"https:\/\/www.playabara.es\/wp-content\/uploads\/2024\/02\/reglamento_icon.png","datePublished":"2024-03-19T16:37:29+00:00","dateModified":"2025-11-04T09:56:47+00:00","breadcrumb":{"@id":"https:\/\/www.playabara.es\/fr\/conditions-de-reservation\/#breadcrumb"},"inLanguage":"fr-FR","potentialAction":[{"@type":"ReadAction","target":["https:\/\/www.playabara.es\/fr\/conditions-de-reservation\/"]}]},{"@type":"ImageObject","inLanguage":"fr-FR","@id":"https:\/\/www.playabara.es\/fr\/conditions-de-reservation\/#primaryimage","url":"https:\/\/www.playabara.es\/wp-content\/uploads\/2024\/02\/reglamento_icon.png","contentUrl":"https:\/\/www.playabara.es\/wp-content\/uploads\/2024\/02\/reglamento_icon.png"},{"@type":"BreadcrumbList","@id":"https:\/\/www.playabara.es\/fr\/conditions-de-reservation\/#breadcrumb","itemListElement":[{"@type":"ListItem","position":1,"name":"Portada","item":"https:\/\/www.playabara.es\/fr\/accueil\/"},{"@type":"ListItem","position":2,"name":"Conditions de r\u00e9servation"}]},{"@type":"WebSite","@id":"https:\/\/www.playabara.es\/fr\/#website","url":"https:\/\/www.playabara.es\/fr\/","name":"Playa Bara - Camping - Caravaning - Bungalows - Spa","description":"","potentialAction":[{"@type":"SearchAction","target":{"@type":"EntryPoint","urlTemplate":"https:\/\/www.playabara.es\/fr\/?s={search_term_string}"},"query-input":{"@type":"PropertyValueSpecification","valueRequired":true,"valueName":"search_term_string"}}],"inLanguage":"fr-FR"}]}},"_links":{"self":[{"href":"https:\/\/www.playabara.es\/fr\/wp-json\/wp\/v2\/pages\/7065","targetHints":{"allow":["GET"]}}],"collection":[{"href":"https:\/\/www.playabara.es\/fr\/wp-json\/wp\/v2\/pages"}],"about":[{"href":"https:\/\/www.playabara.es\/fr\/wp-json\/wp\/v2\/types\/page"}],"author":[{"embeddable":true,"href":"https:\/\/www.playabara.es\/fr\/wp-json\/wp\/v2\/users\/1"}],"replies":[{"embeddable":true,"href":"https:\/\/www.playabara.es\/fr\/wp-json\/wp\/v2\/comments?post=7065"}],"version-history":[{"count":16,"href":"https:\/\/www.playabara.es\/fr\/wp-json\/wp\/v2\/pages\/7065\/revisions"}],"predecessor-version":[{"id":15643,"href":"https:\/\/www.playabara.es\/fr\/wp-json\/wp\/v2\/pages\/7065\/revisions\/15643"}],"wp:attachment":[{"href":"https:\/\/www.playabara.es\/fr\/wp-json\/wp\/v2\/media?parent=7065"}],"curies":[{"name":"wp","href":"https:\/\/api.w.org\/{rel}","templated":true}]}}