{"id":7229,"date":"2024-01-24T13:43:22","date_gmt":"2024-01-24T12:43:22","guid":{"rendered":"https:\/\/www.playabara.es\/animation\/"},"modified":"2026-03-20T16:05:47","modified_gmt":"2026-03-20T15:05:47","slug":"animation","status":"publish","type":"page","link":"https:\/\/www.playabara.es\/fr\/animation\/","title":{"rendered":"Animation"},"content":{"rendered":"\t\t<div data-elementor-type=\"wp-page\" data-elementor-id=\"7229\" class=\"elementor elementor-7229 elementor-2433\">\n\t\t\t\t\t\t<section class=\"elementor-section elementor-top-section elementor-element elementor-element-51b883a elementor-section-height-min-height cs-section-content-fullwidth cs-parallax-on-scroll cs_scroll_y_100 elementor-section-boxed elementor-section-height-default elementor-section-items-middle\" data-id=\"51b883a\" data-element_type=\"section\" data-e-type=\"section\" data-settings=\"{&quot;background_background&quot;:&quot;classic&quot;}\" data-cs-parallax-y=\"100\" style=\"background-image: none;\" data-cs-background-image=\"https:\/\/www.playabara.es\/wp-content\/uploads\/2024\/05\/286154178_10224310100637952_851300422435122484_n.jpg\">\n\t\t\t\t\t\t\t<div class=\"elementor-background-overlay\"><\/div>\n\t\t\t\t\t\t\t<div class=\"elementor-container elementor-column-gap-no\">\n\t\t\t\t\t<div class=\"elementor-column elementor-col-100 elementor-top-column elementor-element elementor-element-f8603f5 dark-color\" data-id=\"f8603f5\" data-element_type=\"column\" data-e-type=\"column\">\n\t\t\t<div class=\"elementor-widget-wrap elementor-element-populated\">\n\t\t\t\t\t\t<div class=\"elementor-element elementor-element-5638ee6 elementor-widget elementor-widget-cs_title\" data-id=\"5638ee6\" data-element_type=\"widget\" data-e-type=\"widget\" data-widget_type=\"cs_title.default\">\n\t\t\t\t<div class=\"elementor-widget-container\">\n\t\t\t\t\t\n        <div class=\"cs-title-wrap text-center\">\t            <h1 class=\"cs-title\">\n\t                ANIMATION\t            <\/h1>\t            <div class=\"cs-title-text\">\n\t                <p style=\"width: 60%; margin: auto;\">Que ce soit pour une journ\u00e9e, un week-end ou des vacances bien m\u00e9rit\u00e9es, vous vous souviendrez des moments pass\u00e9s avec votre partenaire ou votre famille \u00e0 PLAYA BARA, qui regorge d&rsquo;activit\u00e9s et d&rsquo;exp\u00e9riences.<\/p>\t            <\/div>        <\/div>\t\t\t\t<\/div>\n\t\t\t\t<\/div>\n\t\t\t\t\t<\/div>\n\t\t<\/div>\n\t\t\t\t\t<\/div>\n\t\t<\/section>\n\t\t<div class=\"elementor-element elementor-element-2c2d1a5 e-flex e-con-boxed e-con e-parent\" data-id=\"2c2d1a5\" data-element_type=\"container\" data-e-type=\"container\">\n\t\t\t\t\t<div class=\"e-con-inner\">\n\t\t\t\t<div class=\"elementor-element elementor-element-2849738 elementor-widget elementor-widget-image\" data-id=\"2849738\" data-element_type=\"widget\" data-e-type=\"widget\" data-widget_type=\"image.default\">\n\t\t\t\t<div class=\"elementor-widget-container\">\n\t\t\t\t\t\t\t\t\t\t\t\t\t\t\t<img decoding=\"async\" src=\"https:\/\/www.playabara.es\/wp-content\/uploads\/elementor\/thumbs\/animacion_icon-qis7f0u198r2t6j7hktnzfemkystbq0xlas2xufyuo.png\" title=\"animacion_icon\" alt=\"animacion_icon\" loading=\"lazy\" \/>\t\t\t\t\t\t\t\t\t\t\t\t\t\t\t<\/div>\n\t\t\t\t<\/div>\n\t\t\t\t\t<\/div>\n\t\t\t\t<\/div>\n\t\t<div class=\"elementor-element elementor-element-d72901c e-flex e-con-boxed e-con e-parent\" data-id=\"d72901c\" data-element_type=\"container\" data-e-type=\"container\">\n\t\t\t\t\t<div class=\"e-con-inner\">\n\t\t\t\t<div class=\"elementor-element elementor-element-846dcd8 elementor-widget elementor-widget-cs_title\" data-id=\"846dcd8\" data-element_type=\"widget\" data-e-type=\"widget\" data-widget_type=\"cs_title.default\">\n\t\t\t\t<div class=\"elementor-widget-container\">\n\t\t\t\t\t\n        <div class=\"cs-title-wrap text-center\">\t            <div class=\"cs-subtitle-wrap\"><span class=\"cs-subtitle\">S'AMUSER \u00c0 TOUT \u00c2GE<\/span><\/div>\t            <h4 class=\"cs-title\">\n\t                DES ACTIVIT\u00c9S POUR TOUS\t            <\/h4>\t            <div class=\"cs-title-text\">\n\t                <p>Des activit\u00e9s sans fin pour les enfants, des comp\u00e9titions sportives de toutes sortes, des cours surveill\u00e9s, des activit\u00e9s familiales, des soir\u00e9es dansantes, et bien s\u00fbr une vari\u00e9t\u00e9 de spectacles en soir\u00e9e et en journ\u00e9e pour tous les \u00e2ges.<br><br>Notre \u00e9quipe d&rsquo;animateurs veillera \u00e0 ce que petits et grands ne s&rsquo;ennuient pas un instant : plaisir et exercice sont garantis gr\u00e2ce \u00e0 notre gamme d&rsquo;installations et d&rsquo;activit\u00e9s en pleine nature.<\/p>\t            <\/div>        <\/div>\t\t\t\t<\/div>\n\t\t\t\t<\/div>\n\t\t\t\t\t<\/div>\n\t\t\t\t<\/div>\n\t\t<div class=\"elementor-element elementor-element-873af1e e-flex e-con-boxed e-con e-parent\" data-id=\"873af1e\" data-element_type=\"container\" data-e-type=\"container\">\n\t\t\t\t\t<div class=\"e-con-inner\">\n\t\t\t\t<div class=\"elementor-element elementor-element-421ac61 elementor-widget__width-initial elementor-widget elementor-widget-cs_info_box\" data-id=\"421ac61\" data-element_type=\"widget\" data-e-type=\"widget\" data-widget_type=\"cs_info_box.default\">\n\t\t\t\t<div class=\"elementor-widget-container\">\n\t\t\t\t\t\n\t\t\t<div class=\"cs-info-box column-1 valign-middle img-left text-center\">\n                <div class=\"cs-info-box-wrap\">                    <div class=\"cs-info-box-item elementor-repeater-item-c685940\">\n                    \t<div class=\"cs-item-container\">\t                        <div class=\"cs-info-box-img\"><img decoding=\"async\" src=\"https:\/\/www.playabara.es\/wp-content\/uploads\/elementor\/thumbs\/unnamed-r43xvkepe53id7g4u7clerhkraqh92uxgvvqb1f1yk.webp\" title=\"unnamed\" alt=\"unnamed\" loading=\"lazy\" \/>\t                        <\/div>\t                        <div class=\"cs-info-box-content\">\n\t                            <h1 class=\"cs-title cs-info-box-title\">Programme d'animation disponible dans notre application\t\t\t\t\t\t\t\t<\/h1>\t                        <\/div>\t                    <\/div>\n                    <\/div>\t\t\t\t<\/div>\n\t\t\t<\/div>\t\t\t\t<\/div>\n\t\t\t\t<\/div>\n\t\t\t\t\t<\/div>\n\t\t\t\t<\/div>\n\t\t<section class=\"elementor-element elementor-element-058392e e-con-full e-flex e-con e-parent\" data-id=\"058392e\" data-element_type=\"container\" data-e-type=\"container\" data-settings=\"{&quot;background_background&quot;:&quot;classic&quot;}\">\n\t\t<div class=\"elementor-element elementor-element-cc68703 e-con-full e-flex e-con e-child\" data-id=\"cc68703\" data-element_type=\"container\" data-e-type=\"container\">\n\t\t\t\t<div class=\"elementor-element elementor-element-9b791d0 elementor-widget elementor-widget-cs_title\" data-id=\"9b791d0\" data-element_type=\"widget\" data-e-type=\"widget\" data-widget_type=\"cs_title.default\">\n\t\t\t\t<div class=\"elementor-widget-container\">\n\t\t\t\t\t\n        <div class=\"cs-title-wrap text-center\">\t            <div class=\"cs-subtitle-wrap\"><span class=\"cs-subtitle color-black\">Activit\u00e9s pour enfants<\/span><\/div>\t            <div class=\"cs-title-text color-black\">\n\t                <p>Tout au long de la journ\u00e9e, les enfants pourront participer \u00e0 de nombreux jeux et activit\u00e9s guid\u00e9s et coordonn\u00e9s par nos animateurs.<\/p><p><span style=\"font-size: inherit; background-color: var(--bg-color);\">Profitez de nos installations telles que la piscine avec jeux d&rsquo;eau, le mini-golf, notre mini-club r\u00e9nov\u00e9 avec divers ateliers, bricolage, torsion de ballons, maquillage et bien s\u00fbr tous les jours la mini-disco dans l&rsquo;amphith\u00e9\u00e2tre avec des danses et des jeux en famille.<\/span><\/p><p>Tout au long de la journ\u00e9e, les plus petits peuvent \u00e9galement profiter de l&rsquo;aire de jeux et des activit\u00e9s visant \u00e0 d\u00e9couvrir et \u00e0 interagir avec la nature et l&rsquo;environnement dans le jardin biologique.<\/p>\t            <\/div>        <\/div>\t\t\t\t<\/div>\n\t\t\t\t<\/div>\n\t\t\t\t<\/div>\n\t\t<div class=\"elementor-element elementor-element-d7b536f e-con-full e-flex e-con e-child\" data-id=\"d7b536f\" data-element_type=\"container\" data-e-type=\"container\" data-settings=\"{&quot;background_background&quot;:&quot;slideshow&quot;,&quot;background_slideshow_gallery&quot;:[{&quot;id&quot;:7240,&quot;url&quot;:&quot;https:\\\/\\\/www.playabara.es\\\/wp-content\\\/uploads\\\/2024\\\/03\\\/0fdaee88-38fa-4172-a57d-3b7448531c1d.jpg&quot;},{&quot;id&quot;:7242,&quot;url&quot;:&quot;https:\\\/\\\/www.playabara.es\\\/wp-content\\\/uploads\\\/2024\\\/03\\\/d6abc2d3-7a7a-47e9-96ff-b6c1a26d5adf-1.jpg&quot;}],&quot;background_slideshow_loop&quot;:&quot;yes&quot;,&quot;background_slideshow_slide_duration&quot;:5000,&quot;background_slideshow_slide_transition&quot;:&quot;fade&quot;,&quot;background_slideshow_transition_duration&quot;:500}\">\n\t\t\t\t<\/div>\n\t\t\t\t<\/section>\n\t\t<section class=\"elementor-element elementor-element-8808e2a e-con-full e-flex e-con e-parent\" data-id=\"8808e2a\" data-element_type=\"container\" data-e-type=\"container\" data-settings=\"{&quot;background_background&quot;:&quot;classic&quot;}\">\n\t\t<div class=\"elementor-element elementor-element-81d7364 e-con-full e-flex e-con e-child\" data-id=\"81d7364\" data-element_type=\"container\" data-e-type=\"container\" data-settings=\"{&quot;background_background&quot;:&quot;slideshow&quot;,&quot;background_slideshow_gallery&quot;:[{&quot;id&quot;:7251,&quot;url&quot;:&quot;https:\\\/\\\/www.playabara.es\\\/wp-content\\\/uploads\\\/2024\\\/03\\\/IMG_8574.jpg&quot;},{&quot;id&quot;:7252,&quot;url&quot;:&quot;https:\\\/\\\/www.playabara.es\\\/wp-content\\\/uploads\\\/2024\\\/03\\\/IMG_8578.jpg&quot;}],&quot;background_slideshow_loop&quot;:&quot;yes&quot;,&quot;background_slideshow_slide_duration&quot;:5000,&quot;background_slideshow_slide_transition&quot;:&quot;fade&quot;,&quot;background_slideshow_transition_duration&quot;:500}\">\n\t\t\t\t<\/div>\n\t\t<div class=\"elementor-element elementor-element-8cfea30 e-con-full e-flex e-con e-child\" data-id=\"8cfea30\" data-element_type=\"container\" data-e-type=\"container\">\n\t\t\t\t<div class=\"elementor-element elementor-element-9a96fb2 elementor-widget elementor-widget-cs_title\" data-id=\"9a96fb2\" data-element_type=\"widget\" data-e-type=\"widget\" data-widget_type=\"cs_title.default\">\n\t\t\t\t<div class=\"elementor-widget-container\">\n\t\t\t\t\t\n        <div class=\"cs-title-wrap text-center\">\t            <div class=\"cs-subtitle-wrap\"><span class=\"cs-subtitle color-black\">Jeunes et adultes<\/span><\/div>\t            <h2 class=\"cs-title color-black\">\n\t                Activit\u00e9s, cours encadr\u00e9s et fitness, en plein air ou dans le gymnase.\t            <\/h2>\t            <div class=\"cs-title-text color-black\">\n\t                Pour notre public \u00e2g\u00e9 de 16 ans et plus, nous proposons diverses alternatives telles que des tournois sportifs (football, padel, tennis, basket-ball, tennis de table, water-polo), des activit\u00e9s sp\u00e9ciales telles que le tir \u00e0 l&rsquo;arc et \u00e0 la carabine, des parcours programm\u00e9s et de la zumba dans l&rsquo;amphith\u00e9\u00e2tre. Gr\u00e2ce \u00e0 nos nombreuses installations, vous pourrez pratiquer votre sport favori en tout confort. Pour les noctambules, le Resort dispose de sa propre discoth\u00e8que.\nNotre centre de remise en forme dispose de toutes sortes de machines pour tous les types d&rsquo;exercices. Vous serez toujours accompagn\u00e9 d&rsquo;une personne qui pourra vous conseiller \u00e0 tout moment et vous pourrez \u00e9galement participer \u00e0 des cours encadr\u00e9s et en plein air tels que la zumba, le spinning, le pilates, le gap, le yoga, le stretching&#8230;\t            <\/div>        <\/div>\t\t\t\t<\/div>\n\t\t\t\t<\/div>\n\t\t\t\t<\/div>\n\t\t\t\t<\/section>\n\t\t<section class=\"elementor-element elementor-element-8b73a18 e-con-full e-flex e-con e-parent\" data-id=\"8b73a18\" data-element_type=\"container\" data-e-type=\"container\" data-settings=\"{&quot;background_background&quot;:&quot;classic&quot;}\">\n\t\t<div class=\"elementor-element elementor-element-2f07ec6 e-con-full e-flex e-con e-child\" data-id=\"2f07ec6\" data-element_type=\"container\" data-e-type=\"container\">\n\t\t\t\t<div class=\"elementor-element elementor-element-f7d4c0a elementor-widget elementor-widget-cs_title\" data-id=\"f7d4c0a\" data-element_type=\"widget\" data-e-type=\"widget\" data-widget_type=\"cs_title.default\">\n\t\t\t\t<div class=\"elementor-widget-container\">\n\t\t\t\t\t\n        <div class=\"cs-title-wrap text-center\">\t            <div class=\"cs-subtitle-wrap\"><span class=\"cs-subtitle color-black\">Spectacles en soir\u00e9e<\/span><\/div>\t            <h2 class=\"cs-title color-black\">\n\t                Pour toute la famille\t            <\/h2>\t            <div class=\"cs-title-text color-black\">\n\t                <p>Amusez-vous en assistant aux spectacles de notre grand amphith\u00e9\u00e2tre romain avec des com\u00e9dies musicales cr\u00e9\u00e9es par l&rsquo;\u00e9quipe d&rsquo;animation, dans lesquelles vous pourrez participer \u00e0 des concours, des spectacles acrobatiques et th\u00e9matiques, des hommages, de la musique en direct et bien d&rsquo;autres choses encore.<\/p>\t            <\/div>        <\/div>\t\t\t\t<\/div>\n\t\t\t\t<\/div>\n\t\t\t\t<\/div>\n\t\t<div class=\"elementor-element elementor-element-de9d9e0 e-con-full e-flex e-con e-child\" data-id=\"de9d9e0\" data-element_type=\"container\" data-e-type=\"container\" data-settings=\"{&quot;background_background&quot;:&quot;slideshow&quot;,&quot;background_slideshow_gallery&quot;:[{&quot;id&quot;:7243,&quot;url&quot;:&quot;https:\\\/\\\/www.playabara.es\\\/wp-content\\\/uploads\\\/2024\\\/03\\\/302190231_10224692045106325_301821874253402257_n.jpg&quot;},{&quot;id&quot;:7244,&quot;url&quot;:&quot;https:\\\/\\\/www.playabara.es\\\/wp-content\\\/uploads\\\/2024\\\/03\\\/305203208_10224707693617528_7761634057839183819_n.jpg&quot;},{&quot;id&quot;:7245,&quot;url&quot;:&quot;https:\\\/\\\/www.playabara.es\\\/wp-content\\\/uploads\\\/2024\\\/03\\\/305410301_10224719228345889_4070841340615375848_n.jpg&quot;},{&quot;id&quot;:7246,&quot;url&quot;:&quot;https:\\\/\\\/www.playabara.es\\\/wp-content\\\/uploads\\\/2024\\\/03\\\/306125116_10224734758374130_310733414264289156_n.jpg&quot;},{&quot;id&quot;:7247,&quot;url&quot;:&quot;https:\\\/\\\/www.playabara.es\\\/wp-content\\\/uploads\\\/2024\\\/03\\\/306397531_10224739145443804_2784852050782614302_n.jpg&quot;},{&quot;id&quot;:7248,&quot;url&quot;:&quot;https:\\\/\\\/www.playabara.es\\\/wp-content\\\/uploads\\\/2024\\\/03\\\/306525915_10224739166564332_5980151473032232120_n.jpg&quot;},{&quot;id&quot;:7249,&quot;url&quot;:&quot;https:\\\/\\\/www.playabara.es\\\/wp-content\\\/uploads\\\/2024\\\/03\\\/306663158_10224739144523781_3328096756601170072_n-scaled.jpg&quot;},{&quot;id&quot;:7250,&quot;url&quot;:&quot;https:\\\/\\\/www.playabara.es\\\/wp-content\\\/uploads\\\/2024\\\/03\\\/306716092_10224742538448627_4775194963970949688_n-scaled.jpg&quot;}],&quot;background_slideshow_loop&quot;:&quot;yes&quot;,&quot;background_slideshow_slide_duration&quot;:5000,&quot;background_slideshow_slide_transition&quot;:&quot;fade&quot;,&quot;background_slideshow_transition_duration&quot;:500}\">\n\t\t\t\t<\/div>\n\t\t\t\t<\/section>\n\t\t\t\t<\/div>\n\t\t","protected":false},"excerpt":{"rendered":"<p>ANIMATION Que ce soit pour une journ\u00e9e, un week-end ou des vacances bien m\u00e9rit\u00e9es, vous vous souviendrez des moments pass\u00e9s avec votre partenaire ou votre famille \u00e0 PLAYA BARA, qui regorge d&rsquo;activit\u00e9s et d&rsquo;exp\u00e9riences. S&rsquo;AMUSER \u00c0 TOUT \u00c2GE DES ACTIVIT\u00c9S POUR TOUS Des activit\u00e9s sans fin pour les enfants, des comp\u00e9titions sportives de toutes sortes, &#8230;<\/p>\n","protected":false},"author":1,"featured_media":0,"parent":0,"menu_order":0,"comment_status":"closed","ping_status":"closed","template":"template-wide-content.php","meta":{"_acf_changed":false,"om_disable_all_campaigns":false,"_uf_show_specific_survey":0,"_uf_disable_surveys":false,"cozystay_single_page_hide_site_header":"","cozystay_single_page_site_header_source":"","cozystay_single_page_custom_site_header":"0","cozystay_single_page_custom_sticky_site_header":"0","cozystay_single_page_hide_page_title":"","cozystay_single_page_header_section_size":"","cozystay_single_page_header_background_color":"","cozystay_single_page_header_background_position_x":"center","cozystay_single_page_header_background_position_y":"center","cozystay_single_page_header_background_size":"cover","cozystay_single_page_header_background_repeat":"off","cozystay_single_page_header_background_scroll":"on","cozystay_single_page_header_text_color":"","cozystay_single_page_header_show_breadcrumb":"","cozystay_single_page_site_footer_hide_main":"","cozystay_single_custom_site_footer_main_source":"","cozystay_single_custom_site_footer_main":"0","cozystay_single_page_site_footer_hide_above":"","cozystay_single_custom_site_footer_above_source":"","cozystay_single_custom_site_footer_above":"0","cozystay_single_page_site_footer_hide_instagram":"","cozystay_single_page_site_footer_hide_bottom":"","cozystay_single_custom_mobile_menu_source":"","cozystay_single_custom_mobile_menu":"0","cozystay_single_custom_mobile_menu_animation":"","cozystay_single_custom_mobile_menu_width":"","cozystay_single_custom_mobile_menu_custom_width":375,"footnotes":""},"class_list":["post-7229","page","type-page","status-publish","hentry"],"acf":[],"yoast_head":"<!-- This site is optimized with the Yoast SEO Premium plugin v27.2 (Yoast SEO v27.3) - https:\/\/yoast.com\/product\/yoast-seo-premium-wordpress\/ -->\n<title>Animation - Playa Bara - Camping - Caravaning - Bungalows - Spa<\/title>\n<meta name=\"description\" content=\"Disfruta de la mejor animacion en PLAYA BARA con actividades para toda la familia. \u00a1Diversi\u00f3n sin l\u00edmites!\" \/>\n<meta name=\"robots\" content=\"index, follow, max-snippet:-1, max-image-preview:large, max-video-preview:-1\" \/>\n<link rel=\"canonical\" href=\"https:\/\/www.playabara.es\/fr\/animation\/\" \/>\n<meta property=\"og:locale\" content=\"fr_FR\" \/>\n<meta property=\"og:type\" content=\"article\" \/>\n<meta property=\"og:title\" content=\"Animation\" \/>\n<meta property=\"og:description\" content=\"Disfruta de la mejor animacion en PLAYA BARA con actividades para toda la familia. \u00a1Diversi\u00f3n sin l\u00edmites!\" \/>\n<meta property=\"og:url\" content=\"https:\/\/www.playabara.es\/fr\/animation\/\" \/>\n<meta property=\"og:site_name\" content=\"Playa Bara - Camping - Caravaning - Bungalows - Spa\" \/>\n<meta property=\"article:modified_time\" content=\"2026-03-20T15:05:47+00:00\" \/>\n<meta property=\"og:image\" content=\"https:\/\/www.playabara.es\/wp-content\/uploads\/elementor\/thumbs\/animacion_icon-qis7f0u198r2t6j7hktnzfemkystbq0xlas2xufyuo.png\" \/>\n<meta name=\"twitter:card\" content=\"summary_large_image\" \/>\n<meta name=\"twitter:label1\" content=\"Dur\u00e9e de lecture estim\u00e9e\" \/>\n\t<meta name=\"twitter:data1\" content=\"3 minutes\" \/>\n<script type=\"application\/ld+json\" class=\"yoast-schema-graph\">{\"@context\":\"https:\\\/\\\/schema.org\",\"@graph\":[{\"@type\":\"WebPage\",\"@id\":\"https:\\\/\\\/www.playabara.es\\\/fr\\\/animation\\\/\",\"url\":\"https:\\\/\\\/www.playabara.es\\\/fr\\\/animation\\\/\",\"name\":\"Animation - Playa Bara - Camping - Caravaning - Bungalows - Spa\",\"isPartOf\":{\"@id\":\"https:\\\/\\\/www.playabara.es\\\/fr\\\/#website\"},\"primaryImageOfPage\":{\"@id\":\"https:\\\/\\\/www.playabara.es\\\/fr\\\/animation\\\/#primaryimage\"},\"image\":{\"@id\":\"https:\\\/\\\/www.playabara.es\\\/fr\\\/animation\\\/#primaryimage\"},\"thumbnailUrl\":\"https:\\\/\\\/www.playabara.es\\\/wp-content\\\/uploads\\\/elementor\\\/thumbs\\\/animacion_icon-qis7f0u198r2t6j7hktnzfemkystbq0xlas2xufyuo.png\",\"datePublished\":\"2024-01-24T12:43:22+00:00\",\"dateModified\":\"2026-03-20T15:05:47+00:00\",\"description\":\"Disfruta de la mejor animacion en PLAYA BARA con actividades para toda la familia. \u00a1Diversi\u00f3n sin l\u00edmites!\",\"breadcrumb\":{\"@id\":\"https:\\\/\\\/www.playabara.es\\\/fr\\\/animation\\\/#breadcrumb\"},\"inLanguage\":\"fr-FR\",\"potentialAction\":[{\"@type\":\"ReadAction\",\"target\":[\"https:\\\/\\\/www.playabara.es\\\/fr\\\/animation\\\/\"]}]},{\"@type\":\"ImageObject\",\"inLanguage\":\"fr-FR\",\"@id\":\"https:\\\/\\\/www.playabara.es\\\/fr\\\/animation\\\/#primaryimage\",\"url\":\"https:\\\/\\\/www.playabara.es\\\/wp-content\\\/uploads\\\/elementor\\\/thumbs\\\/animacion_icon-qis7f0u198r2t6j7hktnzfemkystbq0xlas2xufyuo.png\",\"contentUrl\":\"https:\\\/\\\/www.playabara.es\\\/wp-content\\\/uploads\\\/elementor\\\/thumbs\\\/animacion_icon-qis7f0u198r2t6j7hktnzfemkystbq0xlas2xufyuo.png\"},{\"@type\":\"BreadcrumbList\",\"@id\":\"https:\\\/\\\/www.playabara.es\\\/fr\\\/animation\\\/#breadcrumb\",\"itemListElement\":[{\"@type\":\"ListItem\",\"position\":1,\"name\":\"Portada\",\"item\":\"https:\\\/\\\/www.playabara.es\\\/fr\\\/accueil\\\/\"},{\"@type\":\"ListItem\",\"position\":2,\"name\":\"Animation\"}]},{\"@type\":\"WebSite\",\"@id\":\"https:\\\/\\\/www.playabara.es\\\/fr\\\/#website\",\"url\":\"https:\\\/\\\/www.playabara.es\\\/fr\\\/\",\"name\":\"Playa Bara - Camping - Caravaning - Bungalows - Spa\",\"description\":\"\",\"potentialAction\":[{\"@type\":\"SearchAction\",\"target\":{\"@type\":\"EntryPoint\",\"urlTemplate\":\"https:\\\/\\\/www.playabara.es\\\/fr\\\/?s={search_term_string}\"},\"query-input\":{\"@type\":\"PropertyValueSpecification\",\"valueRequired\":true,\"valueName\":\"search_term_string\"}}],\"inLanguage\":\"fr-FR\"}]}<\/script>\n<!-- \/ Yoast SEO Premium plugin. -->","yoast_head_json":{"title":"Animation - Playa Bara - Camping - Caravaning - Bungalows - Spa","description":"Disfruta de la mejor animacion en PLAYA BARA con actividades para toda la familia. \u00a1Diversi\u00f3n sin l\u00edmites!","robots":{"index":"index","follow":"follow","max-snippet":"max-snippet:-1","max-image-preview":"max-image-preview:large","max-video-preview":"max-video-preview:-1"},"canonical":"https:\/\/www.playabara.es\/fr\/animation\/","og_locale":"fr_FR","og_type":"article","og_title":"Animation","og_description":"Disfruta de la mejor animacion en PLAYA BARA con actividades para toda la familia. \u00a1Diversi\u00f3n sin l\u00edmites!","og_url":"https:\/\/www.playabara.es\/fr\/animation\/","og_site_name":"Playa Bara - Camping - Caravaning - Bungalows - Spa","article_modified_time":"2026-03-20T15:05:47+00:00","og_image":[{"url":"https:\/\/www.playabara.es\/wp-content\/uploads\/elementor\/thumbs\/animacion_icon-qis7f0u198r2t6j7hktnzfemkystbq0xlas2xufyuo.png","type":"","width":"","height":""}],"twitter_card":"summary_large_image","twitter_misc":{"Dur\u00e9e de lecture estim\u00e9e":"3 minutes"},"schema":{"@context":"https:\/\/schema.org","@graph":[{"@type":"WebPage","@id":"https:\/\/www.playabara.es\/fr\/animation\/","url":"https:\/\/www.playabara.es\/fr\/animation\/","name":"Animation - Playa Bara - Camping - Caravaning - Bungalows - Spa","isPartOf":{"@id":"https:\/\/www.playabara.es\/fr\/#website"},"primaryImageOfPage":{"@id":"https:\/\/www.playabara.es\/fr\/animation\/#primaryimage"},"image":{"@id":"https:\/\/www.playabara.es\/fr\/animation\/#primaryimage"},"thumbnailUrl":"https:\/\/www.playabara.es\/wp-content\/uploads\/elementor\/thumbs\/animacion_icon-qis7f0u198r2t6j7hktnzfemkystbq0xlas2xufyuo.png","datePublished":"2024-01-24T12:43:22+00:00","dateModified":"2026-03-20T15:05:47+00:00","description":"Disfruta de la mejor animacion en PLAYA BARA con actividades para toda la familia. \u00a1Diversi\u00f3n sin l\u00edmites!","breadcrumb":{"@id":"https:\/\/www.playabara.es\/fr\/animation\/#breadcrumb"},"inLanguage":"fr-FR","potentialAction":[{"@type":"ReadAction","target":["https:\/\/www.playabara.es\/fr\/animation\/"]}]},{"@type":"ImageObject","inLanguage":"fr-FR","@id":"https:\/\/www.playabara.es\/fr\/animation\/#primaryimage","url":"https:\/\/www.playabara.es\/wp-content\/uploads\/elementor\/thumbs\/animacion_icon-qis7f0u198r2t6j7hktnzfemkystbq0xlas2xufyuo.png","contentUrl":"https:\/\/www.playabara.es\/wp-content\/uploads\/elementor\/thumbs\/animacion_icon-qis7f0u198r2t6j7hktnzfemkystbq0xlas2xufyuo.png"},{"@type":"BreadcrumbList","@id":"https:\/\/www.playabara.es\/fr\/animation\/#breadcrumb","itemListElement":[{"@type":"ListItem","position":1,"name":"Portada","item":"https:\/\/www.playabara.es\/fr\/accueil\/"},{"@type":"ListItem","position":2,"name":"Animation"}]},{"@type":"WebSite","@id":"https:\/\/www.playabara.es\/fr\/#website","url":"https:\/\/www.playabara.es\/fr\/","name":"Playa Bara - Camping - Caravaning - Bungalows - Spa","description":"","potentialAction":[{"@type":"SearchAction","target":{"@type":"EntryPoint","urlTemplate":"https:\/\/www.playabara.es\/fr\/?s={search_term_string}"},"query-input":{"@type":"PropertyValueSpecification","valueRequired":true,"valueName":"search_term_string"}}],"inLanguage":"fr-FR"}]}},"_links":{"self":[{"href":"https:\/\/www.playabara.es\/fr\/wp-json\/wp\/v2\/pages\/7229","targetHints":{"allow":["GET"]}}],"collection":[{"href":"https:\/\/www.playabara.es\/fr\/wp-json\/wp\/v2\/pages"}],"about":[{"href":"https:\/\/www.playabara.es\/fr\/wp-json\/wp\/v2\/types\/page"}],"author":[{"embeddable":true,"href":"https:\/\/www.playabara.es\/fr\/wp-json\/wp\/v2\/users\/1"}],"replies":[{"embeddable":true,"href":"https:\/\/www.playabara.es\/fr\/wp-json\/wp\/v2\/comments?post=7229"}],"version-history":[{"count":122,"href":"https:\/\/www.playabara.es\/fr\/wp-json\/wp\/v2\/pages\/7229\/revisions"}],"predecessor-version":[{"id":16399,"href":"https:\/\/www.playabara.es\/fr\/wp-json\/wp\/v2\/pages\/7229\/revisions\/16399"}],"wp:attachment":[{"href":"https:\/\/www.playabara.es\/fr\/wp-json\/wp\/v2\/media?parent=7229"}],"curies":[{"name":"wp","href":"https:\/\/api.w.org\/{rel}","templated":true}]}}