{"id":7333,"date":"2024-01-26T04:19:42","date_gmt":"2024-01-26T03:19:42","guid":{"rendered":"https:\/\/www.playabara.es\/installations\/spa-et-bien-etre\/"},"modified":"2026-03-31T10:58:34","modified_gmt":"2026-03-31T08:58:34","slug":"spa-et-bien-etre","status":"publish","type":"page","link":"https:\/\/www.playabara.es\/fr\/installations\/spa-et-bien-etre\/","title":{"rendered":"SPA"},"content":{"rendered":"\t\t<div data-elementor-type=\"wp-page\" data-elementor-id=\"7333\" class=\"elementor elementor-7333 elementor-2579\">\n\t\t\t\t\t\t<section class=\"elementor-section elementor-top-section elementor-element elementor-element-51b883a elementor-section-height-min-height cs-section-content-fullwidth cs-parallax-on-scroll cs_scroll_y_100 elementor-section-boxed elementor-section-height-default elementor-section-items-middle\" data-id=\"51b883a\" data-element_type=\"section\" data-e-type=\"section\" data-settings=\"{&quot;background_background&quot;:&quot;classic&quot;}\" data-cs-parallax-y=\"100\" style=\"background-image: none;\" data-cs-background-image=\"https:\/\/www.playabara.es\/wp-content\/uploads\/2024\/03\/FOTO-PORTADA-SPA.jpg\">\n\t\t\t\t\t\t\t<div class=\"elementor-background-overlay\"><\/div>\n\t\t\t\t\t\t\t<div class=\"elementor-container elementor-column-gap-no\">\n\t\t\t\t\t<div class=\"elementor-column elementor-col-100 elementor-top-column elementor-element elementor-element-f8603f5 dark-color\" data-id=\"f8603f5\" data-element_type=\"column\" data-e-type=\"column\">\n\t\t\t<div class=\"elementor-widget-wrap elementor-element-populated\">\n\t\t\t\t\t\t<div class=\"elementor-element elementor-element-5638ee6 elementor-widget elementor-widget-cs_title\" data-id=\"5638ee6\" data-element_type=\"widget\" data-e-type=\"widget\" data-widget_type=\"cs_title.default\">\n\t\t\t\t<div class=\"elementor-widget-container\">\n\t\t\t\t\t\n        <div class=\"cs-title-wrap text-center\">\t            <div class=\"cs-subtitle-wrap\"><span class=\"cs-subtitle color-white\">INSTALLATIONS<\/span><\/div>\t            <h1 class=\"cs-title\">\n\t                SPA\t            <\/h1>\t            <div class=\"cs-title-text\">\n\t                <p style=\"width: 60%; margin: auto;\">D\u00e9tendez-vous et r\u00e9initialisez-vous. Profitez d&rsquo;un massage professionnel de haute qualit\u00e9 dans notre centre de bien-\u00eatre et b\u00e9n\u00e9ficiez d&rsquo;un \u00e9tirement physique et mental complet.<\/p>\t            <\/div>        <\/div>\t\t\t\t<\/div>\n\t\t\t\t<\/div>\n\t\t\t\t\t<\/div>\n\t\t<\/div>\n\t\t\t\t\t<\/div>\n\t\t<\/section>\n\t\t<div class=\"elementor-element elementor-element-228d28b e-flex e-con-boxed e-con e-parent\" data-id=\"228d28b\" data-element_type=\"container\" data-e-type=\"container\">\n\t\t\t\t\t<div class=\"e-con-inner\">\n\t\t<div class=\"elementor-element elementor-element-74d676d e-con-full e-flex e-con e-child\" data-id=\"74d676d\" data-element_type=\"container\" data-e-type=\"container\">\n\t\t<div class=\"elementor-element elementor-element-e7d9c1f e-flex e-con-boxed e-con e-child\" data-id=\"e7d9c1f\" data-element_type=\"container\" data-e-type=\"container\">\n\t\t\t\t\t<div class=\"e-con-inner\">\n\t\t\t\t<div class=\"elementor-element elementor-element-6313d01 elementor-widget elementor-widget-image\" data-id=\"6313d01\" data-element_type=\"widget\" data-e-type=\"widget\" data-widget_type=\"image.default\">\n\t\t\t\t<div class=\"elementor-widget-container\">\n\t\t\t\t\t\t\t\t\t\t\t\t\t\t\t<img decoding=\"async\" src=\"https:\/\/www.playabara.es\/wp-content\/uploads\/elementor\/thumbs\/icon_spa-qiuzflhwitnzs4hyny2h4u307s12co1zahhub3u4a8.png\" title=\"icon_spa\" alt=\"icon_spa\" loading=\"lazy\" \/>\t\t\t\t\t\t\t\t\t\t\t\t\t\t\t<\/div>\n\t\t\t\t<\/div>\n\t\t\t\t\t<\/div>\n\t\t\t\t<\/div>\n\t\t\t\t<div class=\"elementor-element elementor-element-cf3190a spa-text elementor-widget elementor-widget-cs_title\" data-id=\"cf3190a\" data-element_type=\"widget\" data-e-type=\"widget\" data-widget_type=\"cs_title.default\">\n\t\t\t\t<div class=\"elementor-widget-container\">\n\t\t\t\t\t\n        <div class=\"cs-title-wrap text-left\">\t            <h4 class=\"cs-title\">\n\t                D\u00e9tendez-vous et prenez soin de vous\t            <\/h4>\t            <div class=\"cs-title-text\">\n\t                <p>\u00c9vadez-vous de l&rsquo;agitation du quotidien et retrouvez une d\u00e9tente totale dans notre spa situ\u00e9 sur l&rsquo;avenue principale du camping.<\/p><p>Le tout soigneusement planifi\u00e9 pour vous aider \u00e0 atteindre un \u00e9quilibre \u00e9nerg\u00e9tique, physique et mental.<\/p>\t            <\/div>        <\/div>\t\t\t\t<\/div>\n\t\t\t\t<\/div>\n\t\t\t\t<div class=\"elementor-element elementor-element-dd2d9cb elementor-arrows-position-inside elementor-widget elementor-widget-image-carousel\" data-id=\"dd2d9cb\" data-element_type=\"widget\" data-e-type=\"widget\" data-settings=\"{&quot;slides_to_show&quot;:&quot;1&quot;,&quot;navigation&quot;:&quot;arrows&quot;,&quot;autoplay&quot;:&quot;no&quot;,&quot;infinite&quot;:&quot;no&quot;,&quot;effect&quot;:&quot;slide&quot;,&quot;speed&quot;:500}\" data-widget_type=\"image-carousel.default\">\n\t\t\t\t<div class=\"elementor-widget-container\">\n\t\t\t\t\t\t\t<div class=\"elementor-image-carousel-wrapper swiper\" role=\"region\" aria-roledescription=\"carousel\" aria-label=\"Carrusel de im\u00e1genes\" dir=\"ltr\">\n\t\t\t<div class=\"elementor-image-carousel swiper-wrapper\" aria-live=\"polite\">\n\t\t\t\t\t\t\t\t<div class=\"swiper-slide\" role=\"group\" aria-roledescription=\"slide\" aria-label=\"1 sur 1\"><figure class=\"swiper-slide-inner\"><img decoding=\"async\" class=\"swiper-slide-image\" src=\"https:\/\/www.playabara.es\/wp-content\/uploads\/2024\/03\/IMG_3858.jpeg\" alt=\"IMG_3858\" \/><\/figure><\/div>\t\t\t<\/div>\n\t\t\t\t\t<\/div>\n\t\t\t\t\t\t<\/div>\n\t\t\t\t<\/div>\n\t\t\t\t<\/div>\n\t\t<div class=\"elementor-element elementor-element-26d43ce e-con-full e-flex e-con e-child\" data-id=\"26d43ce\" data-element_type=\"container\" data-e-type=\"container\">\n\t\t\t\t<div class=\"elementor-element elementor-element-f9ad5cd elementor-arrows-position-inside elementor-widget elementor-widget-image-carousel\" data-id=\"f9ad5cd\" data-element_type=\"widget\" data-e-type=\"widget\" data-settings=\"{&quot;slides_to_show&quot;:&quot;1&quot;,&quot;navigation&quot;:&quot;arrows&quot;,&quot;autoplay&quot;:&quot;no&quot;,&quot;infinite&quot;:&quot;no&quot;,&quot;effect&quot;:&quot;slide&quot;,&quot;speed&quot;:500}\" data-widget_type=\"image-carousel.default\">\n\t\t\t\t<div class=\"elementor-widget-container\">\n\t\t\t\t\t\t\t<div class=\"elementor-image-carousel-wrapper swiper\" role=\"region\" aria-roledescription=\"carousel\" aria-label=\"Carrusel de im\u00e1genes\" dir=\"ltr\">\n\t\t\t<div class=\"elementor-image-carousel swiper-wrapper\" aria-live=\"polite\">\n\t\t\t\t\t\t\t\t<div class=\"swiper-slide\" role=\"group\" aria-roledescription=\"slide\" aria-label=\"1 sur 1\"><figure class=\"swiper-slide-inner\"><img decoding=\"async\" class=\"swiper-slide-image\" src=\"https:\/\/www.playabara.es\/wp-content\/uploads\/2026\/03\/kian2018-chinese-medicine-3666269-scaled.jpg\" alt=\"kian2018-chinese-medicine-3666269\" \/><\/figure><\/div>\t\t\t<\/div>\n\t\t\t\t\t<\/div>\n\t\t\t\t\t\t<\/div>\n\t\t\t\t<\/div>\n\t\t\t\t<div class=\"elementor-element elementor-element-3fffcb9 spa-text elementor-widget elementor-widget-cs_title\" data-id=\"3fffcb9\" data-element_type=\"widget\" data-e-type=\"widget\" data-widget_type=\"cs_title.default\">\n\t\t\t\t<div class=\"elementor-widget-container\">\n\t\t\t\t\t\n        <div class=\"cs-title-wrap\">\t            <h4 class=\"cs-title\">\n\t                Traitements\t            <\/h4>\t            <div class=\"cs-title-text\">\n\t                Rejuvenezca su mente, cuerpo y alma en nuestro spa diurno que ofrece un men\u00fa completo de servicios de spa reparadores, masajes relajantes y tratamientos de belleza beneficiosos. Rendez-vous requis.\n<ul>\n<li>Piscine d&rsquo;hydroth\u00e9rapie.<\/li>\n<li>Piscine d&rsquo;eau froide.<\/li>\n<li>Piscine d&rsquo;eau chaude.<\/li>\n<li>Bain de vapeur.<\/li>\n<li>Sauna.<\/li>\n<li>Hammam.<\/li>\n<li>Salle de relaxation.<\/li>\n<li>Massages et soins du corps.<\/li>\n<\/ul>\t            <\/div>        <\/div>\t\t\t\t<\/div>\n\t\t\t\t<\/div>\n\t\t\t\t<div class=\"elementor-element elementor-element-b45da2e elementor-widget elementor-widget-image\" data-id=\"b45da2e\" data-element_type=\"widget\" data-e-type=\"widget\" data-widget_type=\"image.default\">\n\t\t\t\t<div class=\"elementor-widget-container\">\n\t\t\t\t\t\t\t\t\t\t\t\t\t\t\t<img fetchpriority=\"high\" decoding=\"async\" width=\"1024\" height=\"768\" src=\"https:\/\/www.playabara.es\/wp-content\/uploads\/2024\/03\/5-1-1024x768.jpeg\" class=\"attachment-large size-large wp-image-7153\" alt=\"\" srcset=\"https:\/\/www.playabara.es\/wp-content\/uploads\/2024\/03\/5-1-1024x768.jpeg 1024w, https:\/\/www.playabara.es\/wp-content\/uploads\/2024\/03\/5-1-300x225.jpeg 300w, https:\/\/www.playabara.es\/wp-content\/uploads\/2024\/03\/5-1-768x576.jpeg 768w, https:\/\/www.playabara.es\/wp-content\/uploads\/2024\/03\/5-1-1536x1152.jpeg 1536w, https:\/\/www.playabara.es\/wp-content\/uploads\/2024\/03\/5-1-1920x1440.jpeg 1920w, https:\/\/www.playabara.es\/wp-content\/uploads\/2024\/03\/5-1-1440x1080.jpeg 1440w, https:\/\/www.playabara.es\/wp-content\/uploads\/2024\/03\/5-1-1200x900.jpeg 1200w, https:\/\/www.playabara.es\/wp-content\/uploads\/2024\/03\/5-1-780x585.jpeg 780w, https:\/\/www.playabara.es\/wp-content\/uploads\/2024\/03\/5-1-600x450.jpeg 600w, https:\/\/www.playabara.es\/wp-content\/uploads\/2024\/03\/5-1-550x413.jpeg 550w, https:\/\/www.playabara.es\/wp-content\/uploads\/2024\/03\/5-1-370x278.jpeg 370w, https:\/\/www.playabara.es\/wp-content\/uploads\/2024\/03\/5-1-255x191.jpeg 255w, https:\/\/www.playabara.es\/wp-content\/uploads\/2024\/03\/5-1.jpeg 2048w\" sizes=\"(max-width: 1024px) 100vw, 1024px\" \/>\t\t\t\t\t\t\t\t\t\t\t\t\t\t\t<\/div>\n\t\t\t\t<\/div>\n\t\t\t\t<\/div>\n\t\t\t\t\t<\/div>\n\t\t\t\t<\/div>\n\t\t\t\t<section class=\"elementor-section elementor-top-section elementor-element elementor-element-3870793 elementor-section-height-min-height cs-section-content-fullwidth cs-parallax-on-scroll cs_scroll_y_100 elementor-section-boxed elementor-section-height-default elementor-section-items-middle\" data-id=\"3870793\" data-element_type=\"section\" data-e-type=\"section\" data-settings=\"{&quot;background_background&quot;:&quot;classic&quot;}\" data-cs-parallax-y=\"100\">\n\t\t\t\t\t\t<div class=\"elementor-container elementor-column-gap-no\">\n\t\t\t\t\t<div class=\"elementor-column elementor-col-100 elementor-top-column elementor-element elementor-element-4c1ce05 dark-color\" data-id=\"4c1ce05\" data-element_type=\"column\" data-e-type=\"column\">\n\t\t\t<div class=\"elementor-widget-wrap elementor-element-populated\">\n\t\t\t\t\t\t<div class=\"elementor-element elementor-element-9422dea elementor-widget elementor-widget-cs_title\" data-id=\"9422dea\" data-element_type=\"widget\" data-e-type=\"widget\" data-widget_type=\"cs_title.default\">\n\t\t\t\t<div class=\"elementor-widget-container\">\n\t\t\t\t\t\n        <div class=\"cs-title-wrap text-center\">\t            <h3 class=\"cs-title color-black\">\n\t                R\u00e9servations et rendez-vous\t            <\/h3>\t            <div class=\"cs-title-text color-black\">\n\t                <p>Pour prendre une r\u00e9servation ou un rendez-vous, contactez WhatsApp au +34 640 910 127 Les rendez-vous en dehors des heures d&rsquo;ouverture doivent \u00eatre r\u00e9serv\u00e9s au moins 24 heures \u00e0 l&rsquo;avance. <\/p>\t            <\/div>        <\/div>\t\t\t\t<\/div>\n\t\t\t\t<\/div>\n\t\t\t\t<section class=\"elementor-section elementor-inner-section elementor-element elementor-element-8f2068c elementor-section-boxed elementor-section-height-default elementor-section-height-default\" data-id=\"8f2068c\" data-element_type=\"section\" data-e-type=\"section\">\n\t\t\t\t\t\t<div class=\"elementor-container elementor-column-gap-no\">\n\t\t\t\t\t<div class=\"elementor-column elementor-col-100 elementor-inner-column elementor-element elementor-element-21faeb8\" data-id=\"21faeb8\" data-element_type=\"column\" data-e-type=\"column\">\n\t\t\t<div class=\"elementor-widget-wrap elementor-element-populated\">\n\t\t\t\t\t\t<div class=\"elementor-element elementor-element-ee24c08 elementor-view-stacked elementor-position-inline-start elementor-widget__width-auto elementor-shape-circle elementor-mobile-position-block-start elementor-widget elementor-widget-icon-box\" data-id=\"ee24c08\" data-element_type=\"widget\" data-e-type=\"widget\" data-widget_type=\"icon-box.default\">\n\t\t\t\t<div class=\"elementor-widget-container\">\n\t\t\t\t\t\t\t<div class=\"elementor-icon-box-wrapper\">\n\n\t\t\t\t\t\t<div class=\"elementor-icon-box-icon\">\n\t\t\t\t<a href=\"https:\/\/wa.me\/+34640910127\" class=\"elementor-icon\" tabindex=\"-1\" aria-label=\"R\u00e9servation par WhatsApp\">\n\t\t\t\t<svg aria-hidden=\"true\" class=\"e-font-icon-svg e-fas-phone-alt\" viewBox=\"0 0 512 512\" xmlns=\"http:\/\/www.w3.org\/2000\/svg\"><path d=\"M497.39 361.8l-112-48a24 24 0 0 0-28 6.9l-49.6 60.6A370.66 370.66 0 0 1 130.6 204.11l60.6-49.6a23.94 23.94 0 0 0 6.9-28l-48-112A24.16 24.16 0 0 0 122.6.61l-104 24A24 24 0 0 0 0 48c0 256.5 207.9 464 464 464a24 24 0 0 0 23.4-18.6l24-104a24.29 24.29 0 0 0-14.01-27.6z\"><\/path><\/svg>\t\t\t\t<\/a>\n\t\t\t<\/div>\n\t\t\t\n\t\t\t\t\t\t<div class=\"elementor-icon-box-content\">\n\n\t\t\t\t\t\t\t\t\t<div class=\"elementor-icon-box-title\">\n\t\t\t\t\t\t<a href=\"https:\/\/wa.me\/+34640910127\" >\n\t\t\t\t\t\t\tR\u00e9servation par WhatsApp\t\t\t\t\t\t<\/a>\n\t\t\t\t\t<\/div>\n\t\t\t\t\n\t\t\t\t\t\t\t\t\t<p class=\"elementor-icon-box-description\">\n\t\t\t\t\t\t+34 640 910 127\t\t\t\t\t<\/p>\n\t\t\t\t\n\t\t\t<\/div>\n\t\t\t\n\t\t<\/div>\n\t\t\t\t\t\t<\/div>\n\t\t\t\t<\/div>\n\t\t\t\t\t<\/div>\n\t\t<\/div>\n\t\t\t\t\t<\/div>\n\t\t<\/section>\n\t\t\t\t<section class=\"elementor-section elementor-inner-section elementor-element elementor-element-69f23dd elementor-section-boxed elementor-section-height-default elementor-section-height-default\" data-id=\"69f23dd\" data-element_type=\"section\" data-e-type=\"section\">\n\t\t\t\t\t\t<div class=\"elementor-container elementor-column-gap-no\">\n\t\t\t\t\t<div class=\"elementor-column elementor-col-100 elementor-inner-column elementor-element elementor-element-dbcefdf\" data-id=\"dbcefdf\" data-element_type=\"column\" data-e-type=\"column\">\n\t\t\t<div class=\"elementor-widget-wrap elementor-element-populated\">\n\t\t\t\t\t\t<div class=\"elementor-element elementor-element-6b1cad4 elementor-align-center elementor-widget__width-auto elementor-widget elementor-widget-cs_button\" data-id=\"6b1cad4\" data-element_type=\"widget\" data-e-type=\"widget\" data-widget_type=\"cs_button.default\">\n\t\t\t\t<div class=\"elementor-widget-container\">\n\t\t\t\t\t        <a href=\"https:\/\/www.playabara.es\/wp-content\/uploads\/2026\/03\/2026-Tratamientos-Spa-Camping-Playa-Bara.pdf\" target=\"_blank\" class=\"elementor-button-link button\" role=\"button\">\n            <span class=\"cs-btn-text\">VOIR LES TARIFS<\/span>        <\/a>\t\t\t\t<\/div>\n\t\t\t\t<\/div>\n\t\t\t\t\t<\/div>\n\t\t<\/div>\n\t\t\t\t\t<\/div>\n\t\t<\/section>\n\t\t\t\t\t<\/div>\n\t\t<\/div>\n\t\t\t\t\t<\/div>\n\t\t<\/section>\n\t\t\t\t<\/div>\n\t\t","protected":false},"excerpt":{"rendered":"<p>INSTALLATIONS SPA D\u00e9tendez-vous et r\u00e9initialisez-vous. Profitez d&rsquo;un massage professionnel de haute qualit\u00e9 dans notre centre de bien-\u00eatre et b\u00e9n\u00e9ficiez d&rsquo;un \u00e9tirement physique et mental complet. D\u00e9tendez-vous et prenez soin de vous \u00c9vadez-vous de l&rsquo;agitation du quotidien et retrouvez une d\u00e9tente totale dans notre spa situ\u00e9 sur l&rsquo;avenue principale du camping. Le tout soigneusement planifi\u00e9 pour &#8230;<\/p>\n","protected":false},"author":1,"featured_media":0,"parent":7119,"menu_order":0,"comment_status":"closed","ping_status":"closed","template":"","meta":{"_acf_changed":false,"om_disable_all_campaigns":false,"_uf_show_specific_survey":0,"_uf_disable_surveys":false,"cozystay_single_page_hide_site_header":"","cozystay_single_page_site_header_source":"","cozystay_single_page_custom_site_header":"0","cozystay_single_page_custom_sticky_site_header":"0","cozystay_single_page_hide_page_title":"","cozystay_single_page_header_section_size":"","cozystay_single_page_header_background_color":"","cozystay_single_page_header_background_position_x":"center","cozystay_single_page_header_background_position_y":"center","cozystay_single_page_header_background_size":"cover","cozystay_single_page_header_background_repeat":"off","cozystay_single_page_header_background_scroll":"on","cozystay_single_page_header_text_color":"","cozystay_single_page_header_show_breadcrumb":"","cozystay_single_page_site_footer_hide_main":"","cozystay_single_custom_site_footer_main_source":"","cozystay_single_custom_site_footer_main":"0","cozystay_single_page_site_footer_hide_above":"","cozystay_single_custom_site_footer_above_source":"","cozystay_single_custom_site_footer_above":"0","cozystay_single_page_site_footer_hide_instagram":"","cozystay_single_page_site_footer_hide_bottom":"","cozystay_single_custom_mobile_menu_source":"","cozystay_single_custom_mobile_menu":"0","cozystay_single_custom_mobile_menu_animation":"","cozystay_single_custom_mobile_menu_width":"","cozystay_single_custom_mobile_menu_custom_width":375,"footnotes":""},"class_list":["post-7333","page","type-page","status-publish","hentry"],"acf":[],"yoast_head":"<!-- This site is optimized with the Yoast SEO Premium plugin v27.2 (Yoast SEO v27.3) - https:\/\/yoast.com\/product\/yoast-seo-premium-wordpress\/ -->\n<title>Spa - Playa Bara - Camping - Caravaning - Bungalows - Spa<\/title>\n<meta name=\"description\" content=\"Descubre nuestro SPA y rel\u00e1jate con masajes profesionales y tratamientos de belleza para rejuvenecer cuerpo y mente.\" \/>\n<meta name=\"robots\" content=\"index, follow, max-snippet:-1, max-image-preview:large, max-video-preview:-1\" \/>\n<link rel=\"canonical\" href=\"https:\/\/www.playabara.es\/fr\/installations\/spa-et-bien-etre\/\" \/>\n<meta property=\"og:locale\" content=\"fr_FR\" \/>\n<meta property=\"og:type\" content=\"article\" \/>\n<meta property=\"og:title\" content=\"SPA\" \/>\n<meta property=\"og:description\" content=\"Descubre nuestro SPA y rel\u00e1jate con masajes profesionales y tratamientos de belleza para rejuvenecer cuerpo y mente.\" \/>\n<meta property=\"og:url\" content=\"https:\/\/www.playabara.es\/fr\/installations\/spa-et-bien-etre\/\" \/>\n<meta property=\"og:site_name\" content=\"Playa Bara - Camping - Caravaning - Bungalows - Spa\" \/>\n<meta property=\"article:modified_time\" content=\"2026-03-31T08:58:34+00:00\" \/>\n<meta property=\"og:image\" content=\"https:\/\/www.playabara.es\/wp-content\/uploads\/elementor\/thumbs\/icon_spa-qiuzflhwitnzs4hyny2h4u307s12co1zahhub3u4a8.png\" \/>\n<meta name=\"twitter:card\" content=\"summary_large_image\" \/>\n<meta name=\"twitter:label1\" content=\"Dur\u00e9e de lecture estim\u00e9e\" \/>\n\t<meta name=\"twitter:data1\" content=\"2 minutes\" \/>\n<script type=\"application\/ld+json\" class=\"yoast-schema-graph\">{\"@context\":\"https:\\\/\\\/schema.org\",\"@graph\":[{\"@type\":\"WebPage\",\"@id\":\"https:\\\/\\\/www.playabara.es\\\/fr\\\/installations\\\/spa-et-bien-etre\\\/\",\"url\":\"https:\\\/\\\/www.playabara.es\\\/fr\\\/installations\\\/spa-et-bien-etre\\\/\",\"name\":\"Spa - Playa Bara - Camping - Caravaning - Bungalows - Spa\",\"isPartOf\":{\"@id\":\"https:\\\/\\\/www.playabara.es\\\/fr\\\/#website\"},\"primaryImageOfPage\":{\"@id\":\"https:\\\/\\\/www.playabara.es\\\/fr\\\/installations\\\/spa-et-bien-etre\\\/#primaryimage\"},\"image\":{\"@id\":\"https:\\\/\\\/www.playabara.es\\\/fr\\\/installations\\\/spa-et-bien-etre\\\/#primaryimage\"},\"thumbnailUrl\":\"https:\\\/\\\/www.playabara.es\\\/wp-content\\\/uploads\\\/elementor\\\/thumbs\\\/icon_spa-qiuzflhwitnzs4hyny2h4u307s12co1zahhub3u4a8.png\",\"datePublished\":\"2024-01-26T03:19:42+00:00\",\"dateModified\":\"2026-03-31T08:58:34+00:00\",\"description\":\"Descubre nuestro SPA y rel\u00e1jate con masajes profesionales y tratamientos de belleza para rejuvenecer cuerpo y mente.\",\"breadcrumb\":{\"@id\":\"https:\\\/\\\/www.playabara.es\\\/fr\\\/installations\\\/spa-et-bien-etre\\\/#breadcrumb\"},\"inLanguage\":\"fr-FR\",\"potentialAction\":[{\"@type\":\"ReadAction\",\"target\":[\"https:\\\/\\\/www.playabara.es\\\/fr\\\/installations\\\/spa-et-bien-etre\\\/\"]}]},{\"@type\":\"ImageObject\",\"inLanguage\":\"fr-FR\",\"@id\":\"https:\\\/\\\/www.playabara.es\\\/fr\\\/installations\\\/spa-et-bien-etre\\\/#primaryimage\",\"url\":\"https:\\\/\\\/www.playabara.es\\\/wp-content\\\/uploads\\\/elementor\\\/thumbs\\\/icon_spa-qiuzflhwitnzs4hyny2h4u307s12co1zahhub3u4a8.png\",\"contentUrl\":\"https:\\\/\\\/www.playabara.es\\\/wp-content\\\/uploads\\\/elementor\\\/thumbs\\\/icon_spa-qiuzflhwitnzs4hyny2h4u307s12co1zahhub3u4a8.png\"},{\"@type\":\"BreadcrumbList\",\"@id\":\"https:\\\/\\\/www.playabara.es\\\/fr\\\/installations\\\/spa-et-bien-etre\\\/#breadcrumb\",\"itemListElement\":[{\"@type\":\"ListItem\",\"position\":1,\"name\":\"Portada\",\"item\":\"https:\\\/\\\/www.playabara.es\\\/fr\\\/accueil\\\/\"},{\"@type\":\"ListItem\",\"position\":2,\"name\":\"Installations\",\"item\":\"https:\\\/\\\/www.playabara.es\\\/fr\\\/installations\\\/\"},{\"@type\":\"ListItem\",\"position\":3,\"name\":\"SPA\"}]},{\"@type\":\"WebSite\",\"@id\":\"https:\\\/\\\/www.playabara.es\\\/fr\\\/#website\",\"url\":\"https:\\\/\\\/www.playabara.es\\\/fr\\\/\",\"name\":\"Playa Bara - Camping - Caravaning - Bungalows - Spa\",\"description\":\"\",\"potentialAction\":[{\"@type\":\"SearchAction\",\"target\":{\"@type\":\"EntryPoint\",\"urlTemplate\":\"https:\\\/\\\/www.playabara.es\\\/fr\\\/?s={search_term_string}\"},\"query-input\":{\"@type\":\"PropertyValueSpecification\",\"valueRequired\":true,\"valueName\":\"search_term_string\"}}],\"inLanguage\":\"fr-FR\"}]}<\/script>\n<!-- \/ Yoast SEO Premium plugin. -->","yoast_head_json":{"title":"Spa - Playa Bara - Camping - Caravaning - Bungalows - Spa","description":"Descubre nuestro SPA y rel\u00e1jate con masajes profesionales y tratamientos de belleza para rejuvenecer cuerpo y mente.","robots":{"index":"index","follow":"follow","max-snippet":"max-snippet:-1","max-image-preview":"max-image-preview:large","max-video-preview":"max-video-preview:-1"},"canonical":"https:\/\/www.playabara.es\/fr\/installations\/spa-et-bien-etre\/","og_locale":"fr_FR","og_type":"article","og_title":"SPA","og_description":"Descubre nuestro SPA y rel\u00e1jate con masajes profesionales y tratamientos de belleza para rejuvenecer cuerpo y mente.","og_url":"https:\/\/www.playabara.es\/fr\/installations\/spa-et-bien-etre\/","og_site_name":"Playa Bara - Camping - Caravaning - Bungalows - Spa","article_modified_time":"2026-03-31T08:58:34+00:00","og_image":[{"url":"https:\/\/www.playabara.es\/wp-content\/uploads\/elementor\/thumbs\/icon_spa-qiuzflhwitnzs4hyny2h4u307s12co1zahhub3u4a8.png","type":"","width":"","height":""}],"twitter_card":"summary_large_image","twitter_misc":{"Dur\u00e9e de lecture estim\u00e9e":"2 minutes"},"schema":{"@context":"https:\/\/schema.org","@graph":[{"@type":"WebPage","@id":"https:\/\/www.playabara.es\/fr\/installations\/spa-et-bien-etre\/","url":"https:\/\/www.playabara.es\/fr\/installations\/spa-et-bien-etre\/","name":"Spa - Playa Bara - Camping - Caravaning - Bungalows - Spa","isPartOf":{"@id":"https:\/\/www.playabara.es\/fr\/#website"},"primaryImageOfPage":{"@id":"https:\/\/www.playabara.es\/fr\/installations\/spa-et-bien-etre\/#primaryimage"},"image":{"@id":"https:\/\/www.playabara.es\/fr\/installations\/spa-et-bien-etre\/#primaryimage"},"thumbnailUrl":"https:\/\/www.playabara.es\/wp-content\/uploads\/elementor\/thumbs\/icon_spa-qiuzflhwitnzs4hyny2h4u307s12co1zahhub3u4a8.png","datePublished":"2024-01-26T03:19:42+00:00","dateModified":"2026-03-31T08:58:34+00:00","description":"Descubre nuestro SPA y rel\u00e1jate con masajes profesionales y tratamientos de belleza para rejuvenecer cuerpo y mente.","breadcrumb":{"@id":"https:\/\/www.playabara.es\/fr\/installations\/spa-et-bien-etre\/#breadcrumb"},"inLanguage":"fr-FR","potentialAction":[{"@type":"ReadAction","target":["https:\/\/www.playabara.es\/fr\/installations\/spa-et-bien-etre\/"]}]},{"@type":"ImageObject","inLanguage":"fr-FR","@id":"https:\/\/www.playabara.es\/fr\/installations\/spa-et-bien-etre\/#primaryimage","url":"https:\/\/www.playabara.es\/wp-content\/uploads\/elementor\/thumbs\/icon_spa-qiuzflhwitnzs4hyny2h4u307s12co1zahhub3u4a8.png","contentUrl":"https:\/\/www.playabara.es\/wp-content\/uploads\/elementor\/thumbs\/icon_spa-qiuzflhwitnzs4hyny2h4u307s12co1zahhub3u4a8.png"},{"@type":"BreadcrumbList","@id":"https:\/\/www.playabara.es\/fr\/installations\/spa-et-bien-etre\/#breadcrumb","itemListElement":[{"@type":"ListItem","position":1,"name":"Portada","item":"https:\/\/www.playabara.es\/fr\/accueil\/"},{"@type":"ListItem","position":2,"name":"Installations","item":"https:\/\/www.playabara.es\/fr\/installations\/"},{"@type":"ListItem","position":3,"name":"SPA"}]},{"@type":"WebSite","@id":"https:\/\/www.playabara.es\/fr\/#website","url":"https:\/\/www.playabara.es\/fr\/","name":"Playa Bara - Camping - Caravaning - Bungalows - Spa","description":"","potentialAction":[{"@type":"SearchAction","target":{"@type":"EntryPoint","urlTemplate":"https:\/\/www.playabara.es\/fr\/?s={search_term_string}"},"query-input":{"@type":"PropertyValueSpecification","valueRequired":true,"valueName":"search_term_string"}}],"inLanguage":"fr-FR"}]}},"_links":{"self":[{"href":"https:\/\/www.playabara.es\/fr\/wp-json\/wp\/v2\/pages\/7333","targetHints":{"allow":["GET"]}}],"collection":[{"href":"https:\/\/www.playabara.es\/fr\/wp-json\/wp\/v2\/pages"}],"about":[{"href":"https:\/\/www.playabara.es\/fr\/wp-json\/wp\/v2\/types\/page"}],"author":[{"embeddable":true,"href":"https:\/\/www.playabara.es\/fr\/wp-json\/wp\/v2\/users\/1"}],"replies":[{"embeddable":true,"href":"https:\/\/www.playabara.es\/fr\/wp-json\/wp\/v2\/comments?post=7333"}],"version-history":[{"count":17,"href":"https:\/\/www.playabara.es\/fr\/wp-json\/wp\/v2\/pages\/7333\/revisions"}],"predecessor-version":[{"id":16510,"href":"https:\/\/www.playabara.es\/fr\/wp-json\/wp\/v2\/pages\/7333\/revisions\/16510"}],"up":[{"embeddable":true,"href":"https:\/\/www.playabara.es\/fr\/wp-json\/wp\/v2\/pages\/7119"}],"wp:attachment":[{"href":"https:\/\/www.playabara.es\/fr\/wp-json\/wp\/v2\/media?parent=7333"}],"curies":[{"name":"wp","href":"https:\/\/api.w.org\/{rel}","templated":true}]}}