{"id":7624,"date":"2024-02-23T12:10:09","date_gmt":"2024-02-23T11:10:09","guid":{"rendered":"https:\/\/www.playabara.es\/politica-de-privacidad\/"},"modified":"2025-05-19T13:38:48","modified_gmt":"2025-05-19T11:38:48","slug":"politica-de-privacidad","status":"publish","type":"page","link":"https:\/\/www.playabara.es\/fr\/politica-de-privacidad\/","title":{"rendered":"Politique de confidentialit\u00e9"},"content":{"rendered":"\t\t<div data-elementor-type=\"wp-page\" data-elementor-id=\"7624\" class=\"elementor elementor-7624 elementor-4183\">\n\t\t\t\t\t\t<section class=\"elementor-section elementor-top-section elementor-element elementor-element-c2f8bb4 elementor-section-height-min-height cs-section-content-fullwidth cs-parallax-on-scroll cs_scroll_y_80 elementor-section-boxed elementor-section-height-default elementor-section-items-middle\" data-id=\"c2f8bb4\" data-element_type=\"section\" data-e-type=\"section\" data-settings=\"{&quot;background_background&quot;:&quot;classic&quot;}\" data-cs-parallax-y=\"80\" style=\"background-image: none;\" data-cs-background-image=\"https:\/\/www.playabara.es\/wp-content\/uploads\/2024\/05\/DJI_0209-1-scaled.jpg\">\n\t\t\t\t\t\t\t<div class=\"elementor-background-overlay\"><\/div>\n\t\t\t\t\t\t\t<div class=\"elementor-container elementor-column-gap-no\">\n\t\t\t\t\t<div class=\"elementor-column elementor-col-100 elementor-top-column elementor-element elementor-element-f1f730c dark-color\" data-id=\"f1f730c\" data-element_type=\"column\" data-e-type=\"column\">\n\t\t\t<div class=\"elementor-widget-wrap elementor-element-populated\">\n\t\t\t\t\t\t<div class=\"elementor-element elementor-element-a4d6d07 elementor-widget elementor-widget-cs_title\" data-id=\"a4d6d07\" data-element_type=\"widget\" data-e-type=\"widget\" data-widget_type=\"cs_title.default\">\n\t\t\t\t<div class=\"elementor-widget-container\">\n\t\t\t\t\t\n        <div class=\"cs-title-wrap text-center\">\t            <h1 class=\"cs-title\">\n\t                POLITIQUE DE CONFIDENTIALIT\u00c9\t            <\/h1>        <\/div>\t\t\t\t<\/div>\n\t\t\t\t<\/div>\n\t\t\t\t\t<\/div>\n\t\t<\/div>\n\t\t\t\t\t<\/div>\n\t\t<\/section>\n\t\t<div class=\"elementor-element elementor-element-ffc14c5 e-flex e-con-boxed e-con e-parent\" data-id=\"ffc14c5\" data-element_type=\"container\" data-e-type=\"container\">\n\t\t\t\t\t<div class=\"e-con-inner\">\n\t\t\t\t<div class=\"elementor-element elementor-element-d028945 elementor-widget elementor-widget-heading\" data-id=\"d028945\" data-element_type=\"widget\" data-e-type=\"widget\" data-widget_type=\"heading.default\">\n\t\t\t\t<div class=\"elementor-widget-container\">\n\t\t\t\t\t<h2 class=\"elementor-heading-title elementor-size-default\">Politique de confidentialit\u00e9<\/h2>\t\t\t\t<\/div>\n\t\t\t\t<\/div>\n\t\t\t\t<div class=\"elementor-element elementor-element-b3e37b9 elementor-widget elementor-widget-text-editor\" data-id=\"b3e37b9\" data-element_type=\"widget\" data-e-type=\"widget\" data-widget_type=\"text-editor.default\">\n\t\t\t\t<div class=\"elementor-widget-container\">\n\t\t\t\t\t\t\t\t\t<p>Informations de base sur la protection des donn\u00e9es<\/p><p>Responsable: CAMPING CARAVANNING PARK PLAYA BARA, SL<\/p><p>Objectif : Fournir les services demand\u00e9s, maintenir les communications pour y parvenir et vous tenir inform\u00e9 de notre activit\u00e9 en g\u00e9n\u00e9ral.<\/p><p>L\u00e9gitimation : Ex\u00e9cution d&rsquo;un contrat. Consentement de l&rsquo;int\u00e9ress\u00e9.<\/p><p>Destinataires : Aucune donn\u00e9e ne sera c\u00e9d\u00e9e \u00e0 des tiers, sauf obligation l\u00e9gale.<\/p><p>Droits : Vous disposez du droit d&rsquo;acc\u00e8s, de rectification et de suppression des donn\u00e9es, ainsi que des autres droits indiqu\u00e9s dans les informations compl\u00e9mentaires, que vous pouvez exercer en contactant l&rsquo;adresse admin@barapark.es ; personnel@barapark.es.<\/p><p>Informations compl\u00e9mentaires sur la protection des donn\u00e9es<\/p><p>Qui est responsable du traitement de vos donn\u00e9es ?<\/p><p>Identit\u00e9 : CAMPING CARAVANNING PARK PLAYA BARA, SL \u2013 NIF : B43393784 &#8211; Adresse postale : CRTA. N-340 KM. 11883, 43883 RODA DE BAR\u00c0 \u2013 TARRAGONE T\u00e9l\u00e9phone : 977802701 &#8211; Email : admin@barapark.es ; personnel@barapark.es<\/p><p>Dans quel but traitons-nous vos donn\u00e9es personnelles ?<\/p><p>Au CAMPING CARAVANNING PARK PLAYA BARA, SL, nous traitons les informations qui nous sont fournies par les parties int\u00e9ress\u00e9es afin de fournir les services convenus, effectuer la gestion administrative, comptable et fiscale des services demand\u00e9s, maintenir les communications \u00e0 leur sujet, ainsi que l&rsquo;envoi communications, y compris par courrier \u00e9lectronique, pour vous tenir inform\u00e9 de notre activit\u00e9 en g\u00e9n\u00e9ral.<\/p><p>Combien de temps conserverons-nous vos donn\u00e9es ?<\/p><p>Les donn\u00e9es seront conserv\u00e9es aussi longtemps que vous ne demanderez pas leur suppression, et en tout \u00e9tat de cause, pendant les ann\u00e9es n\u00e9cessaires au respect des obligations l\u00e9gales.<\/p><p>Quelle est la l\u00e9gitimit\u00e9 du traitement de vos donn\u00e9es ?<\/p><p>Nous indiquons la base juridique du traitement de vos donn\u00e9es :<\/p><ul><li>Ex\u00e9cution d&rsquo;un contrat : Fourniture des services demand\u00e9s<\/li><li>Consentement de l&rsquo;int\u00e9ress\u00e9 : Envoi de communications commerciales sur notre activit\u00e9 en g\u00e9n\u00e9ral.<\/li><\/ul><p>\u00c0 quels destinataires vos donn\u00e9es seront-elles communiqu\u00e9es ?<\/p><p>Aucune donn\u00e9e ne sera c\u00e9d\u00e9e \u00e0 des tiers, sauf obligation l\u00e9gale.<\/p><p>Transferts de donn\u00e9es vers des pays tiers ?<\/p><p>Aucun transfert de donn\u00e9es vers des pays tiers n&rsquo;est pr\u00e9vu.<\/p><p>Quels sont vos droits lorsque vous nous fournissez vos donn\u00e9es ?<\/p><p>Toute personne a le droit d&rsquo;obtenir la confirmation si, au CAMPING CARAVANNING PARK PLAYA BARA, SL, nous traitons ou non des donn\u00e9es personnelles la concernant.<\/p><p>Les personnes int\u00e9ress\u00e9es ont le droit d&rsquo;acc\u00e9der \u00e0 leurs donn\u00e9es personnelles, ainsi que de demander la rectification de donn\u00e9es inexactes ou, le cas \u00e9ch\u00e9ant, de demander leur suppression lorsque, entre autres raisons, les donn\u00e9es ne sont plus n\u00e9cessaires aux fins pour lesquelles elles ont \u00e9t\u00e9 collect\u00e9es.<\/p><p>Dans certaines circonstances, les parties int\u00e9ress\u00e9es peuvent demander la limitation du traitement de leurs donn\u00e9es, auquel cas nous les conserverons uniquement pour l&rsquo;exercice ou la d\u00e9fense de r\u00e9clamations. De m\u00eame, dans les cas l\u00e9galement \u00e9tablis, vous aurez droit \u00e0 la portabilit\u00e9 de vos donn\u00e9es personnelles.<\/p><p>Dans certaines circonstances et pour des raisons li\u00e9es \u00e0 leur situation particuli\u00e8re, les int\u00e9ress\u00e9s peuvent s&rsquo;opposer au traitement de leurs donn\u00e9es. Dans ce cas, CAMPING CARAVANNING PARK PLAYA BARA, SL cessera de traiter les donn\u00e9es, sauf pour des raisons l\u00e9gitimes et imp\u00e9rieuses, ou pour l&rsquo;exercice ou la d\u00e9fense d&rsquo;\u00e9ventuelles r\u00e9clamations.<\/p><p>Vous pouvez mat\u00e9riellement exercer vos droits de la mani\u00e8re suivante : en envoyant un e-mail \u00e0 admin@barapark.es ; personal@barapark.es ou une lettre au CRTA. N-340 KM. 11883, 43883 RODA DE BAR\u00c0 \u2013 TARRAGONA<\/p><p>Si vous avez donn\u00e9 votre consentement pour une finalit\u00e9 sp\u00e9cifique, vous avez le droit de retirer le consentement donn\u00e9 \u00e0 tout moment, sans affecter la lic\u00e9it\u00e9 du traitement fond\u00e9 sur le consentement pr\u00e9alable \u00e0 son retrait.<\/p><p>Si vous estimez que vos droits concernant la protection de vos donn\u00e9es personnelles ont \u00e9t\u00e9 viol\u00e9s, notamment lorsque vous n&rsquo;avez pas obtenu satisfaction dans l&rsquo;exercice de vos droits, vous pouvez d\u00e9poser une plainte aupr\u00e8s de l&rsquo;Autorit\u00e9 de Contr\u00f4le de la Protection des Donn\u00e9es comp\u00e9tente via son site Internet : <a href=\"http:\/\/www.agpd.es\">www.agpd.es<\/a>.<\/p>\t\t\t\t\t\t\t\t<\/div>\n\t\t\t\t<\/div>\n\t\t\t\t<div class=\"elementor-element elementor-element-690d36a elementor-widget elementor-widget-text-editor\" data-id=\"690d36a\" data-element_type=\"widget\" data-e-type=\"widget\" data-widget_type=\"text-editor.default\">\n\t\t\t\t<div class=\"elementor-widget-container\">\n\t\t\t\t\t\t\t\t\t<p><strong><span style=\"text-decoration: underline;\"><a href=\"https:\/\/www.playabara.es\/wp-content\/uploads\/2025\/05\/POLITICA-DE-PRIVACIDAD-PARA-APP-PLAYA-BARA.pdf\">Politique de confidentialit\u00e9 de l&rsquo;application<\/a><\/span><\/strong><\/p>\t\t\t\t\t\t\t\t<\/div>\n\t\t\t\t<\/div>\n\t\t\t\t\t<\/div>\n\t\t\t\t<\/div>\n\t\t\t\t<\/div>\n\t\t","protected":false},"excerpt":{"rendered":"<p>POLITIQUE DE CONFIDENTIALIT\u00c9 Politique de confidentialit\u00e9 Informations de base sur la protection des donn\u00e9es Responsable: CAMPING CARAVANNING PARK PLAYA BARA, SL Objectif : Fournir les services demand\u00e9s, maintenir les communications pour y parvenir et vous tenir inform\u00e9 de notre activit\u00e9 en g\u00e9n\u00e9ral. L\u00e9gitimation : Ex\u00e9cution d&rsquo;un contrat. Consentement de l&rsquo;int\u00e9ress\u00e9. Destinataires : Aucune donn\u00e9e ne &#8230;<\/p>\n","protected":false},"author":1,"featured_media":0,"parent":0,"menu_order":0,"comment_status":"closed","ping_status":"closed","template":"","meta":{"_acf_changed":false,"om_disable_all_campaigns":false,"_uf_show_specific_survey":0,"_uf_disable_surveys":false,"cozystay_single_page_hide_site_header":"","cozystay_single_page_site_header_source":"","cozystay_single_page_custom_site_header":"0","cozystay_single_page_custom_sticky_site_header":"0","cozystay_single_page_hide_page_title":"","cozystay_single_page_header_section_size":"","cozystay_single_page_header_background_color":"","cozystay_single_page_header_background_position_x":"center","cozystay_single_page_header_background_position_y":"center","cozystay_single_page_header_background_size":"cover","cozystay_single_page_header_background_repeat":"off","cozystay_single_page_header_background_scroll":"on","cozystay_single_page_header_text_color":"","cozystay_single_page_header_show_breadcrumb":"","cozystay_single_page_site_footer_hide_main":"","cozystay_single_custom_site_footer_main_source":"","cozystay_single_custom_site_footer_main":"0","cozystay_single_page_site_footer_hide_above":"","cozystay_single_custom_site_footer_above_source":"","cozystay_single_custom_site_footer_above":"0","cozystay_single_page_site_footer_hide_instagram":"","cozystay_single_page_site_footer_hide_bottom":"","cozystay_single_custom_mobile_menu_source":"","cozystay_single_custom_mobile_menu":"0","cozystay_single_custom_mobile_menu_animation":"","cozystay_single_custom_mobile_menu_width":"","cozystay_single_custom_mobile_menu_custom_width":375,"footnotes":""},"class_list":["post-7624","page","type-page","status-publish","hentry"],"acf":[],"yoast_head":"<!-- This site is optimized with the Yoast SEO Premium plugin v27.2 (Yoast SEO v27.3) - https:\/\/yoast.com\/product\/yoast-seo-premium-wordpress\/ -->\n<title>Politique de confidentialit\u00e9 - Playa Bara - Camping - Caravaning - Bungalows - Spa<\/title>\n<meta name=\"description\" content=\"Entiende la importancia de la pol\u00edtica de privacidad para proteger tus datos en l\u00ednea y garantizar tu seguridad digital.\" \/>\n<meta name=\"robots\" content=\"index, follow, max-snippet:-1, max-image-preview:large, max-video-preview:-1\" \/>\n<link rel=\"canonical\" href=\"https:\/\/www.playabara.es\/fr\/politica-de-privacidad\/\" \/>\n<meta property=\"og:locale\" content=\"fr_FR\" \/>\n<meta property=\"og:type\" content=\"article\" \/>\n<meta property=\"og:title\" content=\"Politique de confidentialit\u00e9\" \/>\n<meta property=\"og:description\" content=\"Entiende la importancia de la pol\u00edtica de privacidad para proteger tus datos en l\u00ednea y garantizar tu seguridad digital.\" \/>\n<meta property=\"og:url\" content=\"https:\/\/www.playabara.es\/fr\/politica-de-privacidad\/\" \/>\n<meta property=\"og:site_name\" content=\"Playa Bara - Camping - Caravaning - Bungalows - Spa\" \/>\n<meta property=\"article:modified_time\" content=\"2025-05-19T11:38:48+00:00\" \/>\n<meta name=\"twitter:card\" content=\"summary_large_image\" \/>\n<meta name=\"twitter:label1\" content=\"Dur\u00e9e de lecture estim\u00e9e\" \/>\n\t<meta name=\"twitter:data1\" content=\"12 minutes\" \/>\n<script type=\"application\/ld+json\" class=\"yoast-schema-graph\">{\"@context\":\"https:\\\/\\\/schema.org\",\"@graph\":[{\"@type\":\"WebPage\",\"@id\":\"https:\\\/\\\/www.playabara.es\\\/fr\\\/politica-de-privacidad\\\/\",\"url\":\"https:\\\/\\\/www.playabara.es\\\/fr\\\/politica-de-privacidad\\\/\",\"name\":\"Politique de confidentialit\u00e9 - Playa Bara - Camping - Caravaning - Bungalows - Spa\",\"isPartOf\":{\"@id\":\"https:\\\/\\\/www.playabara.es\\\/fr\\\/#website\"},\"datePublished\":\"2024-02-23T11:10:09+00:00\",\"dateModified\":\"2025-05-19T11:38:48+00:00\",\"description\":\"Entiende la importancia de la pol\u00edtica de privacidad para proteger tus datos en l\u00ednea y garantizar tu seguridad digital.\",\"breadcrumb\":{\"@id\":\"https:\\\/\\\/www.playabara.es\\\/fr\\\/politica-de-privacidad\\\/#breadcrumb\"},\"inLanguage\":\"fr-FR\",\"potentialAction\":[{\"@type\":\"ReadAction\",\"target\":[\"https:\\\/\\\/www.playabara.es\\\/fr\\\/politica-de-privacidad\\\/\"]}]},{\"@type\":\"BreadcrumbList\",\"@id\":\"https:\\\/\\\/www.playabara.es\\\/fr\\\/politica-de-privacidad\\\/#breadcrumb\",\"itemListElement\":[{\"@type\":\"ListItem\",\"position\":1,\"name\":\"Portada\",\"item\":\"https:\\\/\\\/www.playabara.es\\\/fr\\\/accueil\\\/\"},{\"@type\":\"ListItem\",\"position\":2,\"name\":\"Politique de confidentialit\u00e9\"}]},{\"@type\":\"WebSite\",\"@id\":\"https:\\\/\\\/www.playabara.es\\\/fr\\\/#website\",\"url\":\"https:\\\/\\\/www.playabara.es\\\/fr\\\/\",\"name\":\"Playa Bara - Camping - Caravaning - Bungalows - Spa\",\"description\":\"\",\"potentialAction\":[{\"@type\":\"SearchAction\",\"target\":{\"@type\":\"EntryPoint\",\"urlTemplate\":\"https:\\\/\\\/www.playabara.es\\\/fr\\\/?s={search_term_string}\"},\"query-input\":{\"@type\":\"PropertyValueSpecification\",\"valueRequired\":true,\"valueName\":\"search_term_string\"}}],\"inLanguage\":\"fr-FR\"}]}<\/script>\n<!-- \/ Yoast SEO Premium plugin. -->","yoast_head_json":{"title":"Politique de confidentialit\u00e9 - Playa Bara - Camping - Caravaning - Bungalows - Spa","description":"Entiende la importancia de la pol\u00edtica de privacidad para proteger tus datos en l\u00ednea y garantizar tu seguridad digital.","robots":{"index":"index","follow":"follow","max-snippet":"max-snippet:-1","max-image-preview":"max-image-preview:large","max-video-preview":"max-video-preview:-1"},"canonical":"https:\/\/www.playabara.es\/fr\/politica-de-privacidad\/","og_locale":"fr_FR","og_type":"article","og_title":"Politique de confidentialit\u00e9","og_description":"Entiende la importancia de la pol\u00edtica de privacidad para proteger tus datos en l\u00ednea y garantizar tu seguridad digital.","og_url":"https:\/\/www.playabara.es\/fr\/politica-de-privacidad\/","og_site_name":"Playa Bara - Camping - Caravaning - Bungalows - Spa","article_modified_time":"2025-05-19T11:38:48+00:00","twitter_card":"summary_large_image","twitter_misc":{"Dur\u00e9e de lecture estim\u00e9e":"12 minutes"},"schema":{"@context":"https:\/\/schema.org","@graph":[{"@type":"WebPage","@id":"https:\/\/www.playabara.es\/fr\/politica-de-privacidad\/","url":"https:\/\/www.playabara.es\/fr\/politica-de-privacidad\/","name":"Politique de confidentialit\u00e9 - Playa Bara - Camping - Caravaning - Bungalows - Spa","isPartOf":{"@id":"https:\/\/www.playabara.es\/fr\/#website"},"datePublished":"2024-02-23T11:10:09+00:00","dateModified":"2025-05-19T11:38:48+00:00","description":"Entiende la importancia de la pol\u00edtica de privacidad para proteger tus datos en l\u00ednea y garantizar tu seguridad digital.","breadcrumb":{"@id":"https:\/\/www.playabara.es\/fr\/politica-de-privacidad\/#breadcrumb"},"inLanguage":"fr-FR","potentialAction":[{"@type":"ReadAction","target":["https:\/\/www.playabara.es\/fr\/politica-de-privacidad\/"]}]},{"@type":"BreadcrumbList","@id":"https:\/\/www.playabara.es\/fr\/politica-de-privacidad\/#breadcrumb","itemListElement":[{"@type":"ListItem","position":1,"name":"Portada","item":"https:\/\/www.playabara.es\/fr\/accueil\/"},{"@type":"ListItem","position":2,"name":"Politique de confidentialit\u00e9"}]},{"@type":"WebSite","@id":"https:\/\/www.playabara.es\/fr\/#website","url":"https:\/\/www.playabara.es\/fr\/","name":"Playa Bara - Camping - Caravaning - Bungalows - Spa","description":"","potentialAction":[{"@type":"SearchAction","target":{"@type":"EntryPoint","urlTemplate":"https:\/\/www.playabara.es\/fr\/?s={search_term_string}"},"query-input":{"@type":"PropertyValueSpecification","valueRequired":true,"valueName":"search_term_string"}}],"inLanguage":"fr-FR"}]}},"_links":{"self":[{"href":"https:\/\/www.playabara.es\/fr\/wp-json\/wp\/v2\/pages\/7624","targetHints":{"allow":["GET"]}}],"collection":[{"href":"https:\/\/www.playabara.es\/fr\/wp-json\/wp\/v2\/pages"}],"about":[{"href":"https:\/\/www.playabara.es\/fr\/wp-json\/wp\/v2\/types\/page"}],"author":[{"embeddable":true,"href":"https:\/\/www.playabara.es\/fr\/wp-json\/wp\/v2\/users\/1"}],"replies":[{"embeddable":true,"href":"https:\/\/www.playabara.es\/fr\/wp-json\/wp\/v2\/comments?post=7624"}],"version-history":[{"count":14,"href":"https:\/\/www.playabara.es\/fr\/wp-json\/wp\/v2\/pages\/7624\/revisions"}],"predecessor-version":[{"id":14320,"href":"https:\/\/www.playabara.es\/fr\/wp-json\/wp\/v2\/pages\/7624\/revisions\/14320"}],"wp:attachment":[{"href":"https:\/\/www.playabara.es\/fr\/wp-json\/wp\/v2\/media?parent=7624"}],"curies":[{"name":"wp","href":"https:\/\/api.w.org\/{rel}","templated":true}]}}