{"id":9673,"date":"2024-02-23T12:11:50","date_gmt":"2024-02-23T11:11:50","guid":{"rendered":"https:\/\/www.playabara.es\/politique-de-cookies\/"},"modified":"2025-04-09T17:25:22","modified_gmt":"2025-04-09T15:25:22","slug":"politique-de-cookies","status":"publish","type":"page","link":"https:\/\/www.playabara.es\/fr\/politique-de-cookies\/","title":{"rendered":"Politique de cookies"},"content":{"rendered":"\t\t<div data-elementor-type=\"wp-page\" data-elementor-id=\"9673\" class=\"elementor elementor-9673 elementor-4188\">\n\t\t\t\t\t\t<section class=\"elementor-section elementor-top-section elementor-element elementor-element-f02dca4 elementor-section-height-min-height cs-section-content-fullwidth cs-parallax-on-scroll cs_scroll_y_80 elementor-section-boxed elementor-section-height-default elementor-section-items-middle\" data-id=\"f02dca4\" data-element_type=\"section\" data-e-type=\"section\" data-settings=\"{&quot;background_background&quot;:&quot;classic&quot;}\" data-cs-parallax-y=\"80\" style=\"background-image: none;\" data-cs-background-image=\"https:\/\/www.playabara.es\/wp-content\/uploads\/2024\/05\/DJI_0209-1-scaled.jpg\">\n\t\t\t\t\t\t\t<div class=\"elementor-background-overlay\"><\/div>\n\t\t\t\t\t\t\t<div class=\"elementor-container elementor-column-gap-no\">\n\t\t\t\t\t<div class=\"elementor-column elementor-col-100 elementor-top-column elementor-element elementor-element-e3bd87f dark-color\" data-id=\"e3bd87f\" data-element_type=\"column\" data-e-type=\"column\">\n\t\t\t<div class=\"elementor-widget-wrap elementor-element-populated\">\n\t\t\t\t\t\t<div class=\"elementor-element elementor-element-2b3d5c1 elementor-widget elementor-widget-cs_title\" data-id=\"2b3d5c1\" data-element_type=\"widget\" data-e-type=\"widget\" data-widget_type=\"cs_title.default\">\n\t\t\t\t<div class=\"elementor-widget-container\">\n\t\t\t\t\t\n        <div class=\"cs-title-wrap text-center\">\t            <h1 class=\"cs-title\">\n\t                POLITIQUE DE COOKIES\t            <\/h1>        <\/div>\t\t\t\t<\/div>\n\t\t\t\t<\/div>\n\t\t\t\t\t<\/div>\n\t\t<\/div>\n\t\t\t\t\t<\/div>\n\t\t<\/section>\n\t\t<div class=\"elementor-element elementor-element-1331f36 e-flex e-con-boxed e-con e-parent\" data-id=\"1331f36\" data-element_type=\"container\" data-e-type=\"container\">\n\t\t\t\t\t<div class=\"e-con-inner\">\n\t\t\t\t<div class=\"elementor-element elementor-element-e8e0275 elementor-widget elementor-widget-heading\" data-id=\"e8e0275\" data-element_type=\"widget\" data-e-type=\"widget\" data-widget_type=\"heading.default\">\n\t\t\t\t<div class=\"elementor-widget-container\">\n\t\t\t\t\t<h2 class=\"elementor-heading-title elementor-size-default\">Politique de cookies<\/h2>\t\t\t\t<\/div>\n\t\t\t\t<\/div>\n\t\t\t\t<div class=\"elementor-element elementor-element-0faf8fe elementor-widget elementor-widget-text-editor\" data-id=\"0faf8fe\" data-element_type=\"widget\" data-e-type=\"widget\" data-widget_type=\"text-editor.default\">\n\t\t\t\t<div class=\"elementor-widget-container\">\n\t\t\t\t\t\t\t\t\t<p>Qu&rsquo;est-ce qu&rsquo;un cookie?<\/p><p>Un \u00ab\u00a0Cookie\u00a0\u00bb est un petit fichier qui est stock\u00e9 sur l&rsquo;ordinateur, la tablette, le smartphone ou tout autre appareil de l&rsquo;utilisateur et qui contient des informations sur la navigation. L&rsquo;ensemble des cookies nous aide \u00e0 am\u00e9liorer la qualit\u00e9 de notre site web et nous permet de savoir quelles pages nos utilisateurs trouvent utiles et lesquelles ne le sont pas.<\/p><p>Ce site web utilise des cookies et\/ou des technologies similaires qui stockent et r\u00e9cup\u00e8rent des informations lorsque vous naviguez. En g\u00e9n\u00e9ral, ces technologies peuvent \u00eatre utilis\u00e9es \u00e0 diverses fins, notamment pour vous reconna\u00eetre en tant qu&rsquo;utilisateur, obtenir des informations sur vos habitudes de navigation ou personnaliser l&rsquo;affichage du contenu.<\/p><p>Types de cookies<\/p><p>Les informations fournies ci-dessous vous aideront \u00e0 comprendre les diff\u00e9rents types de cookies :<\/p><p>&#8211; Propres cookies: il s&rsquo;agit de ceux qui sont envoy\u00e9s \u00e0 votre ordinateur \u00e0 partir de nos propres \u00e9quipements ou domaines et \u00e0 partir desquels nous fournissons le service que vous demandez.<\/p><p>&#8211; Cookies de tiers: il s&rsquo;agit de cookies envoy\u00e9s \u00e0 votre ordinateur \u00e0 partir d&rsquo;un ordinateur ou d&rsquo;un domaine qui n&rsquo;est pas g\u00e9r\u00e9 par nous, mais par une autre entit\u00e9 collaboratrice. Comme, par exemple, ceux utilis\u00e9s par les r\u00e9seaux sociaux, ou par des contenus externes tels que Google Maps.<\/p><p>&#8211; Cookies de session: il s&rsquo;agit de cookies temporaires qui restent dans le fichier de cookies de votre navigateur jusqu&rsquo;\u00e0 ce que vous quittiez le site web, de sorte qu&rsquo;aucun d&rsquo;entre eux ne reste enregistr\u00e9 sur le disque dur de votre ordinateur. Les informations obtenues gr\u00e2ce \u00e0 ces cookies sont utilis\u00e9es pour analyser les sch\u00e9mas de trafic sur le web. En fin de compte, cela nous permet de fournir une meilleure exp\u00e9rience pour am\u00e9liorer le contenu et le rendre plus facile \u00e0 utiliser.<\/p><p>&#8211; Cookies persistants: ils sont stock\u00e9s sur le disque dur et notre site web les lit \u00e0 chaque fois que vous le visitez. Un cookie persistant a une date d&rsquo;expiration fixe. Le cookie cessera de fonctionner apr\u00e8s cette date. Nous utilisons g\u00e9n\u00e9ralement ces cookies pour faciliter les services d&rsquo;enregistrement.<\/p><p>&#8211; Cookies techniques: il s&rsquo;agit des cookies n\u00e9cessaires \u00e0 la navigation et au bon fonctionnement de notre site web. Ils permettent, par exemple, de contr\u00f4ler le trafic et la communication de donn\u00e9es, d&rsquo;acc\u00e9der \u00e0 des zones restreintes, d&rsquo;utiliser des fonctions de s\u00e9curit\u00e9, de stocker des contenus afin de diffuser des vid\u00e9os ou de partager des contenus via les r\u00e9seaux sociaux.<\/p><p>&#8211; Cookies de personnalisation: il s&rsquo;agit de cookies qui vous permettent d&rsquo;acc\u00e9der au service avec des caract\u00e9ristiques pr\u00e9d\u00e9finies en fonction d&rsquo;une s\u00e9rie de crit\u00e8res, tels que la langue, le type de navigateur \u00e0 partir duquel vous acc\u00e9dez au service, la configuration r\u00e9gionale \u00e0 partir de laquelle vous acc\u00e9dez au service, etc.<\/p><p>&#8211; Cookies d&rsquo;analyse: il s&rsquo;agit de cookies qui, trait\u00e9s par nous ou par des tiers, nous permettent de quantifier le nombre d&rsquo;utilisateurs et de proc\u00e9der ainsi \u00e0 la mesure et \u00e0 l&rsquo;analyse statistique de l&rsquo;utilisation faite par les utilisateurs du service offert. A cette fin, votre navigation sur notre site est analys\u00e9e afin d&rsquo;am\u00e9liorer la gamme de produits ou de services que nous vous proposons. Cookies publicitaires: ce sont ceux qui permettent de g\u00e9rer, de la mani\u00e8re la plus efficace possible, les espaces publicitaires qui pourraient \u00eatre inclus sur notre site Web, affichant des publicit\u00e9s li\u00e9es \u00e0 votre profil de navigation.<\/p><p>&#8211; Cookies de publicit\u00e9 comportementale: ces cookies stockent des informations sur le comportement de l&rsquo;utilisateur obtenues par une observation continue. Gr\u00e2ce \u00e0 eux, nous pouvons conna\u00eetre vos habitudes de navigation sur l&rsquo;internet et vous pr\u00e9senter des publicit\u00e9s en rapport avec votre profil de navigation.<\/p><p>Pourquoi ce site Internet utilise-t-il des cookies?<\/p><p>Ce site web utilise des cookies analytiques et publicitaires aux fins d\u00e9crites dans la section pr\u00e9c\u00e9dente.<\/p><p>Qui utilise des cookies sur ce site web?<\/p><p>L&rsquo;identification des personnes qui utilisent des cookies, le type de cookies utilis\u00e9s et d&rsquo;autres d\u00e9tails sont pr\u00e9sent\u00e9s ci-dessous:<\/p><p>Cookies d&rsquo;analyse &#8211; Google Analytics:<\/p><p>&#8211; Google _ga &#8211; 196 jours &#8211; Permet de distinguer les utilisateurs et les sessions pour les statistiques de navigation. Collecte des donn\u00e9es relatives \u00e0 l&rsquo;appareil, \u00e0 la navigation et au logiciel.<\/p><p>&#8211; Google _ga_* &#8211; 196 jours &#8211; Identifie les utilisateurs et les sessions pour les statistiques de navigation. Collecte des donn\u00e9es relatives \u00e0 l&rsquo;appareil, \u00e0 la navigation et au logiciel.<\/p><p>&#8211; Google _gid &#8211; Session &#8211; Identifie les utilisateurs et les sessions pour les statistiques de navigation. Collecte des donn\u00e9es relatives \u00e0 l&rsquo;appareil, \u00e0 la navigation et au logiciel.<\/p><p>Cookies techniques &#8211; Google Recaptcha :<\/p><p>&#8211; _grecaptcha &#8211; 179 jours &#8211; Ce cookie est utilis\u00e9 pour faire la distinction entre les humains et les d\u00e9chets. Ceci est b\u00e9n\u00e9fique pour le site web afin de produire des rapports valides sur l&rsquo;utilisation de votre site web.<\/p><p>&#8211; GRECAPTCHA &#8211; 179 jours &#8211; Ce cookie est utilis\u00e9 pour distinguer les humains des d\u00e9chets. Ceci est b\u00e9n\u00e9fique pour le site web afin de produire des rapports valides sur l&rsquo;utilisation de votre site web.<\/p><p>Cookies techniques &#8211; Langue :<\/p><p>&#8211; lang session &#8211; session persistante &#8211; m\u00e9morise la langue choisie par l&rsquo;utilisateur pour visualiser une page web<\/p><p>Remarque : les cookies \u00ab\u00a0propres\u00a0\u00bb sont utilis\u00e9s uniquement par le propri\u00e9taire de ce site web et les cookies \u00ab\u00a0tiers\u00a0\u00bb sont \u00e9galement utilis\u00e9s par le prestataire de services mentionn\u00e9 dans le tableau ci-dessus.<\/p><p>Vous pouvez prendre connaissance des transferts vers des pays tiers qui, le cas \u00e9ch\u00e9ant, sont effectu\u00e9s par les tiers identifi\u00e9s dans la pr\u00e9sente politique en mati\u00e8re de cookies dans leurs politiques correspondantes (voir les liens fournis dans la section \u00ab\u00a0Plus d&rsquo;informations\u00a0\u00bb du tableau ci-dessus).<\/p><p>Comment puis-je d\u00e9sactiver ou supprimer ces cookies?<\/p><p>Vous pouvez autoriser ou bloquer les cookies, ainsi que supprimer vos donn\u00e9es de navigation (y compris les cookies) du navigateur que vous utilisez. Veuillez vous r\u00e9f\u00e9rer aux options et instructions fournies par votre navigateur \u00e0 cet effet. Veuillez noter que si vous acceptez les cookies de tiers, vous devrez les supprimer des options de votre navigateur.<\/p><p>En outre, certains services peuvent utiliser des connecteurs vers des r\u00e9seaux sociaux tels que Facebook ou Twitter. Lorsqu&rsquo;un utilisateur s&rsquo;inscrit \u00e0 un service avec des informations d&rsquo;identification provenant d&rsquo;un r\u00e9seau social, vous autorisez le r\u00e9seau social \u00e0 stocker un cookie persistant qui se souvient de votre identit\u00e9 et vous permet d&rsquo;acc\u00e9der aux services jusqu&rsquo;\u00e0 ce qu&rsquo;il expire.<\/p><p>L&rsquo;utilisateur peut supprimer ce cookie et r\u00e9voquer l&rsquo;acc\u00e8s aux services via les r\u00e9seaux sociaux en mettant \u00e0 jour ses pr\u00e9f\u00e9rences sur le r\u00e9seau social qu&rsquo;il a sp\u00e9cifi\u00e9.<\/p><p>Vous trouverez ci-dessous des liens vers des informations sur la gestion des cookies dans les navigateurs les plus couramment utilis\u00e9s :<\/p><p>\u00b7 Firefox:http:\/\/support.mozilla.org\/es\/kb\/habilitar-y-deshabilitar-cookies-que-los-sitios-we \u00b7 Chrome: http:\/\/support.google.com\/chrome\/bin\/answer.py?hl=es&amp;answer=95647 \u00b7 Internet Explorer: https:\/\/support.microsoft.com\/es-es\/help\/278835\/how-to-delete-cookie-files-in-internet-explorer \u00b7 Microsoft Edge: https:\/\/support.microsoft.com\/es-es\/help\/4468242\/microsoft-edge-browsing-data-and-privacy-microsoft-privacy \u00b7 Safari: http:\/\/support.apple.com\/kb\/ph5042 \u00b7 Opera: http:\/\/help.opera.com\/Windows\/11.50\/es-ES\/cookies.html<\/p><p>&#8211; Autres navigateurs : consultez la documentation du navigateur que vous avez install\u00e9.<\/p><p>Module compl\u00e9mentaire de navigateur pour la d\u00e9sactivation de Google Analytics:<\/p><p>Si vous souhaitez rejeter les cookies d&rsquo;analyse de Google Analytics dans tous les navigateurs, afin que les informations ne soient pas envoy\u00e9es \u00e0 Google Analytics, vous pouvez t\u00e9l\u00e9charger un module compl\u00e9mentaire qui remplit cette fonction \u00e0 partir de ce lien : https:\/\/tools.google.com\/dlpage\/gaoptout.<\/p><p>Exercice des droits.<\/p><p>Vous pouvez vous renseigner sur vos droits en mati\u00e8re de protection des donn\u00e9es et les exercer en consultant notre politique de confidentialit\u00e9.<\/p><p>*Les pr\u00e9sentes conditions sont r\u00e9gies par la l\u00e9gislation espagnole en vigueur.<\/p>\t\t\t\t\t\t\t\t<\/div>\n\t\t\t\t<\/div>\n\t\t\t\t\t<\/div>\n\t\t\t\t<\/div>\n\t\t\t\t<\/div>\n\t\t","protected":false},"excerpt":{"rendered":"<p>POLITIQUE DE COOKIES Politique de cookies Qu&rsquo;est-ce qu&rsquo;un cookie? Un \u00ab\u00a0Cookie\u00a0\u00bb est un petit fichier qui est stock\u00e9 sur l&rsquo;ordinateur, la tablette, le smartphone ou tout autre appareil de l&rsquo;utilisateur et qui contient des informations sur la navigation. L&rsquo;ensemble des cookies nous aide \u00e0 am\u00e9liorer la qualit\u00e9 de notre site web et nous permet de &#8230;<\/p>\n","protected":false},"author":1,"featured_media":0,"parent":0,"menu_order":0,"comment_status":"closed","ping_status":"closed","template":"","meta":{"_acf_changed":false,"om_disable_all_campaigns":false,"_uf_show_specific_survey":0,"_uf_disable_surveys":false,"cozystay_single_page_hide_site_header":"","cozystay_single_page_site_header_source":"","cozystay_single_page_custom_site_header":"0","cozystay_single_page_custom_sticky_site_header":"0","cozystay_single_page_hide_page_title":"","cozystay_single_page_header_section_size":"","cozystay_single_page_header_background_color":"","cozystay_single_page_header_background_position_x":"center","cozystay_single_page_header_background_position_y":"center","cozystay_single_page_header_background_size":"cover","cozystay_single_page_header_background_repeat":"off","cozystay_single_page_header_background_scroll":"on","cozystay_single_page_header_text_color":"","cozystay_single_page_header_show_breadcrumb":"","cozystay_single_page_site_footer_hide_main":"","cozystay_single_custom_site_footer_main_source":"","cozystay_single_custom_site_footer_main":"0","cozystay_single_page_site_footer_hide_above":"","cozystay_single_custom_site_footer_above_source":"","cozystay_single_custom_site_footer_above":"0","cozystay_single_page_site_footer_hide_instagram":"","cozystay_single_page_site_footer_hide_bottom":"","cozystay_single_custom_mobile_menu_source":"","cozystay_single_custom_mobile_menu":"0","cozystay_single_custom_mobile_menu_animation":"","cozystay_single_custom_mobile_menu_width":"","cozystay_single_custom_mobile_menu_custom_width":375,"footnotes":""},"class_list":["post-9673","page","type-page","status-publish","hentry"],"acf":[],"yoast_head":"<!-- This site is optimized with the Yoast SEO Premium plugin v27.2 (Yoast SEO v27.3) - https:\/\/yoast.com\/product\/yoast-seo-premium-wordpress\/ -->\n<title>Politique de cookies - Playa Bara - Camping - Caravaning - Bungalows - Spa<\/title>\n<meta name=\"description\" content=\"Descubre qu\u00e9 es la pol\u00edtica de cookies y c\u00f3mo mejora la calidad de nuestra web al almacenar informaci\u00f3n \u00fatil para los usuarios.\" \/>\n<meta name=\"robots\" content=\"index, follow, max-snippet:-1, max-image-preview:large, max-video-preview:-1\" \/>\n<link rel=\"canonical\" href=\"https:\/\/www.playabara.es\/fr\/politique-de-cookies\/\" \/>\n<meta property=\"og:locale\" content=\"fr_FR\" \/>\n<meta property=\"og:type\" content=\"article\" \/>\n<meta property=\"og:title\" content=\"Politique de cookies\" \/>\n<meta property=\"og:description\" content=\"Descubre qu\u00e9 es la pol\u00edtica de cookies y c\u00f3mo mejora la calidad de nuestra web al almacenar informaci\u00f3n \u00fatil para los usuarios.\" \/>\n<meta property=\"og:url\" content=\"https:\/\/www.playabara.es\/fr\/politique-de-cookies\/\" \/>\n<meta property=\"og:site_name\" content=\"Playa Bara - Camping - Caravaning - Bungalows - Spa\" \/>\n<meta property=\"article:modified_time\" content=\"2025-04-09T15:25:22+00:00\" \/>\n<meta name=\"twitter:card\" content=\"summary_large_image\" \/>\n<meta name=\"twitter:label1\" content=\"Dur\u00e9e de lecture estim\u00e9e\" \/>\n\t<meta name=\"twitter:data1\" content=\"7 minutes\" \/>\n<script type=\"application\/ld+json\" class=\"yoast-schema-graph\">{\"@context\":\"https:\\\/\\\/schema.org\",\"@graph\":[{\"@type\":\"WebPage\",\"@id\":\"https:\\\/\\\/www.playabara.es\\\/fr\\\/politique-de-cookies\\\/\",\"url\":\"https:\\\/\\\/www.playabara.es\\\/fr\\\/politique-de-cookies\\\/\",\"name\":\"Politique de cookies - Playa Bara - Camping - Caravaning - Bungalows - Spa\",\"isPartOf\":{\"@id\":\"https:\\\/\\\/www.playabara.es\\\/fr\\\/#website\"},\"datePublished\":\"2024-02-23T11:11:50+00:00\",\"dateModified\":\"2025-04-09T15:25:22+00:00\",\"description\":\"Descubre qu\u00e9 es la pol\u00edtica de cookies y c\u00f3mo mejora la calidad de nuestra web al almacenar informaci\u00f3n \u00fatil para los usuarios.\",\"breadcrumb\":{\"@id\":\"https:\\\/\\\/www.playabara.es\\\/fr\\\/politique-de-cookies\\\/#breadcrumb\"},\"inLanguage\":\"fr-FR\",\"potentialAction\":[{\"@type\":\"ReadAction\",\"target\":[\"https:\\\/\\\/www.playabara.es\\\/fr\\\/politique-de-cookies\\\/\"]}]},{\"@type\":\"BreadcrumbList\",\"@id\":\"https:\\\/\\\/www.playabara.es\\\/fr\\\/politique-de-cookies\\\/#breadcrumb\",\"itemListElement\":[{\"@type\":\"ListItem\",\"position\":1,\"name\":\"Portada\",\"item\":\"https:\\\/\\\/www.playabara.es\\\/fr\\\/accueil\\\/\"},{\"@type\":\"ListItem\",\"position\":2,\"name\":\"Politique de cookies\"}]},{\"@type\":\"WebSite\",\"@id\":\"https:\\\/\\\/www.playabara.es\\\/fr\\\/#website\",\"url\":\"https:\\\/\\\/www.playabara.es\\\/fr\\\/\",\"name\":\"Playa Bara - Camping - Caravaning - Bungalows - Spa\",\"description\":\"\",\"potentialAction\":[{\"@type\":\"SearchAction\",\"target\":{\"@type\":\"EntryPoint\",\"urlTemplate\":\"https:\\\/\\\/www.playabara.es\\\/fr\\\/?s={search_term_string}\"},\"query-input\":{\"@type\":\"PropertyValueSpecification\",\"valueRequired\":true,\"valueName\":\"search_term_string\"}}],\"inLanguage\":\"fr-FR\"}]}<\/script>\n<!-- \/ Yoast SEO Premium plugin. -->","yoast_head_json":{"title":"Politique de cookies - Playa Bara - Camping - Caravaning - Bungalows - Spa","description":"Descubre qu\u00e9 es la pol\u00edtica de cookies y c\u00f3mo mejora la calidad de nuestra web al almacenar informaci\u00f3n \u00fatil para los usuarios.","robots":{"index":"index","follow":"follow","max-snippet":"max-snippet:-1","max-image-preview":"max-image-preview:large","max-video-preview":"max-video-preview:-1"},"canonical":"https:\/\/www.playabara.es\/fr\/politique-de-cookies\/","og_locale":"fr_FR","og_type":"article","og_title":"Politique de cookies","og_description":"Descubre qu\u00e9 es la pol\u00edtica de cookies y c\u00f3mo mejora la calidad de nuestra web al almacenar informaci\u00f3n \u00fatil para los usuarios.","og_url":"https:\/\/www.playabara.es\/fr\/politique-de-cookies\/","og_site_name":"Playa Bara - Camping - Caravaning - Bungalows - Spa","article_modified_time":"2025-04-09T15:25:22+00:00","twitter_card":"summary_large_image","twitter_misc":{"Dur\u00e9e de lecture estim\u00e9e":"7 minutes"},"schema":{"@context":"https:\/\/schema.org","@graph":[{"@type":"WebPage","@id":"https:\/\/www.playabara.es\/fr\/politique-de-cookies\/","url":"https:\/\/www.playabara.es\/fr\/politique-de-cookies\/","name":"Politique de cookies - Playa Bara - Camping - Caravaning - Bungalows - Spa","isPartOf":{"@id":"https:\/\/www.playabara.es\/fr\/#website"},"datePublished":"2024-02-23T11:11:50+00:00","dateModified":"2025-04-09T15:25:22+00:00","description":"Descubre qu\u00e9 es la pol\u00edtica de cookies y c\u00f3mo mejora la calidad de nuestra web al almacenar informaci\u00f3n \u00fatil para los usuarios.","breadcrumb":{"@id":"https:\/\/www.playabara.es\/fr\/politique-de-cookies\/#breadcrumb"},"inLanguage":"fr-FR","potentialAction":[{"@type":"ReadAction","target":["https:\/\/www.playabara.es\/fr\/politique-de-cookies\/"]}]},{"@type":"BreadcrumbList","@id":"https:\/\/www.playabara.es\/fr\/politique-de-cookies\/#breadcrumb","itemListElement":[{"@type":"ListItem","position":1,"name":"Portada","item":"https:\/\/www.playabara.es\/fr\/accueil\/"},{"@type":"ListItem","position":2,"name":"Politique de cookies"}]},{"@type":"WebSite","@id":"https:\/\/www.playabara.es\/fr\/#website","url":"https:\/\/www.playabara.es\/fr\/","name":"Playa Bara - Camping - Caravaning - Bungalows - Spa","description":"","potentialAction":[{"@type":"SearchAction","target":{"@type":"EntryPoint","urlTemplate":"https:\/\/www.playabara.es\/fr\/?s={search_term_string}"},"query-input":{"@type":"PropertyValueSpecification","valueRequired":true,"valueName":"search_term_string"}}],"inLanguage":"fr-FR"}]}},"_links":{"self":[{"href":"https:\/\/www.playabara.es\/fr\/wp-json\/wp\/v2\/pages\/9673","targetHints":{"allow":["GET"]}}],"collection":[{"href":"https:\/\/www.playabara.es\/fr\/wp-json\/wp\/v2\/pages"}],"about":[{"href":"https:\/\/www.playabara.es\/fr\/wp-json\/wp\/v2\/types\/page"}],"author":[{"embeddable":true,"href":"https:\/\/www.playabara.es\/fr\/wp-json\/wp\/v2\/users\/1"}],"replies":[{"embeddable":true,"href":"https:\/\/www.playabara.es\/fr\/wp-json\/wp\/v2\/comments?post=9673"}],"version-history":[{"count":6,"href":"https:\/\/www.playabara.es\/fr\/wp-json\/wp\/v2\/pages\/9673\/revisions"}],"predecessor-version":[{"id":13126,"href":"https:\/\/www.playabara.es\/fr\/wp-json\/wp\/v2\/pages\/9673\/revisions\/13126"}],"wp:attachment":[{"href":"https:\/\/www.playabara.es\/fr\/wp-json\/wp\/v2\/media?parent=9673"}],"curies":[{"name":"wp","href":"https:\/\/api.w.org\/{rel}","templated":true}]}}