{"id":9683,"date":"2024-02-23T12:11:50","date_gmt":"2024-02-23T11:11:50","guid":{"rendered":"https:\/\/www.playabara.es\/cookies-beleid\/"},"modified":"2025-11-26T15:24:02","modified_gmt":"2025-11-26T14:24:02","slug":"cookies-beleid","status":"publish","type":"page","link":"https:\/\/www.playabara.es\/nl\/cookies-beleid\/","title":{"rendered":"Cookies beleid"},"content":{"rendered":"\t\t<div data-elementor-type=\"wp-page\" data-elementor-id=\"9683\" class=\"elementor elementor-9683 elementor-4188\">\n\t\t\t\t\t\t<section class=\"elementor-section elementor-top-section elementor-element elementor-element-f02dca4 elementor-section-height-min-height cs-section-content-fullwidth cs-parallax-on-scroll cs_scroll_y_80 elementor-section-boxed elementor-section-height-default elementor-section-items-middle\" data-id=\"f02dca4\" data-element_type=\"section\" data-e-type=\"section\" data-settings=\"{&quot;background_background&quot;:&quot;classic&quot;}\" data-cs-parallax-y=\"80\" style=\"background-image: none;\" data-cs-background-image=\"https:\/\/www.playabara.es\/wp-content\/uploads\/2024\/05\/DJI_0209-1-scaled.jpg\">\n\t\t\t\t\t\t\t<div class=\"elementor-background-overlay\"><\/div>\n\t\t\t\t\t\t\t<div class=\"elementor-container elementor-column-gap-no\">\n\t\t\t\t\t<div class=\"elementor-column elementor-col-100 elementor-top-column elementor-element elementor-element-e3bd87f dark-color\" data-id=\"e3bd87f\" data-element_type=\"column\" data-e-type=\"column\">\n\t\t\t<div class=\"elementor-widget-wrap elementor-element-populated\">\n\t\t\t\t\t\t<div class=\"elementor-element elementor-element-2b3d5c1 elementor-widget elementor-widget-cs_title\" data-id=\"2b3d5c1\" data-element_type=\"widget\" data-e-type=\"widget\" data-widget_type=\"cs_title.default\">\n\t\t\t\t<div class=\"elementor-widget-container\">\n\t\t\t\t\t\n        <div class=\"cs-title-wrap text-center\">\t            <h1 class=\"cs-title\">\n\t                COOKIES BELEID\t            <\/h1>        <\/div>\t\t\t\t<\/div>\n\t\t\t\t<\/div>\n\t\t\t\t\t<\/div>\n\t\t<\/div>\n\t\t\t\t\t<\/div>\n\t\t<\/section>\n\t\t<div class=\"elementor-element elementor-element-1331f36 e-flex e-con-boxed e-con e-parent\" data-id=\"1331f36\" data-element_type=\"container\" data-e-type=\"container\">\n\t\t\t\t\t<div class=\"e-con-inner\">\n\t\t\t\t<div class=\"elementor-element elementor-element-e8e0275 elementor-widget elementor-widget-heading\" data-id=\"e8e0275\" data-element_type=\"widget\" data-e-type=\"widget\" data-widget_type=\"heading.default\">\n\t\t\t\t<div class=\"elementor-widget-container\">\n\t\t\t\t\t<h2 class=\"elementor-heading-title elementor-size-default\">Cookies beleid<\/h2>\t\t\t\t<\/div>\n\t\t\t\t<\/div>\n\t\t\t\t<div class=\"elementor-element elementor-element-0faf8fe elementor-widget elementor-widget-text-editor\" data-id=\"0faf8fe\" data-element_type=\"widget\" data-e-type=\"widget\" data-widget_type=\"text-editor.default\">\n\t\t\t\t<div class=\"elementor-widget-container\">\n\t\t\t\t\t\t\t\t\t<p>Wat zijn cookies?<\/p>\n<p>Een &#8220;Cookie&#8221; is een klein bestand dat wordt opgeslagen op de computer, tablet, smartphone of een ander apparaat van de gebruiker met informatie over de navigatie. Deze cookies helpen ons de kwaliteit van onze website te verbeteren en laten ons weten welke pagina&#8217;s onze gebruikers nuttig vinden en welke niet.<\/p>\n<p>Deze website maakt gebruik van cookies en\/of vergelijkbare technologie\u00ebn die informatie opslaan en ophalen wanneer u surft. In het algemeen kunnen deze technologie\u00ebn worden gebruikt voor verschillende doeleinden, zoals het herkennen van u als gebruiker, het verkrijgen van informatie over uw surfgedrag of het personaliseren van de manier waarop inhoud wordt weergegeven.<\/p>\n<p>Typen cookies<\/p>\n<p>De onderstaande informatie helpt je de verschillende soorten cookies te begrijpen:<\/p>\n<p>&#8211; Eigen cookies: Dit zijn cookies die naar uw computer worden gestuurd vanaf onze eigen apparatuur of domeinen en van waaruit we de door u gevraagde dienst leveren.<\/p>\n<p>&#8211; Cookies van derden: Dit zijn cookies die naar uw computer worden gestuurd vanaf een computer of domein dat niet door ons wordt beheerd, maar door een andere samenwerkende entiteit. Zoals die bijvoorbeeld worden gebruikt door sociale netwerken of door externe inhoud zoals Google Maps.<\/p>\n<p>&#8211; Sessiecookies: Dit zijn tijdelijke cookies die in het cookiebestand van uw browser blijven staan totdat u de website verlaat, zodat ze niet op de harde schijf van uw computer geregistreerd blijven. De informatie die via deze cookies wordt verkregen, wordt gebruikt om webverkeerpatronen te analyseren. Uiteindelijk stelt dit ons in staat om een betere ervaring te bieden om de inhoud te verbeteren en gebruiksvriendelijker te maken.<\/p>\n<p>&#8211; Permanente cookies: deze worden opgeslagen op de harde schijf en onze website leest ze elke keer dat u de site bezoekt. Een permanente cookie heeft een vaste vervaldatum. Na die datum werkt de cookie niet meer. We gebruiken deze cookies over het algemeen om registratiediensten te vergemakkelijken.<\/p>\n<p>&#8211; Technische cookies: dit zijn cookies die nodig zijn voor het browsen en het goed functioneren van onze website. Ze maken het bijvoorbeeld mogelijk om verkeer en datacommunicatie te regelen, toegang te krijgen tot afgeschermde gebieden, beveiligingsfuncties te gebruiken, inhoud op te slaan om video&#8217;s uit te zenden of inhoud te delen via sociale netwerken.<\/p>\n<p>&#8211; Personalisatiecookies: Dit zijn cookies waarmee u de service kunt openen met vooraf gedefinieerde kenmerken op basis van een reeks criteria, zoals de taal, het type browser waarmee de service wordt geopend, de regionale configuratie van waaruit de service wordt geopend, enz.<\/p>\n<p>&#8211; Analysecookies: dit zijn cookies die door ons of door derden worden verwerkt om het aantal gebruikers te kwantificeren en zo het gebruik van de aangeboden dienst door de gebruikers te meten en statistisch te analyseren. Voor dit doel wordt uw surfgedrag op onze website geanalyseerd om het aanbod van producten of diensten dat wij u aanbieden te verbeteren. Advertentiecookies: dit zijn cookies die het mogelijk maken om zo effici\u00ebnt mogelijk de advertentieruimtes op onze website te beheren en advertenties weer te geven die verband houden met uw surfprofiel.<\/p>\n<p>&#8211; Cookies voor gedragsadvertenties: deze cookies slaan informatie op over het gedrag van de gebruiker, verkregen door voortdurende observatie. Dankzij deze gegevens kunnen we meer te weten komen over je surfgedrag op internet en kunnen we je advertenties tonen die gerelateerd zijn aan je surfprofiel.<\/p>\n<p>Waarvoor gebruikt deze website cookies?<\/p>\n<p>Deze website maakt gebruik van analytische en advertentiecookies voor de in de vorige sectie beschreven doeleinden.<\/p>\n<p>Wie gebruikt cookies op deze website?<\/p>\n<p>De identificatie van wie cookies gebruikt, het type cookies dat wordt gebruikt en andere details worden hieronder uiteengezet:<\/p>\n<p>Analytics-cookies &#8211; Google Analytics:<\/p>\n<p>&#8211; Google _ga &#8211; 196 dagen &#8211; Maakt het mogelijk om gebruikers en sessies te onderscheiden voor navigatiestatistieken. Verzamelt apparaat-, navigatie- en softwaregegevens.<\/p>\n<p>&#8211; Google _ga_* &#8211; 196 dagen &#8211; Identificeert gebruikers en sessies voor browsingstatistieken. Verzamelt apparaat-, navigatie- en softwaregegevens.<\/p>\n<p>&#8211; Google _gid &#8211; Session &#8211; Identificeert gebruikers en sessies voor browsingstatistieken. Verzamelt apparaat-, navigatie- en softwaregegevens.<\/p>\n<p>Technische cookies &#8211; Google Recaptcha:<\/p>\n<p>&#8211; _grecaptcha &#8211; 179 dagen &#8211; Deze cookie wordt gebruikt om onderscheid te maken tussen mensen en rommel. Dit is gunstig voor de website om valide rapporten over het gebruik van je website te produceren.<\/p>\n<p>&#8211; GRECAPTCHA &#8211; 179 dagen &#8211; Deze cookie wordt gebruikt om onderscheid te maken tussen mensen en rommel. Dit is gunstig voor de website om valide rapporten over het gebruik van je website te produceren.<\/p>\n<p>Technische cookies &#8211; Taal:<\/p>\n<p>&#8211; lang session &#8211; persistente sessie &#8211; onthoudt de taal die een gebruiker heeft geselecteerd om een webpagina te bekijken<\/p>\n<p>Opmerking: &#8220;Eigen&#8221; cookies worden alleen gebruikt door de eigenaar van deze website en &#8220;Derden&#8221; cookies worden ook gebruikt door de serviceprovider die in de bovenstaande tabel wordt genoemd.<\/p>\n<p>U kunt meer te weten komen over de overdrachten naar derde landen die, indien van toepassing, worden uitgevoerd door de derde partijen die in dit cookiebeleid worden genoemd, in hun overeenkomstige beleid (zie de links in het gedeelte &#8220;Meer informatie&#8221; van de bovenstaande tabel).<\/p>\n<p>Hoe kan ik deze cookies uitschakelen of verwijderen?<\/p>\n<p>U kunt cookies toestaan of blokkeren en uw surfgegevens (inclusief cookies) verwijderen uit de browser die u gebruikt. Raadpleeg hiervoor de opties en instructies van je browser. Houd er rekening mee dat als u cookies van derden accepteert, u deze uit uw browseropties moet verwijderen.<\/p>\n<p>Daarnaast kunnen sommige Services gebruikmaken van koppelingen met sociale netwerken zoals Facebook of Twitter. Wanneer een gebruiker zich registreert voor een Service met referenties van een sociaal netwerk, geeft u het sociale netwerk toestemming om een permanente cookie op te slaan die uw identiteit onthoudt en u toegang verleent tot de Services totdat de cookie verloopt.<\/p>\n<p>De gebruiker kan deze cookie verwijderen en de toegang tot de Services via sociale netwerken intrekken door zijn voorkeuren bij te werken op het sociale netwerk dat hij opgeeft.<\/p>\n<p>Hieronder vindt u links naar informatie over het beheren van cookies in de meest gebruikte browsers:<\/p>\n<p>\u00b7 Firefox:http:\/\/support.mozilla.org\/es\/kb\/habilitar-y-deshabilitar-cookies-que-los-sitios-we \u00b7 Chrome: http:\/\/support.google.com\/chrome\/bin\/answer.py?hl=es&amp;answer=95647 \u00b7 Internet Explorer: https:\/\/support.microsoft.com\/es-es\/help\/278835\/how-to-delete-cookie-files-in-internet-explorer \u00b7 Microsoft Edge: https:\/\/support.microsoft.com\/es-es\/help\/4468242\/microsoft-edge-browsing-data-and-privacy-microsoft-privacy \u00b7 Safari: http:\/\/support.apple.com\/kb\/ph5042 \u00b7 Opera: http:\/\/help.opera.com\/Windows\/11.50\/es-ES\/cookies.html<\/p>\n<p>&#8211; Andere browsers: raadpleeg de documentatie van de browser die u hebt ge\u00efnstalleerd.<\/p>\n<p>Google Analytics Opt-out browser add-on:<\/p>\n<p>Als u de analytische cookies van Google Analytics in alle browsers wilt weigeren, zodat er geen informatie naar Google Analytics wordt verzonden, kunt u een add-on downloaden die deze functie uitvoert via deze link: https:\/\/tools.google.com\/dlpage\/gaoptout.<\/p>\n<p>Uitoefening van rechten.<\/p>\n<p>U kunt meer te weten komen over uw rechten op het gebied van gegevensbescherming en deze uitoefenen door naar ons Privacybeleid te gaan.<\/p>\n<p>*Op deze voorwaarden is de geldende Spaanse wetgeving van toepassing.<\/p>\n\t\t\t\t\t\t\t\t<\/div>\n\t\t\t\t<\/div>\n\t\t\t\t\t<\/div>\n\t\t\t\t<\/div>\n\t\t\t\t<\/div>\n\t\t","protected":false},"excerpt":{"rendered":"<p>COOKIES BELEID Cookies beleid Wat zijn cookies? Een &#8220;Cookie&#8221; is een klein bestand dat wordt opgeslagen op de computer, tablet, smartphone of een ander apparaat van de gebruiker met informatie over de navigatie. Deze cookies helpen ons de kwaliteit van onze website te verbeteren en laten ons weten welke pagina&#8217;s onze gebruikers nuttig vinden en &#8230;<\/p>\n","protected":false},"author":1,"featured_media":0,"parent":0,"menu_order":0,"comment_status":"closed","ping_status":"closed","template":"","meta":{"_acf_changed":false,"om_disable_all_campaigns":false,"_uf_show_specific_survey":0,"_uf_disable_surveys":false,"cozystay_single_page_hide_site_header":"","cozystay_single_page_site_header_source":"","cozystay_single_page_custom_site_header":"0","cozystay_single_page_custom_sticky_site_header":"0","cozystay_single_page_hide_page_title":"","cozystay_single_page_header_section_size":"","cozystay_single_page_header_background_color":"","cozystay_single_page_header_background_position_x":"center","cozystay_single_page_header_background_position_y":"center","cozystay_single_page_header_background_size":"cover","cozystay_single_page_header_background_repeat":"off","cozystay_single_page_header_background_scroll":"on","cozystay_single_page_header_text_color":"","cozystay_single_page_header_show_breadcrumb":"","cozystay_single_page_site_footer_hide_main":"","cozystay_single_custom_site_footer_main_source":"","cozystay_single_custom_site_footer_main":"0","cozystay_single_page_site_footer_hide_above":"","cozystay_single_custom_site_footer_above_source":"","cozystay_single_custom_site_footer_above":"0","cozystay_single_page_site_footer_hide_instagram":"","cozystay_single_page_site_footer_hide_bottom":"","cozystay_single_custom_mobile_menu_source":"","cozystay_single_custom_mobile_menu":"0","cozystay_single_custom_mobile_menu_animation":"","cozystay_single_custom_mobile_menu_width":"","cozystay_single_custom_mobile_menu_custom_width":375,"footnotes":""},"class_list":["post-9683","page","type-page","status-publish","hentry"],"acf":[],"yoast_head":"<!-- This site is optimized with the Yoast SEO Premium plugin v27.2 (Yoast SEO v27.3) - https:\/\/yoast.com\/product\/yoast-seo-premium-wordpress\/ -->\n<title>Cookies beleid - Playa Bara - Camping - Caravaning - Bungalows - Spa<\/title>\n<meta name=\"description\" content=\"Descubre qu\u00e9 es la pol\u00edtica de cookies y c\u00f3mo mejora la calidad de nuestra web al almacenar informaci\u00f3n \u00fatil para los usuarios.\" \/>\n<meta name=\"robots\" content=\"index, follow, max-snippet:-1, max-image-preview:large, max-video-preview:-1\" \/>\n<link rel=\"canonical\" href=\"https:\/\/www.playabara.es\/nl\/cookies-beleid\/\" \/>\n<meta property=\"og:locale\" content=\"nl_NL\" \/>\n<meta property=\"og:type\" content=\"article\" \/>\n<meta property=\"og:title\" content=\"Cookies beleid\" \/>\n<meta property=\"og:description\" content=\"Descubre qu\u00e9 es la pol\u00edtica de cookies y c\u00f3mo mejora la calidad de nuestra web al almacenar informaci\u00f3n \u00fatil para los usuarios.\" \/>\n<meta property=\"og:url\" content=\"https:\/\/www.playabara.es\/nl\/cookies-beleid\/\" \/>\n<meta property=\"og:site_name\" content=\"Playa Bara - Camping - Caravaning - Bungalows - Spa\" \/>\n<meta property=\"article:modified_time\" content=\"2025-11-26T14:24:02+00:00\" \/>\n<meta name=\"twitter:card\" content=\"summary_large_image\" \/>\n<meta name=\"twitter:label1\" content=\"Geschatte leestijd\" \/>\n\t<meta name=\"twitter:data1\" content=\"6 minuten\" \/>\n<script type=\"application\/ld+json\" class=\"yoast-schema-graph\">{\"@context\":\"https:\\\/\\\/schema.org\",\"@graph\":[{\"@type\":\"WebPage\",\"@id\":\"https:\\\/\\\/www.playabara.es\\\/nl\\\/cookies-beleid\\\/\",\"url\":\"https:\\\/\\\/www.playabara.es\\\/nl\\\/cookies-beleid\\\/\",\"name\":\"Cookies beleid - Playa Bara - Camping - Caravaning - Bungalows - Spa\",\"isPartOf\":{\"@id\":\"https:\\\/\\\/www.playabara.es\\\/nl\\\/#website\"},\"datePublished\":\"2024-02-23T11:11:50+00:00\",\"dateModified\":\"2025-11-26T14:24:02+00:00\",\"description\":\"Descubre qu\u00e9 es la pol\u00edtica de cookies y c\u00f3mo mejora la calidad de nuestra web al almacenar informaci\u00f3n \u00fatil para los usuarios.\",\"breadcrumb\":{\"@id\":\"https:\\\/\\\/www.playabara.es\\\/nl\\\/cookies-beleid\\\/#breadcrumb\"},\"inLanguage\":\"nl-NL\",\"potentialAction\":[{\"@type\":\"ReadAction\",\"target\":[\"https:\\\/\\\/www.playabara.es\\\/nl\\\/cookies-beleid\\\/\"]}]},{\"@type\":\"BreadcrumbList\",\"@id\":\"https:\\\/\\\/www.playabara.es\\\/nl\\\/cookies-beleid\\\/#breadcrumb\",\"itemListElement\":[{\"@type\":\"ListItem\",\"position\":1,\"name\":\"Portada\",\"item\":\"https:\\\/\\\/www.playabara.es\\\/nl\\\/sart\\\/\"},{\"@type\":\"ListItem\",\"position\":2,\"name\":\"Cookies beleid\"}]},{\"@type\":\"WebSite\",\"@id\":\"https:\\\/\\\/www.playabara.es\\\/nl\\\/#website\",\"url\":\"https:\\\/\\\/www.playabara.es\\\/nl\\\/\",\"name\":\"Playa Bara - Camping - Caravaning - Bungalows - Spa\",\"description\":\"\",\"potentialAction\":[{\"@type\":\"SearchAction\",\"target\":{\"@type\":\"EntryPoint\",\"urlTemplate\":\"https:\\\/\\\/www.playabara.es\\\/nl\\\/?s={search_term_string}\"},\"query-input\":{\"@type\":\"PropertyValueSpecification\",\"valueRequired\":true,\"valueName\":\"search_term_string\"}}],\"inLanguage\":\"nl-NL\"}]}<\/script>\n<!-- \/ Yoast SEO Premium plugin. -->","yoast_head_json":{"title":"Cookies beleid - Playa Bara - Camping - Caravaning - Bungalows - Spa","description":"Descubre qu\u00e9 es la pol\u00edtica de cookies y c\u00f3mo mejora la calidad de nuestra web al almacenar informaci\u00f3n \u00fatil para los usuarios.","robots":{"index":"index","follow":"follow","max-snippet":"max-snippet:-1","max-image-preview":"max-image-preview:large","max-video-preview":"max-video-preview:-1"},"canonical":"https:\/\/www.playabara.es\/nl\/cookies-beleid\/","og_locale":"nl_NL","og_type":"article","og_title":"Cookies beleid","og_description":"Descubre qu\u00e9 es la pol\u00edtica de cookies y c\u00f3mo mejora la calidad de nuestra web al almacenar informaci\u00f3n \u00fatil para los usuarios.","og_url":"https:\/\/www.playabara.es\/nl\/cookies-beleid\/","og_site_name":"Playa Bara - Camping - Caravaning - Bungalows - Spa","article_modified_time":"2025-11-26T14:24:02+00:00","twitter_card":"summary_large_image","twitter_misc":{"Geschatte leestijd":"6 minuten"},"schema":{"@context":"https:\/\/schema.org","@graph":[{"@type":"WebPage","@id":"https:\/\/www.playabara.es\/nl\/cookies-beleid\/","url":"https:\/\/www.playabara.es\/nl\/cookies-beleid\/","name":"Cookies beleid - Playa Bara - Camping - Caravaning - Bungalows - Spa","isPartOf":{"@id":"https:\/\/www.playabara.es\/nl\/#website"},"datePublished":"2024-02-23T11:11:50+00:00","dateModified":"2025-11-26T14:24:02+00:00","description":"Descubre qu\u00e9 es la pol\u00edtica de cookies y c\u00f3mo mejora la calidad de nuestra web al almacenar informaci\u00f3n \u00fatil para los usuarios.","breadcrumb":{"@id":"https:\/\/www.playabara.es\/nl\/cookies-beleid\/#breadcrumb"},"inLanguage":"nl-NL","potentialAction":[{"@type":"ReadAction","target":["https:\/\/www.playabara.es\/nl\/cookies-beleid\/"]}]},{"@type":"BreadcrumbList","@id":"https:\/\/www.playabara.es\/nl\/cookies-beleid\/#breadcrumb","itemListElement":[{"@type":"ListItem","position":1,"name":"Portada","item":"https:\/\/www.playabara.es\/nl\/sart\/"},{"@type":"ListItem","position":2,"name":"Cookies beleid"}]},{"@type":"WebSite","@id":"https:\/\/www.playabara.es\/nl\/#website","url":"https:\/\/www.playabara.es\/nl\/","name":"Playa Bara - Camping - Caravaning - Bungalows - Spa","description":"","potentialAction":[{"@type":"SearchAction","target":{"@type":"EntryPoint","urlTemplate":"https:\/\/www.playabara.es\/nl\/?s={search_term_string}"},"query-input":{"@type":"PropertyValueSpecification","valueRequired":true,"valueName":"search_term_string"}}],"inLanguage":"nl-NL"}]}},"_links":{"self":[{"href":"https:\/\/www.playabara.es\/nl\/wp-json\/wp\/v2\/pages\/9683","targetHints":{"allow":["GET"]}}],"collection":[{"href":"https:\/\/www.playabara.es\/nl\/wp-json\/wp\/v2\/pages"}],"about":[{"href":"https:\/\/www.playabara.es\/nl\/wp-json\/wp\/v2\/types\/page"}],"author":[{"embeddable":true,"href":"https:\/\/www.playabara.es\/nl\/wp-json\/wp\/v2\/users\/1"}],"replies":[{"embeddable":true,"href":"https:\/\/www.playabara.es\/nl\/wp-json\/wp\/v2\/comments?post=9683"}],"version-history":[{"count":7,"href":"https:\/\/www.playabara.es\/nl\/wp-json\/wp\/v2\/pages\/9683\/revisions"}],"predecessor-version":[{"id":9869,"href":"https:\/\/www.playabara.es\/nl\/wp-json\/wp\/v2\/pages\/9683\/revisions\/9869"}],"wp:attachment":[{"href":"https:\/\/www.playabara.es\/nl\/wp-json\/wp\/v2\/media?parent=9683"}],"curies":[{"name":"wp","href":"https:\/\/api.w.org\/{rel}","templated":true}]}}